{"id":148598,"date":"2026-04-22T21:27:53","date_gmt":"2026-04-22T19:27:53","guid":{"rendered":"https:\/\/www.yoolabox.com\/?post_type=product&#038;p=148598"},"modified":"2026-04-24T08:02:40","modified_gmt":"2026-04-24T06:02:40","slug":"ben-mazue-mardi-15-decembre-2026-zenith-paris-la-villette","status":"publish","type":"product","link":"https:\/\/www.yoolabox.com\/index.php\/produit\/ben-mazue-mardi-15-decembre-2026-zenith-paris-la-villette\/","title":{"rendered":"BEN MAZUE &#8211; MARDI 15 DECEMBRE 2026 &#8211; Z\u00e9nith Paris La Villette"},"content":{"rendered":"<h1><strong>BEN MAZUE<\/strong><\/h1>\n<p><strong><em>Mardi 15 D\u00e9cembre 2026 &#8211; 20h00<\/em><\/strong><\/p>\n<p>Apr\u00e8s une tourn\u00e9e triomphale de 30 th\u00e9\u00e2tres et 20 Z\u00e9nith complets, Ben Mazu\u00e9 annonce une nouvelle s\u00e9rie de concerts dans les Z\u00e9nith pour faire durer l\u2019\u00e9motion. Place aux prolongations !<\/p>\n","protected":false},"excerpt":{"rendered":"<h1><strong>BEN MAZUE<\/strong><\/h1>\n<p><strong><em>Mardi 15 D\u00e9cembre 2026 &#8211; 20h00<\/em><\/strong><\/p>\n<p>Apr\u00e8s une tourn\u00e9e triomphale de 30 th\u00e9\u00e2tres et 20 Z\u00e9nith complets, Ben Mazu\u00e9 annonce une nouvelle s\u00e9rie de concerts dans les Z\u00e9nith pour faire durer l\u2019\u00e9motion. Place aux prolongations !<\/p>\n","protected":false},"author":8364,"featured_media":147374,"template":"","meta":{"_acf_changed":false},"product_brand":[],"product_cat":[815,817,55,1314,818,160,1316,161,1132,2312,2311],"product_tag":[3522,2374,2313],"class_list":{"0":"post-148598","1":"product","2":"type-product","3":"status-publish","4":"has-post-thumbnail","6":"product_cat-handicap","7":"product_cat-boucle-magnetique","8":"product_cat-concert","9":"product_cat-emplacement-adapte","10":"product_cat-fauteuil-roulant","11":"product_cat-ile-de-france","12":"product_cat-accessible-naturellement-malvoyant","13":"product_cat-region","14":"product_cat-salles","15":"product_cat-zenith-paris-salles","16":"product_cat-zenith-paris","17":"product_tag-ben","18":"product_tag-ben-mazue","19":"product_tag-zenith-paris","20":"pa_categorie-accompagnateur-pmr-fauteuil-parterre-porte-i","21":"pa_categorie-accompagnateur-pmr-fauteuil-parterre-porte-k","22":"pa_categorie-accompagnateur-psh-marchant","23":"pa_categorie-pmr-fauteuil-parterre-porte-i","24":"pa_categorie-pmr-fauteuil-parterre-porte-k","25":"pa_categorie-pmr-fauteuil-parterre-porte-t","26":"pa_categorie-pmr-fauteuil-parterre-porte-v","27":"pa_categorie-psh-marchant","28":"product-custom-label-billetterie-officielle","29":"product-custom-label-ebillet","30":"product-custom-label-emplacement-fauteuil","31":"product-custom-label-handicap-mental","32":"product-custom-label-mal-voyant","33":"product-custom-label-surdite","34":"badges-style-3","36":"first","37":"instock","38":"shipping-taxable","39":"purchasable","40":"product-type-variable"},"acf":[],"yoast_head":"<!-- This site is optimized with the Yoast SEO plugin v27.2 - https:\/\/yoast.com\/product\/yoast-seo-wordpress\/ -->\n<title>BEN MAZUE - MARDI 15 DECEMBRE 2026 - Z\u00e9nith Paris La Villette - Yoolabox.com<\/title>\n<meta name=\"robots\" content=\"index, follow, max-snippet:-1, max-image-preview:large, max-video-preview:-1\" \/>\n<link rel=\"canonical\" href=\"https:\/\/www.yoolabox.com\/index.php\/produit\/ben-mazue-mardi-15-decembre-2026-zenith-paris-la-villette\/\" \/>\n<meta name=\"twitter:card\" content=\"summary_large_image\" \/>\n<meta name=\"twitter:title\" content=\"BEN MAZUE - MARDI 15 DECEMBRE 2026 - Z\u00e9nith Paris La Villette - Yoolabox.com\" \/>\n<meta name=\"twitter:description\" content=\"BEN MAZUE Mardi 15 D\u00e9cembre 2026 - 20h00  Apr\u00e8s une tourn\u00e9e triomphale de 30 th\u00e9\u00e2tres et 20 Z\u00e9nith complets, Ben Mazu\u00e9 annonce une nouvelle s\u00e9rie de concerts dans les Z\u00e9nith pour faire durer l\u2019\u00e9motion. Place aux prolongations !\" \/>\n<meta name=\"twitter:image\" content=\"https:\/\/www.yoolabox.com\/wp-content\/uploads\/2024\/12\/BEN-MAZUE.png\" \/>\n<meta name=\"twitter:label1\" content=\"Dur\u00e9e de lecture estim\u00e9e\" \/>\n\t<meta name=\"twitter:data1\" content=\"1 minute\" \/>\n<script type=\"application\/ld+json\" class=\"yoast-schema-graph\">{\"@context\":\"https:\/\/schema.org\",\"@graph\":[{\"@type\":\"WebPage\",\"@id\":\"https:\/\/www.yoolabox.com\/index.php\/produit\/ben-mazue-mardi-15-decembre-2026-zenith-paris-la-villette\/\",\"url\":\"https:\/\/www.yoolabox.com\/index.php\/produit\/ben-mazue-mardi-15-decembre-2026-zenith-paris-la-villette\/\",\"name\":\"BEN MAZUE - MARDI 15 DECEMBRE 2026 - Z\u00e9nith Paris La Villette - Yoolabox.com\",\"isPartOf\":{\"@id\":\"https:\/\/www.yoolabox.com\/#website\"},\"primaryImageOfPage\":{\"@id\":\"https:\/\/www.yoolabox.com\/index.php\/produit\/ben-mazue-mardi-15-decembre-2026-zenith-paris-la-villette\/#primaryimage\"},\"image\":{\"@id\":\"https:\/\/www.yoolabox.com\/index.php\/produit\/ben-mazue-mardi-15-decembre-2026-zenith-paris-la-villette\/#primaryimage\"},\"thumbnailUrl\":\"https:\/\/www.yoolabox.com\/wp-content\/uploads\/2024\/12\/BEN-MAZUE.png\",\"datePublished\":\"2026-04-22T19:27:53+00:00\",\"dateModified\":\"2026-04-24T06:02:40+00:00\",\"breadcrumb\":{\"@id\":\"https:\/\/www.yoolabox.com\/index.php\/produit\/ben-mazue-mardi-15-decembre-2026-zenith-paris-la-villette\/#breadcrumb\"},\"inLanguage\":\"fr-FR\",\"potentialAction\":[{\"@type\":\"ReadAction\",\"target\":[\"https:\/\/www.yoolabox.com\/index.php\/produit\/ben-mazue-mardi-15-decembre-2026-zenith-paris-la-villette\/\"]}]},{\"@type\":\"ImageObject\",\"inLanguage\":\"fr-FR\",\"@id\":\"https:\/\/www.yoolabox.com\/index.php\/produit\/ben-mazue-mardi-15-decembre-2026-zenith-paris-la-villette\/#primaryimage\",\"url\":\"https:\/\/www.yoolabox.com\/wp-content\/uploads\/2024\/12\/BEN-MAZUE.png\",\"contentUrl\":\"https:\/\/www.yoolabox.com\/wp-content\/uploads\/2024\/12\/BEN-MAZUE.png\",\"width\":600,\"height\":738},{\"@type\":\"BreadcrumbList\",\"@id\":\"https:\/\/www.yoolabox.com\/index.php\/produit\/ben-mazue-mardi-15-decembre-2026-zenith-paris-la-villette\/#breadcrumb\",\"itemListElement\":[{\"@type\":\"ListItem\",\"position\":1,\"name\":\"Home\",\"item\":\"https:\/\/www.yoolabox.com\/\"},{\"@type\":\"ListItem\",\"position\":2,\"name\":\"Shop\",\"item\":\"https:\/\/www.yoolabox.com\/index.php\/shop\/\"},{\"@type\":\"ListItem\",\"position\":3,\"name\":\"BEN MAZUE &#8211; MARDI 15 DECEMBRE 2026 &#8211; Z\u00e9nith Paris La Villette\"}]},{\"@type\":\"WebSite\",\"@id\":\"https:\/\/www.yoolabox.com\/#website\",\"url\":\"https:\/\/www.yoolabox.com\/\",\"name\":\"Yoolabox.com\",\"description\":\"La billetterie accessible \u00e0 tous\",\"publisher\":{\"@id\":\"https:\/\/www.yoolabox.com\/#organization\"},\"potentialAction\":[{\"@type\":\"SearchAction\",\"target\":{\"@type\":\"EntryPoint\",\"urlTemplate\":\"https:\/\/www.yoolabox.com\/?s={search_term_string}\"},\"query-input\":{\"@type\":\"PropertyValueSpecification\",\"valueRequired\":true,\"valueName\":\"search_term_string\"}}],\"inLanguage\":\"fr-FR\"},{\"@type\":\"Organization\",\"@id\":\"https:\/\/www.yoolabox.com\/#organization\",\"name\":\"Yoolabox.com\",\"url\":\"https:\/\/www.yoolabox.com\/\",\"logo\":{\"@type\":\"ImageObject\",\"inLanguage\":\"fr-FR\",\"@id\":\"https:\/\/www.yoolabox.com\/#\/schema\/logo\/image\/\",\"url\":\"https:\/\/www.yoolabox.com\/wp-content\/uploads\/2019\/11\/cropped-Logo_web.jpg\",\"contentUrl\":\"https:\/\/www.yoolabox.com\/wp-content\/uploads\/2019\/11\/cropped-Logo_web.jpg\",\"width\":300,\"height\":100,\"caption\":\"Yoolabox.com\"},\"image\":{\"@id\":\"https:\/\/www.yoolabox.com\/#\/schema\/logo\/image\/\"}}]}<\/script>\n<!-- \/ Yoast SEO plugin. -->","yoast_head_json":{"title":"BEN MAZUE - MARDI 15 DECEMBRE 2026 - Z\u00e9nith Paris La Villette - Yoolabox.com","robots":{"index":"index","follow":"follow","max-snippet":"max-snippet:-1","max-image-preview":"max-image-preview:large","max-video-preview":"max-video-preview:-1"},"canonical":"https:\/\/www.yoolabox.com\/index.php\/produit\/ben-mazue-mardi-15-decembre-2026-zenith-paris-la-villette\/","twitter_card":"summary_large_image","twitter_title":"BEN MAZUE - MARDI 15 DECEMBRE 2026 - Z\u00e9nith Paris La Villette - Yoolabox.com","twitter_description":"BEN MAZUE Mardi 15 D\u00e9cembre 2026 - 20h00  Apr\u00e8s une tourn\u00e9e triomphale de 30 th\u00e9\u00e2tres et 20 Z\u00e9nith complets, Ben Mazu\u00e9 annonce une nouvelle s\u00e9rie de concerts dans les Z\u00e9nith pour faire durer l\u2019\u00e9motion. Place aux prolongations !","twitter_image":"https:\/\/www.yoolabox.com\/wp-content\/uploads\/2024\/12\/BEN-MAZUE.png","twitter_misc":{"Dur\u00e9e de lecture estim\u00e9e":"1 minute"},"schema":{"@context":"https:\/\/schema.org","@graph":[{"@type":"WebPage","@id":"https:\/\/www.yoolabox.com\/index.php\/produit\/ben-mazue-mardi-15-decembre-2026-zenith-paris-la-villette\/","url":"https:\/\/www.yoolabox.com\/index.php\/produit\/ben-mazue-mardi-15-decembre-2026-zenith-paris-la-villette\/","name":"BEN MAZUE - MARDI 15 DECEMBRE 2026 - Z\u00e9nith Paris La Villette - Yoolabox.com","isPartOf":{"@id":"https:\/\/www.yoolabox.com\/#website"},"primaryImageOfPage":{"@id":"https:\/\/www.yoolabox.com\/index.php\/produit\/ben-mazue-mardi-15-decembre-2026-zenith-paris-la-villette\/#primaryimage"},"image":{"@id":"https:\/\/www.yoolabox.com\/index.php\/produit\/ben-mazue-mardi-15-decembre-2026-zenith-paris-la-villette\/#primaryimage"},"thumbnailUrl":"https:\/\/www.yoolabox.com\/wp-content\/uploads\/2024\/12\/BEN-MAZUE.png","datePublished":"2026-04-22T19:27:53+00:00","dateModified":"2026-04-24T06:02:40+00:00","breadcrumb":{"@id":"https:\/\/www.yoolabox.com\/index.php\/produit\/ben-mazue-mardi-15-decembre-2026-zenith-paris-la-villette\/#breadcrumb"},"inLanguage":"fr-FR","potentialAction":[{"@type":"ReadAction","target":["https:\/\/www.yoolabox.com\/index.php\/produit\/ben-mazue-mardi-15-decembre-2026-zenith-paris-la-villette\/"]}]},{"@type":"ImageObject","inLanguage":"fr-FR","@id":"https:\/\/www.yoolabox.com\/index.php\/produit\/ben-mazue-mardi-15-decembre-2026-zenith-paris-la-villette\/#primaryimage","url":"https:\/\/www.yoolabox.com\/wp-content\/uploads\/2024\/12\/BEN-MAZUE.png","contentUrl":"https:\/\/www.yoolabox.com\/wp-content\/uploads\/2024\/12\/BEN-MAZUE.png","width":600,"height":738},{"@type":"BreadcrumbList","@id":"https:\/\/www.yoolabox.com\/index.php\/produit\/ben-mazue-mardi-15-decembre-2026-zenith-paris-la-villette\/#breadcrumb","itemListElement":[{"@type":"ListItem","position":1,"name":"Home","item":"https:\/\/www.yoolabox.com\/"},{"@type":"ListItem","position":2,"name":"Shop","item":"https:\/\/www.yoolabox.com\/index.php\/shop\/"},{"@type":"ListItem","position":3,"name":"BEN MAZUE &#8211; MARDI 15 DECEMBRE 2026 &#8211; Z\u00e9nith Paris La Villette"}]},{"@type":"WebSite","@id":"https:\/\/www.yoolabox.com\/#website","url":"https:\/\/www.yoolabox.com\/","name":"Yoolabox.com","description":"La billetterie accessible \u00e0 tous","publisher":{"@id":"https:\/\/www.yoolabox.com\/#organization"},"potentialAction":[{"@type":"SearchAction","target":{"@type":"EntryPoint","urlTemplate":"https:\/\/www.yoolabox.com\/?s={search_term_string}"},"query-input":{"@type":"PropertyValueSpecification","valueRequired":true,"valueName":"search_term_string"}}],"inLanguage":"fr-FR"},{"@type":"Organization","@id":"https:\/\/www.yoolabox.com\/#organization","name":"Yoolabox.com","url":"https:\/\/www.yoolabox.com\/","logo":{"@type":"ImageObject","inLanguage":"fr-FR","@id":"https:\/\/www.yoolabox.com\/#\/schema\/logo\/image\/","url":"https:\/\/www.yoolabox.com\/wp-content\/uploads\/2019\/11\/cropped-Logo_web.jpg","contentUrl":"https:\/\/www.yoolabox.com\/wp-content\/uploads\/2019\/11\/cropped-Logo_web.jpg","width":300,"height":100,"caption":"Yoolabox.com"},"image":{"@id":"https:\/\/www.yoolabox.com\/#\/schema\/logo\/image\/"}}]}},"publishpress_future_action":{"enabled":false,"date":"2026-05-01 13:33:04","action":"change-status","newStatus":"draft","terms":[],"taxonomy":"product_cat","extraData":[]},"publishpress_future_workflow_manual_trigger":{"enabledWorkflows":[]},"_links":{"self":[{"href":"https:\/\/www.yoolabox.com\/index.php\/wp-json\/wp\/v2\/product\/148598","targetHints":{"allow":["GET"]}}],"collection":[{"href":"https:\/\/www.yoolabox.com\/index.php\/wp-json\/wp\/v2\/product"}],"about":[{"href":"https:\/\/www.yoolabox.com\/index.php\/wp-json\/wp\/v2\/types\/product"}],"author":[{"embeddable":true,"href":"https:\/\/www.yoolabox.com\/index.php\/wp-json\/wp\/v2\/users\/8364"}],"version-history":[{"count":6,"href":"https:\/\/www.yoolabox.com\/index.php\/wp-json\/wp\/v2\/product\/148598\/revisions"}],"predecessor-version":[{"id":148666,"href":"https:\/\/www.yoolabox.com\/index.php\/wp-json\/wp\/v2\/product\/148598\/revisions\/148666"}],"wp:featuredmedia":[{"embeddable":true,"href":"https:\/\/www.yoolabox.com\/index.php\/wp-json\/wp\/v2\/media\/147374"}],"wp:attachment":[{"href":"https:\/\/www.yoolabox.com\/index.php\/wp-json\/wp\/v2\/media?parent=148598"}],"wp:term":[{"taxonomy":"product_brand","embeddable":true,"href":"https:\/\/www.yoolabox.com\/index.php\/wp-json\/wp\/v2\/product_brand?post=148598"},{"taxonomy":"product_cat","embeddable":true,"href":"https:\/\/www.yoolabox.com\/index.php\/wp-json\/wp\/v2\/product_cat?post=148598"},{"taxonomy":"product_tag","embeddable":true,"href":"https:\/\/www.yoolabox.com\/index.php\/wp-json\/wp\/v2\/product_tag?post=148598"}],"curies":[{"name":"wp","href":"https:\/\/api.w.org\/{rel}","templated":true}]}}