{"id":148247,"date":"2026-04-13T21:26:45","date_gmt":"2026-04-13T19:26:45","guid":{"rendered":"https:\/\/www.yoolabox.com\/?post_type=product&#038;p=148247"},"modified":"2026-04-17T12:54:35","modified_gmt":"2026-04-17T10:54:35","slug":"the-rose-dimanche-28-juin-2026-zenith-paris-la-villette","status":"publish","type":"product","link":"https:\/\/www.yoolabox.com\/index.php\/produit\/the-rose-dimanche-28-juin-2026-zenith-paris-la-villette\/","title":{"rendered":"THE ROSE &#8211; DIMANCHE 28 JUIN 2026 &#8211; Z\u00e9nith Paris La Villette"},"content":{"rendered":"<h1><b>THE ROSE<\/b><\/h1>\n<h3><strong>Dimanche 28 juin 2026 &#8211; 20:00<\/strong><\/h3>\n<p>Z\u00e9nith Paris La Villette<\/p>\n<h3>D\u00e9but du concert \u00e0 20 heures pr\u00e9cises<\/h3>\n<p>C\u2019est un chapitre qui se cl\u00f4t pour The Rose (\ub354\ub85c\uc988). La tourn\u00e9e mondiale ROSETOPIA fera un arr\u00eat au Z\u00e9nith Paris \u2013 La Villette le 28 juin 2026\u00a0: une c\u00e9l\u00e9bration qui unit le groupe, les Black Rose et leur prochain album \u2018ROSE\u2019.<\/p>\n<p>The Rose (\ub354\ub85c\uc988), compos\u00e9 du chanteur et guitariste Woosung, du chanteur et multi-instrumentiste Dojoon, du bassiste Taegyeom et du batteur Hajoon, reviennent pour un dernier chapitre pour leur prochain album \u2018ROSE\u2019 et leur tourn\u00e9e mondiale ROSETOPIA.<\/p>\n<p>Apr\u00e8s le succ\u00e8s de HEAL et DUAL, qui a marqu\u00e9 leur ascension au rang de groupe de renomm\u00e9e mondiale \u2013 avec notamment une entr\u00e9e dans le Billboard 200, une premi\u00e8re place au classement des artistes \u00e9mergents de Billboard, des tourn\u00e9es mondiales \u00e0 guichets ferm\u00e9s et des prestations remarqu\u00e9es lors de festivals tels que Lollapalooza et Coachella \u2013, The Rose a continu\u00e9 \u00e0 d\u00e9velopper son identit\u00e9 sonore avec WRLD. Aujourd\u2019hui, ROSE s\u2019impose comme leur \u0153uvre la plus introspective et la plus marquante \u00e0 ce jour. Ancr\u00e9e dans la r\u00e9flexion et le changement, elle rend compte de la beaut\u00e9 de tout ce qu\u2019ils ont construit et de tout ce qu\u2019ils sont pr\u00eats \u00e0 laisser derri\u00e8re eux.<\/p>\n","protected":false},"excerpt":{"rendered":"<h1><b>THE ROSE<\/b><\/h1>\n<h3><strong>Dimanche 28 juin 2026 &#8211; 20:00<\/strong><\/h3>\n<p>Z\u00e9nith Paris La Villette<\/p>\n<h3>D\u00e9but du concert \u00e0 20 heures pr\u00e9cises<\/h3>\n<p>C\u2019est un chapitre qui se cl\u00f4t pour The Rose (\ub354\ub85c\uc988). La tourn\u00e9e mondiale ROSETOPIA fera un arr\u00eat au Z\u00e9nith Paris \u2013 La Villette le 28 juin 2026\u00a0: une c\u00e9l\u00e9bration qui unit le groupe, les Black Rose et leur prochain album \u2018ROSE\u2019.<\/p>\n<p>The Rose (\ub354\ub85c\uc988), compos\u00e9 du chanteur et guitariste Woosung, du chanteur et multi-instrumentiste Dojoon, du bassiste Taegyeom et du batteur Hajoon, reviennent pour un dernier chapitre pour leur prochain album \u2018ROSE\u2019 et leur tourn\u00e9e mondiale ROSETOPIA.<\/p>\n<p>Apr\u00e8s le succ\u00e8s de HEAL et DUAL, qui a marqu\u00e9 leur ascension au rang de groupe de renomm\u00e9e mondiale \u2013 avec notamment une entr\u00e9e dans le Billboard 200, une premi\u00e8re place au classement des artistes \u00e9mergents de Billboard, des tourn\u00e9es mondiales \u00e0 guichets ferm\u00e9s et des prestations remarqu\u00e9es lors de festivals tels que Lollapalooza et Coachella \u2013, The Rose a continu\u00e9 \u00e0 d\u00e9velopper son identit\u00e9 sonore avec WRLD. Aujourd\u2019hui, ROSE s\u2019impose comme leur \u0153uvre la plus introspective et la plus marquante \u00e0 ce jour. Ancr\u00e9e dans la r\u00e9flexion et le changement, elle rend compte de la beaut\u00e9 de tout ce qu\u2019ils ont construit et de tout ce qu\u2019ils sont pr\u00eats \u00e0 laisser derri\u00e8re eux.<\/p>\n","protected":false},"author":8364,"featured_media":148306,"template":"","meta":{"_acf_changed":false},"product_brand":[],"product_cat":[815,817,55,1314,818,160,1316,161,1132,2312,2311],"product_tag":[3011,2943,2313],"class_list":{"0":"post-148247","1":"product","2":"type-product","3":"status-publish","4":"has-post-thumbnail","6":"product_cat-handicap","7":"product_cat-boucle-magnetique","8":"product_cat-concert","9":"product_cat-emplacement-adapte","10":"product_cat-fauteuil-roulant","11":"product_cat-ile-de-france","12":"product_cat-accessible-naturellement-malvoyant","13":"product_cat-region","14":"product_cat-salles","15":"product_cat-zenith-paris-salles","16":"product_cat-zenith-paris","17":"product_tag-the-rose","18":"product_tag-vierge","19":"product_tag-zenith-paris","20":"pa_categorie-accompagnateur-pmr-fauteuil-parterre-porte-i","21":"pa_categorie-accompagnateur-pmr-fauteuil-parterre-porte-k","22":"pa_categorie-accompagnateur-pmr-fauteuil-parterre-porte-t","23":"pa_categorie-accompagnateur-pmr-fauteuil-parterre-porte-v","24":"pa_categorie-accompagnateur-psh-marchant-gradins-porte-g","25":"pa_categorie-accompagnateur-psh-marchant-parterre-porte-t","26":"pa_categorie-pmr-fauteuil-parterre-porte-i","27":"pa_categorie-pmr-fauteuil-parterre-porte-k","28":"pa_categorie-pmr-fauteuil-parterre-porte-t","29":"pa_categorie-pmr-fauteuil-parterre-porte-v","30":"pa_categorie-psh-marchant-gradins-porte-g","31":"pa_categorie-psh-marchant-parterre-porte-t","32":"product-custom-label-billetterie-officielle","33":"product-custom-label-ebillet","34":"product-custom-label-emplacement-fauteuil","35":"product-custom-label-handicap-mental","36":"product-custom-label-mal-voyant","37":"product-custom-label-surdite","38":"badges-style-3","40":"first","41":"instock","42":"shipping-taxable","43":"purchasable","44":"product-type-variable"},"acf":[],"yoast_head":"<!-- This site is optimized with the Yoast SEO plugin v27.2 - https:\/\/yoast.com\/product\/yoast-seo-wordpress\/ -->\n<title>THE ROSE - DIMANCHE 28 JUIN 2026 - Z\u00e9nith Paris La Villette - Yoolabox.com<\/title>\n<meta name=\"robots\" content=\"index, follow, max-snippet:-1, max-image-preview:large, max-video-preview:-1\" \/>\n<link rel=\"canonical\" href=\"https:\/\/www.yoolabox.com\/index.php\/produit\/the-rose-dimanche-28-juin-2026-zenith-paris-la-villette\/\" \/>\n<meta name=\"twitter:card\" content=\"summary_large_image\" \/>\n<meta name=\"twitter:title\" content=\"THE ROSE - DIMANCHE 28 JUIN 2026 - Z\u00e9nith Paris La Villette - Yoolabox.com\" \/>\n<meta name=\"twitter:description\" content=\"THE ROSE Dimanche 28 juin 2026 - 20:00 Z\u00e9nith Paris La Villette D\u00e9but du concert \u00e0 20 heures pr\u00e9cises C\u2019est un chapitre qui se cl\u00f4t pour The Rose (\ub354\ub85c\uc988). La tourn\u00e9e mondiale ROSETOPIA fera un arr\u00eat au Z\u00e9nith Paris \u2013 La Villette le 28 juin 2026\u00a0: une c\u00e9l\u00e9bration qui unit le groupe, les Black Rose et leur prochain album \u2018ROSE\u2019.  The Rose (\ub354\ub85c\uc988), compos\u00e9 du chanteur et guitariste Woosung, du chanteur et multi-instrumentiste Dojoon, du bassiste Taegyeom et du batteur Hajoon, reviennent pour un dernier chapitre pour leur prochain album \u2018ROSE\u2019 et leur tourn\u00e9e mondiale ROSETOPIA.  Apr\u00e8s le succ\u00e8s de HEAL et DUAL, qui a marqu\u00e9 leur ascension au rang de groupe de renomm\u00e9e mondiale \u2013 avec notamment une entr\u00e9e dans le Billboard 200, une premi\u00e8re place au classement des artistes \u00e9mergents de Billboard, des tourn\u00e9es mondiales \u00e0 guichets ferm\u00e9s et des prestations remarqu\u00e9es lors de festivals tels que Lollapalooza et Coachella \u2013, The Rose a continu\u00e9 \u00e0 d\u00e9velopper son identit\u00e9 sonore avec WRLD. Aujourd\u2019hui, ROSE s\u2019impose comme leur \u0153uvre la plus introspective et la plus marquante \u00e0 ce jour. Ancr\u00e9e dans la r\u00e9flexion et le changement, elle rend compte de la beaut\u00e9 de tout ce qu\u2019ils ont construit et de tout ce qu\u2019ils sont pr\u00eats \u00e0 laisser derri\u00e8re eux.\" \/>\n<meta name=\"twitter:image\" content=\"https:\/\/www.yoolabox.com\/wp-content\/uploads\/2026\/04\/THE-ROSE-DIMANCHE-28-JUIN-2026-Zenith-Paris-La-Villette.png\" \/>\n<meta name=\"twitter:label1\" content=\"Dur\u00e9e de lecture estim\u00e9e\" \/>\n\t<meta name=\"twitter:data1\" content=\"2 minutes\" \/>\n<script type=\"application\/ld+json\" class=\"yoast-schema-graph\">{\"@context\":\"https:\/\/schema.org\",\"@graph\":[{\"@type\":\"WebPage\",\"@id\":\"https:\/\/www.yoolabox.com\/index.php\/produit\/the-rose-dimanche-28-juin-2026-zenith-paris-la-villette\/\",\"url\":\"https:\/\/www.yoolabox.com\/index.php\/produit\/the-rose-dimanche-28-juin-2026-zenith-paris-la-villette\/\",\"name\":\"THE ROSE - DIMANCHE 28 JUIN 2026 - Z\u00e9nith Paris La Villette - Yoolabox.com\",\"isPartOf\":{\"@id\":\"https:\/\/www.yoolabox.com\/#website\"},\"primaryImageOfPage\":{\"@id\":\"https:\/\/www.yoolabox.com\/index.php\/produit\/the-rose-dimanche-28-juin-2026-zenith-paris-la-villette\/#primaryimage\"},\"image\":{\"@id\":\"https:\/\/www.yoolabox.com\/index.php\/produit\/the-rose-dimanche-28-juin-2026-zenith-paris-la-villette\/#primaryimage\"},\"thumbnailUrl\":\"https:\/\/www.yoolabox.com\/wp-content\/uploads\/2026\/04\/THE-ROSE-DIMANCHE-28-JUIN-2026-Zenith-Paris-La-Villette.png\",\"datePublished\":\"2026-04-13T19:26:45+00:00\",\"dateModified\":\"2026-04-17T10:54:35+00:00\",\"breadcrumb\":{\"@id\":\"https:\/\/www.yoolabox.com\/index.php\/produit\/the-rose-dimanche-28-juin-2026-zenith-paris-la-villette\/#breadcrumb\"},\"inLanguage\":\"fr-FR\",\"potentialAction\":[{\"@type\":\"ReadAction\",\"target\":[\"https:\/\/www.yoolabox.com\/index.php\/produit\/the-rose-dimanche-28-juin-2026-zenith-paris-la-villette\/\"]}]},{\"@type\":\"ImageObject\",\"inLanguage\":\"fr-FR\",\"@id\":\"https:\/\/www.yoolabox.com\/index.php\/produit\/the-rose-dimanche-28-juin-2026-zenith-paris-la-villette\/#primaryimage\",\"url\":\"https:\/\/www.yoolabox.com\/wp-content\/uploads\/2026\/04\/THE-ROSE-DIMANCHE-28-JUIN-2026-Zenith-Paris-La-Villette.png\",\"contentUrl\":\"https:\/\/www.yoolabox.com\/wp-content\/uploads\/2026\/04\/THE-ROSE-DIMANCHE-28-JUIN-2026-Zenith-Paris-La-Villette.png\",\"width\":600,\"height\":738},{\"@type\":\"BreadcrumbList\",\"@id\":\"https:\/\/www.yoolabox.com\/index.php\/produit\/the-rose-dimanche-28-juin-2026-zenith-paris-la-villette\/#breadcrumb\",\"itemListElement\":[{\"@type\":\"ListItem\",\"position\":1,\"name\":\"Home\",\"item\":\"https:\/\/www.yoolabox.com\/\"},{\"@type\":\"ListItem\",\"position\":2,\"name\":\"Shop\",\"item\":\"https:\/\/www.yoolabox.com\/index.php\/shop\/\"},{\"@type\":\"ListItem\",\"position\":3,\"name\":\"THE ROSE &#8211; DIMANCHE 28 JUIN 2026 &#8211; Z\u00e9nith Paris La Villette\"}]},{\"@type\":\"WebSite\",\"@id\":\"https:\/\/www.yoolabox.com\/#website\",\"url\":\"https:\/\/www.yoolabox.com\/\",\"name\":\"Yoolabox.com\",\"description\":\"La billetterie accessible \u00e0 tous\",\"publisher\":{\"@id\":\"https:\/\/www.yoolabox.com\/#organization\"},\"potentialAction\":[{\"@type\":\"SearchAction\",\"target\":{\"@type\":\"EntryPoint\",\"urlTemplate\":\"https:\/\/www.yoolabox.com\/?s={search_term_string}\"},\"query-input\":{\"@type\":\"PropertyValueSpecification\",\"valueRequired\":true,\"valueName\":\"search_term_string\"}}],\"inLanguage\":\"fr-FR\"},{\"@type\":\"Organization\",\"@id\":\"https:\/\/www.yoolabox.com\/#organization\",\"name\":\"Yoolabox.com\",\"url\":\"https:\/\/www.yoolabox.com\/\",\"logo\":{\"@type\":\"ImageObject\",\"inLanguage\":\"fr-FR\",\"@id\":\"https:\/\/www.yoolabox.com\/#\/schema\/logo\/image\/\",\"url\":\"https:\/\/www.yoolabox.com\/wp-content\/uploads\/2019\/11\/cropped-Logo_web.jpg\",\"contentUrl\":\"https:\/\/www.yoolabox.com\/wp-content\/uploads\/2019\/11\/cropped-Logo_web.jpg\",\"width\":300,\"height\":100,\"caption\":\"Yoolabox.com\"},\"image\":{\"@id\":\"https:\/\/www.yoolabox.com\/#\/schema\/logo\/image\/\"}}]}<\/script>\n<!-- \/ Yoast SEO plugin. -->","yoast_head_json":{"title":"THE ROSE - DIMANCHE 28 JUIN 2026 - Z\u00e9nith Paris La Villette - Yoolabox.com","robots":{"index":"index","follow":"follow","max-snippet":"max-snippet:-1","max-image-preview":"max-image-preview:large","max-video-preview":"max-video-preview:-1"},"canonical":"https:\/\/www.yoolabox.com\/index.php\/produit\/the-rose-dimanche-28-juin-2026-zenith-paris-la-villette\/","twitter_card":"summary_large_image","twitter_title":"THE ROSE - DIMANCHE 28 JUIN 2026 - Z\u00e9nith Paris La Villette - Yoolabox.com","twitter_description":"THE ROSE Dimanche 28 juin 2026 - 20:00 Z\u00e9nith Paris La Villette D\u00e9but du concert \u00e0 20 heures pr\u00e9cises C\u2019est un chapitre qui se cl\u00f4t pour The Rose (\ub354\ub85c\uc988). La tourn\u00e9e mondiale ROSETOPIA fera un arr\u00eat au Z\u00e9nith Paris \u2013 La Villette le 28 juin 2026\u00a0: une c\u00e9l\u00e9bration qui unit le groupe, les Black Rose et leur prochain album \u2018ROSE\u2019.  The Rose (\ub354\ub85c\uc988), compos\u00e9 du chanteur et guitariste Woosung, du chanteur et multi-instrumentiste Dojoon, du bassiste Taegyeom et du batteur Hajoon, reviennent pour un dernier chapitre pour leur prochain album \u2018ROSE\u2019 et leur tourn\u00e9e mondiale ROSETOPIA.  Apr\u00e8s le succ\u00e8s de HEAL et DUAL, qui a marqu\u00e9 leur ascension au rang de groupe de renomm\u00e9e mondiale \u2013 avec notamment une entr\u00e9e dans le Billboard 200, une premi\u00e8re place au classement des artistes \u00e9mergents de Billboard, des tourn\u00e9es mondiales \u00e0 guichets ferm\u00e9s et des prestations remarqu\u00e9es lors de festivals tels que Lollapalooza et Coachella \u2013, The Rose a continu\u00e9 \u00e0 d\u00e9velopper son identit\u00e9 sonore avec WRLD. Aujourd\u2019hui, ROSE s\u2019impose comme leur \u0153uvre la plus introspective et la plus marquante \u00e0 ce jour. Ancr\u00e9e dans la r\u00e9flexion et le changement, elle rend compte de la beaut\u00e9 de tout ce qu\u2019ils ont construit et de tout ce qu\u2019ils sont pr\u00eats \u00e0 laisser derri\u00e8re eux.","twitter_image":"https:\/\/www.yoolabox.com\/wp-content\/uploads\/2026\/04\/THE-ROSE-DIMANCHE-28-JUIN-2026-Zenith-Paris-La-Villette.png","twitter_misc":{"Dur\u00e9e de lecture estim\u00e9e":"2 minutes"},"schema":{"@context":"https:\/\/schema.org","@graph":[{"@type":"WebPage","@id":"https:\/\/www.yoolabox.com\/index.php\/produit\/the-rose-dimanche-28-juin-2026-zenith-paris-la-villette\/","url":"https:\/\/www.yoolabox.com\/index.php\/produit\/the-rose-dimanche-28-juin-2026-zenith-paris-la-villette\/","name":"THE ROSE - DIMANCHE 28 JUIN 2026 - Z\u00e9nith Paris La Villette - Yoolabox.com","isPartOf":{"@id":"https:\/\/www.yoolabox.com\/#website"},"primaryImageOfPage":{"@id":"https:\/\/www.yoolabox.com\/index.php\/produit\/the-rose-dimanche-28-juin-2026-zenith-paris-la-villette\/#primaryimage"},"image":{"@id":"https:\/\/www.yoolabox.com\/index.php\/produit\/the-rose-dimanche-28-juin-2026-zenith-paris-la-villette\/#primaryimage"},"thumbnailUrl":"https:\/\/www.yoolabox.com\/wp-content\/uploads\/2026\/04\/THE-ROSE-DIMANCHE-28-JUIN-2026-Zenith-Paris-La-Villette.png","datePublished":"2026-04-13T19:26:45+00:00","dateModified":"2026-04-17T10:54:35+00:00","breadcrumb":{"@id":"https:\/\/www.yoolabox.com\/index.php\/produit\/the-rose-dimanche-28-juin-2026-zenith-paris-la-villette\/#breadcrumb"},"inLanguage":"fr-FR","potentialAction":[{"@type":"ReadAction","target":["https:\/\/www.yoolabox.com\/index.php\/produit\/the-rose-dimanche-28-juin-2026-zenith-paris-la-villette\/"]}]},{"@type":"ImageObject","inLanguage":"fr-FR","@id":"https:\/\/www.yoolabox.com\/index.php\/produit\/the-rose-dimanche-28-juin-2026-zenith-paris-la-villette\/#primaryimage","url":"https:\/\/www.yoolabox.com\/wp-content\/uploads\/2026\/04\/THE-ROSE-DIMANCHE-28-JUIN-2026-Zenith-Paris-La-Villette.png","contentUrl":"https:\/\/www.yoolabox.com\/wp-content\/uploads\/2026\/04\/THE-ROSE-DIMANCHE-28-JUIN-2026-Zenith-Paris-La-Villette.png","width":600,"height":738},{"@type":"BreadcrumbList","@id":"https:\/\/www.yoolabox.com\/index.php\/produit\/the-rose-dimanche-28-juin-2026-zenith-paris-la-villette\/#breadcrumb","itemListElement":[{"@type":"ListItem","position":1,"name":"Home","item":"https:\/\/www.yoolabox.com\/"},{"@type":"ListItem","position":2,"name":"Shop","item":"https:\/\/www.yoolabox.com\/index.php\/shop\/"},{"@type":"ListItem","position":3,"name":"THE ROSE &#8211; DIMANCHE 28 JUIN 2026 &#8211; Z\u00e9nith Paris La Villette"}]},{"@type":"WebSite","@id":"https:\/\/www.yoolabox.com\/#website","url":"https:\/\/www.yoolabox.com\/","name":"Yoolabox.com","description":"La billetterie accessible \u00e0 tous","publisher":{"@id":"https:\/\/www.yoolabox.com\/#organization"},"potentialAction":[{"@type":"SearchAction","target":{"@type":"EntryPoint","urlTemplate":"https:\/\/www.yoolabox.com\/?s={search_term_string}"},"query-input":{"@type":"PropertyValueSpecification","valueRequired":true,"valueName":"search_term_string"}}],"inLanguage":"fr-FR"},{"@type":"Organization","@id":"https:\/\/www.yoolabox.com\/#organization","name":"Yoolabox.com","url":"https:\/\/www.yoolabox.com\/","logo":{"@type":"ImageObject","inLanguage":"fr-FR","@id":"https:\/\/www.yoolabox.com\/#\/schema\/logo\/image\/","url":"https:\/\/www.yoolabox.com\/wp-content\/uploads\/2019\/11\/cropped-Logo_web.jpg","contentUrl":"https:\/\/www.yoolabox.com\/wp-content\/uploads\/2019\/11\/cropped-Logo_web.jpg","width":300,"height":100,"caption":"Yoolabox.com"},"image":{"@id":"https:\/\/www.yoolabox.com\/#\/schema\/logo\/image\/"}}]}},"publishpress_future_action":{"enabled":true,"date":"2026-06-14 20:47:00","action":"change-status","newStatus":"draft","terms":[0],"taxonomy":"product_cat","extraData":[]},"publishpress_future_workflow_manual_trigger":{"enabledWorkflows":[]},"_links":{"self":[{"href":"https:\/\/www.yoolabox.com\/index.php\/wp-json\/wp\/v2\/product\/148247","targetHints":{"allow":["GET"]}}],"collection":[{"href":"https:\/\/www.yoolabox.com\/index.php\/wp-json\/wp\/v2\/product"}],"about":[{"href":"https:\/\/www.yoolabox.com\/index.php\/wp-json\/wp\/v2\/types\/product"}],"author":[{"embeddable":true,"href":"https:\/\/www.yoolabox.com\/index.php\/wp-json\/wp\/v2\/users\/8364"}],"version-history":[{"count":4,"href":"https:\/\/www.yoolabox.com\/index.php\/wp-json\/wp\/v2\/product\/148247\/revisions"}],"predecessor-version":[{"id":148288,"href":"https:\/\/www.yoolabox.com\/index.php\/wp-json\/wp\/v2\/product\/148247\/revisions\/148288"}],"wp:featuredmedia":[{"embeddable":true,"href":"https:\/\/www.yoolabox.com\/index.php\/wp-json\/wp\/v2\/media\/148306"}],"wp:attachment":[{"href":"https:\/\/www.yoolabox.com\/index.php\/wp-json\/wp\/v2\/media?parent=148247"}],"wp:term":[{"taxonomy":"product_brand","embeddable":true,"href":"https:\/\/www.yoolabox.com\/index.php\/wp-json\/wp\/v2\/product_brand?post=148247"},{"taxonomy":"product_cat","embeddable":true,"href":"https:\/\/www.yoolabox.com\/index.php\/wp-json\/wp\/v2\/product_cat?post=148247"},{"taxonomy":"product_tag","embeddable":true,"href":"https:\/\/www.yoolabox.com\/index.php\/wp-json\/wp\/v2\/product_tag?post=148247"}],"curies":[{"name":"wp","href":"https:\/\/api.w.org\/{rel}","templated":true}]}}