{"id":146725,"date":"2026-02-27T09:41:22","date_gmt":"2026-02-27T08:41:22","guid":{"rendered":"https:\/\/www.yoolabox.com\/?post_type=product&#038;p=146725"},"modified":"2026-03-20T11:54:27","modified_gmt":"2026-03-20T10:54:27","slug":"ines-de-la-misericorde-samedi-5-septembre-2026-zenith-paris-la-villette","status":"publish","type":"product","link":"https:\/\/www.yoolabox.com\/index.php\/produit\/ines-de-la-misericorde-samedi-5-septembre-2026-zenith-paris-la-villette\/","title":{"rendered":"INES DE LA MISERICORDE &#8211; SAMEDI 5 SEPTEMBRE 2026- Z\u00e9nith Paris &#8211; La Villette"},"content":{"rendered":"<h1>INES DE LA MISERICORDE<\/h1>\n<h3><strong>Samedi 05 septembre 2026 &#8211; 16:00<\/strong><\/h3>\n<p><em><strong>Zenith Paris &#8211; La Villette<\/strong><\/em><\/p>\n<p>&nbsp;<\/p>\n<p><strong>Le<\/strong> &#8220;<strong>Z\u00e9nith Paris \u2013 La Villette accueille In\u00e8s de la Mis\u00e9ricorde pour une grande soir\u00e9e Gospel&#8221;.<\/strong><\/p>\n<p><strong>\u00a0Artiste originaire de la C\u00f4te d&#8217;Ivoire reconnue pour la puissance de sa voix et la qualit\u00e9 de ses productions sc\u00e9niques, elle fait partie des artistes Gospel les plus influentes de l&#8217;Afrique de l&#8217;Ouest.<\/strong><\/p>\n<p><strong>Elle proposera un concert alliant musique live, choristes et mise en sc\u00e8ne immersive.<\/strong><\/p>\n<p><strong>Ce rendez-vous Gospel permet une exp\u00e9rience artistique intense port\u00e9e par des sonorit\u00e9s gospel moderne.<\/strong><\/p>\n<p>In\u00e8s de la Mis\u00e9ricorde sera au Z\u00e9nith Paris &#8211; La Villette le 05 Septembre 2026 pour une soir\u00e9e Gospel Exceptionnelle.<\/p>\n","protected":false},"excerpt":{"rendered":"<h1>INES DE LA MISERICORDE<\/h1>\n<h3><strong>Samedi 05 septembre 2026 &#8211; 16:00<\/strong><\/h3>\n<p><em><strong>Zenith Paris &#8211; La Villette<\/strong><\/em><\/p>\n<p>&nbsp;<\/p>\n<p><strong>Le<\/strong> &#8220;<strong>Z\u00e9nith Paris \u2013 La Villette accueille In\u00e8s de la Mis\u00e9ricorde pour une grande soir\u00e9e Gospel&#8221;.<\/strong><\/p>\n<p><strong>\u00a0Artiste originaire de la C\u00f4te d&#8217;Ivoire reconnue pour la puissance de sa voix et la qualit\u00e9 de ses productions sc\u00e9niques, elle fait partie des artistes Gospel les plus influentes de l&#8217;Afrique de l&#8217;Ouest.<\/strong><\/p>\n<p><strong>Elle proposera un concert alliant musique live, choristes et mise en sc\u00e8ne immersive.<\/strong><\/p>\n<p><strong>Ce rendez-vous Gospel permet une exp\u00e9rience artistique intense port\u00e9e par des sonorit\u00e9s gospel moderne.<\/strong><\/p>\n<p>In\u00e8s de la Mis\u00e9ricorde sera au Z\u00e9nith Paris &#8211; La Villette le 05 Septembre 2026 pour une soir\u00e9e Gospel Exceptionnelle.<\/p>\n","protected":false},"author":8364,"featured_media":147293,"template":"","meta":{"_acf_changed":false},"product_brand":[],"product_cat":[815,817,55,1314,818,160,1316,161,1132,2312,2311],"product_tag":[3509,3510,2313],"class_list":{"0":"post-146725","1":"product","2":"type-product","3":"status-publish","4":"has-post-thumbnail","6":"product_cat-handicap","7":"product_cat-boucle-magnetique","8":"product_cat-concert","9":"product_cat-emplacement-adapte","10":"product_cat-fauteuil-roulant","11":"product_cat-ile-de-france","12":"product_cat-accessible-naturellement-malvoyant","13":"product_cat-region","14":"product_cat-salles","15":"product_cat-zenith-paris-salles","16":"product_cat-zenith-paris","17":"product_tag-ines","18":"product_tag-ines-de-la-misericorde","19":"product_tag-zenith-paris","20":"pa_categorie-accompagnateur-pmr-fauteuil-gradin-porte-c","21":"pa_categorie-accompagnateur-pmr-fauteuil-gradin-porte-d","22":"pa_categorie-accompagnateur-pmr-fauteuil-gradin-porte-e","23":"pa_categorie-accompagnateur-pmr-fauteuil-gradin-porte-f","24":"pa_categorie-accompagnateur-psh-marchant-gradin-porte-g","25":"pa_categorie-pmr-fauteuil-gradin-porte-c","26":"pa_categorie-pmr-fauteuil-gradin-porte-d","27":"pa_categorie-pmr-fauteuil-gradin-porte-e","28":"pa_categorie-pmr-fauteuil-gradin-porte-f","29":"pa_categorie-psh-marchant-gradin-porte-g","30":"product-custom-label-billetterie-officielle","31":"product-custom-label-ebillet","32":"product-custom-label-emplacement-fauteuil","33":"product-custom-label-handicap-mental","34":"product-custom-label-mal-voyant","35":"product-custom-label-surdite","36":"badges-style-3","38":"first","39":"instock","40":"shipping-taxable","41":"purchasable","42":"product-type-variable"},"acf":[],"yoast_head":"<!-- This site is optimized with the Yoast SEO plugin v27.2 - https:\/\/yoast.com\/product\/yoast-seo-wordpress\/ -->\n<title>INES DE LA MISERICORDE - SAMEDI 5 SEPTEMBRE 2026- Z\u00e9nith Paris - La Villette - Yoolabox.com<\/title>\n<meta name=\"robots\" content=\"index, follow, max-snippet:-1, max-image-preview:large, max-video-preview:-1\" \/>\n<link rel=\"canonical\" href=\"https:\/\/www.yoolabox.com\/index.php\/produit\/ines-de-la-misericorde-samedi-5-septembre-2026-zenith-paris-la-villette\/\" \/>\n<meta name=\"twitter:card\" content=\"summary_large_image\" \/>\n<meta name=\"twitter:title\" content=\"INES DE LA MISERICORDE - SAMEDI 5 SEPTEMBRE 2026- Z\u00e9nith Paris - La Villette - Yoolabox.com\" \/>\n<meta name=\"twitter:description\" content=\"INES DE LA MISERICORDE Samedi 05 septembre 2026 - 16:00 Zenith Paris - La Villette  &nbsp;  Le &quot;Z\u00e9nith Paris \u2013 La Villette accueille In\u00e8s de la Mis\u00e9ricorde pour une grande soir\u00e9e Gospel&quot;.  \u00a0Artiste originaire de la C\u00f4te d&#039;Ivoire reconnue pour la puissance de sa voix et la qualit\u00e9 de ses productions sc\u00e9niques, elle fait partie des artistes Gospel les plus influentes de l&#039;Afrique de l&#039;Ouest.  Elle proposera un concert alliant musique live, choristes et mise en sc\u00e8ne immersive.  Ce rendez-vous Gospel permet une exp\u00e9rience artistique intense port\u00e9e par des sonorit\u00e9s gospel moderne.  In\u00e8s de la Mis\u00e9ricorde sera au Z\u00e9nith Paris - La Villette le 05 Septembre 2026 pour une soir\u00e9e Gospel Exceptionnelle.\" \/>\n<meta name=\"twitter:image\" content=\"https:\/\/www.yoolabox.com\/wp-content\/uploads\/2026\/02\/INES-DE-LA-MISERICORDE.png\" \/>\n<meta name=\"twitter:label1\" content=\"Dur\u00e9e de lecture estim\u00e9e\" \/>\n\t<meta name=\"twitter:data1\" content=\"1 minute\" \/>\n<script type=\"application\/ld+json\" class=\"yoast-schema-graph\">{\"@context\":\"https:\/\/schema.org\",\"@graph\":[{\"@type\":\"WebPage\",\"@id\":\"https:\/\/www.yoolabox.com\/index.php\/produit\/ines-de-la-misericorde-samedi-5-septembre-2026-zenith-paris-la-villette\/\",\"url\":\"https:\/\/www.yoolabox.com\/index.php\/produit\/ines-de-la-misericorde-samedi-5-septembre-2026-zenith-paris-la-villette\/\",\"name\":\"INES DE LA MISERICORDE - SAMEDI 5 SEPTEMBRE 2026- Z\u00e9nith Paris - La Villette - Yoolabox.com\",\"isPartOf\":{\"@id\":\"https:\/\/www.yoolabox.com\/#website\"},\"primaryImageOfPage\":{\"@id\":\"https:\/\/www.yoolabox.com\/index.php\/produit\/ines-de-la-misericorde-samedi-5-septembre-2026-zenith-paris-la-villette\/#primaryimage\"},\"image\":{\"@id\":\"https:\/\/www.yoolabox.com\/index.php\/produit\/ines-de-la-misericorde-samedi-5-septembre-2026-zenith-paris-la-villette\/#primaryimage\"},\"thumbnailUrl\":\"https:\/\/www.yoolabox.com\/wp-content\/uploads\/2026\/02\/INES-DE-LA-MISERICORDE.png\",\"datePublished\":\"2026-02-27T08:41:22+00:00\",\"dateModified\":\"2026-03-20T10:54:27+00:00\",\"breadcrumb\":{\"@id\":\"https:\/\/www.yoolabox.com\/index.php\/produit\/ines-de-la-misericorde-samedi-5-septembre-2026-zenith-paris-la-villette\/#breadcrumb\"},\"inLanguage\":\"fr-FR\",\"potentialAction\":[{\"@type\":\"ReadAction\",\"target\":[\"https:\/\/www.yoolabox.com\/index.php\/produit\/ines-de-la-misericorde-samedi-5-septembre-2026-zenith-paris-la-villette\/\"]}]},{\"@type\":\"ImageObject\",\"inLanguage\":\"fr-FR\",\"@id\":\"https:\/\/www.yoolabox.com\/index.php\/produit\/ines-de-la-misericorde-samedi-5-septembre-2026-zenith-paris-la-villette\/#primaryimage\",\"url\":\"https:\/\/www.yoolabox.com\/wp-content\/uploads\/2026\/02\/INES-DE-LA-MISERICORDE.png\",\"contentUrl\":\"https:\/\/www.yoolabox.com\/wp-content\/uploads\/2026\/02\/INES-DE-LA-MISERICORDE.png\",\"width\":600,\"height\":738},{\"@type\":\"BreadcrumbList\",\"@id\":\"https:\/\/www.yoolabox.com\/index.php\/produit\/ines-de-la-misericorde-samedi-5-septembre-2026-zenith-paris-la-villette\/#breadcrumb\",\"itemListElement\":[{\"@type\":\"ListItem\",\"position\":1,\"name\":\"Home\",\"item\":\"https:\/\/www.yoolabox.com\/\"},{\"@type\":\"ListItem\",\"position\":2,\"name\":\"Shop\",\"item\":\"https:\/\/www.yoolabox.com\/index.php\/shop\/\"},{\"@type\":\"ListItem\",\"position\":3,\"name\":\"INES DE LA MISERICORDE &#8211; SAMEDI 5 SEPTEMBRE 2026- Z\u00e9nith Paris &#8211; La Villette\"}]},{\"@type\":\"WebSite\",\"@id\":\"https:\/\/www.yoolabox.com\/#website\",\"url\":\"https:\/\/www.yoolabox.com\/\",\"name\":\"Yoolabox.com\",\"description\":\"La billetterie accessible \u00e0 tous\",\"publisher\":{\"@id\":\"https:\/\/www.yoolabox.com\/#organization\"},\"potentialAction\":[{\"@type\":\"SearchAction\",\"target\":{\"@type\":\"EntryPoint\",\"urlTemplate\":\"https:\/\/www.yoolabox.com\/?s={search_term_string}\"},\"query-input\":{\"@type\":\"PropertyValueSpecification\",\"valueRequired\":true,\"valueName\":\"search_term_string\"}}],\"inLanguage\":\"fr-FR\"},{\"@type\":\"Organization\",\"@id\":\"https:\/\/www.yoolabox.com\/#organization\",\"name\":\"Yoolabox.com\",\"url\":\"https:\/\/www.yoolabox.com\/\",\"logo\":{\"@type\":\"ImageObject\",\"inLanguage\":\"fr-FR\",\"@id\":\"https:\/\/www.yoolabox.com\/#\/schema\/logo\/image\/\",\"url\":\"https:\/\/www.yoolabox.com\/wp-content\/uploads\/2019\/11\/cropped-Logo_web.jpg\",\"contentUrl\":\"https:\/\/www.yoolabox.com\/wp-content\/uploads\/2019\/11\/cropped-Logo_web.jpg\",\"width\":300,\"height\":100,\"caption\":\"Yoolabox.com\"},\"image\":{\"@id\":\"https:\/\/www.yoolabox.com\/#\/schema\/logo\/image\/\"}}]}<\/script>\n<!-- \/ Yoast SEO plugin. -->","yoast_head_json":{"title":"INES DE LA MISERICORDE - SAMEDI 5 SEPTEMBRE 2026- Z\u00e9nith Paris - La Villette - Yoolabox.com","robots":{"index":"index","follow":"follow","max-snippet":"max-snippet:-1","max-image-preview":"max-image-preview:large","max-video-preview":"max-video-preview:-1"},"canonical":"https:\/\/www.yoolabox.com\/index.php\/produit\/ines-de-la-misericorde-samedi-5-septembre-2026-zenith-paris-la-villette\/","twitter_card":"summary_large_image","twitter_title":"INES DE LA MISERICORDE - SAMEDI 5 SEPTEMBRE 2026- Z\u00e9nith Paris - La Villette - Yoolabox.com","twitter_description":"INES DE LA MISERICORDE Samedi 05 septembre 2026 - 16:00 Zenith Paris - La Villette  &nbsp;  Le \"Z\u00e9nith Paris \u2013 La Villette accueille In\u00e8s de la Mis\u00e9ricorde pour une grande soir\u00e9e Gospel\".  \u00a0Artiste originaire de la C\u00f4te d'Ivoire reconnue pour la puissance de sa voix et la qualit\u00e9 de ses productions sc\u00e9niques, elle fait partie des artistes Gospel les plus influentes de l'Afrique de l'Ouest.  Elle proposera un concert alliant musique live, choristes et mise en sc\u00e8ne immersive.  Ce rendez-vous Gospel permet une exp\u00e9rience artistique intense port\u00e9e par des sonorit\u00e9s gospel moderne.  In\u00e8s de la Mis\u00e9ricorde sera au Z\u00e9nith Paris - La Villette le 05 Septembre 2026 pour une soir\u00e9e Gospel Exceptionnelle.","twitter_image":"https:\/\/www.yoolabox.com\/wp-content\/uploads\/2026\/02\/INES-DE-LA-MISERICORDE.png","twitter_misc":{"Dur\u00e9e de lecture estim\u00e9e":"1 minute"},"schema":{"@context":"https:\/\/schema.org","@graph":[{"@type":"WebPage","@id":"https:\/\/www.yoolabox.com\/index.php\/produit\/ines-de-la-misericorde-samedi-5-septembre-2026-zenith-paris-la-villette\/","url":"https:\/\/www.yoolabox.com\/index.php\/produit\/ines-de-la-misericorde-samedi-5-septembre-2026-zenith-paris-la-villette\/","name":"INES DE LA MISERICORDE - SAMEDI 5 SEPTEMBRE 2026- Z\u00e9nith Paris - La Villette - Yoolabox.com","isPartOf":{"@id":"https:\/\/www.yoolabox.com\/#website"},"primaryImageOfPage":{"@id":"https:\/\/www.yoolabox.com\/index.php\/produit\/ines-de-la-misericorde-samedi-5-septembre-2026-zenith-paris-la-villette\/#primaryimage"},"image":{"@id":"https:\/\/www.yoolabox.com\/index.php\/produit\/ines-de-la-misericorde-samedi-5-septembre-2026-zenith-paris-la-villette\/#primaryimage"},"thumbnailUrl":"https:\/\/www.yoolabox.com\/wp-content\/uploads\/2026\/02\/INES-DE-LA-MISERICORDE.png","datePublished":"2026-02-27T08:41:22+00:00","dateModified":"2026-03-20T10:54:27+00:00","breadcrumb":{"@id":"https:\/\/www.yoolabox.com\/index.php\/produit\/ines-de-la-misericorde-samedi-5-septembre-2026-zenith-paris-la-villette\/#breadcrumb"},"inLanguage":"fr-FR","potentialAction":[{"@type":"ReadAction","target":["https:\/\/www.yoolabox.com\/index.php\/produit\/ines-de-la-misericorde-samedi-5-septembre-2026-zenith-paris-la-villette\/"]}]},{"@type":"ImageObject","inLanguage":"fr-FR","@id":"https:\/\/www.yoolabox.com\/index.php\/produit\/ines-de-la-misericorde-samedi-5-septembre-2026-zenith-paris-la-villette\/#primaryimage","url":"https:\/\/www.yoolabox.com\/wp-content\/uploads\/2026\/02\/INES-DE-LA-MISERICORDE.png","contentUrl":"https:\/\/www.yoolabox.com\/wp-content\/uploads\/2026\/02\/INES-DE-LA-MISERICORDE.png","width":600,"height":738},{"@type":"BreadcrumbList","@id":"https:\/\/www.yoolabox.com\/index.php\/produit\/ines-de-la-misericorde-samedi-5-septembre-2026-zenith-paris-la-villette\/#breadcrumb","itemListElement":[{"@type":"ListItem","position":1,"name":"Home","item":"https:\/\/www.yoolabox.com\/"},{"@type":"ListItem","position":2,"name":"Shop","item":"https:\/\/www.yoolabox.com\/index.php\/shop\/"},{"@type":"ListItem","position":3,"name":"INES DE LA MISERICORDE &#8211; SAMEDI 5 SEPTEMBRE 2026- Z\u00e9nith Paris &#8211; La Villette"}]},{"@type":"WebSite","@id":"https:\/\/www.yoolabox.com\/#website","url":"https:\/\/www.yoolabox.com\/","name":"Yoolabox.com","description":"La billetterie accessible \u00e0 tous","publisher":{"@id":"https:\/\/www.yoolabox.com\/#organization"},"potentialAction":[{"@type":"SearchAction","target":{"@type":"EntryPoint","urlTemplate":"https:\/\/www.yoolabox.com\/?s={search_term_string}"},"query-input":{"@type":"PropertyValueSpecification","valueRequired":true,"valueName":"search_term_string"}}],"inLanguage":"fr-FR"},{"@type":"Organization","@id":"https:\/\/www.yoolabox.com\/#organization","name":"Yoolabox.com","url":"https:\/\/www.yoolabox.com\/","logo":{"@type":"ImageObject","inLanguage":"fr-FR","@id":"https:\/\/www.yoolabox.com\/#\/schema\/logo\/image\/","url":"https:\/\/www.yoolabox.com\/wp-content\/uploads\/2019\/11\/cropped-Logo_web.jpg","contentUrl":"https:\/\/www.yoolabox.com\/wp-content\/uploads\/2019\/11\/cropped-Logo_web.jpg","width":300,"height":100,"caption":"Yoolabox.com"},"image":{"@id":"https:\/\/www.yoolabox.com\/#\/schema\/logo\/image\/"}}]}},"publishpress_future_action":{"enabled":true,"date":"2026-08-22 16:10:02","action":"change-status","newStatus":"draft","terms":[0],"taxonomy":"product_cat","extraData":[]},"publishpress_future_workflow_manual_trigger":{"enabledWorkflows":[]},"_links":{"self":[{"href":"https:\/\/www.yoolabox.com\/index.php\/wp-json\/wp\/v2\/product\/146725","targetHints":{"allow":["GET"]}}],"collection":[{"href":"https:\/\/www.yoolabox.com\/index.php\/wp-json\/wp\/v2\/product"}],"about":[{"href":"https:\/\/www.yoolabox.com\/index.php\/wp-json\/wp\/v2\/types\/product"}],"author":[{"embeddable":true,"href":"https:\/\/www.yoolabox.com\/index.php\/wp-json\/wp\/v2\/users\/8364"}],"version-history":[{"count":0,"href":"https:\/\/www.yoolabox.com\/index.php\/wp-json\/wp\/v2\/product\/146725\/revisions"}],"wp:featuredmedia":[{"embeddable":true,"href":"https:\/\/www.yoolabox.com\/index.php\/wp-json\/wp\/v2\/media\/147293"}],"wp:attachment":[{"href":"https:\/\/www.yoolabox.com\/index.php\/wp-json\/wp\/v2\/media?parent=146725"}],"wp:term":[{"taxonomy":"product_brand","embeddable":true,"href":"https:\/\/www.yoolabox.com\/index.php\/wp-json\/wp\/v2\/product_brand?post=146725"},{"taxonomy":"product_cat","embeddable":true,"href":"https:\/\/www.yoolabox.com\/index.php\/wp-json\/wp\/v2\/product_cat?post=146725"},{"taxonomy":"product_tag","embeddable":true,"href":"https:\/\/www.yoolabox.com\/index.php\/wp-json\/wp\/v2\/product_tag?post=146725"}],"curies":[{"name":"wp","href":"https:\/\/api.w.org\/{rel}","templated":true}]}}