{"id":145215,"date":"2026-01-16T10:00:02","date_gmt":"2026-01-16T09:00:02","guid":{"rendered":"https:\/\/www.yoolabox.com\/?post_type=product&#038;p=145215"},"modified":"2026-03-20T12:13:31","modified_gmt":"2026-03-20T11:13:31","slug":"garbage-skunk-anansie-lundi-25-mai-2025-zenith-paris-la-villette","status":"publish","type":"product","link":"https:\/\/www.yoolabox.com\/index.php\/produit\/garbage-skunk-anansie-lundi-25-mai-2025-zenith-paris-la-villette\/","title":{"rendered":"GARBAGE &#038; SKUNK ANANSIE &#8211; LUNDI 25 MAI 2026 &#8211; Z\u00e9nith Paris &#8211; La Villette"},"content":{"rendered":"<h1>GARBAGE &amp; SKUNK ANANSIE<\/h1>\n<h3><strong>Lundi 25 mai 2026 &#8211; 19:00<\/strong><\/h3>\n<p><em><strong>Zenith Paris &#8211; La Villette<\/strong><\/em><\/p>\n<p>Deux groupes majeurs de la sc\u00e8ne rock alternative internationale, <b>Garbage et Skunk Anansie<\/b>, se retrouveront sur sc\u00e8ne pour une soir\u00e9e exceptionnelle le 25 mai 2026\u00a0au\u00a0Z\u00e9nith\u00a0Paris &#8211; La Villette. Une affiche rare r\u00e9unissant deux formations embl\u00e9matiques des ann\u00e9es 1990 pour un concert \u00e9v\u00e9nement qui promet intensit\u00e9, \u00e9nergie et communion.<\/p>\n<p><b>A propos de Garbage<\/b><\/p>\n<p>Originaire de Madison (Wisconsin) et form\u00e9 en 1994, <b>Garbage<\/b>\u00a0r\u00e9unit les producteurs Butch Vig, Steve Marker et Duke Erikson, accompagn\u00e9s de la chanteuse \u00e9cossaise <b>Shirley Manson<\/b>. Avec plus de 14 millions d\u2019albums vendus dans le monde, le groupe s\u2019est impos\u00e9 gr\u00e2ce \u00e0 une signature sonore unique m\u00ealant rock alternatif, \u00e9lectronique et \u00e9criture incisive. De <i>Garbage<\/i>\u00a0\u00e0 <i>Version 2.0<\/i>, en passant par le th\u00e8me du film de James Bond <i>The World Is Not Enough<\/i>, jusqu\u2019\u00e0 leur dernier album <i>Let All That We Imagine Be The Light<\/i>, Garbage n\u2019a cess\u00e9 d\u2019\u00e9voluer tout en restant une r\u00e9f\u00e9rence incontournable de la sc\u00e8ne alternative.<\/p>\n<p><b>A propos de Skunk Anansie\u00a0<\/b><\/p>\n<p>\u00c9galement form\u00e9 en 1994, \u00e0 Londres, <b>Skunk Anansie<\/b>\u00a0s\u2019est impos\u00e9 comme l\u2019un des premiers groupes de rock britanniques multiethniques, port\u00e9 par la voix puissante et la pr\u00e9sence sc\u00e9nique de <b>Skin<\/b>. M\u00e9langeant rock alternatif, punk et m\u00e9tal, le groupe a marqu\u00e9 toute une g\u00e9n\u00e9ration avec des albums devenus cultes tels que <i>Paranoid &amp; Sunburnt<\/i>, <i>Stoosh<\/i>\u00a0et <i>Post Orgasmic Chill<\/i>, ainsi que des titres incontournables comme \u00ab Weak \u00bb ou \u00ab Hedonism \u00bb. Reconnu pour son engagement politique et social, Skunk Anansie continue de briser les codes et de f\u00e9d\u00e9rer un public international, comme en t\u00e9moigne la sortie de leur 7\u1d49 album studio, <i>The Painful Truth<\/i>, en 2025.<\/p>\n<p>&nbsp;<\/p>\n","protected":false},"excerpt":{"rendered":"<h1>GARBAGE &amp; SKUNK ANANSIE<\/h1>\n<h3><strong>Lundi 25 mai 2026 &#8211; 19:00<\/strong><\/h3>\n<p><em><strong>Zenith Paris &#8211; La Villette<\/strong><\/em><\/p>\n<p>Deux groupes majeurs de la sc\u00e8ne rock alternative internationale, <b>Garbage et Skunk Anansie<\/b>, se retrouveront sur sc\u00e8ne pour une soir\u00e9e exceptionnelle le 25 mai 2026\u00a0au\u00a0Z\u00e9nith\u00a0Paris &#8211; La Villette. Une affiche rare r\u00e9unissant deux formations embl\u00e9matiques des ann\u00e9es 1990 pour un concert \u00e9v\u00e9nement qui promet intensit\u00e9, \u00e9nergie et communion.<\/p>\n<p><b>A propos de Garbage<\/b><\/p>\n<p>Originaire de Madison (Wisconsin) et form\u00e9 en 1994, <b>Garbage<\/b>\u00a0r\u00e9unit les producteurs Butch Vig, Steve Marker et Duke Erikson, accompagn\u00e9s de la chanteuse \u00e9cossaise <b>Shirley Manson<\/b>. Avec plus de 14 millions d\u2019albums vendus dans le monde, le groupe s\u2019est impos\u00e9 gr\u00e2ce \u00e0 une signature sonore unique m\u00ealant rock alternatif, \u00e9lectronique et \u00e9criture incisive. De <i>Garbage<\/i>\u00a0\u00e0 <i>Version 2.0<\/i>, en passant par le th\u00e8me du film de James Bond <i>The World Is Not Enough<\/i>, jusqu\u2019\u00e0 leur dernier album <i>Let All That We Imagine Be The Light<\/i>, Garbage n\u2019a cess\u00e9 d\u2019\u00e9voluer tout en restant une r\u00e9f\u00e9rence incontournable de la sc\u00e8ne alternative.<\/p>\n<p><b>A propos de Skunk Anansie\u00a0<\/b><\/p>\n<p>\u00c9galement form\u00e9 en 1994, \u00e0 Londres, <b>Skunk Anansie<\/b>\u00a0s\u2019est impos\u00e9 comme l\u2019un des premiers groupes de rock britanniques multiethniques, port\u00e9 par la voix puissante et la pr\u00e9sence sc\u00e9nique de <b>Skin<\/b>. M\u00e9langeant rock alternatif, punk et m\u00e9tal, le groupe a marqu\u00e9 toute une g\u00e9n\u00e9ration avec des albums devenus cultes tels que <i>Paranoid &amp; Sunburnt<\/i>, <i>Stoosh<\/i>\u00a0et <i>Post Orgasmic Chill<\/i>, ainsi que des titres incontournables comme \u00ab Weak \u00bb ou \u00ab Hedonism \u00bb. Reconnu pour son engagement politique et social, Skunk Anansie continue de briser les codes et de f\u00e9d\u00e9rer un public international, comme en t\u00e9moigne la sortie de leur 7\u1d49 album studio, <i>The Painful Truth<\/i>, en 2025.<\/p>\n<p>&nbsp;<\/p>\n","protected":false},"author":4259,"featured_media":147325,"template":"","meta":{"_acf_changed":false},"product_brand":[],"product_cat":[815,817,55,1314,818,160,1316,161,1132,2311,2312],"product_tag":[2313],"class_list":{"0":"post-145215","1":"product","2":"type-product","3":"status-publish","4":"has-post-thumbnail","6":"product_cat-handicap","7":"product_cat-boucle-magnetique","8":"product_cat-concert","9":"product_cat-emplacement-adapte","10":"product_cat-fauteuil-roulant","11":"product_cat-ile-de-france","12":"product_cat-accessible-naturellement-malvoyant","13":"product_cat-region","14":"product_cat-salles","15":"product_cat-zenith-paris","16":"product_cat-zenith-paris-salles","17":"product_tag-zenith-paris","18":"pa_categorie-accompagnateur-pmr-fauteuil-gradin-porte-c","19":"pa_categorie-accompagnateur-pmr-fauteuil-gradin-porte-d","20":"pa_categorie-accompagnateur-pmr-fauteuil-gradin-porte-e","21":"pa_categorie-accompagnateur-pmr-fauteuil-gradin-porte-f","22":"pa_categorie-accompagnateur-psh-marchant-gradin-porte-g","23":"pa_categorie-pmr-fauteuil-gradin-porte-c","24":"pa_categorie-pmr-fauteuil-gradin-porte-d","25":"pa_categorie-pmr-fauteuil-gradin-porte-e","26":"pa_categorie-pmr-fauteuil-gradin-porte-f","27":"pa_categorie-psh-marchant-gradin-porte-g","28":"product-custom-label-billetterie-officielle","29":"product-custom-label-ebillet","30":"product-custom-label-emplacement-fauteuil","31":"product-custom-label-handicap-mental","32":"product-custom-label-mal-voyant","33":"product-custom-label-surdite","34":"badges-style-3","36":"first","37":"instock","38":"shipping-taxable","39":"purchasable","40":"product-type-variable"},"acf":[],"yoast_head":"<!-- This site is optimized with the Yoast SEO plugin v27.2 - https:\/\/yoast.com\/product\/yoast-seo-wordpress\/ -->\n<title>GARBAGE &amp; SKUNK ANANSIE - LUNDI 25 MAI 2026 - Z\u00e9nith Paris - La Villette - Yoolabox.com<\/title>\n<meta name=\"robots\" content=\"index, follow, max-snippet:-1, max-image-preview:large, max-video-preview:-1\" \/>\n<link rel=\"canonical\" href=\"https:\/\/www.yoolabox.com\/index.php\/produit\/garbage-skunk-anansie-lundi-25-mai-2025-zenith-paris-la-villette\/\" \/>\n<meta name=\"twitter:card\" content=\"summary_large_image\" \/>\n<meta name=\"twitter:title\" content=\"GARBAGE &amp; SKUNK ANANSIE - LUNDI 25 MAI 2026 - Z\u00e9nith Paris - La Villette - Yoolabox.com\" \/>\n<meta name=\"twitter:description\" content=\"GARBAGE &amp; SKUNK ANANSIE Lundi 25 mai 2026 - 19:00 Zenith Paris - La Villette  Deux groupes majeurs de la sc\u00e8ne rock alternative internationale, Garbage et Skunk Anansie, se retrouveront sur sc\u00e8ne pour une soir\u00e9e exceptionnelle le 25 mai 2026\u00a0au\u00a0Z\u00e9nith\u00a0Paris - La Villette. Une affiche rare r\u00e9unissant deux formations embl\u00e9matiques des ann\u00e9es 1990 pour un concert \u00e9v\u00e9nement qui promet intensit\u00e9, \u00e9nergie et communion.  A propos de Garbage  Originaire de Madison (Wisconsin) et form\u00e9 en 1994, Garbage\u00a0r\u00e9unit les producteurs Butch Vig, Steve Marker et Duke Erikson, accompagn\u00e9s de la chanteuse \u00e9cossaise Shirley Manson. Avec plus de 14 millions d\u2019albums vendus dans le monde, le groupe s\u2019est impos\u00e9 gr\u00e2ce \u00e0 une signature sonore unique m\u00ealant rock alternatif, \u00e9lectronique et \u00e9criture incisive. De Garbage\u00a0\u00e0 Version 2.0, en passant par le th\u00e8me du film de James Bond The World Is Not Enough, jusqu\u2019\u00e0 leur dernier album Let All That We Imagine Be The Light, Garbage n\u2019a cess\u00e9 d\u2019\u00e9voluer tout en restant une r\u00e9f\u00e9rence incontournable de la sc\u00e8ne alternative.  A propos de Skunk Anansie\u00a0  \u00c9galement form\u00e9 en 1994, \u00e0 Londres, Skunk Anansie\u00a0s\u2019est impos\u00e9 comme l\u2019un des premiers groupes de rock britanniques multiethniques, port\u00e9 par la voix puissante et la pr\u00e9sence sc\u00e9nique de Skin. M\u00e9langeant rock alternatif, punk et m\u00e9tal, le groupe a marqu\u00e9 toute une g\u00e9n\u00e9ration avec des albums devenus cultes tels que Paranoid &amp; Sunburnt, Stoosh\u00a0et Post Orgasmic Chill, ainsi que des titres incontournables comme \u00ab Weak \u00bb ou \u00ab Hedonism \u00bb. Reconnu pour son engagement politique et social, Skunk Anansie continue de briser les codes et de f\u00e9d\u00e9rer un public international, comme en t\u00e9moigne la sortie de leur 7\u1d49 album studio, The Painful Truth, en 2025.  &nbsp;\" \/>\n<meta name=\"twitter:image\" content=\"https:\/\/www.yoolabox.com\/wp-content\/uploads\/2026\/01\/GARBAGE-SKUNK-ANANSIE.png\" \/>\n<meta name=\"twitter:label1\" content=\"Dur\u00e9e de lecture estim\u00e9e\" \/>\n\t<meta name=\"twitter:data1\" content=\"2 minutes\" \/>\n<script type=\"application\/ld+json\" class=\"yoast-schema-graph\">{\"@context\":\"https:\/\/schema.org\",\"@graph\":[{\"@type\":\"WebPage\",\"@id\":\"https:\/\/www.yoolabox.com\/index.php\/produit\/garbage-skunk-anansie-lundi-25-mai-2025-zenith-paris-la-villette\/\",\"url\":\"https:\/\/www.yoolabox.com\/index.php\/produit\/garbage-skunk-anansie-lundi-25-mai-2025-zenith-paris-la-villette\/\",\"name\":\"GARBAGE & SKUNK ANANSIE - LUNDI 25 MAI 2026 - Z\u00e9nith Paris - La Villette - Yoolabox.com\",\"isPartOf\":{\"@id\":\"https:\/\/www.yoolabox.com\/#website\"},\"primaryImageOfPage\":{\"@id\":\"https:\/\/www.yoolabox.com\/index.php\/produit\/garbage-skunk-anansie-lundi-25-mai-2025-zenith-paris-la-villette\/#primaryimage\"},\"image\":{\"@id\":\"https:\/\/www.yoolabox.com\/index.php\/produit\/garbage-skunk-anansie-lundi-25-mai-2025-zenith-paris-la-villette\/#primaryimage\"},\"thumbnailUrl\":\"https:\/\/www.yoolabox.com\/wp-content\/uploads\/2026\/01\/GARBAGE-SKUNK-ANANSIE.png\",\"datePublished\":\"2026-01-16T09:00:02+00:00\",\"dateModified\":\"2026-03-20T11:13:31+00:00\",\"breadcrumb\":{\"@id\":\"https:\/\/www.yoolabox.com\/index.php\/produit\/garbage-skunk-anansie-lundi-25-mai-2025-zenith-paris-la-villette\/#breadcrumb\"},\"inLanguage\":\"fr-FR\",\"potentialAction\":[{\"@type\":\"ReadAction\",\"target\":[\"https:\/\/www.yoolabox.com\/index.php\/produit\/garbage-skunk-anansie-lundi-25-mai-2025-zenith-paris-la-villette\/\"]}]},{\"@type\":\"ImageObject\",\"inLanguage\":\"fr-FR\",\"@id\":\"https:\/\/www.yoolabox.com\/index.php\/produit\/garbage-skunk-anansie-lundi-25-mai-2025-zenith-paris-la-villette\/#primaryimage\",\"url\":\"https:\/\/www.yoolabox.com\/wp-content\/uploads\/2026\/01\/GARBAGE-SKUNK-ANANSIE.png\",\"contentUrl\":\"https:\/\/www.yoolabox.com\/wp-content\/uploads\/2026\/01\/GARBAGE-SKUNK-ANANSIE.png\",\"width\":600,\"height\":738},{\"@type\":\"BreadcrumbList\",\"@id\":\"https:\/\/www.yoolabox.com\/index.php\/produit\/garbage-skunk-anansie-lundi-25-mai-2025-zenith-paris-la-villette\/#breadcrumb\",\"itemListElement\":[{\"@type\":\"ListItem\",\"position\":1,\"name\":\"Home\",\"item\":\"https:\/\/www.yoolabox.com\/\"},{\"@type\":\"ListItem\",\"position\":2,\"name\":\"Shop\",\"item\":\"https:\/\/www.yoolabox.com\/index.php\/shop\/\"},{\"@type\":\"ListItem\",\"position\":3,\"name\":\"GARBAGE &#038; SKUNK ANANSIE &#8211; LUNDI 25 MAI 2026 &#8211; Z\u00e9nith Paris &#8211; La Villette\"}]},{\"@type\":\"WebSite\",\"@id\":\"https:\/\/www.yoolabox.com\/#website\",\"url\":\"https:\/\/www.yoolabox.com\/\",\"name\":\"Yoolabox.com\",\"description\":\"La billetterie accessible \u00e0 tous\",\"publisher\":{\"@id\":\"https:\/\/www.yoolabox.com\/#organization\"},\"potentialAction\":[{\"@type\":\"SearchAction\",\"target\":{\"@type\":\"EntryPoint\",\"urlTemplate\":\"https:\/\/www.yoolabox.com\/?s={search_term_string}\"},\"query-input\":{\"@type\":\"PropertyValueSpecification\",\"valueRequired\":true,\"valueName\":\"search_term_string\"}}],\"inLanguage\":\"fr-FR\"},{\"@type\":\"Organization\",\"@id\":\"https:\/\/www.yoolabox.com\/#organization\",\"name\":\"Yoolabox.com\",\"url\":\"https:\/\/www.yoolabox.com\/\",\"logo\":{\"@type\":\"ImageObject\",\"inLanguage\":\"fr-FR\",\"@id\":\"https:\/\/www.yoolabox.com\/#\/schema\/logo\/image\/\",\"url\":\"https:\/\/www.yoolabox.com\/wp-content\/uploads\/2019\/11\/cropped-Logo_web.jpg\",\"contentUrl\":\"https:\/\/www.yoolabox.com\/wp-content\/uploads\/2019\/11\/cropped-Logo_web.jpg\",\"width\":300,\"height\":100,\"caption\":\"Yoolabox.com\"},\"image\":{\"@id\":\"https:\/\/www.yoolabox.com\/#\/schema\/logo\/image\/\"}}]}<\/script>\n<!-- \/ Yoast SEO plugin. -->","yoast_head_json":{"title":"GARBAGE & SKUNK ANANSIE - LUNDI 25 MAI 2026 - Z\u00e9nith Paris - La Villette - Yoolabox.com","robots":{"index":"index","follow":"follow","max-snippet":"max-snippet:-1","max-image-preview":"max-image-preview:large","max-video-preview":"max-video-preview:-1"},"canonical":"https:\/\/www.yoolabox.com\/index.php\/produit\/garbage-skunk-anansie-lundi-25-mai-2025-zenith-paris-la-villette\/","twitter_card":"summary_large_image","twitter_title":"GARBAGE & SKUNK ANANSIE - LUNDI 25 MAI 2026 - Z\u00e9nith Paris - La Villette - Yoolabox.com","twitter_description":"GARBAGE &amp; SKUNK ANANSIE Lundi 25 mai 2026 - 19:00 Zenith Paris - La Villette  Deux groupes majeurs de la sc\u00e8ne rock alternative internationale, Garbage et Skunk Anansie, se retrouveront sur sc\u00e8ne pour une soir\u00e9e exceptionnelle le 25 mai 2026\u00a0au\u00a0Z\u00e9nith\u00a0Paris - La Villette. Une affiche rare r\u00e9unissant deux formations embl\u00e9matiques des ann\u00e9es 1990 pour un concert \u00e9v\u00e9nement qui promet intensit\u00e9, \u00e9nergie et communion.  A propos de Garbage  Originaire de Madison (Wisconsin) et form\u00e9 en 1994, Garbage\u00a0r\u00e9unit les producteurs Butch Vig, Steve Marker et Duke Erikson, accompagn\u00e9s de la chanteuse \u00e9cossaise Shirley Manson. Avec plus de 14 millions d\u2019albums vendus dans le monde, le groupe s\u2019est impos\u00e9 gr\u00e2ce \u00e0 une signature sonore unique m\u00ealant rock alternatif, \u00e9lectronique et \u00e9criture incisive. De Garbage\u00a0\u00e0 Version 2.0, en passant par le th\u00e8me du film de James Bond The World Is Not Enough, jusqu\u2019\u00e0 leur dernier album Let All That We Imagine Be The Light, Garbage n\u2019a cess\u00e9 d\u2019\u00e9voluer tout en restant une r\u00e9f\u00e9rence incontournable de la sc\u00e8ne alternative.  A propos de Skunk Anansie\u00a0  \u00c9galement form\u00e9 en 1994, \u00e0 Londres, Skunk Anansie\u00a0s\u2019est impos\u00e9 comme l\u2019un des premiers groupes de rock britanniques multiethniques, port\u00e9 par la voix puissante et la pr\u00e9sence sc\u00e9nique de Skin. M\u00e9langeant rock alternatif, punk et m\u00e9tal, le groupe a marqu\u00e9 toute une g\u00e9n\u00e9ration avec des albums devenus cultes tels que Paranoid &amp; Sunburnt, Stoosh\u00a0et Post Orgasmic Chill, ainsi que des titres incontournables comme \u00ab Weak \u00bb ou \u00ab Hedonism \u00bb. Reconnu pour son engagement politique et social, Skunk Anansie continue de briser les codes et de f\u00e9d\u00e9rer un public international, comme en t\u00e9moigne la sortie de leur 7\u1d49 album studio, The Painful Truth, en 2025.  &nbsp;","twitter_image":"https:\/\/www.yoolabox.com\/wp-content\/uploads\/2026\/01\/GARBAGE-SKUNK-ANANSIE.png","twitter_misc":{"Dur\u00e9e de lecture estim\u00e9e":"2 minutes"},"schema":{"@context":"https:\/\/schema.org","@graph":[{"@type":"WebPage","@id":"https:\/\/www.yoolabox.com\/index.php\/produit\/garbage-skunk-anansie-lundi-25-mai-2025-zenith-paris-la-villette\/","url":"https:\/\/www.yoolabox.com\/index.php\/produit\/garbage-skunk-anansie-lundi-25-mai-2025-zenith-paris-la-villette\/","name":"GARBAGE & SKUNK ANANSIE - LUNDI 25 MAI 2026 - Z\u00e9nith Paris - La Villette - Yoolabox.com","isPartOf":{"@id":"https:\/\/www.yoolabox.com\/#website"},"primaryImageOfPage":{"@id":"https:\/\/www.yoolabox.com\/index.php\/produit\/garbage-skunk-anansie-lundi-25-mai-2025-zenith-paris-la-villette\/#primaryimage"},"image":{"@id":"https:\/\/www.yoolabox.com\/index.php\/produit\/garbage-skunk-anansie-lundi-25-mai-2025-zenith-paris-la-villette\/#primaryimage"},"thumbnailUrl":"https:\/\/www.yoolabox.com\/wp-content\/uploads\/2026\/01\/GARBAGE-SKUNK-ANANSIE.png","datePublished":"2026-01-16T09:00:02+00:00","dateModified":"2026-03-20T11:13:31+00:00","breadcrumb":{"@id":"https:\/\/www.yoolabox.com\/index.php\/produit\/garbage-skunk-anansie-lundi-25-mai-2025-zenith-paris-la-villette\/#breadcrumb"},"inLanguage":"fr-FR","potentialAction":[{"@type":"ReadAction","target":["https:\/\/www.yoolabox.com\/index.php\/produit\/garbage-skunk-anansie-lundi-25-mai-2025-zenith-paris-la-villette\/"]}]},{"@type":"ImageObject","inLanguage":"fr-FR","@id":"https:\/\/www.yoolabox.com\/index.php\/produit\/garbage-skunk-anansie-lundi-25-mai-2025-zenith-paris-la-villette\/#primaryimage","url":"https:\/\/www.yoolabox.com\/wp-content\/uploads\/2026\/01\/GARBAGE-SKUNK-ANANSIE.png","contentUrl":"https:\/\/www.yoolabox.com\/wp-content\/uploads\/2026\/01\/GARBAGE-SKUNK-ANANSIE.png","width":600,"height":738},{"@type":"BreadcrumbList","@id":"https:\/\/www.yoolabox.com\/index.php\/produit\/garbage-skunk-anansie-lundi-25-mai-2025-zenith-paris-la-villette\/#breadcrumb","itemListElement":[{"@type":"ListItem","position":1,"name":"Home","item":"https:\/\/www.yoolabox.com\/"},{"@type":"ListItem","position":2,"name":"Shop","item":"https:\/\/www.yoolabox.com\/index.php\/shop\/"},{"@type":"ListItem","position":3,"name":"GARBAGE &#038; SKUNK ANANSIE &#8211; LUNDI 25 MAI 2026 &#8211; Z\u00e9nith Paris &#8211; La Villette"}]},{"@type":"WebSite","@id":"https:\/\/www.yoolabox.com\/#website","url":"https:\/\/www.yoolabox.com\/","name":"Yoolabox.com","description":"La billetterie accessible \u00e0 tous","publisher":{"@id":"https:\/\/www.yoolabox.com\/#organization"},"potentialAction":[{"@type":"SearchAction","target":{"@type":"EntryPoint","urlTemplate":"https:\/\/www.yoolabox.com\/?s={search_term_string}"},"query-input":{"@type":"PropertyValueSpecification","valueRequired":true,"valueName":"search_term_string"}}],"inLanguage":"fr-FR"},{"@type":"Organization","@id":"https:\/\/www.yoolabox.com\/#organization","name":"Yoolabox.com","url":"https:\/\/www.yoolabox.com\/","logo":{"@type":"ImageObject","inLanguage":"fr-FR","@id":"https:\/\/www.yoolabox.com\/#\/schema\/logo\/image\/","url":"https:\/\/www.yoolabox.com\/wp-content\/uploads\/2019\/11\/cropped-Logo_web.jpg","contentUrl":"https:\/\/www.yoolabox.com\/wp-content\/uploads\/2019\/11\/cropped-Logo_web.jpg","width":300,"height":100,"caption":"Yoolabox.com"},"image":{"@id":"https:\/\/www.yoolabox.com\/#\/schema\/logo\/image\/"}}]}},"publishpress_future_action":{"enabled":true,"date":"2026-05-08 08:49:00","action":"change-status","newStatus":"draft","terms":[0],"taxonomy":"product_cat","extraData":[]},"publishpress_future_workflow_manual_trigger":{"enabledWorkflows":[]},"_links":{"self":[{"href":"https:\/\/www.yoolabox.com\/index.php\/wp-json\/wp\/v2\/product\/145215","targetHints":{"allow":["GET"]}}],"collection":[{"href":"https:\/\/www.yoolabox.com\/index.php\/wp-json\/wp\/v2\/product"}],"about":[{"href":"https:\/\/www.yoolabox.com\/index.php\/wp-json\/wp\/v2\/types\/product"}],"author":[{"embeddable":true,"href":"https:\/\/www.yoolabox.com\/index.php\/wp-json\/wp\/v2\/users\/4259"}],"version-history":[{"count":0,"href":"https:\/\/www.yoolabox.com\/index.php\/wp-json\/wp\/v2\/product\/145215\/revisions"}],"wp:featuredmedia":[{"embeddable":true,"href":"https:\/\/www.yoolabox.com\/index.php\/wp-json\/wp\/v2\/media\/147325"}],"wp:attachment":[{"href":"https:\/\/www.yoolabox.com\/index.php\/wp-json\/wp\/v2\/media?parent=145215"}],"wp:term":[{"taxonomy":"product_brand","embeddable":true,"href":"https:\/\/www.yoolabox.com\/index.php\/wp-json\/wp\/v2\/product_brand?post=145215"},{"taxonomy":"product_cat","embeddable":true,"href":"https:\/\/www.yoolabox.com\/index.php\/wp-json\/wp\/v2\/product_cat?post=145215"},{"taxonomy":"product_tag","embeddable":true,"href":"https:\/\/www.yoolabox.com\/index.php\/wp-json\/wp\/v2\/product_tag?post=145215"}],"curies":[{"name":"wp","href":"https:\/\/api.w.org\/{rel}","templated":true}]}}