{"id":144006,"date":"2025-12-16T16:00:07","date_gmt":"2025-12-16T15:00:07","guid":{"rendered":"https:\/\/www.yoolabox.com\/?post_type=product&#038;p=144006"},"modified":"2025-12-19T12:23:05","modified_gmt":"2025-12-19T11:23:05","slug":"solidays-2026-backstage-tour-samedi-27-juin-2026","status":"publish","type":"product","link":"https:\/\/www.yoolabox.com\/index.php\/produit\/solidays-2026-backstage-tour-samedi-27-juin-2026\/","title":{"rendered":"SOLIDAYS 2026 BACKSTAGE TOUR &#8211; SAMEDI 27 JUIN 2026"},"content":{"rendered":"<h1>Festival Solidays du 26 au 28 juin 2026<\/h1>\n<p>&nbsp;<\/p>\n<h2>HIPPODROME PARISLONGCHAMP<\/h2>\n<h3><\/h3>\n<h3>BACKSTAGE TOUR SOLIDAYS 2026 &#8211; SAMEDI 27 JUIN 2026<\/h3>\n<p>&nbsp;<\/p>\n<hr \/>\n<p><em>C\u2019est vrai, il y a d\u2019autres festivals mais aucun comme Solidays. L\u2019amour change la donne.<\/em><\/p>\n<p><em>Un amour universel et pluriel qui r\u00e9unit et rassemble. Yes we love.<\/em><\/p>\n<p><em>\u00a0Rendez-vous sur l\u2019<strong>Hippodrome ParisLongchamp les 26, 27 et 28 juin 2026<\/strong>. <\/em><\/p>\n<p>Construit sur des valeurs de partage et d\u2019entraide, Solidays r\u00e9enchante le monde en donnant du sens \u00e0 la f\u00eate et des couleurs \u00e0 la solidarit\u00e9.<\/p>\n<p>Pour sa 28e \u00e9dition, t\u00eates d\u2019affiche mondiales, belles d\u00e9couvertes et sensations du moment viendront c\u00f4toyer speakers inspirants, 100 associations du monde entier pr\u00e9sentes au Village Solidarit\u00e9 ainsi que les 3000 b\u00e9n\u00e9voles de Solidarit\u00e9 Sida, association organisatrice de l\u2019\u00e9v\u00e8nement. 3 jours magiques pour \u00e9veiller les consciences et faire le plein d\u2019humanit\u00e9.<\/p>\n<p>Les b\u00e9n\u00e9fices du festival permettent de financer chaque ann\u00e9e plus de 100 programmes d\u2019aide aux malades en France et a\u0300 l\u2019international.<\/p>\n<p>Avec\u00a0: <strong>Big Flo &amp; Oli, Gims, Ino Casablanca, L2B, La Mano 1.9, La Rvfleuze, Luiza, Mosimann, Nico Moreno, Orelsan, Zara Larsson &amp; many more<br \/>\n<\/strong><\/p>\n<hr \/>\n<p>\u26a0\ufe0f <strong data-start=\"157\" data-end=\"172\">Important :<\/strong> le <strong data-start=\"176\" data-end=\"199\">Pass Accompagnateur<\/strong> et le <strong data-start=\"206\" data-end=\"224\">Pass Backstage<\/strong> doivent <strong data-start=\"233\" data-end=\"252\">obligatoirement<\/strong> \u00eatre associ\u00e9s \u00e0 un <strong data-start=\"272\" data-end=\"304\">achat de places sur Yoolabox<\/strong>.<\/p>\n<p>Avec le Pass 3 Jours Solidays vous avez acc\u00e8s \u00e0 l\u2019ensemble du festival pour 3 jours de concerts exceptionnels et solidaires.<\/p>\n<p><strong><u>Ou<\/u><\/strong><\/p>\n<p>Avec\u00a0 le Pass 1 Jour Vendredi \/ le Pass 1 Jour Samedi \/ le Pass 1 Jour Dimanche, vous avez acc\u00e8s \u00e0 l\u2019ensemble du festival pour le vendredi 26 juin \/\u00a0 le samedi 27 juin \/ le dimanche 28 juin.<\/p>\n<p>La solidarit\u00e9 avec Solidays, c\u2019est aussi d\u2019offrir une place pour votre accompagnateur sur pr\u00e9sentation de votre carte d\u2019invalidit\u00e9.<\/p>\n<p><strong>1 pass achet\u00e9 = 1 pass pour un festivalier en situation de handicap + 1 pass pour un accompagnateur.<\/strong><\/p>\n<p><strong>Pensez \u00e0 ajouter le billet de votre accompagnant \u00e0 votre commande.<\/strong><\/p>\n<p>Merci de t\u00e9l\u00e9charger votre justificatif de handicap lors de votre commande.<\/p>\n<p>Rendez-vous au point info du festival pour s&#8217;inscrire sur un cr\u00e9neau, dans la limite des places disponibles. Le backstage tour consiste \u00e0 une visite guid\u00e9e des coulisses du festival par une \u00e9quipe de b\u00e9n\u00e9voles sur un temps donn\u00e9. Il ne permet ni d&#8217;acc\u00e9der aux espaces sc\u00e9niques ni de rester en coulisses apr\u00e8s la fin de la visite.<\/p>\n<p><strong>\u00a0<\/strong><\/p>\n","protected":false},"excerpt":{"rendered":"<h1>Festival Solidays du 26 au 28 juin 2026<\/h1>\n<p>&nbsp;<\/p>\n<h2>HIPPODROME PARISLONGCHAMP<\/h2>\n<h3><\/h3>\n<h3>BACKSTAGE TOUR SOLIDAYS 2026 &#8211; SAMEDI 27 JUIN 2026<\/h3>\n<p>&nbsp;<\/p>\n<hr \/>\n<p><em>C\u2019est vrai, il y a d\u2019autres festivals mais aucun comme Solidays. L\u2019amour change la donne.<\/em><\/p>\n<p><em>Un amour universel et pluriel qui r\u00e9unit et rassemble. Yes we love.<\/em><\/p>\n<p><em>\u00a0Rendez-vous sur l\u2019<strong>Hippodrome ParisLongchamp les 26, 27 et 28 juin 2026<\/strong>. <\/em><\/p>\n<p>Construit sur des valeurs de partage et d\u2019entraide, Solidays r\u00e9enchante le monde en donnant du sens \u00e0 la f\u00eate et des couleurs \u00e0 la solidarit\u00e9.<\/p>\n<p>Pour sa 28e \u00e9dition, t\u00eates d\u2019affiche mondiales, belles d\u00e9couvertes et sensations du moment viendront c\u00f4toyer speakers inspirants, 100 associations du monde entier pr\u00e9sentes au Village Solidarit\u00e9 ainsi que les 3000 b\u00e9n\u00e9voles de Solidarit\u00e9 Sida, association organisatrice de l\u2019\u00e9v\u00e8nement. 3 jours magiques pour \u00e9veiller les consciences et faire le plein d\u2019humanit\u00e9.<\/p>\n<p>Les b\u00e9n\u00e9fices du festival permettent de financer chaque ann\u00e9e plus de 100 programmes d\u2019aide aux malades en France et a\u0300 l\u2019international.<\/p>\n<p>Avec\u00a0: <strong>Big Flo &amp; Oli, Gims, Ino Casablanca, L2B, La Mano 1.9, La Rvfleuze, Luiza, Mosimann, Nico Moreno, Orelsan, Zara Larsson &amp; many more<br \/>\n<\/strong><\/p>\n<hr \/>\n<p>\u26a0\ufe0f <strong data-start=\"157\" data-end=\"172\">Important :<\/strong> le <strong data-start=\"176\" data-end=\"199\">Pass Accompagnateur<\/strong> et le <strong data-start=\"206\" data-end=\"224\">Pass Backstage<\/strong> doivent <strong data-start=\"233\" data-end=\"252\">obligatoirement<\/strong> \u00eatre associ\u00e9s \u00e0 un <strong data-start=\"272\" data-end=\"304\">achat de places sur Yoolabox<\/strong>.<\/p>\n<p>Avec le Pass 3 Jours Solidays vous avez acc\u00e8s \u00e0 l\u2019ensemble du festival pour 3 jours de concerts exceptionnels et solidaires.<\/p>\n<p><strong><u>Ou<\/u><\/strong><\/p>\n<p>Avec\u00a0 le Pass 1 Jour Vendredi \/ le Pass 1 Jour Samedi \/ le Pass 1 Jour Dimanche, vous avez acc\u00e8s \u00e0 l\u2019ensemble du festival pour le vendredi 26 juin \/\u00a0 le samedi 27 juin \/ le dimanche 28 juin.<\/p>\n<p>La solidarit\u00e9 avec Solidays, c\u2019est aussi d\u2019offrir une place pour votre accompagnateur sur pr\u00e9sentation de votre carte d\u2019invalidit\u00e9.<\/p>\n<p><strong>1 pass achet\u00e9 = 1 pass pour un festivalier en situation de handicap + 1 pass pour un accompagnateur.<\/strong><\/p>\n<p><strong>Pensez \u00e0 ajouter le billet de votre accompagnant \u00e0 votre commande.<\/strong><\/p>\n<p>Merci de t\u00e9l\u00e9charger votre justificatif de handicap lors de votre commande.<\/p>\n<p>Rendez-vous au point info du festival pour s&#8217;inscrire sur un cr\u00e9neau, dans la limite des places disponibles. Le backstage tour consiste \u00e0 une visite guid\u00e9e des coulisses du festival par une \u00e9quipe de b\u00e9n\u00e9voles sur un temps donn\u00e9. Il ne permet ni d&#8217;acc\u00e9der aux espaces sc\u00e9niques ni de rester en coulisses apr\u00e8s la fin de la visite.<\/p>\n<p><strong>\u00a0<\/strong><\/p>\n","protected":false},"author":4259,"featured_media":144009,"template":"","meta":{"_acf_changed":false},"product_brand":[],"product_cat":[815,1315,55,1314,185,818,53,1172,1308,160,820,1310,1316,1309,1420,1311,1325],"product_tag":[129,128],"class_list":{"0":"post-144006","1":"product","2":"type-product","3":"status-publish","4":"has-post-thumbnail","6":"product_cat-handicap","7":"product_cat-accompagnateur-gratuit","8":"product_cat-concert","9":"product_cat-emplacement-adapte","10":"product_cat-exposition-musee","11":"product_cat-fauteuil-roulant","12":"product_cat-festival","13":"product_cat-solidays","14":"product_cat-hiphoprnb","15":"product_cat-ile-de-france","16":"product_cat-lsf","17":"product_cat-musique-electro","18":"product_cat-accessible-naturellement-malvoyant","19":"product_cat-pop-rock-folk","20":"product_cat-spectacle-visuel","21":"product_cat-variete-internationale","22":"product_cat-varietesfrancaises","23":"product_tag-festival","24":"product_tag-solidays","25":"badges-style-3","27":"first","28":"outofstock","29":"featured","30":"shipping-taxable","31":"purchasable","32":"product-type-variable"},"acf":[],"yoast_head":"<!-- This site is optimized with the Yoast SEO plugin v27.2 - https:\/\/yoast.com\/product\/yoast-seo-wordpress\/ -->\n<title>SOLIDAYS 2026 BACKSTAGE TOUR - SAMEDI 27 JUIN 2026 - Yoolabox.com<\/title>\n<meta name=\"robots\" content=\"index, follow, max-snippet:-1, max-image-preview:large, max-video-preview:-1\" \/>\n<link rel=\"canonical\" href=\"https:\/\/www.yoolabox.com\/index.php\/produit\/solidays-2026-backstage-tour-samedi-27-juin-2026\/\" \/>\n<meta name=\"twitter:card\" content=\"summary_large_image\" \/>\n<meta name=\"twitter:title\" content=\"SOLIDAYS 2026 BACKSTAGE TOUR - SAMEDI 27 JUIN 2026 - Yoolabox.com\" \/>\n<meta name=\"twitter:description\" content=\"Festival Solidays du 26 au 28 juin 2026 &nbsp; HIPPODROME PARISLONGCHAMP  BACKSTAGE TOUR SOLIDAYS 2026 - SAMEDI 27 JUIN 2026 &nbsp;    C\u2019est vrai, il y a d\u2019autres festivals mais aucun comme Solidays. L\u2019amour change la donne.  Un amour universel et pluriel qui r\u00e9unit et rassemble. Yes we love.  \u00a0Rendez-vous sur l\u2019Hippodrome ParisLongchamp les 26, 27 et 28 juin 2026.   Construit sur des valeurs de partage et d\u2019entraide, Solidays r\u00e9enchante le monde en donnant du sens \u00e0 la f\u00eate et des couleurs \u00e0 la solidarit\u00e9.  Pour sa 28e \u00e9dition, t\u00eates d\u2019affiche mondiales, belles d\u00e9couvertes et sensations du moment viendront c\u00f4toyer speakers inspirants, 100 associations du monde entier pr\u00e9sentes au Village Solidarit\u00e9 ainsi que les 3000 b\u00e9n\u00e9voles de Solidarit\u00e9 Sida, association organisatrice de l\u2019\u00e9v\u00e8nement. 3 jours magiques pour \u00e9veiller les consciences et faire le plein d\u2019humanit\u00e9.  Les b\u00e9n\u00e9fices du festival permettent de financer chaque ann\u00e9e plus de 100 programmes d\u2019aide aux malades en France et a\u0300 l\u2019international.  Avec\u00a0: Big Flo &amp; Oli, Gims, Ino Casablanca, L2B, La Mano 1.9, La Rvfleuze, Luiza, Mosimann, Nico Moreno, Orelsan, Zara Larsson &amp; many more     \u26a0\ufe0f Important : le Pass Accompagnateur et le Pass Backstage doivent obligatoirement \u00eatre associ\u00e9s \u00e0 un achat de places sur Yoolabox.  Avec le Pass 3 Jours Solidays vous avez acc\u00e8s \u00e0 l\u2019ensemble du festival pour 3 jours de concerts exceptionnels et solidaires.  Ou  Avec\u00a0 le Pass 1 Jour Vendredi \/ le Pass 1 Jour Samedi \/ le Pass 1 Jour Dimanche, vous avez acc\u00e8s \u00e0 l\u2019ensemble du festival pour le vendredi 26 juin \/\u00a0 le samedi 27 juin \/ le dimanche 28 juin.  La solidarit\u00e9 avec Solidays, c\u2019est aussi d\u2019offrir une place pour votre accompagnateur sur pr\u00e9sentation de votre carte d\u2019invalidit\u00e9.  1 pass achet\u00e9 = 1 pass pour un festivalier en situation de handicap + 1 pass pour un accompagnateur.  Pensez \u00e0 ajouter le billet de votre accompagnant \u00e0 votre commande.  Merci de t\u00e9l\u00e9charger votre justificatif de handicap lors de votre commande.  Rendez-vous au point info du festival pour s&#039;inscrire sur un cr\u00e9neau, dans la limite des places disponibles. Le backstage tour consiste \u00e0 une visite guid\u00e9e des coulisses du festival par une \u00e9quipe de b\u00e9n\u00e9voles sur un temps donn\u00e9. Il ne permet ni d&#039;acc\u00e9der aux espaces sc\u00e9niques ni de rester en coulisses apr\u00e8s la fin de la visite.  \u00a0\" \/>\n<meta name=\"twitter:image\" content=\"https:\/\/www.yoolabox.com\/wp-content\/uploads\/2025\/12\/s26-Yoola-vignettes-600x738-BACKSTAGE.jpg\" \/>\n<meta name=\"twitter:label1\" content=\"Dur\u00e9e de lecture estim\u00e9e\" \/>\n\t<meta name=\"twitter:data1\" content=\"3 minutes\" \/>\n<script type=\"application\/ld+json\" class=\"yoast-schema-graph\">{\"@context\":\"https:\/\/schema.org\",\"@graph\":[{\"@type\":\"WebPage\",\"@id\":\"https:\/\/www.yoolabox.com\/index.php\/produit\/solidays-2026-backstage-tour-samedi-27-juin-2026\/\",\"url\":\"https:\/\/www.yoolabox.com\/index.php\/produit\/solidays-2026-backstage-tour-samedi-27-juin-2026\/\",\"name\":\"SOLIDAYS 2026 BACKSTAGE TOUR - SAMEDI 27 JUIN 2026 - Yoolabox.com\",\"isPartOf\":{\"@id\":\"https:\/\/www.yoolabox.com\/#website\"},\"primaryImageOfPage\":{\"@id\":\"https:\/\/www.yoolabox.com\/index.php\/produit\/solidays-2026-backstage-tour-samedi-27-juin-2026\/#primaryimage\"},\"image\":{\"@id\":\"https:\/\/www.yoolabox.com\/index.php\/produit\/solidays-2026-backstage-tour-samedi-27-juin-2026\/#primaryimage\"},\"thumbnailUrl\":\"https:\/\/www.yoolabox.com\/wp-content\/uploads\/2025\/12\/s26-Yoola-vignettes-600x738-BACKSTAGE.jpg\",\"datePublished\":\"2025-12-16T15:00:07+00:00\",\"dateModified\":\"2025-12-19T11:23:05+00:00\",\"breadcrumb\":{\"@id\":\"https:\/\/www.yoolabox.com\/index.php\/produit\/solidays-2026-backstage-tour-samedi-27-juin-2026\/#breadcrumb\"},\"inLanguage\":\"fr-FR\",\"potentialAction\":[{\"@type\":\"ReadAction\",\"target\":[\"https:\/\/www.yoolabox.com\/index.php\/produit\/solidays-2026-backstage-tour-samedi-27-juin-2026\/\"]}]},{\"@type\":\"ImageObject\",\"inLanguage\":\"fr-FR\",\"@id\":\"https:\/\/www.yoolabox.com\/index.php\/produit\/solidays-2026-backstage-tour-samedi-27-juin-2026\/#primaryimage\",\"url\":\"https:\/\/www.yoolabox.com\/wp-content\/uploads\/2025\/12\/s26-Yoola-vignettes-600x738-BACKSTAGE.jpg\",\"contentUrl\":\"https:\/\/www.yoolabox.com\/wp-content\/uploads\/2025\/12\/s26-Yoola-vignettes-600x738-BACKSTAGE.jpg\",\"width\":600,\"height\":738},{\"@type\":\"BreadcrumbList\",\"@id\":\"https:\/\/www.yoolabox.com\/index.php\/produit\/solidays-2026-backstage-tour-samedi-27-juin-2026\/#breadcrumb\",\"itemListElement\":[{\"@type\":\"ListItem\",\"position\":1,\"name\":\"Home\",\"item\":\"https:\/\/www.yoolabox.com\/\"},{\"@type\":\"ListItem\",\"position\":2,\"name\":\"Shop\",\"item\":\"https:\/\/www.yoolabox.com\/index.php\/shop\/\"},{\"@type\":\"ListItem\",\"position\":3,\"name\":\"SOLIDAYS 2026 BACKSTAGE TOUR &#8211; SAMEDI 27 JUIN 2026\"}]},{\"@type\":\"WebSite\",\"@id\":\"https:\/\/www.yoolabox.com\/#website\",\"url\":\"https:\/\/www.yoolabox.com\/\",\"name\":\"Yoolabox.com\",\"description\":\"La billetterie accessible \u00e0 tous\",\"publisher\":{\"@id\":\"https:\/\/www.yoolabox.com\/#organization\"},\"potentialAction\":[{\"@type\":\"SearchAction\",\"target\":{\"@type\":\"EntryPoint\",\"urlTemplate\":\"https:\/\/www.yoolabox.com\/?s={search_term_string}\"},\"query-input\":{\"@type\":\"PropertyValueSpecification\",\"valueRequired\":true,\"valueName\":\"search_term_string\"}}],\"inLanguage\":\"fr-FR\"},{\"@type\":\"Organization\",\"@id\":\"https:\/\/www.yoolabox.com\/#organization\",\"name\":\"Yoolabox.com\",\"url\":\"https:\/\/www.yoolabox.com\/\",\"logo\":{\"@type\":\"ImageObject\",\"inLanguage\":\"fr-FR\",\"@id\":\"https:\/\/www.yoolabox.com\/#\/schema\/logo\/image\/\",\"url\":\"https:\/\/www.yoolabox.com\/wp-content\/uploads\/2019\/11\/cropped-Logo_web.jpg\",\"contentUrl\":\"https:\/\/www.yoolabox.com\/wp-content\/uploads\/2019\/11\/cropped-Logo_web.jpg\",\"width\":300,\"height\":100,\"caption\":\"Yoolabox.com\"},\"image\":{\"@id\":\"https:\/\/www.yoolabox.com\/#\/schema\/logo\/image\/\"}}]}<\/script>\n<!-- \/ Yoast SEO plugin. -->","yoast_head_json":{"title":"SOLIDAYS 2026 BACKSTAGE TOUR - SAMEDI 27 JUIN 2026 - Yoolabox.com","robots":{"index":"index","follow":"follow","max-snippet":"max-snippet:-1","max-image-preview":"max-image-preview:large","max-video-preview":"max-video-preview:-1"},"canonical":"https:\/\/www.yoolabox.com\/index.php\/produit\/solidays-2026-backstage-tour-samedi-27-juin-2026\/","twitter_card":"summary_large_image","twitter_title":"SOLIDAYS 2026 BACKSTAGE TOUR - SAMEDI 27 JUIN 2026 - Yoolabox.com","twitter_description":"Festival Solidays du 26 au 28 juin 2026 &nbsp; HIPPODROME PARISLONGCHAMP  BACKSTAGE TOUR SOLIDAYS 2026 - SAMEDI 27 JUIN 2026 &nbsp;    C\u2019est vrai, il y a d\u2019autres festivals mais aucun comme Solidays. L\u2019amour change la donne.  Un amour universel et pluriel qui r\u00e9unit et rassemble. Yes we love.  \u00a0Rendez-vous sur l\u2019Hippodrome ParisLongchamp les 26, 27 et 28 juin 2026.   Construit sur des valeurs de partage et d\u2019entraide, Solidays r\u00e9enchante le monde en donnant du sens \u00e0 la f\u00eate et des couleurs \u00e0 la solidarit\u00e9.  Pour sa 28e \u00e9dition, t\u00eates d\u2019affiche mondiales, belles d\u00e9couvertes et sensations du moment viendront c\u00f4toyer speakers inspirants, 100 associations du monde entier pr\u00e9sentes au Village Solidarit\u00e9 ainsi que les 3000 b\u00e9n\u00e9voles de Solidarit\u00e9 Sida, association organisatrice de l\u2019\u00e9v\u00e8nement. 3 jours magiques pour \u00e9veiller les consciences et faire le plein d\u2019humanit\u00e9.  Les b\u00e9n\u00e9fices du festival permettent de financer chaque ann\u00e9e plus de 100 programmes d\u2019aide aux malades en France et a\u0300 l\u2019international.  Avec\u00a0: Big Flo &amp; Oli, Gims, Ino Casablanca, L2B, La Mano 1.9, La Rvfleuze, Luiza, Mosimann, Nico Moreno, Orelsan, Zara Larsson &amp; many more     \u26a0\ufe0f Important : le Pass Accompagnateur et le Pass Backstage doivent obligatoirement \u00eatre associ\u00e9s \u00e0 un achat de places sur Yoolabox.  Avec le Pass 3 Jours Solidays vous avez acc\u00e8s \u00e0 l\u2019ensemble du festival pour 3 jours de concerts exceptionnels et solidaires.  Ou  Avec\u00a0 le Pass 1 Jour Vendredi \/ le Pass 1 Jour Samedi \/ le Pass 1 Jour Dimanche, vous avez acc\u00e8s \u00e0 l\u2019ensemble du festival pour le vendredi 26 juin \/\u00a0 le samedi 27 juin \/ le dimanche 28 juin.  La solidarit\u00e9 avec Solidays, c\u2019est aussi d\u2019offrir une place pour votre accompagnateur sur pr\u00e9sentation de votre carte d\u2019invalidit\u00e9.  1 pass achet\u00e9 = 1 pass pour un festivalier en situation de handicap + 1 pass pour un accompagnateur.  Pensez \u00e0 ajouter le billet de votre accompagnant \u00e0 votre commande.  Merci de t\u00e9l\u00e9charger votre justificatif de handicap lors de votre commande.  Rendez-vous au point info du festival pour s'inscrire sur un cr\u00e9neau, dans la limite des places disponibles. Le backstage tour consiste \u00e0 une visite guid\u00e9e des coulisses du festival par une \u00e9quipe de b\u00e9n\u00e9voles sur un temps donn\u00e9. Il ne permet ni d'acc\u00e9der aux espaces sc\u00e9niques ni de rester en coulisses apr\u00e8s la fin de la visite.  \u00a0","twitter_image":"https:\/\/www.yoolabox.com\/wp-content\/uploads\/2025\/12\/s26-Yoola-vignettes-600x738-BACKSTAGE.jpg","twitter_misc":{"Dur\u00e9e de lecture estim\u00e9e":"3 minutes"},"schema":{"@context":"https:\/\/schema.org","@graph":[{"@type":"WebPage","@id":"https:\/\/www.yoolabox.com\/index.php\/produit\/solidays-2026-backstage-tour-samedi-27-juin-2026\/","url":"https:\/\/www.yoolabox.com\/index.php\/produit\/solidays-2026-backstage-tour-samedi-27-juin-2026\/","name":"SOLIDAYS 2026 BACKSTAGE TOUR - SAMEDI 27 JUIN 2026 - Yoolabox.com","isPartOf":{"@id":"https:\/\/www.yoolabox.com\/#website"},"primaryImageOfPage":{"@id":"https:\/\/www.yoolabox.com\/index.php\/produit\/solidays-2026-backstage-tour-samedi-27-juin-2026\/#primaryimage"},"image":{"@id":"https:\/\/www.yoolabox.com\/index.php\/produit\/solidays-2026-backstage-tour-samedi-27-juin-2026\/#primaryimage"},"thumbnailUrl":"https:\/\/www.yoolabox.com\/wp-content\/uploads\/2025\/12\/s26-Yoola-vignettes-600x738-BACKSTAGE.jpg","datePublished":"2025-12-16T15:00:07+00:00","dateModified":"2025-12-19T11:23:05+00:00","breadcrumb":{"@id":"https:\/\/www.yoolabox.com\/index.php\/produit\/solidays-2026-backstage-tour-samedi-27-juin-2026\/#breadcrumb"},"inLanguage":"fr-FR","potentialAction":[{"@type":"ReadAction","target":["https:\/\/www.yoolabox.com\/index.php\/produit\/solidays-2026-backstage-tour-samedi-27-juin-2026\/"]}]},{"@type":"ImageObject","inLanguage":"fr-FR","@id":"https:\/\/www.yoolabox.com\/index.php\/produit\/solidays-2026-backstage-tour-samedi-27-juin-2026\/#primaryimage","url":"https:\/\/www.yoolabox.com\/wp-content\/uploads\/2025\/12\/s26-Yoola-vignettes-600x738-BACKSTAGE.jpg","contentUrl":"https:\/\/www.yoolabox.com\/wp-content\/uploads\/2025\/12\/s26-Yoola-vignettes-600x738-BACKSTAGE.jpg","width":600,"height":738},{"@type":"BreadcrumbList","@id":"https:\/\/www.yoolabox.com\/index.php\/produit\/solidays-2026-backstage-tour-samedi-27-juin-2026\/#breadcrumb","itemListElement":[{"@type":"ListItem","position":1,"name":"Home","item":"https:\/\/www.yoolabox.com\/"},{"@type":"ListItem","position":2,"name":"Shop","item":"https:\/\/www.yoolabox.com\/index.php\/shop\/"},{"@type":"ListItem","position":3,"name":"SOLIDAYS 2026 BACKSTAGE TOUR &#8211; SAMEDI 27 JUIN 2026"}]},{"@type":"WebSite","@id":"https:\/\/www.yoolabox.com\/#website","url":"https:\/\/www.yoolabox.com\/","name":"Yoolabox.com","description":"La billetterie accessible \u00e0 tous","publisher":{"@id":"https:\/\/www.yoolabox.com\/#organization"},"potentialAction":[{"@type":"SearchAction","target":{"@type":"EntryPoint","urlTemplate":"https:\/\/www.yoolabox.com\/?s={search_term_string}"},"query-input":{"@type":"PropertyValueSpecification","valueRequired":true,"valueName":"search_term_string"}}],"inLanguage":"fr-FR"},{"@type":"Organization","@id":"https:\/\/www.yoolabox.com\/#organization","name":"Yoolabox.com","url":"https:\/\/www.yoolabox.com\/","logo":{"@type":"ImageObject","inLanguage":"fr-FR","@id":"https:\/\/www.yoolabox.com\/#\/schema\/logo\/image\/","url":"https:\/\/www.yoolabox.com\/wp-content\/uploads\/2019\/11\/cropped-Logo_web.jpg","contentUrl":"https:\/\/www.yoolabox.com\/wp-content\/uploads\/2019\/11\/cropped-Logo_web.jpg","width":300,"height":100,"caption":"Yoolabox.com"},"image":{"@id":"https:\/\/www.yoolabox.com\/#\/schema\/logo\/image\/"}}]}},"publishpress_future_action":{"enabled":false,"date":"2026-04-28 11:32:50","action":"change-status","newStatus":"draft","terms":[],"taxonomy":"product_cat","extraData":[]},"publishpress_future_workflow_manual_trigger":{"enabledWorkflows":[]},"_links":{"self":[{"href":"https:\/\/www.yoolabox.com\/index.php\/wp-json\/wp\/v2\/product\/144006","targetHints":{"allow":["GET"]}}],"collection":[{"href":"https:\/\/www.yoolabox.com\/index.php\/wp-json\/wp\/v2\/product"}],"about":[{"href":"https:\/\/www.yoolabox.com\/index.php\/wp-json\/wp\/v2\/types\/product"}],"author":[{"embeddable":true,"href":"https:\/\/www.yoolabox.com\/index.php\/wp-json\/wp\/v2\/users\/4259"}],"version-history":[{"count":0,"href":"https:\/\/www.yoolabox.com\/index.php\/wp-json\/wp\/v2\/product\/144006\/revisions"}],"wp:featuredmedia":[{"embeddable":true,"href":"https:\/\/www.yoolabox.com\/index.php\/wp-json\/wp\/v2\/media\/144009"}],"wp:attachment":[{"href":"https:\/\/www.yoolabox.com\/index.php\/wp-json\/wp\/v2\/media?parent=144006"}],"wp:term":[{"taxonomy":"product_brand","embeddable":true,"href":"https:\/\/www.yoolabox.com\/index.php\/wp-json\/wp\/v2\/product_brand?post=144006"},{"taxonomy":"product_cat","embeddable":true,"href":"https:\/\/www.yoolabox.com\/index.php\/wp-json\/wp\/v2\/product_cat?post=144006"},{"taxonomy":"product_tag","embeddable":true,"href":"https:\/\/www.yoolabox.com\/index.php\/wp-json\/wp\/v2\/product_tag?post=144006"}],"curies":[{"name":"wp","href":"https:\/\/api.w.org\/{rel}","templated":true}]}}