{"id":143218,"date":"2025-11-28T12:38:37","date_gmt":"2025-11-28T11:38:37","guid":{"rendered":"https:\/\/www.yoolabox.com\/?post_type=product&#038;p=143218"},"modified":"2026-03-20T12:29:37","modified_gmt":"2026-03-20T11:29:37","slug":"synthony-no-2-jeudi-1er-octobre-2026-zenith-paris-la-villette","status":"publish","type":"product","link":"https:\/\/www.yoolabox.com\/index.php\/produit\/synthony-no-2-jeudi-1er-octobre-2026-zenith-paris-la-villette\/","title":{"rendered":"Synthony No.2 &#8211; JEUDI 1ER OCTOBRE 2026 &#8211; Z\u00e9nith Paris &#8211; La Villette"},"content":{"rendered":"<h1>Synthony No.2<\/h1>\n<h3><strong>Jeudi 1er octobre 2026 &#8211; 20:00<\/strong><\/h3>\n<p><em><strong>Zenith Paris &#8211; La Villette<\/strong><\/em><\/p>\n<p>SYNTHONY, c\u2019est une rencontre saisissante entre la puissance de la musique \u00e9lectronique, la richesse d\u2019un orchestre symphonique, l\u2019\u00e9nergie de DJs en live, des voix inoubliables, et un show visuel grandiose. Un spectacle immersif qui r\u00e9invente les plus grands classiques de Electronic Dance Music (EDM) des 30 derni\u00e8res ann\u00e9es.<\/p>\n<p>De Avicii \u00e0 Swedish House Mafia, en passant par Calvin Harris, Eric Prydz, David Guetta et bien d\u2019autres\u2026 red\u00e9couvrez ces titres cultes comme vous ne les avez jamais entendus.<\/p>\n<p>Apr\u00e8s avoir conquis l\u2019Australie, l\u2019Asie et les \u00c9tats-Unis, SYNTHONY d\u00e9barque pour la premi\u00e8re fois en Europe avec une tourn\u00e9e exceptionnelle. Chaque date promet une soir\u00e9e unique, vibrante et inoubliable.<\/p>\n<p>\ud83c\udf9f Les places partent vite \u2013 r\u00e9servez d\u00e8s maintenant pour vivre l\u2019\u00e9v\u00e9nement de l\u2019ann\u00e9e.<\/p>\n<p>\u27a1\ufe0f Un aper\u00e7u ? Des performances live et du contenu exclusif vous attendent sur <a href=\"https:\/\/www.youtube.com\/@SYNTHONY\">SYNTHONY \u2013 YouTube<\/a><\/p>\n<p>\ud83d\udd25 Ce n\u2019est pas qu\u2019un concert. C\u2019est SYNTHONY<\/p>\n<p>&nbsp;<\/p>\n","protected":false},"excerpt":{"rendered":"<h1>Synthony No.2<\/h1>\n<h3><strong>Jeudi 1er octobre 2026 &#8211; 20:00<\/strong><\/h3>\n<p><em><strong>Zenith Paris &#8211; La Villette<\/strong><\/em><\/p>\n<p>SYNTHONY, c\u2019est une rencontre saisissante entre la puissance de la musique \u00e9lectronique, la richesse d\u2019un orchestre symphonique, l\u2019\u00e9nergie de DJs en live, des voix inoubliables, et un show visuel grandiose. Un spectacle immersif qui r\u00e9invente les plus grands classiques de Electronic Dance Music (EDM) des 30 derni\u00e8res ann\u00e9es.<\/p>\n<p>De Avicii \u00e0 Swedish House Mafia, en passant par Calvin Harris, Eric Prydz, David Guetta et bien d\u2019autres\u2026 red\u00e9couvrez ces titres cultes comme vous ne les avez jamais entendus.<\/p>\n<p>Apr\u00e8s avoir conquis l\u2019Australie, l\u2019Asie et les \u00c9tats-Unis, SYNTHONY d\u00e9barque pour la premi\u00e8re fois en Europe avec une tourn\u00e9e exceptionnelle. Chaque date promet une soir\u00e9e unique, vibrante et inoubliable.<\/p>\n<p>\ud83c\udf9f Les places partent vite \u2013 r\u00e9servez d\u00e8s maintenant pour vivre l\u2019\u00e9v\u00e9nement de l\u2019ann\u00e9e.<\/p>\n<p>\u27a1\ufe0f Un aper\u00e7u ? Des performances live et du contenu exclusif vous attendent sur <a href=\"https:\/\/www.youtube.com\/@SYNTHONY\">SYNTHONY \u2013 YouTube<\/a><\/p>\n<p>\ud83d\udd25 Ce n\u2019est pas qu\u2019un concert. C\u2019est SYNTHONY<\/p>\n<p>&nbsp;<\/p>\n","protected":false},"author":4259,"featured_media":147343,"template":"","meta":{"_acf_changed":false},"product_brand":[],"product_cat":[815,817,55,1314,818,160,1316,161,1132,2311,2312],"product_tag":[2313],"class_list":{"0":"post-143218","1":"product","2":"type-product","3":"status-publish","4":"has-post-thumbnail","6":"product_cat-handicap","7":"product_cat-boucle-magnetique","8":"product_cat-concert","9":"product_cat-emplacement-adapte","10":"product_cat-fauteuil-roulant","11":"product_cat-ile-de-france","12":"product_cat-accessible-naturellement-malvoyant","13":"product_cat-region","14":"product_cat-salles","15":"product_cat-zenith-paris","16":"product_cat-zenith-paris-salles","17":"product_tag-zenith-paris","18":"pa_categorie-accompagnateur-pmr-fauteuil-gradin-porte-c","19":"pa_categorie-accompagnateur-pmr-fauteuil-gradin-porte-d","20":"pa_categorie-accompagnateur-pmr-fauteuil-gradin-porte-e","21":"pa_categorie-accompagnateur-pmr-fauteuil-gradin-porte-f","22":"pa_categorie-accompagnateur-psh-marchant-gradin-porte-g","23":"pa_categorie-pmr-fauteuil-gradin-porte-c","24":"pa_categorie-pmr-fauteuil-gradin-porte-d","25":"pa_categorie-pmr-fauteuil-gradin-porte-e","26":"pa_categorie-pmr-fauteuil-gradin-porte-f","27":"pa_categorie-psh-marchant-gradin-porte-g","28":"product-custom-label-billetterie-officielle","29":"product-custom-label-ebillet","30":"product-custom-label-emplacement-fauteuil","31":"product-custom-label-handicap-mental","32":"product-custom-label-mal-voyant","33":"product-custom-label-surdite","34":"badges-style-3","36":"first","37":"instock","38":"shipping-taxable","39":"purchasable","40":"product-type-variable"},"acf":[],"yoast_head":"<!-- This site is optimized with the Yoast SEO plugin v27.2 - https:\/\/yoast.com\/product\/yoast-seo-wordpress\/ -->\n<title>Synthony No.2 - JEUDI 1ER OCTOBRE 2026 - Z\u00e9nith Paris - La Villette - Yoolabox.com<\/title>\n<meta name=\"robots\" content=\"index, follow, max-snippet:-1, max-image-preview:large, max-video-preview:-1\" \/>\n<link rel=\"canonical\" href=\"https:\/\/www.yoolabox.com\/index.php\/produit\/synthony-no-2-jeudi-1er-octobre-2026-zenith-paris-la-villette\/\" \/>\n<meta name=\"twitter:card\" content=\"summary_large_image\" \/>\n<meta name=\"twitter:title\" content=\"Synthony No.2 - JEUDI 1ER OCTOBRE 2026 - Z\u00e9nith Paris - La Villette - Yoolabox.com\" \/>\n<meta name=\"twitter:description\" content=\"Synthony No.2 Jeudi 1er octobre 2026 - 20:00 Zenith Paris - La Villette  SYNTHONY, c\u2019est une rencontre saisissante entre la puissance de la musique \u00e9lectronique, la richesse d\u2019un orchestre symphonique, l\u2019\u00e9nergie de DJs en live, des voix inoubliables, et un show visuel grandiose. Un spectacle immersif qui r\u00e9invente les plus grands classiques de Electronic Dance Music (EDM) des 30 derni\u00e8res ann\u00e9es.  De Avicii \u00e0 Swedish House Mafia, en passant par Calvin Harris, Eric Prydz, David Guetta et bien d\u2019autres\u2026 red\u00e9couvrez ces titres cultes comme vous ne les avez jamais entendus.  Apr\u00e8s avoir conquis l\u2019Australie, l\u2019Asie et les \u00c9tats-Unis, SYNTHONY d\u00e9barque pour la premi\u00e8re fois en Europe avec une tourn\u00e9e exceptionnelle. Chaque date promet une soir\u00e9e unique, vibrante et inoubliable.  \ud83c\udf9f Les places partent vite \u2013 r\u00e9servez d\u00e8s maintenant pour vivre l\u2019\u00e9v\u00e9nement de l\u2019ann\u00e9e.  \u27a1\ufe0f Un aper\u00e7u ? Des performances live et du contenu exclusif vous attendent sur SYNTHONY \u2013 YouTube  \ud83d\udd25 Ce n\u2019est pas qu\u2019un concert. C\u2019est SYNTHONY  &nbsp;\" \/>\n<meta name=\"twitter:image\" content=\"https:\/\/www.yoolabox.com\/wp-content\/uploads\/2025\/11\/Synthony-No.2.png\" \/>\n<meta name=\"twitter:label1\" content=\"Dur\u00e9e de lecture estim\u00e9e\" \/>\n\t<meta name=\"twitter:data1\" content=\"1 minute\" \/>\n<script type=\"application\/ld+json\" class=\"yoast-schema-graph\">{\"@context\":\"https:\/\/schema.org\",\"@graph\":[{\"@type\":\"WebPage\",\"@id\":\"https:\/\/www.yoolabox.com\/index.php\/produit\/synthony-no-2-jeudi-1er-octobre-2026-zenith-paris-la-villette\/\",\"url\":\"https:\/\/www.yoolabox.com\/index.php\/produit\/synthony-no-2-jeudi-1er-octobre-2026-zenith-paris-la-villette\/\",\"name\":\"Synthony No.2 - JEUDI 1ER OCTOBRE 2026 - Z\u00e9nith Paris - La Villette - Yoolabox.com\",\"isPartOf\":{\"@id\":\"https:\/\/www.yoolabox.com\/#website\"},\"primaryImageOfPage\":{\"@id\":\"https:\/\/www.yoolabox.com\/index.php\/produit\/synthony-no-2-jeudi-1er-octobre-2026-zenith-paris-la-villette\/#primaryimage\"},\"image\":{\"@id\":\"https:\/\/www.yoolabox.com\/index.php\/produit\/synthony-no-2-jeudi-1er-octobre-2026-zenith-paris-la-villette\/#primaryimage\"},\"thumbnailUrl\":\"https:\/\/www.yoolabox.com\/wp-content\/uploads\/2025\/11\/Synthony-No.2.png\",\"datePublished\":\"2025-11-28T11:38:37+00:00\",\"dateModified\":\"2026-03-20T11:29:37+00:00\",\"breadcrumb\":{\"@id\":\"https:\/\/www.yoolabox.com\/index.php\/produit\/synthony-no-2-jeudi-1er-octobre-2026-zenith-paris-la-villette\/#breadcrumb\"},\"inLanguage\":\"fr-FR\",\"potentialAction\":[{\"@type\":\"ReadAction\",\"target\":[\"https:\/\/www.yoolabox.com\/index.php\/produit\/synthony-no-2-jeudi-1er-octobre-2026-zenith-paris-la-villette\/\"]}]},{\"@type\":\"ImageObject\",\"inLanguage\":\"fr-FR\",\"@id\":\"https:\/\/www.yoolabox.com\/index.php\/produit\/synthony-no-2-jeudi-1er-octobre-2026-zenith-paris-la-villette\/#primaryimage\",\"url\":\"https:\/\/www.yoolabox.com\/wp-content\/uploads\/2025\/11\/Synthony-No.2.png\",\"contentUrl\":\"https:\/\/www.yoolabox.com\/wp-content\/uploads\/2025\/11\/Synthony-No.2.png\",\"width\":600,\"height\":738},{\"@type\":\"BreadcrumbList\",\"@id\":\"https:\/\/www.yoolabox.com\/index.php\/produit\/synthony-no-2-jeudi-1er-octobre-2026-zenith-paris-la-villette\/#breadcrumb\",\"itemListElement\":[{\"@type\":\"ListItem\",\"position\":1,\"name\":\"Home\",\"item\":\"https:\/\/www.yoolabox.com\/\"},{\"@type\":\"ListItem\",\"position\":2,\"name\":\"Shop\",\"item\":\"https:\/\/www.yoolabox.com\/index.php\/shop\/\"},{\"@type\":\"ListItem\",\"position\":3,\"name\":\"Synthony No.2 &#8211; JEUDI 1ER OCTOBRE 2026 &#8211; Z\u00e9nith Paris &#8211; La Villette\"}]},{\"@type\":\"WebSite\",\"@id\":\"https:\/\/www.yoolabox.com\/#website\",\"url\":\"https:\/\/www.yoolabox.com\/\",\"name\":\"Yoolabox.com\",\"description\":\"La billetterie accessible \u00e0 tous\",\"publisher\":{\"@id\":\"https:\/\/www.yoolabox.com\/#organization\"},\"potentialAction\":[{\"@type\":\"SearchAction\",\"target\":{\"@type\":\"EntryPoint\",\"urlTemplate\":\"https:\/\/www.yoolabox.com\/?s={search_term_string}\"},\"query-input\":{\"@type\":\"PropertyValueSpecification\",\"valueRequired\":true,\"valueName\":\"search_term_string\"}}],\"inLanguage\":\"fr-FR\"},{\"@type\":\"Organization\",\"@id\":\"https:\/\/www.yoolabox.com\/#organization\",\"name\":\"Yoolabox.com\",\"url\":\"https:\/\/www.yoolabox.com\/\",\"logo\":{\"@type\":\"ImageObject\",\"inLanguage\":\"fr-FR\",\"@id\":\"https:\/\/www.yoolabox.com\/#\/schema\/logo\/image\/\",\"url\":\"https:\/\/www.yoolabox.com\/wp-content\/uploads\/2019\/11\/cropped-Logo_web.jpg\",\"contentUrl\":\"https:\/\/www.yoolabox.com\/wp-content\/uploads\/2019\/11\/cropped-Logo_web.jpg\",\"width\":300,\"height\":100,\"caption\":\"Yoolabox.com\"},\"image\":{\"@id\":\"https:\/\/www.yoolabox.com\/#\/schema\/logo\/image\/\"}}]}<\/script>\n<!-- \/ Yoast SEO plugin. -->","yoast_head_json":{"title":"Synthony No.2 - JEUDI 1ER OCTOBRE 2026 - Z\u00e9nith Paris - La Villette - Yoolabox.com","robots":{"index":"index","follow":"follow","max-snippet":"max-snippet:-1","max-image-preview":"max-image-preview:large","max-video-preview":"max-video-preview:-1"},"canonical":"https:\/\/www.yoolabox.com\/index.php\/produit\/synthony-no-2-jeudi-1er-octobre-2026-zenith-paris-la-villette\/","twitter_card":"summary_large_image","twitter_title":"Synthony No.2 - JEUDI 1ER OCTOBRE 2026 - Z\u00e9nith Paris - La Villette - Yoolabox.com","twitter_description":"Synthony No.2 Jeudi 1er octobre 2026 - 20:00 Zenith Paris - La Villette  SYNTHONY, c\u2019est une rencontre saisissante entre la puissance de la musique \u00e9lectronique, la richesse d\u2019un orchestre symphonique, l\u2019\u00e9nergie de DJs en live, des voix inoubliables, et un show visuel grandiose. Un spectacle immersif qui r\u00e9invente les plus grands classiques de Electronic Dance Music (EDM) des 30 derni\u00e8res ann\u00e9es.  De Avicii \u00e0 Swedish House Mafia, en passant par Calvin Harris, Eric Prydz, David Guetta et bien d\u2019autres\u2026 red\u00e9couvrez ces titres cultes comme vous ne les avez jamais entendus.  Apr\u00e8s avoir conquis l\u2019Australie, l\u2019Asie et les \u00c9tats-Unis, SYNTHONY d\u00e9barque pour la premi\u00e8re fois en Europe avec une tourn\u00e9e exceptionnelle. Chaque date promet une soir\u00e9e unique, vibrante et inoubliable.  \ud83c\udf9f Les places partent vite \u2013 r\u00e9servez d\u00e8s maintenant pour vivre l\u2019\u00e9v\u00e9nement de l\u2019ann\u00e9e.  \u27a1\ufe0f Un aper\u00e7u ? Des performances live et du contenu exclusif vous attendent sur SYNTHONY \u2013 YouTube  \ud83d\udd25 Ce n\u2019est pas qu\u2019un concert. C\u2019est SYNTHONY  &nbsp;","twitter_image":"https:\/\/www.yoolabox.com\/wp-content\/uploads\/2025\/11\/Synthony-No.2.png","twitter_misc":{"Dur\u00e9e de lecture estim\u00e9e":"1 minute"},"schema":{"@context":"https:\/\/schema.org","@graph":[{"@type":"WebPage","@id":"https:\/\/www.yoolabox.com\/index.php\/produit\/synthony-no-2-jeudi-1er-octobre-2026-zenith-paris-la-villette\/","url":"https:\/\/www.yoolabox.com\/index.php\/produit\/synthony-no-2-jeudi-1er-octobre-2026-zenith-paris-la-villette\/","name":"Synthony No.2 - JEUDI 1ER OCTOBRE 2026 - Z\u00e9nith Paris - La Villette - Yoolabox.com","isPartOf":{"@id":"https:\/\/www.yoolabox.com\/#website"},"primaryImageOfPage":{"@id":"https:\/\/www.yoolabox.com\/index.php\/produit\/synthony-no-2-jeudi-1er-octobre-2026-zenith-paris-la-villette\/#primaryimage"},"image":{"@id":"https:\/\/www.yoolabox.com\/index.php\/produit\/synthony-no-2-jeudi-1er-octobre-2026-zenith-paris-la-villette\/#primaryimage"},"thumbnailUrl":"https:\/\/www.yoolabox.com\/wp-content\/uploads\/2025\/11\/Synthony-No.2.png","datePublished":"2025-11-28T11:38:37+00:00","dateModified":"2026-03-20T11:29:37+00:00","breadcrumb":{"@id":"https:\/\/www.yoolabox.com\/index.php\/produit\/synthony-no-2-jeudi-1er-octobre-2026-zenith-paris-la-villette\/#breadcrumb"},"inLanguage":"fr-FR","potentialAction":[{"@type":"ReadAction","target":["https:\/\/www.yoolabox.com\/index.php\/produit\/synthony-no-2-jeudi-1er-octobre-2026-zenith-paris-la-villette\/"]}]},{"@type":"ImageObject","inLanguage":"fr-FR","@id":"https:\/\/www.yoolabox.com\/index.php\/produit\/synthony-no-2-jeudi-1er-octobre-2026-zenith-paris-la-villette\/#primaryimage","url":"https:\/\/www.yoolabox.com\/wp-content\/uploads\/2025\/11\/Synthony-No.2.png","contentUrl":"https:\/\/www.yoolabox.com\/wp-content\/uploads\/2025\/11\/Synthony-No.2.png","width":600,"height":738},{"@type":"BreadcrumbList","@id":"https:\/\/www.yoolabox.com\/index.php\/produit\/synthony-no-2-jeudi-1er-octobre-2026-zenith-paris-la-villette\/#breadcrumb","itemListElement":[{"@type":"ListItem","position":1,"name":"Home","item":"https:\/\/www.yoolabox.com\/"},{"@type":"ListItem","position":2,"name":"Shop","item":"https:\/\/www.yoolabox.com\/index.php\/shop\/"},{"@type":"ListItem","position":3,"name":"Synthony No.2 &#8211; JEUDI 1ER OCTOBRE 2026 &#8211; Z\u00e9nith Paris &#8211; La Villette"}]},{"@type":"WebSite","@id":"https:\/\/www.yoolabox.com\/#website","url":"https:\/\/www.yoolabox.com\/","name":"Yoolabox.com","description":"La billetterie accessible \u00e0 tous","publisher":{"@id":"https:\/\/www.yoolabox.com\/#organization"},"potentialAction":[{"@type":"SearchAction","target":{"@type":"EntryPoint","urlTemplate":"https:\/\/www.yoolabox.com\/?s={search_term_string}"},"query-input":{"@type":"PropertyValueSpecification","valueRequired":true,"valueName":"search_term_string"}}],"inLanguage":"fr-FR"},{"@type":"Organization","@id":"https:\/\/www.yoolabox.com\/#organization","name":"Yoolabox.com","url":"https:\/\/www.yoolabox.com\/","logo":{"@type":"ImageObject","inLanguage":"fr-FR","@id":"https:\/\/www.yoolabox.com\/#\/schema\/logo\/image\/","url":"https:\/\/www.yoolabox.com\/wp-content\/uploads\/2019\/11\/cropped-Logo_web.jpg","contentUrl":"https:\/\/www.yoolabox.com\/wp-content\/uploads\/2019\/11\/cropped-Logo_web.jpg","width":300,"height":100,"caption":"Yoolabox.com"},"image":{"@id":"https:\/\/www.yoolabox.com\/#\/schema\/logo\/image\/"}}]}},"publishpress_future_action":{"enabled":false,"date":"2026-04-25 13:41:47","action":"change-status","newStatus":"draft","terms":[],"taxonomy":"product_cat","extraData":[]},"publishpress_future_workflow_manual_trigger":{"enabledWorkflows":[]},"_links":{"self":[{"href":"https:\/\/www.yoolabox.com\/index.php\/wp-json\/wp\/v2\/product\/143218","targetHints":{"allow":["GET"]}}],"collection":[{"href":"https:\/\/www.yoolabox.com\/index.php\/wp-json\/wp\/v2\/product"}],"about":[{"href":"https:\/\/www.yoolabox.com\/index.php\/wp-json\/wp\/v2\/types\/product"}],"author":[{"embeddable":true,"href":"https:\/\/www.yoolabox.com\/index.php\/wp-json\/wp\/v2\/users\/4259"}],"version-history":[{"count":0,"href":"https:\/\/www.yoolabox.com\/index.php\/wp-json\/wp\/v2\/product\/143218\/revisions"}],"wp:featuredmedia":[{"embeddable":true,"href":"https:\/\/www.yoolabox.com\/index.php\/wp-json\/wp\/v2\/media\/147343"}],"wp:attachment":[{"href":"https:\/\/www.yoolabox.com\/index.php\/wp-json\/wp\/v2\/media?parent=143218"}],"wp:term":[{"taxonomy":"product_brand","embeddable":true,"href":"https:\/\/www.yoolabox.com\/index.php\/wp-json\/wp\/v2\/product_brand?post=143218"},{"taxonomy":"product_cat","embeddable":true,"href":"https:\/\/www.yoolabox.com\/index.php\/wp-json\/wp\/v2\/product_cat?post=143218"},{"taxonomy":"product_tag","embeddable":true,"href":"https:\/\/www.yoolabox.com\/index.php\/wp-json\/wp\/v2\/product_tag?post=143218"}],"curies":[{"name":"wp","href":"https:\/\/api.w.org\/{rel}","templated":true}]}}