{"id":142984,"date":"2025-11-28T11:00:52","date_gmt":"2025-11-28T10:00:52","guid":{"rendered":"https:\/\/www.yoolabox.com\/?post_type=product&#038;p=142984"},"modified":"2026-03-20T12:37:07","modified_gmt":"2026-03-20T11:37:07","slug":"a-perfect-circle-mardi-07-juillet-2026-zenith-paris-la-villette","status":"publish","type":"product","link":"https:\/\/www.yoolabox.com\/index.php\/produit\/a-perfect-circle-mardi-07-juillet-2026-zenith-paris-la-villette\/","title":{"rendered":"A PERFECT CIRCLE &#8211; MARDI 07 JUILLET 2026 &#8211; Z\u00e9nith Paris &#8211; La Villette"},"content":{"rendered":"<h1>A PERFECT CIRCLE<\/h1>\n<h3><strong>Mardi 07 juillet 2026 &#8211; 19:30<\/strong><\/h3>\n<p><em><strong>Zenith Paris &#8211; La Villette<\/strong><\/em><\/p>\n<p>Form\u00e9 en 1999 par Billy Howerdel et Maynard James Keenan, A Perfect Circle s\u2019est impos\u00e9 comme l\u2019un des projets les plus singuliers et influents du rock alternatif contemporain. Leur premier album, \u00ab Mer de Noms \u00bb sorti en 2000, a marqu\u00e9 l\u2019histoire en devenant le premier album rock \u00e0 atteindre un classement aussi \u00e9lev\u00e9 d\u00e8s sa sortie, port\u00e9 par les titres embl\u00e9matiques \u00ab Judith \u00bb et \u00ab 3 Libras \u00bb.<\/p>\n<p>Au fil de plus de vingt-cinq ans de carri\u00e8re, le groupe a enrichi son univers avec trois albums majeurs : \u00ab Thirteenth Step \u00bb en 2003, \u00ab eMOTIVe \u00bb en 2004, puis \u00ab Eat the Elephant \u00bb en 2018, qui a d\u00e9but\u00e9 \u00e0 la troisi\u00e8me place du Billboard 200 et s\u2019est hiss\u00e9 en t\u00eate du Billboard Rock Albums chart. Leur signature artistique, m\u00e9lange de m\u00e9lodies en clair-obscur, de tensions \u00e9lectriques et d\u2019une sensibilit\u00e9 presque cin\u00e9matographique, leur a valu une fid\u00e9lit\u00e9 rare du public.<\/p>\n<p>Le groupe fera son grand retour en France avec un concert au Z\u00e9nith de Paris le 7 juillet, une date tr\u00e8s attendue pour replonger dans leur univers hypnotique et puissant.<\/p>\n<p>&nbsp;<\/p>\n","protected":false},"excerpt":{"rendered":"<h1>A PERFECT CIRCLE<\/h1>\n<h3><strong>Mardi 07 juillet 2026 &#8211; 19:30<\/strong><\/h3>\n<p><em><strong>Zenith Paris &#8211; La Villette<\/strong><\/em><\/p>\n<p>Form\u00e9 en 1999 par Billy Howerdel et Maynard James Keenan, A Perfect Circle s\u2019est impos\u00e9 comme l\u2019un des projets les plus singuliers et influents du rock alternatif contemporain. Leur premier album, \u00ab Mer de Noms \u00bb sorti en 2000, a marqu\u00e9 l\u2019histoire en devenant le premier album rock \u00e0 atteindre un classement aussi \u00e9lev\u00e9 d\u00e8s sa sortie, port\u00e9 par les titres embl\u00e9matiques \u00ab Judith \u00bb et \u00ab 3 Libras \u00bb.<\/p>\n<p>Au fil de plus de vingt-cinq ans de carri\u00e8re, le groupe a enrichi son univers avec trois albums majeurs : \u00ab Thirteenth Step \u00bb en 2003, \u00ab eMOTIVe \u00bb en 2004, puis \u00ab Eat the Elephant \u00bb en 2018, qui a d\u00e9but\u00e9 \u00e0 la troisi\u00e8me place du Billboard 200 et s\u2019est hiss\u00e9 en t\u00eate du Billboard Rock Albums chart. Leur signature artistique, m\u00e9lange de m\u00e9lodies en clair-obscur, de tensions \u00e9lectriques et d\u2019une sensibilit\u00e9 presque cin\u00e9matographique, leur a valu une fid\u00e9lit\u00e9 rare du public.<\/p>\n<p>Le groupe fera son grand retour en France avec un concert au Z\u00e9nith de Paris le 7 juillet, une date tr\u00e8s attendue pour replonger dans leur univers hypnotique et puissant.<\/p>\n<p>&nbsp;<\/p>\n","protected":false},"author":4259,"featured_media":147384,"template":"","meta":{"_acf_changed":false},"product_brand":[],"product_cat":[815,817,55,1314,818,160,1316,161,1132,2311,2312],"product_tag":[2313],"class_list":{"0":"post-142984","1":"product","2":"type-product","3":"status-publish","4":"has-post-thumbnail","6":"product_cat-handicap","7":"product_cat-boucle-magnetique","8":"product_cat-concert","9":"product_cat-emplacement-adapte","10":"product_cat-fauteuil-roulant","11":"product_cat-ile-de-france","12":"product_cat-accessible-naturellement-malvoyant","13":"product_cat-region","14":"product_cat-salles","15":"product_cat-zenith-paris","16":"product_cat-zenith-paris-salles","17":"product_tag-zenith-paris","18":"pa_categorie-accompagnateur-pmr-fauteuil-gradin-porte-c","19":"pa_categorie-accompagnateur-pmr-fauteuil-gradin-porte-d","20":"pa_categorie-accompagnateur-pmr-fauteuil-gradin-porte-e","21":"pa_categorie-accompagnateur-pmr-fauteuil-gradin-porte-f","22":"pa_categorie-accompagnateur-psh-marchant-gradin-porte-g","23":"pa_categorie-pmr-fauteuil-gradin-porte-c","24":"pa_categorie-pmr-fauteuil-gradin-porte-d","25":"pa_categorie-pmr-fauteuil-gradin-porte-e","26":"pa_categorie-pmr-fauteuil-gradin-porte-f","27":"pa_categorie-psh-marchant-gradin-porte-g","28":"product-custom-label-billetterie-officielle","29":"product-custom-label-ebillet","30":"product-custom-label-emplacement-fauteuil","31":"product-custom-label-handicap-mental","32":"product-custom-label-mal-voyant","33":"product-custom-label-surdite","34":"badges-style-3","36":"first","37":"instock","38":"shipping-taxable","39":"purchasable","40":"product-type-variable"},"acf":[],"yoast_head":"<!-- This site is optimized with the Yoast SEO plugin v27.2 - https:\/\/yoast.com\/product\/yoast-seo-wordpress\/ -->\n<title>A PERFECT CIRCLE - MARDI 07 JUILLET 2026 - Z\u00e9nith Paris - La Villette - Yoolabox.com<\/title>\n<meta name=\"robots\" content=\"index, follow, max-snippet:-1, max-image-preview:large, max-video-preview:-1\" \/>\n<link rel=\"canonical\" href=\"https:\/\/www.yoolabox.com\/index.php\/produit\/a-perfect-circle-mardi-07-juillet-2026-zenith-paris-la-villette\/\" \/>\n<meta name=\"twitter:card\" content=\"summary_large_image\" \/>\n<meta name=\"twitter:title\" content=\"A PERFECT CIRCLE - MARDI 07 JUILLET 2026 - Z\u00e9nith Paris - La Villette - Yoolabox.com\" \/>\n<meta name=\"twitter:description\" content=\"A PERFECT CIRCLE Mardi 07 juillet 2026 - 19:30 Zenith Paris - La Villette  Form\u00e9 en 1999 par Billy Howerdel et Maynard James Keenan, A Perfect Circle s\u2019est impos\u00e9 comme l\u2019un des projets les plus singuliers et influents du rock alternatif contemporain. Leur premier album, \u00ab Mer de Noms \u00bb sorti en 2000, a marqu\u00e9 l\u2019histoire en devenant le premier album rock \u00e0 atteindre un classement aussi \u00e9lev\u00e9 d\u00e8s sa sortie, port\u00e9 par les titres embl\u00e9matiques \u00ab Judith \u00bb et \u00ab 3 Libras \u00bb.  Au fil de plus de vingt-cinq ans de carri\u00e8re, le groupe a enrichi son univers avec trois albums majeurs : \u00ab Thirteenth Step \u00bb en 2003, \u00ab eMOTIVe \u00bb en 2004, puis \u00ab Eat the Elephant \u00bb en 2018, qui a d\u00e9but\u00e9 \u00e0 la troisi\u00e8me place du Billboard 200 et s\u2019est hiss\u00e9 en t\u00eate du Billboard Rock Albums chart. Leur signature artistique, m\u00e9lange de m\u00e9lodies en clair-obscur, de tensions \u00e9lectriques et d\u2019une sensibilit\u00e9 presque cin\u00e9matographique, leur a valu une fid\u00e9lit\u00e9 rare du public.  Le groupe fera son grand retour en France avec un concert au Z\u00e9nith de Paris le 7 juillet, une date tr\u00e8s attendue pour replonger dans leur univers hypnotique et puissant.  &nbsp;\" \/>\n<meta name=\"twitter:image\" content=\"https:\/\/www.yoolabox.com\/wp-content\/uploads\/2026\/03\/A-PERFECT-CIRCLE-MARDI-07-JUILLET-2026-Zenith-Paris-La-Villette.png\" \/>\n<meta name=\"twitter:label1\" content=\"Dur\u00e9e de lecture estim\u00e9e\" \/>\n\t<meta name=\"twitter:data1\" content=\"2 minutes\" \/>\n<script type=\"application\/ld+json\" class=\"yoast-schema-graph\">{\"@context\":\"https:\/\/schema.org\",\"@graph\":[{\"@type\":\"WebPage\",\"@id\":\"https:\/\/www.yoolabox.com\/index.php\/produit\/a-perfect-circle-mardi-07-juillet-2026-zenith-paris-la-villette\/\",\"url\":\"https:\/\/www.yoolabox.com\/index.php\/produit\/a-perfect-circle-mardi-07-juillet-2026-zenith-paris-la-villette\/\",\"name\":\"A PERFECT CIRCLE - MARDI 07 JUILLET 2026 - Z\u00e9nith Paris - La Villette - Yoolabox.com\",\"isPartOf\":{\"@id\":\"https:\/\/www.yoolabox.com\/#website\"},\"primaryImageOfPage\":{\"@id\":\"https:\/\/www.yoolabox.com\/index.php\/produit\/a-perfect-circle-mardi-07-juillet-2026-zenith-paris-la-villette\/#primaryimage\"},\"image\":{\"@id\":\"https:\/\/www.yoolabox.com\/index.php\/produit\/a-perfect-circle-mardi-07-juillet-2026-zenith-paris-la-villette\/#primaryimage\"},\"thumbnailUrl\":\"https:\/\/www.yoolabox.com\/wp-content\/uploads\/2026\/03\/A-PERFECT-CIRCLE-MARDI-07-JUILLET-2026-Zenith-Paris-La-Villette.png\",\"datePublished\":\"2025-11-28T10:00:52+00:00\",\"dateModified\":\"2026-03-20T11:37:07+00:00\",\"breadcrumb\":{\"@id\":\"https:\/\/www.yoolabox.com\/index.php\/produit\/a-perfect-circle-mardi-07-juillet-2026-zenith-paris-la-villette\/#breadcrumb\"},\"inLanguage\":\"fr-FR\",\"potentialAction\":[{\"@type\":\"ReadAction\",\"target\":[\"https:\/\/www.yoolabox.com\/index.php\/produit\/a-perfect-circle-mardi-07-juillet-2026-zenith-paris-la-villette\/\"]}]},{\"@type\":\"ImageObject\",\"inLanguage\":\"fr-FR\",\"@id\":\"https:\/\/www.yoolabox.com\/index.php\/produit\/a-perfect-circle-mardi-07-juillet-2026-zenith-paris-la-villette\/#primaryimage\",\"url\":\"https:\/\/www.yoolabox.com\/wp-content\/uploads\/2026\/03\/A-PERFECT-CIRCLE-MARDI-07-JUILLET-2026-Zenith-Paris-La-Villette.png\",\"contentUrl\":\"https:\/\/www.yoolabox.com\/wp-content\/uploads\/2026\/03\/A-PERFECT-CIRCLE-MARDI-07-JUILLET-2026-Zenith-Paris-La-Villette.png\",\"width\":600,\"height\":738},{\"@type\":\"BreadcrumbList\",\"@id\":\"https:\/\/www.yoolabox.com\/index.php\/produit\/a-perfect-circle-mardi-07-juillet-2026-zenith-paris-la-villette\/#breadcrumb\",\"itemListElement\":[{\"@type\":\"ListItem\",\"position\":1,\"name\":\"Home\",\"item\":\"https:\/\/www.yoolabox.com\/\"},{\"@type\":\"ListItem\",\"position\":2,\"name\":\"Shop\",\"item\":\"https:\/\/www.yoolabox.com\/index.php\/shop\/\"},{\"@type\":\"ListItem\",\"position\":3,\"name\":\"A PERFECT CIRCLE &#8211; MARDI 07 JUILLET 2026 &#8211; Z\u00e9nith Paris &#8211; La Villette\"}]},{\"@type\":\"WebSite\",\"@id\":\"https:\/\/www.yoolabox.com\/#website\",\"url\":\"https:\/\/www.yoolabox.com\/\",\"name\":\"Yoolabox.com\",\"description\":\"La billetterie accessible \u00e0 tous\",\"publisher\":{\"@id\":\"https:\/\/www.yoolabox.com\/#organization\"},\"potentialAction\":[{\"@type\":\"SearchAction\",\"target\":{\"@type\":\"EntryPoint\",\"urlTemplate\":\"https:\/\/www.yoolabox.com\/?s={search_term_string}\"},\"query-input\":{\"@type\":\"PropertyValueSpecification\",\"valueRequired\":true,\"valueName\":\"search_term_string\"}}],\"inLanguage\":\"fr-FR\"},{\"@type\":\"Organization\",\"@id\":\"https:\/\/www.yoolabox.com\/#organization\",\"name\":\"Yoolabox.com\",\"url\":\"https:\/\/www.yoolabox.com\/\",\"logo\":{\"@type\":\"ImageObject\",\"inLanguage\":\"fr-FR\",\"@id\":\"https:\/\/www.yoolabox.com\/#\/schema\/logo\/image\/\",\"url\":\"https:\/\/www.yoolabox.com\/wp-content\/uploads\/2019\/11\/cropped-Logo_web.jpg\",\"contentUrl\":\"https:\/\/www.yoolabox.com\/wp-content\/uploads\/2019\/11\/cropped-Logo_web.jpg\",\"width\":300,\"height\":100,\"caption\":\"Yoolabox.com\"},\"image\":{\"@id\":\"https:\/\/www.yoolabox.com\/#\/schema\/logo\/image\/\"}}]}<\/script>\n<!-- \/ Yoast SEO plugin. -->","yoast_head_json":{"title":"A PERFECT CIRCLE - MARDI 07 JUILLET 2026 - Z\u00e9nith Paris - La Villette - Yoolabox.com","robots":{"index":"index","follow":"follow","max-snippet":"max-snippet:-1","max-image-preview":"max-image-preview:large","max-video-preview":"max-video-preview:-1"},"canonical":"https:\/\/www.yoolabox.com\/index.php\/produit\/a-perfect-circle-mardi-07-juillet-2026-zenith-paris-la-villette\/","twitter_card":"summary_large_image","twitter_title":"A PERFECT CIRCLE - MARDI 07 JUILLET 2026 - Z\u00e9nith Paris - La Villette - Yoolabox.com","twitter_description":"A PERFECT CIRCLE Mardi 07 juillet 2026 - 19:30 Zenith Paris - La Villette  Form\u00e9 en 1999 par Billy Howerdel et Maynard James Keenan, A Perfect Circle s\u2019est impos\u00e9 comme l\u2019un des projets les plus singuliers et influents du rock alternatif contemporain. Leur premier album, \u00ab Mer de Noms \u00bb sorti en 2000, a marqu\u00e9 l\u2019histoire en devenant le premier album rock \u00e0 atteindre un classement aussi \u00e9lev\u00e9 d\u00e8s sa sortie, port\u00e9 par les titres embl\u00e9matiques \u00ab Judith \u00bb et \u00ab 3 Libras \u00bb.  Au fil de plus de vingt-cinq ans de carri\u00e8re, le groupe a enrichi son univers avec trois albums majeurs : \u00ab Thirteenth Step \u00bb en 2003, \u00ab eMOTIVe \u00bb en 2004, puis \u00ab Eat the Elephant \u00bb en 2018, qui a d\u00e9but\u00e9 \u00e0 la troisi\u00e8me place du Billboard 200 et s\u2019est hiss\u00e9 en t\u00eate du Billboard Rock Albums chart. Leur signature artistique, m\u00e9lange de m\u00e9lodies en clair-obscur, de tensions \u00e9lectriques et d\u2019une sensibilit\u00e9 presque cin\u00e9matographique, leur a valu une fid\u00e9lit\u00e9 rare du public.  Le groupe fera son grand retour en France avec un concert au Z\u00e9nith de Paris le 7 juillet, une date tr\u00e8s attendue pour replonger dans leur univers hypnotique et puissant.  &nbsp;","twitter_image":"https:\/\/www.yoolabox.com\/wp-content\/uploads\/2026\/03\/A-PERFECT-CIRCLE-MARDI-07-JUILLET-2026-Zenith-Paris-La-Villette.png","twitter_misc":{"Dur\u00e9e de lecture estim\u00e9e":"2 minutes"},"schema":{"@context":"https:\/\/schema.org","@graph":[{"@type":"WebPage","@id":"https:\/\/www.yoolabox.com\/index.php\/produit\/a-perfect-circle-mardi-07-juillet-2026-zenith-paris-la-villette\/","url":"https:\/\/www.yoolabox.com\/index.php\/produit\/a-perfect-circle-mardi-07-juillet-2026-zenith-paris-la-villette\/","name":"A PERFECT CIRCLE - MARDI 07 JUILLET 2026 - Z\u00e9nith Paris - La Villette - Yoolabox.com","isPartOf":{"@id":"https:\/\/www.yoolabox.com\/#website"},"primaryImageOfPage":{"@id":"https:\/\/www.yoolabox.com\/index.php\/produit\/a-perfect-circle-mardi-07-juillet-2026-zenith-paris-la-villette\/#primaryimage"},"image":{"@id":"https:\/\/www.yoolabox.com\/index.php\/produit\/a-perfect-circle-mardi-07-juillet-2026-zenith-paris-la-villette\/#primaryimage"},"thumbnailUrl":"https:\/\/www.yoolabox.com\/wp-content\/uploads\/2026\/03\/A-PERFECT-CIRCLE-MARDI-07-JUILLET-2026-Zenith-Paris-La-Villette.png","datePublished":"2025-11-28T10:00:52+00:00","dateModified":"2026-03-20T11:37:07+00:00","breadcrumb":{"@id":"https:\/\/www.yoolabox.com\/index.php\/produit\/a-perfect-circle-mardi-07-juillet-2026-zenith-paris-la-villette\/#breadcrumb"},"inLanguage":"fr-FR","potentialAction":[{"@type":"ReadAction","target":["https:\/\/www.yoolabox.com\/index.php\/produit\/a-perfect-circle-mardi-07-juillet-2026-zenith-paris-la-villette\/"]}]},{"@type":"ImageObject","inLanguage":"fr-FR","@id":"https:\/\/www.yoolabox.com\/index.php\/produit\/a-perfect-circle-mardi-07-juillet-2026-zenith-paris-la-villette\/#primaryimage","url":"https:\/\/www.yoolabox.com\/wp-content\/uploads\/2026\/03\/A-PERFECT-CIRCLE-MARDI-07-JUILLET-2026-Zenith-Paris-La-Villette.png","contentUrl":"https:\/\/www.yoolabox.com\/wp-content\/uploads\/2026\/03\/A-PERFECT-CIRCLE-MARDI-07-JUILLET-2026-Zenith-Paris-La-Villette.png","width":600,"height":738},{"@type":"BreadcrumbList","@id":"https:\/\/www.yoolabox.com\/index.php\/produit\/a-perfect-circle-mardi-07-juillet-2026-zenith-paris-la-villette\/#breadcrumb","itemListElement":[{"@type":"ListItem","position":1,"name":"Home","item":"https:\/\/www.yoolabox.com\/"},{"@type":"ListItem","position":2,"name":"Shop","item":"https:\/\/www.yoolabox.com\/index.php\/shop\/"},{"@type":"ListItem","position":3,"name":"A PERFECT CIRCLE &#8211; MARDI 07 JUILLET 2026 &#8211; Z\u00e9nith Paris &#8211; La Villette"}]},{"@type":"WebSite","@id":"https:\/\/www.yoolabox.com\/#website","url":"https:\/\/www.yoolabox.com\/","name":"Yoolabox.com","description":"La billetterie accessible \u00e0 tous","publisher":{"@id":"https:\/\/www.yoolabox.com\/#organization"},"potentialAction":[{"@type":"SearchAction","target":{"@type":"EntryPoint","urlTemplate":"https:\/\/www.yoolabox.com\/?s={search_term_string}"},"query-input":{"@type":"PropertyValueSpecification","valueRequired":true,"valueName":"search_term_string"}}],"inLanguage":"fr-FR"},{"@type":"Organization","@id":"https:\/\/www.yoolabox.com\/#organization","name":"Yoolabox.com","url":"https:\/\/www.yoolabox.com\/","logo":{"@type":"ImageObject","inLanguage":"fr-FR","@id":"https:\/\/www.yoolabox.com\/#\/schema\/logo\/image\/","url":"https:\/\/www.yoolabox.com\/wp-content\/uploads\/2019\/11\/cropped-Logo_web.jpg","contentUrl":"https:\/\/www.yoolabox.com\/wp-content\/uploads\/2019\/11\/cropped-Logo_web.jpg","width":300,"height":100,"caption":"Yoolabox.com"},"image":{"@id":"https:\/\/www.yoolabox.com\/#\/schema\/logo\/image\/"}}]}},"publishpress_future_action":{"enabled":false,"date":"2026-04-24 11:54:58","action":"change-status","newStatus":"draft","terms":[],"taxonomy":"product_cat","extraData":[]},"publishpress_future_workflow_manual_trigger":{"enabledWorkflows":[]},"_links":{"self":[{"href":"https:\/\/www.yoolabox.com\/index.php\/wp-json\/wp\/v2\/product\/142984","targetHints":{"allow":["GET"]}}],"collection":[{"href":"https:\/\/www.yoolabox.com\/index.php\/wp-json\/wp\/v2\/product"}],"about":[{"href":"https:\/\/www.yoolabox.com\/index.php\/wp-json\/wp\/v2\/types\/product"}],"author":[{"embeddable":true,"href":"https:\/\/www.yoolabox.com\/index.php\/wp-json\/wp\/v2\/users\/4259"}],"version-history":[{"count":0,"href":"https:\/\/www.yoolabox.com\/index.php\/wp-json\/wp\/v2\/product\/142984\/revisions"}],"wp:featuredmedia":[{"embeddable":true,"href":"https:\/\/www.yoolabox.com\/index.php\/wp-json\/wp\/v2\/media\/147384"}],"wp:attachment":[{"href":"https:\/\/www.yoolabox.com\/index.php\/wp-json\/wp\/v2\/media?parent=142984"}],"wp:term":[{"taxonomy":"product_brand","embeddable":true,"href":"https:\/\/www.yoolabox.com\/index.php\/wp-json\/wp\/v2\/product_brand?post=142984"},{"taxonomy":"product_cat","embeddable":true,"href":"https:\/\/www.yoolabox.com\/index.php\/wp-json\/wp\/v2\/product_cat?post=142984"},{"taxonomy":"product_tag","embeddable":true,"href":"https:\/\/www.yoolabox.com\/index.php\/wp-json\/wp\/v2\/product_tag?post=142984"}],"curies":[{"name":"wp","href":"https:\/\/api.w.org\/{rel}","templated":true}]}}