{"id":142615,"date":"2025-11-17T08:03:18","date_gmt":"2025-11-17T07:03:18","guid":{"rendered":"https:\/\/www.yoolabox.com\/?post_type=product&#038;p=142615"},"modified":"2026-04-08T22:44:03","modified_gmt":"2026-04-08T20:44:03","slug":"thea-vendredi-19-mars-2027-zenith-paris-la-villette","status":"publish","type":"product","link":"https:\/\/www.yoolabox.com\/index.php\/produit\/thea-vendredi-19-mars-2027-zenith-paris-la-villette\/","title":{"rendered":"THEA &#8211; VENDREDI 19 MARS 2027 &#8211; Z\u00e9nith Paris &#8211; La Villette"},"content":{"rendered":"<h1>THEA<\/h1>\n<h3><strong>Vendredi 19 mars 2027 &#8211; 20:00<\/strong><\/h3>\n<p><em><strong>Zenith Paris &#8211; La Villette<\/strong><\/em><\/p>\n<p>TH\u00c9A et son emo-core r\u00e9volt\u00e9 transforment les affres d\u2019une g\u00e9n\u00e9ration en f\u00eate insolente, f\u00e9d\u00e9ratrice et jouissive. Des textes sensibles et visc\u00e9raux, port\u00e9s par une grande bacchanale pop-punk-hyperpop. Son projet raconte le chaos que vit une jeune fille queer dans ses relations, sa sant\u00e9 mentale et les syst\u00e8mes oppressifs qui l\u2019entourent. Une claque dansante et renversante !<\/p>\n<p>Apr\u00e8s avoir rempli La Maroquinerie, La Cigale &amp; L\u2019Olympia en un temps record, retrouvez-la pour un concert exceptionnel au Z\u00e9nith Paris &#8211; La Villette le 19 mars 2027.<\/p>\n<p>&nbsp;<\/p>\n","protected":false},"excerpt":{"rendered":"<h1>THEA<\/h1>\n<h3><strong>Vendredi 19 mars 2027 &#8211; 20:00<\/strong><\/h3>\n<p><em><strong>Zenith Paris &#8211; La Villette<\/strong><\/em><\/p>\n<p>TH\u00c9A et son emo-core r\u00e9volt\u00e9 transforment les affres d\u2019une g\u00e9n\u00e9ration en f\u00eate insolente, f\u00e9d\u00e9ratrice et jouissive. Des textes sensibles et visc\u00e9raux, port\u00e9s par une grande bacchanale pop-punk-hyperpop. Son projet raconte le chaos que vit une jeune fille queer dans ses relations, sa sant\u00e9 mentale et les syst\u00e8mes oppressifs qui l\u2019entourent. Une claque dansante et renversante !<\/p>\n<p>Apr\u00e8s avoir rempli La Maroquinerie, La Cigale &amp; L\u2019Olympia en un temps record, retrouvez-la pour un concert exceptionnel au Z\u00e9nith Paris &#8211; La Villette le 19 mars 2027.<\/p>\n<p>&nbsp;<\/p>\n","protected":false},"author":4259,"featured_media":147388,"template":"","meta":{"_acf_changed":false},"product_brand":[],"product_cat":[815,817,55,1314,818,160,1316,161,1132,2311,2312],"product_tag":[2313],"class_list":{"0":"post-142615","1":"product","2":"type-product","3":"status-publish","4":"has-post-thumbnail","6":"product_cat-handicap","7":"product_cat-boucle-magnetique","8":"product_cat-concert","9":"product_cat-emplacement-adapte","10":"product_cat-fauteuil-roulant","11":"product_cat-ile-de-france","12":"product_cat-accessible-naturellement-malvoyant","13":"product_cat-region","14":"product_cat-salles","15":"product_cat-zenith-paris","16":"product_cat-zenith-paris-salles","17":"product_tag-zenith-paris","18":"pa_categorie-accompagnateur-pmr-fauteuil-gradin-porte-c","19":"pa_categorie-accompagnateur-pmr-fauteuil-gradin-porte-d","20":"pa_categorie-accompagnateur-pmr-fauteuil-gradin-porte-e","21":"pa_categorie-accompagnateur-pmr-fauteuil-gradin-porte-f","22":"pa_categorie-accompagnateur-psh-marchant-gradin-porte-g","23":"pa_categorie-pmr-fauteuil-gradin-porte-c","24":"pa_categorie-pmr-fauteuil-gradin-porte-d","25":"pa_categorie-pmr-fauteuil-gradin-porte-e","26":"pa_categorie-pmr-fauteuil-gradin-porte-f","27":"pa_categorie-psh-marchant-gradin-porte-g","28":"product-custom-label-billetterie-officielle","29":"product-custom-label-ebillet","30":"product-custom-label-emplacement-fauteuil","31":"product-custom-label-handicap-mental","32":"product-custom-label-mal-voyant","33":"product-custom-label-surdite","34":"badges-style-3","36":"first","37":"instock","38":"shipping-taxable","39":"purchasable","40":"product-type-variable"},"acf":[],"yoast_head":"<!-- This site is optimized with the Yoast SEO plugin v27.2 - https:\/\/yoast.com\/product\/yoast-seo-wordpress\/ -->\n<title>THEA - VENDREDI 19 MARS 2027 - Z\u00e9nith Paris - La Villette - Yoolabox.com<\/title>\n<meta name=\"robots\" content=\"index, follow, max-snippet:-1, max-image-preview:large, max-video-preview:-1\" \/>\n<link rel=\"canonical\" href=\"https:\/\/www.yoolabox.com\/index.php\/produit\/thea-vendredi-19-mars-2027-zenith-paris-la-villette\/\" \/>\n<meta name=\"twitter:card\" content=\"summary_large_image\" \/>\n<meta name=\"twitter:title\" content=\"THEA - VENDREDI 19 MARS 2027 - Z\u00e9nith Paris - La Villette - Yoolabox.com\" \/>\n<meta name=\"twitter:description\" content=\"THEA Vendredi 19 mars 2027 - 20:00 Zenith Paris - La Villette  TH\u00c9A et son emo-core r\u00e9volt\u00e9 transforment les affres d\u2019une g\u00e9n\u00e9ration en f\u00eate insolente, f\u00e9d\u00e9ratrice et jouissive. Des textes sensibles et visc\u00e9raux, port\u00e9s par une grande bacchanale pop-punk-hyperpop. Son projet raconte le chaos que vit une jeune fille queer dans ses relations, sa sant\u00e9 mentale et les syst\u00e8mes oppressifs qui l\u2019entourent. Une claque dansante et renversante !  Apr\u00e8s avoir rempli La Maroquinerie, La Cigale &amp; L\u2019Olympia en un temps record, retrouvez-la pour un concert exceptionnel au Z\u00e9nith Paris - La Villette le 19 mars 2027.  &nbsp;\" \/>\n<meta name=\"twitter:image\" content=\"https:\/\/www.yoolabox.com\/wp-content\/uploads\/2026\/03\/THEA-VENDREDI-19-MARS-2027-Zenith-Paris-La-VilletteTHEA-\u2013-VENDREDI-19-MARS-2027-\u2013-Zenith-Paris-\u2013-La-Villette.png\" \/>\n<meta name=\"twitter:label1\" content=\"Dur\u00e9e de lecture estim\u00e9e\" \/>\n\t<meta name=\"twitter:data1\" content=\"1 minute\" \/>\n<script type=\"application\/ld+json\" class=\"yoast-schema-graph\">{\"@context\":\"https:\/\/schema.org\",\"@graph\":[{\"@type\":\"WebPage\",\"@id\":\"https:\/\/www.yoolabox.com\/index.php\/produit\/thea-vendredi-19-mars-2027-zenith-paris-la-villette\/\",\"url\":\"https:\/\/www.yoolabox.com\/index.php\/produit\/thea-vendredi-19-mars-2027-zenith-paris-la-villette\/\",\"name\":\"THEA - VENDREDI 19 MARS 2027 - Z\u00e9nith Paris - La Villette - Yoolabox.com\",\"isPartOf\":{\"@id\":\"https:\/\/www.yoolabox.com\/#website\"},\"primaryImageOfPage\":{\"@id\":\"https:\/\/www.yoolabox.com\/index.php\/produit\/thea-vendredi-19-mars-2027-zenith-paris-la-villette\/#primaryimage\"},\"image\":{\"@id\":\"https:\/\/www.yoolabox.com\/index.php\/produit\/thea-vendredi-19-mars-2027-zenith-paris-la-villette\/#primaryimage\"},\"thumbnailUrl\":\"https:\/\/www.yoolabox.com\/wp-content\/uploads\/2026\/03\/THEA-VENDREDI-19-MARS-2027-Zenith-Paris-La-VilletteTHEA-\u2013-VENDREDI-19-MARS-2027-\u2013-Zenith-Paris-\u2013-La-Villette.png\",\"datePublished\":\"2025-11-17T07:03:18+00:00\",\"dateModified\":\"2026-04-08T20:44:03+00:00\",\"breadcrumb\":{\"@id\":\"https:\/\/www.yoolabox.com\/index.php\/produit\/thea-vendredi-19-mars-2027-zenith-paris-la-villette\/#breadcrumb\"},\"inLanguage\":\"fr-FR\",\"potentialAction\":[{\"@type\":\"ReadAction\",\"target\":[\"https:\/\/www.yoolabox.com\/index.php\/produit\/thea-vendredi-19-mars-2027-zenith-paris-la-villette\/\"]}]},{\"@type\":\"ImageObject\",\"inLanguage\":\"fr-FR\",\"@id\":\"https:\/\/www.yoolabox.com\/index.php\/produit\/thea-vendredi-19-mars-2027-zenith-paris-la-villette\/#primaryimage\",\"url\":\"https:\/\/www.yoolabox.com\/wp-content\/uploads\/2026\/03\/THEA-VENDREDI-19-MARS-2027-Zenith-Paris-La-VilletteTHEA-\u2013-VENDREDI-19-MARS-2027-\u2013-Zenith-Paris-\u2013-La-Villette.png\",\"contentUrl\":\"https:\/\/www.yoolabox.com\/wp-content\/uploads\/2026\/03\/THEA-VENDREDI-19-MARS-2027-Zenith-Paris-La-VilletteTHEA-\u2013-VENDREDI-19-MARS-2027-\u2013-Zenith-Paris-\u2013-La-Villette.png\",\"width\":600,\"height\":738},{\"@type\":\"BreadcrumbList\",\"@id\":\"https:\/\/www.yoolabox.com\/index.php\/produit\/thea-vendredi-19-mars-2027-zenith-paris-la-villette\/#breadcrumb\",\"itemListElement\":[{\"@type\":\"ListItem\",\"position\":1,\"name\":\"Home\",\"item\":\"https:\/\/www.yoolabox.com\/\"},{\"@type\":\"ListItem\",\"position\":2,\"name\":\"Shop\",\"item\":\"https:\/\/www.yoolabox.com\/index.php\/shop\/\"},{\"@type\":\"ListItem\",\"position\":3,\"name\":\"THEA &#8211; VENDREDI 19 MARS 2027 &#8211; Z\u00e9nith Paris &#8211; La Villette\"}]},{\"@type\":\"WebSite\",\"@id\":\"https:\/\/www.yoolabox.com\/#website\",\"url\":\"https:\/\/www.yoolabox.com\/\",\"name\":\"Yoolabox.com\",\"description\":\"La billetterie accessible \u00e0 tous\",\"publisher\":{\"@id\":\"https:\/\/www.yoolabox.com\/#organization\"},\"potentialAction\":[{\"@type\":\"SearchAction\",\"target\":{\"@type\":\"EntryPoint\",\"urlTemplate\":\"https:\/\/www.yoolabox.com\/?s={search_term_string}\"},\"query-input\":{\"@type\":\"PropertyValueSpecification\",\"valueRequired\":true,\"valueName\":\"search_term_string\"}}],\"inLanguage\":\"fr-FR\"},{\"@type\":\"Organization\",\"@id\":\"https:\/\/www.yoolabox.com\/#organization\",\"name\":\"Yoolabox.com\",\"url\":\"https:\/\/www.yoolabox.com\/\",\"logo\":{\"@type\":\"ImageObject\",\"inLanguage\":\"fr-FR\",\"@id\":\"https:\/\/www.yoolabox.com\/#\/schema\/logo\/image\/\",\"url\":\"https:\/\/www.yoolabox.com\/wp-content\/uploads\/2019\/11\/cropped-Logo_web.jpg\",\"contentUrl\":\"https:\/\/www.yoolabox.com\/wp-content\/uploads\/2019\/11\/cropped-Logo_web.jpg\",\"width\":300,\"height\":100,\"caption\":\"Yoolabox.com\"},\"image\":{\"@id\":\"https:\/\/www.yoolabox.com\/#\/schema\/logo\/image\/\"}}]}<\/script>\n<!-- \/ Yoast SEO plugin. -->","yoast_head_json":{"title":"THEA - VENDREDI 19 MARS 2027 - Z\u00e9nith Paris - La Villette - Yoolabox.com","robots":{"index":"index","follow":"follow","max-snippet":"max-snippet:-1","max-image-preview":"max-image-preview:large","max-video-preview":"max-video-preview:-1"},"canonical":"https:\/\/www.yoolabox.com\/index.php\/produit\/thea-vendredi-19-mars-2027-zenith-paris-la-villette\/","twitter_card":"summary_large_image","twitter_title":"THEA - VENDREDI 19 MARS 2027 - Z\u00e9nith Paris - La Villette - Yoolabox.com","twitter_description":"THEA Vendredi 19 mars 2027 - 20:00 Zenith Paris - La Villette  TH\u00c9A et son emo-core r\u00e9volt\u00e9 transforment les affres d\u2019une g\u00e9n\u00e9ration en f\u00eate insolente, f\u00e9d\u00e9ratrice et jouissive. Des textes sensibles et visc\u00e9raux, port\u00e9s par une grande bacchanale pop-punk-hyperpop. Son projet raconte le chaos que vit une jeune fille queer dans ses relations, sa sant\u00e9 mentale et les syst\u00e8mes oppressifs qui l\u2019entourent. Une claque dansante et renversante !  Apr\u00e8s avoir rempli La Maroquinerie, La Cigale &amp; L\u2019Olympia en un temps record, retrouvez-la pour un concert exceptionnel au Z\u00e9nith Paris - La Villette le 19 mars 2027.  &nbsp;","twitter_image":"https:\/\/www.yoolabox.com\/wp-content\/uploads\/2026\/03\/THEA-VENDREDI-19-MARS-2027-Zenith-Paris-La-VilletteTHEA-\u2013-VENDREDI-19-MARS-2027-\u2013-Zenith-Paris-\u2013-La-Villette.png","twitter_misc":{"Dur\u00e9e de lecture estim\u00e9e":"1 minute"},"schema":{"@context":"https:\/\/schema.org","@graph":[{"@type":"WebPage","@id":"https:\/\/www.yoolabox.com\/index.php\/produit\/thea-vendredi-19-mars-2027-zenith-paris-la-villette\/","url":"https:\/\/www.yoolabox.com\/index.php\/produit\/thea-vendredi-19-mars-2027-zenith-paris-la-villette\/","name":"THEA - VENDREDI 19 MARS 2027 - Z\u00e9nith Paris - La Villette - Yoolabox.com","isPartOf":{"@id":"https:\/\/www.yoolabox.com\/#website"},"primaryImageOfPage":{"@id":"https:\/\/www.yoolabox.com\/index.php\/produit\/thea-vendredi-19-mars-2027-zenith-paris-la-villette\/#primaryimage"},"image":{"@id":"https:\/\/www.yoolabox.com\/index.php\/produit\/thea-vendredi-19-mars-2027-zenith-paris-la-villette\/#primaryimage"},"thumbnailUrl":"https:\/\/www.yoolabox.com\/wp-content\/uploads\/2026\/03\/THEA-VENDREDI-19-MARS-2027-Zenith-Paris-La-VilletteTHEA-\u2013-VENDREDI-19-MARS-2027-\u2013-Zenith-Paris-\u2013-La-Villette.png","datePublished":"2025-11-17T07:03:18+00:00","dateModified":"2026-04-08T20:44:03+00:00","breadcrumb":{"@id":"https:\/\/www.yoolabox.com\/index.php\/produit\/thea-vendredi-19-mars-2027-zenith-paris-la-villette\/#breadcrumb"},"inLanguage":"fr-FR","potentialAction":[{"@type":"ReadAction","target":["https:\/\/www.yoolabox.com\/index.php\/produit\/thea-vendredi-19-mars-2027-zenith-paris-la-villette\/"]}]},{"@type":"ImageObject","inLanguage":"fr-FR","@id":"https:\/\/www.yoolabox.com\/index.php\/produit\/thea-vendredi-19-mars-2027-zenith-paris-la-villette\/#primaryimage","url":"https:\/\/www.yoolabox.com\/wp-content\/uploads\/2026\/03\/THEA-VENDREDI-19-MARS-2027-Zenith-Paris-La-VilletteTHEA-\u2013-VENDREDI-19-MARS-2027-\u2013-Zenith-Paris-\u2013-La-Villette.png","contentUrl":"https:\/\/www.yoolabox.com\/wp-content\/uploads\/2026\/03\/THEA-VENDREDI-19-MARS-2027-Zenith-Paris-La-VilletteTHEA-\u2013-VENDREDI-19-MARS-2027-\u2013-Zenith-Paris-\u2013-La-Villette.png","width":600,"height":738},{"@type":"BreadcrumbList","@id":"https:\/\/www.yoolabox.com\/index.php\/produit\/thea-vendredi-19-mars-2027-zenith-paris-la-villette\/#breadcrumb","itemListElement":[{"@type":"ListItem","position":1,"name":"Home","item":"https:\/\/www.yoolabox.com\/"},{"@type":"ListItem","position":2,"name":"Shop","item":"https:\/\/www.yoolabox.com\/index.php\/shop\/"},{"@type":"ListItem","position":3,"name":"THEA &#8211; VENDREDI 19 MARS 2027 &#8211; Z\u00e9nith Paris &#8211; La Villette"}]},{"@type":"WebSite","@id":"https:\/\/www.yoolabox.com\/#website","url":"https:\/\/www.yoolabox.com\/","name":"Yoolabox.com","description":"La billetterie accessible \u00e0 tous","publisher":{"@id":"https:\/\/www.yoolabox.com\/#organization"},"potentialAction":[{"@type":"SearchAction","target":{"@type":"EntryPoint","urlTemplate":"https:\/\/www.yoolabox.com\/?s={search_term_string}"},"query-input":{"@type":"PropertyValueSpecification","valueRequired":true,"valueName":"search_term_string"}}],"inLanguage":"fr-FR"},{"@type":"Organization","@id":"https:\/\/www.yoolabox.com\/#organization","name":"Yoolabox.com","url":"https:\/\/www.yoolabox.com\/","logo":{"@type":"ImageObject","inLanguage":"fr-FR","@id":"https:\/\/www.yoolabox.com\/#\/schema\/logo\/image\/","url":"https:\/\/www.yoolabox.com\/wp-content\/uploads\/2019\/11\/cropped-Logo_web.jpg","contentUrl":"https:\/\/www.yoolabox.com\/wp-content\/uploads\/2019\/11\/cropped-Logo_web.jpg","width":300,"height":100,"caption":"Yoolabox.com"},"image":{"@id":"https:\/\/www.yoolabox.com\/#\/schema\/logo\/image\/"}}]}},"publishpress_future_action":{"enabled":false,"date":"2026-04-22 04:27:03","action":"change-status","newStatus":"draft","terms":[],"taxonomy":"product_cat","extraData":[]},"publishpress_future_workflow_manual_trigger":{"enabledWorkflows":[]},"_links":{"self":[{"href":"https:\/\/www.yoolabox.com\/index.php\/wp-json\/wp\/v2\/product\/142615","targetHints":{"allow":["GET"]}}],"collection":[{"href":"https:\/\/www.yoolabox.com\/index.php\/wp-json\/wp\/v2\/product"}],"about":[{"href":"https:\/\/www.yoolabox.com\/index.php\/wp-json\/wp\/v2\/types\/product"}],"author":[{"embeddable":true,"href":"https:\/\/www.yoolabox.com\/index.php\/wp-json\/wp\/v2\/users\/4259"}],"version-history":[{"count":0,"href":"https:\/\/www.yoolabox.com\/index.php\/wp-json\/wp\/v2\/product\/142615\/revisions"}],"wp:featuredmedia":[{"embeddable":true,"href":"https:\/\/www.yoolabox.com\/index.php\/wp-json\/wp\/v2\/media\/147388"}],"wp:attachment":[{"href":"https:\/\/www.yoolabox.com\/index.php\/wp-json\/wp\/v2\/media?parent=142615"}],"wp:term":[{"taxonomy":"product_brand","embeddable":true,"href":"https:\/\/www.yoolabox.com\/index.php\/wp-json\/wp\/v2\/product_brand?post=142615"},{"taxonomy":"product_cat","embeddable":true,"href":"https:\/\/www.yoolabox.com\/index.php\/wp-json\/wp\/v2\/product_cat?post=142615"},{"taxonomy":"product_tag","embeddable":true,"href":"https:\/\/www.yoolabox.com\/index.php\/wp-json\/wp\/v2\/product_tag?post=142615"}],"curies":[{"name":"wp","href":"https:\/\/api.w.org\/{rel}","templated":true}]}}