{"id":142552,"date":"2025-11-17T07:15:16","date_gmt":"2025-11-17T06:15:16","guid":{"rendered":"https:\/\/www.yoolabox.com\/?post_type=product&#038;p=142552"},"modified":"2026-04-01T01:37:01","modified_gmt":"2026-03-31T23:37:01","slug":"renaud-50-ans-de-carriere-zenith-paris-la-villette","status":"publish","type":"product","link":"https:\/\/www.yoolabox.com\/index.php\/produit\/renaud-50-ans-de-carriere-zenith-paris-la-villette\/","title":{"rendered":"Renaud 50 ans de carri\u00e8re &#8211; Z\u00e9nith Paris La Villette"},"content":{"rendered":"<h1>Renaud 50 ans de carri\u00e8re<\/h1>\n<h3>Z\u00e9nith Paris La Villette<\/h3>\n<p class=\"xwordsection1\">Jeudi 14 mai 2026 : 20H00<\/p>\n<p class=\"xwordsection1\"><span lang=\"IT\">Vendredi 15 mai 2026<\/span><span lang=\"IT\"> : 20H00<\/span><\/p>\n<p class=\"xwordsection1\"><span lang=\"IT\">Samedi 16 mai 2026<\/span><span lang=\"IT\"> : 20H00<\/span><\/p>\n<p><strong>1975 \u2013 2025\u00a0: cinquante ans, un jubil\u00e9. <\/strong><\/p>\n<p><strong>L\u2019occasion pour Renaud de f\u00eater l\u2019\u00e9v\u00e8nement sur sc\u00e8ne, entour\u00e9 de ses invit\u00e9s. Trois soir\u00e9es exceptionnelles au Z\u00e9nith Paris &#8211; La Villette les 14, 15 et 16 mai 2026, autour de ses plus grandes chansons, interpr\u00e9t\u00e9es par une trentaine d\u2019artistes, pour une r\u00e9trospective musicale de sa carri\u00e8re. <\/strong><\/p>\n<p><strong>Sur sc\u00e8ne le 14.05.2026<\/strong><\/p>\n<p>Renaud, Jean-Louis Aubert, Francis Cabrel, Cali, Beno\u00eet Dor\u00e9mus, \u00c9lodie Fr\u00e9g\u00e9, Le\u00efla Huissoud, Claire Keim,\u00a0Emily Loizeau, Renan Luce, Mentissa, Pascal Obispo, No\u00e9 Preszow, Axelle Red, Coline Rio, Jean-Paul Rouve, Olivia Ruiz, Gauvain Sers, Alain Souchon, Ours et Pierre Souchon, Anne Sila, Youssef Swatt\u2019s<\/p>\n<p><strong>Sur sc\u00e8ne le 15.05.2026<\/strong><\/p>\n<p>Renaud, Jean-Louis Aubert, Hugues Aufray, Francis Cabrel, Julien Clerc, Beno\u00eet Dor\u00e9mus, \u00c9lodie Fr\u00e9g\u00e9, Le\u00efla Huissoud, Hoshi, Claire Keim,\u00a0Emily Loizeau, Renan Luce, Mentissa, Pascal Obispo, No\u00e9 Preszow, Axelle Red, Coline Rio, Jean-Paul Rouve, Olivia Ruiz, Gauvain Sers, Anne Sila, Nicola Sirkis, Youssef Swatt\u2019s, Vianney<\/p>\n<p><strong>Sur sc\u00e8ne le 16.05.2026<\/strong><\/p>\n<p>Renaud, Jean-Louis Aubert, Hugues Aufray, B\u00e9nabar, Francis Cabrel, Cali, Beno\u00eet Dor\u00e9mus, \u00c9lodie Fr\u00e9g\u00e9, Le\u00efla Huissoud, Claire Keim,\u00a0Emily Loizeau, Renan Luce, Mentissa, Pascal Obispo, No\u00e9 Preszow, Axelle Red, Coline Rio, Jean-Paul Rouve, Gauvain Sers, Alain Souchon, Ours et Pierre Souchon, Youssef Swatt\u2019s, Vianney<\/p>\n","protected":false},"excerpt":{"rendered":"<h1>Renaud 50 ans de carri\u00e8re<\/h1>\n<h3>Z\u00e9nith Paris La Villette<\/h3>\n<p class=\"xwordsection1\">Jeudi 14 mai 2026 : 20H00<\/p>\n<p class=\"xwordsection1\"><span lang=\"IT\">Vendredi 15 mai 2026<\/span><span lang=\"IT\"> : 20H00<\/span><\/p>\n<p class=\"xwordsection1\"><span lang=\"IT\">Samedi 16 mai 2026<\/span><span lang=\"IT\"> : 20H00<\/span><\/p>\n<p><strong>1975 \u2013 2025\u00a0: cinquante ans, un jubil\u00e9. <\/strong><\/p>\n<p><strong>L\u2019occasion pour Renaud de f\u00eater l\u2019\u00e9v\u00e8nement sur sc\u00e8ne, entour\u00e9 de ses invit\u00e9s. Trois soir\u00e9es exceptionnelles au Z\u00e9nith Paris &#8211; La Villette les 14, 15 et 16 mai 2026, autour de ses plus grandes chansons, interpr\u00e9t\u00e9es par une trentaine d\u2019artistes, pour une r\u00e9trospective musicale de sa carri\u00e8re. <\/strong><\/p>\n<p><strong>Sur sc\u00e8ne le 14.05.2026<\/strong><\/p>\n<p>Renaud, Jean-Louis Aubert, Francis Cabrel, Cali, Beno\u00eet Dor\u00e9mus, \u00c9lodie Fr\u00e9g\u00e9, Le\u00efla Huissoud, Claire Keim,\u00a0Emily Loizeau, Renan Luce, Mentissa, Pascal Obispo, No\u00e9 Preszow, Axelle Red, Coline Rio, Jean-Paul Rouve, Olivia Ruiz, Gauvain Sers, Alain Souchon, Ours et Pierre Souchon, Anne Sila, Youssef Swatt\u2019s<\/p>\n<p><strong>Sur sc\u00e8ne le 15.05.2026<\/strong><\/p>\n<p>Renaud, Jean-Louis Aubert, Hugues Aufray, Francis Cabrel, Julien Clerc, Beno\u00eet Dor\u00e9mus, \u00c9lodie Fr\u00e9g\u00e9, Le\u00efla Huissoud, Hoshi, Claire Keim,\u00a0Emily Loizeau, Renan Luce, Mentissa, Pascal Obispo, No\u00e9 Preszow, Axelle Red, Coline Rio, Jean-Paul Rouve, Olivia Ruiz, Gauvain Sers, Anne Sila, Nicola Sirkis, Youssef Swatt\u2019s, Vianney<\/p>\n<p><strong>Sur sc\u00e8ne le 16.05.2026<\/strong><\/p>\n<p>Renaud, Jean-Louis Aubert, Hugues Aufray, B\u00e9nabar, Francis Cabrel, Cali, Beno\u00eet Dor\u00e9mus, \u00c9lodie Fr\u00e9g\u00e9, Le\u00efla Huissoud, Claire Keim,\u00a0Emily Loizeau, Renan Luce, Mentissa, Pascal Obispo, No\u00e9 Preszow, Axelle Red, Coline Rio, Jean-Paul Rouve, Gauvain Sers, Alain Souchon, Ours et Pierre Souchon, Youssef Swatt\u2019s, Vianney<\/p>\n","protected":false},"author":4259,"featured_media":147389,"template":"","meta":{"_acf_changed":false},"product_brand":[],"product_cat":[815,817,55,1314,818,160,1316,161,1132,2312,2311],"product_tag":[2943,2313],"class_list":{"0":"post-142552","1":"product","2":"type-product","3":"status-publish","4":"has-post-thumbnail","6":"product_cat-handicap","7":"product_cat-boucle-magnetique","8":"product_cat-concert","9":"product_cat-emplacement-adapte","10":"product_cat-fauteuil-roulant","11":"product_cat-ile-de-france","12":"product_cat-accessible-naturellement-malvoyant","13":"product_cat-region","14":"product_cat-salles","15":"product_cat-zenith-paris-salles","16":"product_cat-zenith-paris","17":"product_tag-vierge","18":"product_tag-zenith-paris","19":"pa_categorie-accompagnateur-pmr-fauteuil-parterre-porte-i","20":"pa_categorie-accompagnateur-pmr-fauteuil-parterre-porte-k","21":"pa_categorie-accompagnateur-pmr-fauteuil-parterre-porte-t","22":"pa_categorie-accompagnateur-pmr-fauteuil-parterre-porte-v","23":"pa_categorie-accompagnateur-psh-marchant","24":"pa_categorie-accompagnateur-psh-marchant-gradins-porte-g","25":"pa_categorie-pmr-fauteuil-parterre-porte-i","26":"pa_categorie-pmr-fauteuil-parterre-porte-k","27":"pa_categorie-pmr-fauteuil-parterre-porte-t","28":"pa_categorie-pmr-fauteuil-parterre-porte-v","29":"pa_categorie-psh-marchant","30":"product-custom-label-billetterie-officielle","31":"product-custom-label-ebillet","32":"product-custom-label-emplacement-fauteuil","33":"product-custom-label-handicap-mental","34":"product-custom-label-mal-voyant","35":"product-custom-label-surdite","36":"badges-style-3","38":"first","39":"instock","40":"shipping-taxable","41":"purchasable","42":"product-type-variable"},"acf":[],"yoast_head":"<!-- This site is optimized with the Yoast SEO plugin v27.2 - https:\/\/yoast.com\/product\/yoast-seo-wordpress\/ -->\n<title>Renaud 50 ans de carri\u00e8re - Z\u00e9nith Paris La Villette - Yoolabox.com<\/title>\n<meta name=\"robots\" content=\"index, follow, max-snippet:-1, max-image-preview:large, max-video-preview:-1\" \/>\n<link rel=\"canonical\" href=\"https:\/\/www.yoolabox.com\/index.php\/produit\/renaud-50-ans-de-carriere-zenith-paris-la-villette\/\" \/>\n<meta name=\"twitter:card\" content=\"summary_large_image\" \/>\n<meta name=\"twitter:title\" content=\"Renaud 50 ans de carri\u00e8re - Z\u00e9nith Paris La Villette - Yoolabox.com\" \/>\n<meta name=\"twitter:description\" content=\"Renaud 50 ans de carri\u00e8re Z\u00e9nith Paris La Villette Jeudi 14 mai 2026 : 20H00 Vendredi 15 mai 2026 : 20H00 Samedi 16 mai 2026 : 20H00 1975 \u2013 2025\u00a0: cinquante ans, un jubil\u00e9.   L\u2019occasion pour Renaud de f\u00eater l\u2019\u00e9v\u00e8nement sur sc\u00e8ne, entour\u00e9 de ses invit\u00e9s. Trois soir\u00e9es exceptionnelles au Z\u00e9nith Paris - La Villette les 14, 15 et 16 mai 2026, autour de ses plus grandes chansons, interpr\u00e9t\u00e9es par une trentaine d\u2019artistes, pour une r\u00e9trospective musicale de sa carri\u00e8re.   Sur sc\u00e8ne le 14.05.2026  Renaud, Jean-Louis Aubert, Francis Cabrel, Cali, Beno\u00eet Dor\u00e9mus, \u00c9lodie Fr\u00e9g\u00e9, Le\u00efla Huissoud, Claire Keim,\u00a0Emily Loizeau, Renan Luce, Mentissa, Pascal Obispo, No\u00e9 Preszow, Axelle Red, Coline Rio, Jean-Paul Rouve, Olivia Ruiz, Gauvain Sers, Alain Souchon, Ours et Pierre Souchon, Anne Sila, Youssef Swatt\u2019s  Sur sc\u00e8ne le 15.05.2026  Renaud, Jean-Louis Aubert, Hugues Aufray, Francis Cabrel, Julien Clerc, Beno\u00eet Dor\u00e9mus, \u00c9lodie Fr\u00e9g\u00e9, Le\u00efla Huissoud, Hoshi, Claire Keim,\u00a0Emily Loizeau, Renan Luce, Mentissa, Pascal Obispo, No\u00e9 Preszow, Axelle Red, Coline Rio, Jean-Paul Rouve, Olivia Ruiz, Gauvain Sers, Anne Sila, Nicola Sirkis, Youssef Swatt\u2019s, Vianney  Sur sc\u00e8ne le 16.05.2026  Renaud, Jean-Louis Aubert, Hugues Aufray, B\u00e9nabar, Francis Cabrel, Cali, Beno\u00eet Dor\u00e9mus, \u00c9lodie Fr\u00e9g\u00e9, Le\u00efla Huissoud, Claire Keim,\u00a0Emily Loizeau, Renan Luce, Mentissa, Pascal Obispo, No\u00e9 Preszow, Axelle Red, Coline Rio, Jean-Paul Rouve, Gauvain Sers, Alain Souchon, Ours et Pierre Souchon, Youssef Swatt\u2019s, Vianney\" \/>\n<meta name=\"twitter:image\" content=\"https:\/\/www.yoolabox.com\/wp-content\/uploads\/2026\/03\/Renaud-50-ans-de-carriere-\u2013-Zenith-Paris-La-Villette.png\" \/>\n<meta name=\"twitter:label1\" content=\"Dur\u00e9e de lecture estim\u00e9e\" \/>\n\t<meta name=\"twitter:data1\" content=\"2 minutes\" \/>\n<script type=\"application\/ld+json\" class=\"yoast-schema-graph\">{\"@context\":\"https:\/\/schema.org\",\"@graph\":[{\"@type\":\"WebPage\",\"@id\":\"https:\/\/www.yoolabox.com\/index.php\/produit\/renaud-50-ans-de-carriere-zenith-paris-la-villette\/\",\"url\":\"https:\/\/www.yoolabox.com\/index.php\/produit\/renaud-50-ans-de-carriere-zenith-paris-la-villette\/\",\"name\":\"Renaud 50 ans de carri\u00e8re - Z\u00e9nith Paris La Villette - Yoolabox.com\",\"isPartOf\":{\"@id\":\"https:\/\/www.yoolabox.com\/#website\"},\"primaryImageOfPage\":{\"@id\":\"https:\/\/www.yoolabox.com\/index.php\/produit\/renaud-50-ans-de-carriere-zenith-paris-la-villette\/#primaryimage\"},\"image\":{\"@id\":\"https:\/\/www.yoolabox.com\/index.php\/produit\/renaud-50-ans-de-carriere-zenith-paris-la-villette\/#primaryimage\"},\"thumbnailUrl\":\"https:\/\/www.yoolabox.com\/wp-content\/uploads\/2026\/03\/Renaud-50-ans-de-carriere-\u2013-Zenith-Paris-La-Villette.png\",\"datePublished\":\"2025-11-17T06:15:16+00:00\",\"dateModified\":\"2026-03-31T23:37:01+00:00\",\"breadcrumb\":{\"@id\":\"https:\/\/www.yoolabox.com\/index.php\/produit\/renaud-50-ans-de-carriere-zenith-paris-la-villette\/#breadcrumb\"},\"inLanguage\":\"fr-FR\",\"potentialAction\":[{\"@type\":\"ReadAction\",\"target\":[\"https:\/\/www.yoolabox.com\/index.php\/produit\/renaud-50-ans-de-carriere-zenith-paris-la-villette\/\"]}]},{\"@type\":\"ImageObject\",\"inLanguage\":\"fr-FR\",\"@id\":\"https:\/\/www.yoolabox.com\/index.php\/produit\/renaud-50-ans-de-carriere-zenith-paris-la-villette\/#primaryimage\",\"url\":\"https:\/\/www.yoolabox.com\/wp-content\/uploads\/2026\/03\/Renaud-50-ans-de-carriere-\u2013-Zenith-Paris-La-Villette.png\",\"contentUrl\":\"https:\/\/www.yoolabox.com\/wp-content\/uploads\/2026\/03\/Renaud-50-ans-de-carriere-\u2013-Zenith-Paris-La-Villette.png\",\"width\":600,\"height\":738},{\"@type\":\"BreadcrumbList\",\"@id\":\"https:\/\/www.yoolabox.com\/index.php\/produit\/renaud-50-ans-de-carriere-zenith-paris-la-villette\/#breadcrumb\",\"itemListElement\":[{\"@type\":\"ListItem\",\"position\":1,\"name\":\"Home\",\"item\":\"https:\/\/www.yoolabox.com\/\"},{\"@type\":\"ListItem\",\"position\":2,\"name\":\"Shop\",\"item\":\"https:\/\/www.yoolabox.com\/index.php\/shop\/\"},{\"@type\":\"ListItem\",\"position\":3,\"name\":\"Renaud 50 ans de carri\u00e8re &#8211; Z\u00e9nith Paris La Villette\"}]},{\"@type\":\"WebSite\",\"@id\":\"https:\/\/www.yoolabox.com\/#website\",\"url\":\"https:\/\/www.yoolabox.com\/\",\"name\":\"Yoolabox.com\",\"description\":\"La billetterie accessible \u00e0 tous\",\"publisher\":{\"@id\":\"https:\/\/www.yoolabox.com\/#organization\"},\"potentialAction\":[{\"@type\":\"SearchAction\",\"target\":{\"@type\":\"EntryPoint\",\"urlTemplate\":\"https:\/\/www.yoolabox.com\/?s={search_term_string}\"},\"query-input\":{\"@type\":\"PropertyValueSpecification\",\"valueRequired\":true,\"valueName\":\"search_term_string\"}}],\"inLanguage\":\"fr-FR\"},{\"@type\":\"Organization\",\"@id\":\"https:\/\/www.yoolabox.com\/#organization\",\"name\":\"Yoolabox.com\",\"url\":\"https:\/\/www.yoolabox.com\/\",\"logo\":{\"@type\":\"ImageObject\",\"inLanguage\":\"fr-FR\",\"@id\":\"https:\/\/www.yoolabox.com\/#\/schema\/logo\/image\/\",\"url\":\"https:\/\/www.yoolabox.com\/wp-content\/uploads\/2019\/11\/cropped-Logo_web.jpg\",\"contentUrl\":\"https:\/\/www.yoolabox.com\/wp-content\/uploads\/2019\/11\/cropped-Logo_web.jpg\",\"width\":300,\"height\":100,\"caption\":\"Yoolabox.com\"},\"image\":{\"@id\":\"https:\/\/www.yoolabox.com\/#\/schema\/logo\/image\/\"}}]}<\/script>\n<!-- \/ Yoast SEO plugin. -->","yoast_head_json":{"title":"Renaud 50 ans de carri\u00e8re - Z\u00e9nith Paris La Villette - Yoolabox.com","robots":{"index":"index","follow":"follow","max-snippet":"max-snippet:-1","max-image-preview":"max-image-preview:large","max-video-preview":"max-video-preview:-1"},"canonical":"https:\/\/www.yoolabox.com\/index.php\/produit\/renaud-50-ans-de-carriere-zenith-paris-la-villette\/","twitter_card":"summary_large_image","twitter_title":"Renaud 50 ans de carri\u00e8re - Z\u00e9nith Paris La Villette - Yoolabox.com","twitter_description":"Renaud 50 ans de carri\u00e8re Z\u00e9nith Paris La Villette Jeudi 14 mai 2026 : 20H00 Vendredi 15 mai 2026 : 20H00 Samedi 16 mai 2026 : 20H00 1975 \u2013 2025\u00a0: cinquante ans, un jubil\u00e9.   L\u2019occasion pour Renaud de f\u00eater l\u2019\u00e9v\u00e8nement sur sc\u00e8ne, entour\u00e9 de ses invit\u00e9s. Trois soir\u00e9es exceptionnelles au Z\u00e9nith Paris - La Villette les 14, 15 et 16 mai 2026, autour de ses plus grandes chansons, interpr\u00e9t\u00e9es par une trentaine d\u2019artistes, pour une r\u00e9trospective musicale de sa carri\u00e8re.   Sur sc\u00e8ne le 14.05.2026  Renaud, Jean-Louis Aubert, Francis Cabrel, Cali, Beno\u00eet Dor\u00e9mus, \u00c9lodie Fr\u00e9g\u00e9, Le\u00efla Huissoud, Claire Keim,\u00a0Emily Loizeau, Renan Luce, Mentissa, Pascal Obispo, No\u00e9 Preszow, Axelle Red, Coline Rio, Jean-Paul Rouve, Olivia Ruiz, Gauvain Sers, Alain Souchon, Ours et Pierre Souchon, Anne Sila, Youssef Swatt\u2019s  Sur sc\u00e8ne le 15.05.2026  Renaud, Jean-Louis Aubert, Hugues Aufray, Francis Cabrel, Julien Clerc, Beno\u00eet Dor\u00e9mus, \u00c9lodie Fr\u00e9g\u00e9, Le\u00efla Huissoud, Hoshi, Claire Keim,\u00a0Emily Loizeau, Renan Luce, Mentissa, Pascal Obispo, No\u00e9 Preszow, Axelle Red, Coline Rio, Jean-Paul Rouve, Olivia Ruiz, Gauvain Sers, Anne Sila, Nicola Sirkis, Youssef Swatt\u2019s, Vianney  Sur sc\u00e8ne le 16.05.2026  Renaud, Jean-Louis Aubert, Hugues Aufray, B\u00e9nabar, Francis Cabrel, Cali, Beno\u00eet Dor\u00e9mus, \u00c9lodie Fr\u00e9g\u00e9, Le\u00efla Huissoud, Claire Keim,\u00a0Emily Loizeau, Renan Luce, Mentissa, Pascal Obispo, No\u00e9 Preszow, Axelle Red, Coline Rio, Jean-Paul Rouve, Gauvain Sers, Alain Souchon, Ours et Pierre Souchon, Youssef Swatt\u2019s, Vianney","twitter_image":"https:\/\/www.yoolabox.com\/wp-content\/uploads\/2026\/03\/Renaud-50-ans-de-carriere-\u2013-Zenith-Paris-La-Villette.png","twitter_misc":{"Dur\u00e9e de lecture estim\u00e9e":"2 minutes"},"schema":{"@context":"https:\/\/schema.org","@graph":[{"@type":"WebPage","@id":"https:\/\/www.yoolabox.com\/index.php\/produit\/renaud-50-ans-de-carriere-zenith-paris-la-villette\/","url":"https:\/\/www.yoolabox.com\/index.php\/produit\/renaud-50-ans-de-carriere-zenith-paris-la-villette\/","name":"Renaud 50 ans de carri\u00e8re - Z\u00e9nith Paris La Villette - Yoolabox.com","isPartOf":{"@id":"https:\/\/www.yoolabox.com\/#website"},"primaryImageOfPage":{"@id":"https:\/\/www.yoolabox.com\/index.php\/produit\/renaud-50-ans-de-carriere-zenith-paris-la-villette\/#primaryimage"},"image":{"@id":"https:\/\/www.yoolabox.com\/index.php\/produit\/renaud-50-ans-de-carriere-zenith-paris-la-villette\/#primaryimage"},"thumbnailUrl":"https:\/\/www.yoolabox.com\/wp-content\/uploads\/2026\/03\/Renaud-50-ans-de-carriere-\u2013-Zenith-Paris-La-Villette.png","datePublished":"2025-11-17T06:15:16+00:00","dateModified":"2026-03-31T23:37:01+00:00","breadcrumb":{"@id":"https:\/\/www.yoolabox.com\/index.php\/produit\/renaud-50-ans-de-carriere-zenith-paris-la-villette\/#breadcrumb"},"inLanguage":"fr-FR","potentialAction":[{"@type":"ReadAction","target":["https:\/\/www.yoolabox.com\/index.php\/produit\/renaud-50-ans-de-carriere-zenith-paris-la-villette\/"]}]},{"@type":"ImageObject","inLanguage":"fr-FR","@id":"https:\/\/www.yoolabox.com\/index.php\/produit\/renaud-50-ans-de-carriere-zenith-paris-la-villette\/#primaryimage","url":"https:\/\/www.yoolabox.com\/wp-content\/uploads\/2026\/03\/Renaud-50-ans-de-carriere-\u2013-Zenith-Paris-La-Villette.png","contentUrl":"https:\/\/www.yoolabox.com\/wp-content\/uploads\/2026\/03\/Renaud-50-ans-de-carriere-\u2013-Zenith-Paris-La-Villette.png","width":600,"height":738},{"@type":"BreadcrumbList","@id":"https:\/\/www.yoolabox.com\/index.php\/produit\/renaud-50-ans-de-carriere-zenith-paris-la-villette\/#breadcrumb","itemListElement":[{"@type":"ListItem","position":1,"name":"Home","item":"https:\/\/www.yoolabox.com\/"},{"@type":"ListItem","position":2,"name":"Shop","item":"https:\/\/www.yoolabox.com\/index.php\/shop\/"},{"@type":"ListItem","position":3,"name":"Renaud 50 ans de carri\u00e8re &#8211; Z\u00e9nith Paris La Villette"}]},{"@type":"WebSite","@id":"https:\/\/www.yoolabox.com\/#website","url":"https:\/\/www.yoolabox.com\/","name":"Yoolabox.com","description":"La billetterie accessible \u00e0 tous","publisher":{"@id":"https:\/\/www.yoolabox.com\/#organization"},"potentialAction":[{"@type":"SearchAction","target":{"@type":"EntryPoint","urlTemplate":"https:\/\/www.yoolabox.com\/?s={search_term_string}"},"query-input":{"@type":"PropertyValueSpecification","valueRequired":true,"valueName":"search_term_string"}}],"inLanguage":"fr-FR"},{"@type":"Organization","@id":"https:\/\/www.yoolabox.com\/#organization","name":"Yoolabox.com","url":"https:\/\/www.yoolabox.com\/","logo":{"@type":"ImageObject","inLanguage":"fr-FR","@id":"https:\/\/www.yoolabox.com\/#\/schema\/logo\/image\/","url":"https:\/\/www.yoolabox.com\/wp-content\/uploads\/2019\/11\/cropped-Logo_web.jpg","contentUrl":"https:\/\/www.yoolabox.com\/wp-content\/uploads\/2019\/11\/cropped-Logo_web.jpg","width":300,"height":100,"caption":"Yoolabox.com"},"image":{"@id":"https:\/\/www.yoolabox.com\/#\/schema\/logo\/image\/"}}]}},"publishpress_future_action":{"enabled":false,"date":"2026-04-13 10:38:02","action":"change-status","newStatus":"draft","terms":[],"taxonomy":"product_cat","extraData":[]},"publishpress_future_workflow_manual_trigger":{"enabledWorkflows":[]},"_links":{"self":[{"href":"https:\/\/www.yoolabox.com\/index.php\/wp-json\/wp\/v2\/product\/142552","targetHints":{"allow":["GET"]}}],"collection":[{"href":"https:\/\/www.yoolabox.com\/index.php\/wp-json\/wp\/v2\/product"}],"about":[{"href":"https:\/\/www.yoolabox.com\/index.php\/wp-json\/wp\/v2\/types\/product"}],"author":[{"embeddable":true,"href":"https:\/\/www.yoolabox.com\/index.php\/wp-json\/wp\/v2\/users\/4259"}],"version-history":[{"count":0,"href":"https:\/\/www.yoolabox.com\/index.php\/wp-json\/wp\/v2\/product\/142552\/revisions"}],"wp:featuredmedia":[{"embeddable":true,"href":"https:\/\/www.yoolabox.com\/index.php\/wp-json\/wp\/v2\/media\/147389"}],"wp:attachment":[{"href":"https:\/\/www.yoolabox.com\/index.php\/wp-json\/wp\/v2\/media?parent=142552"}],"wp:term":[{"taxonomy":"product_brand","embeddable":true,"href":"https:\/\/www.yoolabox.com\/index.php\/wp-json\/wp\/v2\/product_brand?post=142552"},{"taxonomy":"product_cat","embeddable":true,"href":"https:\/\/www.yoolabox.com\/index.php\/wp-json\/wp\/v2\/product_cat?post=142552"},{"taxonomy":"product_tag","embeddable":true,"href":"https:\/\/www.yoolabox.com\/index.php\/wp-json\/wp\/v2\/product_tag?post=142552"}],"curies":[{"name":"wp","href":"https:\/\/api.w.org\/{rel}","templated":true}]}}