{"id":142324,"date":"2025-11-12T10:43:20","date_gmt":"2025-11-12T09:43:20","guid":{"rendered":"https:\/\/www.yoolabox.com\/?post_type=product&#038;p=142324"},"modified":"2026-03-20T13:12:34","modified_gmt":"2026-03-20T12:12:34","slug":"the-roots-jeudi-09-juillet-2026-zenith-paris-la-villette","status":"publish","type":"product","link":"https:\/\/www.yoolabox.com\/index.php\/produit\/the-roots-jeudi-09-juillet-2026-zenith-paris-la-villette\/","title":{"rendered":"THE ROOTS &#8211; JEUDI 09 JUILLET 2026 &#8211; Z\u00e9nith Paris &#8211; La Villette"},"content":{"rendered":"<h1>THE ROOTS<\/h1>\n<h3><strong>Jeudi 09 juillet 2026 &#8211; 20:00<\/strong><\/h3>\n<p><em><strong>Zenith Paris &#8211; La Villette<\/strong><\/em><\/p>\n<p><em>Apr\u00e8s 14 ans d\u2019absence, les l\u00e9gendes jazz hip-hop The Roots seront enfin de retour pour un concert exceptionnel au Z\u00e9nith Paris &#8211; La Villette le 9 juillet 2026.<\/em><\/p>\n<p><em>Le l\u00e9gendaire groupe The Roots est devenu l&#8217;un des collectifs de hip-hop les plus connus et les plus respect\u00e9s du milieu, remportant quatre GRAMMY Awards, dont celui du Meilleur album R&amp;B pour \u201cWake Up!\u201d, celui de la Meilleure performance vocale R&amp;B traditionnelle pour \u201cHang in There\u201d (avec John Legend) et celui de la Meilleure performance vocale R&amp;B en groupe ou en duo pour \u201cShine\u201d. Cela porte \u00e0 douze le nombre de nominations aux GRAMMY Awards du groupe. De plus, \u201cThe Roots Picnic\u201d, un \u00e9v\u00e9nement annuel r\u00e9unissant de nombreux musiciens c\u00e9l\u00e8bres, est devenu une institution tr\u00e8s appr\u00e9ci\u00e9e. The Roots a \u00e9t\u00e9 nomm\u00e9 l&#8217;un des meilleurs groupes live par Rolling Stone et est le groupe officiel de l&#8217;\u00e9mission The Tonight Show Starring Jimmy Fallon.<\/em><\/p>\n<p>&nbsp;<\/p>\n","protected":false},"excerpt":{"rendered":"<h1>THE ROOTS<\/h1>\n<h3><strong>Jeudi 09 juillet 2026 &#8211; 20:00<\/strong><\/h3>\n<p><em><strong>Zenith Paris &#8211; La Villette<\/strong><\/em><\/p>\n<p><em>Apr\u00e8s 14 ans d\u2019absence, les l\u00e9gendes jazz hip-hop The Roots seront enfin de retour pour un concert exceptionnel au Z\u00e9nith Paris &#8211; La Villette le 9 juillet 2026.<\/em><\/p>\n<p><em>Le l\u00e9gendaire groupe The Roots est devenu l&#8217;un des collectifs de hip-hop les plus connus et les plus respect\u00e9s du milieu, remportant quatre GRAMMY Awards, dont celui du Meilleur album R&amp;B pour \u201cWake Up!\u201d, celui de la Meilleure performance vocale R&amp;B traditionnelle pour \u201cHang in There\u201d (avec John Legend) et celui de la Meilleure performance vocale R&amp;B en groupe ou en duo pour \u201cShine\u201d. Cela porte \u00e0 douze le nombre de nominations aux GRAMMY Awards du groupe. De plus, \u201cThe Roots Picnic\u201d, un \u00e9v\u00e9nement annuel r\u00e9unissant de nombreux musiciens c\u00e9l\u00e8bres, est devenu une institution tr\u00e8s appr\u00e9ci\u00e9e. The Roots a \u00e9t\u00e9 nomm\u00e9 l&#8217;un des meilleurs groupes live par Rolling Stone et est le groupe officiel de l&#8217;\u00e9mission The Tonight Show Starring Jimmy Fallon.<\/em><\/p>\n<p>&nbsp;<\/p>\n","protected":false},"author":4259,"featured_media":147395,"template":"","meta":{"_acf_changed":false},"product_brand":[],"product_cat":[815,817,55,1314,818,160,1316,161,1132,2311,2312],"product_tag":[2313],"class_list":{"0":"post-142324","1":"product","2":"type-product","3":"status-publish","4":"has-post-thumbnail","6":"product_cat-handicap","7":"product_cat-boucle-magnetique","8":"product_cat-concert","9":"product_cat-emplacement-adapte","10":"product_cat-fauteuil-roulant","11":"product_cat-ile-de-france","12":"product_cat-accessible-naturellement-malvoyant","13":"product_cat-region","14":"product_cat-salles","15":"product_cat-zenith-paris","16":"product_cat-zenith-paris-salles","17":"product_tag-zenith-paris","18":"pa_categorie-accompagnateur-pmr-fauteuil-gradin-porte-c","19":"pa_categorie-accompagnateur-pmr-fauteuil-gradin-porte-d","20":"pa_categorie-accompagnateur-pmr-fauteuil-gradin-porte-e","21":"pa_categorie-accompagnateur-pmr-fauteuil-gradin-porte-f","22":"pa_categorie-accompagnateur-psh-marchant-gradin-porte-g","23":"pa_categorie-pmr-fauteuil-gradin-porte-c","24":"pa_categorie-pmr-fauteuil-gradin-porte-d","25":"pa_categorie-pmr-fauteuil-gradin-porte-e","26":"pa_categorie-pmr-fauteuil-gradin-porte-f","27":"pa_categorie-psh-marchant-gradin-porte-g","28":"product-custom-label-billetterie-officielle","29":"product-custom-label-ebillet","30":"product-custom-label-emplacement-fauteuil","31":"product-custom-label-handicap-mental","32":"product-custom-label-mal-voyant","33":"product-custom-label-surdite","34":"badges-style-3","36":"first","37":"instock","38":"shipping-taxable","39":"purchasable","40":"product-type-variable"},"acf":[],"yoast_head":"<!-- This site is optimized with the Yoast SEO plugin v27.2 - https:\/\/yoast.com\/product\/yoast-seo-wordpress\/ -->\n<title>THE ROOTS - JEUDI 09 JUILLET 2026 - Z\u00e9nith Paris - La Villette - Yoolabox.com<\/title>\n<meta name=\"robots\" content=\"index, follow, max-snippet:-1, max-image-preview:large, max-video-preview:-1\" \/>\n<link rel=\"canonical\" href=\"https:\/\/www.yoolabox.com\/index.php\/produit\/the-roots-jeudi-09-juillet-2026-zenith-paris-la-villette\/\" \/>\n<meta name=\"twitter:card\" content=\"summary_large_image\" \/>\n<meta name=\"twitter:title\" content=\"THE ROOTS - JEUDI 09 JUILLET 2026 - Z\u00e9nith Paris - La Villette - Yoolabox.com\" \/>\n<meta name=\"twitter:description\" content=\"THE ROOTS Jeudi 09 juillet 2026 - 20:00 Zenith Paris - La Villette  Apr\u00e8s 14 ans d\u2019absence, les l\u00e9gendes jazz hip-hop The Roots seront enfin de retour pour un concert exceptionnel au Z\u00e9nith Paris - La Villette le 9 juillet 2026.  Le l\u00e9gendaire groupe The Roots est devenu l&#039;un des collectifs de hip-hop les plus connus et les plus respect\u00e9s du milieu, remportant quatre GRAMMY Awards, dont celui du Meilleur album R&amp;B pour \u201cWake Up!\u201d, celui de la Meilleure performance vocale R&amp;B traditionnelle pour \u201cHang in There\u201d (avec John Legend) et celui de la Meilleure performance vocale R&amp;B en groupe ou en duo pour \u201cShine\u201d. Cela porte \u00e0 douze le nombre de nominations aux GRAMMY Awards du groupe. De plus, \u201cThe Roots Picnic\u201d, un \u00e9v\u00e9nement annuel r\u00e9unissant de nombreux musiciens c\u00e9l\u00e8bres, est devenu une institution tr\u00e8s appr\u00e9ci\u00e9e. The Roots a \u00e9t\u00e9 nomm\u00e9 l&#039;un des meilleurs groupes live par Rolling Stone et est le groupe officiel de l&#039;\u00e9mission The Tonight Show Starring Jimmy Fallon.  &nbsp;\" \/>\n<meta name=\"twitter:image\" content=\"https:\/\/www.yoolabox.com\/wp-content\/uploads\/2026\/03\/THE-ROOTS-JEUDI-09-JUILLET-2026-Zenith-Paris-La-Villette.png\" \/>\n<meta name=\"twitter:label1\" content=\"Dur\u00e9e de lecture estim\u00e9e\" \/>\n\t<meta name=\"twitter:data1\" content=\"2 minutes\" \/>\n<script type=\"application\/ld+json\" class=\"yoast-schema-graph\">{\"@context\":\"https:\/\/schema.org\",\"@graph\":[{\"@type\":\"WebPage\",\"@id\":\"https:\/\/www.yoolabox.com\/index.php\/produit\/the-roots-jeudi-09-juillet-2026-zenith-paris-la-villette\/\",\"url\":\"https:\/\/www.yoolabox.com\/index.php\/produit\/the-roots-jeudi-09-juillet-2026-zenith-paris-la-villette\/\",\"name\":\"THE ROOTS - JEUDI 09 JUILLET 2026 - Z\u00e9nith Paris - La Villette - Yoolabox.com\",\"isPartOf\":{\"@id\":\"https:\/\/www.yoolabox.com\/#website\"},\"primaryImageOfPage\":{\"@id\":\"https:\/\/www.yoolabox.com\/index.php\/produit\/the-roots-jeudi-09-juillet-2026-zenith-paris-la-villette\/#primaryimage\"},\"image\":{\"@id\":\"https:\/\/www.yoolabox.com\/index.php\/produit\/the-roots-jeudi-09-juillet-2026-zenith-paris-la-villette\/#primaryimage\"},\"thumbnailUrl\":\"https:\/\/www.yoolabox.com\/wp-content\/uploads\/2026\/03\/THE-ROOTS-JEUDI-09-JUILLET-2026-Zenith-Paris-La-Villette.png\",\"datePublished\":\"2025-11-12T09:43:20+00:00\",\"dateModified\":\"2026-03-20T12:12:34+00:00\",\"breadcrumb\":{\"@id\":\"https:\/\/www.yoolabox.com\/index.php\/produit\/the-roots-jeudi-09-juillet-2026-zenith-paris-la-villette\/#breadcrumb\"},\"inLanguage\":\"fr-FR\",\"potentialAction\":[{\"@type\":\"ReadAction\",\"target\":[\"https:\/\/www.yoolabox.com\/index.php\/produit\/the-roots-jeudi-09-juillet-2026-zenith-paris-la-villette\/\"]}]},{\"@type\":\"ImageObject\",\"inLanguage\":\"fr-FR\",\"@id\":\"https:\/\/www.yoolabox.com\/index.php\/produit\/the-roots-jeudi-09-juillet-2026-zenith-paris-la-villette\/#primaryimage\",\"url\":\"https:\/\/www.yoolabox.com\/wp-content\/uploads\/2026\/03\/THE-ROOTS-JEUDI-09-JUILLET-2026-Zenith-Paris-La-Villette.png\",\"contentUrl\":\"https:\/\/www.yoolabox.com\/wp-content\/uploads\/2026\/03\/THE-ROOTS-JEUDI-09-JUILLET-2026-Zenith-Paris-La-Villette.png\",\"width\":600,\"height\":738},{\"@type\":\"BreadcrumbList\",\"@id\":\"https:\/\/www.yoolabox.com\/index.php\/produit\/the-roots-jeudi-09-juillet-2026-zenith-paris-la-villette\/#breadcrumb\",\"itemListElement\":[{\"@type\":\"ListItem\",\"position\":1,\"name\":\"Home\",\"item\":\"https:\/\/www.yoolabox.com\/\"},{\"@type\":\"ListItem\",\"position\":2,\"name\":\"Shop\",\"item\":\"https:\/\/www.yoolabox.com\/index.php\/shop\/\"},{\"@type\":\"ListItem\",\"position\":3,\"name\":\"THE ROOTS &#8211; JEUDI 09 JUILLET 2026 &#8211; Z\u00e9nith Paris &#8211; La Villette\"}]},{\"@type\":\"WebSite\",\"@id\":\"https:\/\/www.yoolabox.com\/#website\",\"url\":\"https:\/\/www.yoolabox.com\/\",\"name\":\"Yoolabox.com\",\"description\":\"La billetterie accessible \u00e0 tous\",\"publisher\":{\"@id\":\"https:\/\/www.yoolabox.com\/#organization\"},\"potentialAction\":[{\"@type\":\"SearchAction\",\"target\":{\"@type\":\"EntryPoint\",\"urlTemplate\":\"https:\/\/www.yoolabox.com\/?s={search_term_string}\"},\"query-input\":{\"@type\":\"PropertyValueSpecification\",\"valueRequired\":true,\"valueName\":\"search_term_string\"}}],\"inLanguage\":\"fr-FR\"},{\"@type\":\"Organization\",\"@id\":\"https:\/\/www.yoolabox.com\/#organization\",\"name\":\"Yoolabox.com\",\"url\":\"https:\/\/www.yoolabox.com\/\",\"logo\":{\"@type\":\"ImageObject\",\"inLanguage\":\"fr-FR\",\"@id\":\"https:\/\/www.yoolabox.com\/#\/schema\/logo\/image\/\",\"url\":\"https:\/\/www.yoolabox.com\/wp-content\/uploads\/2019\/11\/cropped-Logo_web.jpg\",\"contentUrl\":\"https:\/\/www.yoolabox.com\/wp-content\/uploads\/2019\/11\/cropped-Logo_web.jpg\",\"width\":300,\"height\":100,\"caption\":\"Yoolabox.com\"},\"image\":{\"@id\":\"https:\/\/www.yoolabox.com\/#\/schema\/logo\/image\/\"}}]}<\/script>\n<!-- \/ Yoast SEO plugin. -->","yoast_head_json":{"title":"THE ROOTS - JEUDI 09 JUILLET 2026 - Z\u00e9nith Paris - La Villette - Yoolabox.com","robots":{"index":"index","follow":"follow","max-snippet":"max-snippet:-1","max-image-preview":"max-image-preview:large","max-video-preview":"max-video-preview:-1"},"canonical":"https:\/\/www.yoolabox.com\/index.php\/produit\/the-roots-jeudi-09-juillet-2026-zenith-paris-la-villette\/","twitter_card":"summary_large_image","twitter_title":"THE ROOTS - JEUDI 09 JUILLET 2026 - Z\u00e9nith Paris - La Villette - Yoolabox.com","twitter_description":"THE ROOTS Jeudi 09 juillet 2026 - 20:00 Zenith Paris - La Villette  Apr\u00e8s 14 ans d\u2019absence, les l\u00e9gendes jazz hip-hop The Roots seront enfin de retour pour un concert exceptionnel au Z\u00e9nith Paris - La Villette le 9 juillet 2026.  Le l\u00e9gendaire groupe The Roots est devenu l'un des collectifs de hip-hop les plus connus et les plus respect\u00e9s du milieu, remportant quatre GRAMMY Awards, dont celui du Meilleur album R&amp;B pour \u201cWake Up!\u201d, celui de la Meilleure performance vocale R&amp;B traditionnelle pour \u201cHang in There\u201d (avec John Legend) et celui de la Meilleure performance vocale R&amp;B en groupe ou en duo pour \u201cShine\u201d. Cela porte \u00e0 douze le nombre de nominations aux GRAMMY Awards du groupe. De plus, \u201cThe Roots Picnic\u201d, un \u00e9v\u00e9nement annuel r\u00e9unissant de nombreux musiciens c\u00e9l\u00e8bres, est devenu une institution tr\u00e8s appr\u00e9ci\u00e9e. The Roots a \u00e9t\u00e9 nomm\u00e9 l'un des meilleurs groupes live par Rolling Stone et est le groupe officiel de l'\u00e9mission The Tonight Show Starring Jimmy Fallon.  &nbsp;","twitter_image":"https:\/\/www.yoolabox.com\/wp-content\/uploads\/2026\/03\/THE-ROOTS-JEUDI-09-JUILLET-2026-Zenith-Paris-La-Villette.png","twitter_misc":{"Dur\u00e9e de lecture estim\u00e9e":"2 minutes"},"schema":{"@context":"https:\/\/schema.org","@graph":[{"@type":"WebPage","@id":"https:\/\/www.yoolabox.com\/index.php\/produit\/the-roots-jeudi-09-juillet-2026-zenith-paris-la-villette\/","url":"https:\/\/www.yoolabox.com\/index.php\/produit\/the-roots-jeudi-09-juillet-2026-zenith-paris-la-villette\/","name":"THE ROOTS - JEUDI 09 JUILLET 2026 - Z\u00e9nith Paris - La Villette - Yoolabox.com","isPartOf":{"@id":"https:\/\/www.yoolabox.com\/#website"},"primaryImageOfPage":{"@id":"https:\/\/www.yoolabox.com\/index.php\/produit\/the-roots-jeudi-09-juillet-2026-zenith-paris-la-villette\/#primaryimage"},"image":{"@id":"https:\/\/www.yoolabox.com\/index.php\/produit\/the-roots-jeudi-09-juillet-2026-zenith-paris-la-villette\/#primaryimage"},"thumbnailUrl":"https:\/\/www.yoolabox.com\/wp-content\/uploads\/2026\/03\/THE-ROOTS-JEUDI-09-JUILLET-2026-Zenith-Paris-La-Villette.png","datePublished":"2025-11-12T09:43:20+00:00","dateModified":"2026-03-20T12:12:34+00:00","breadcrumb":{"@id":"https:\/\/www.yoolabox.com\/index.php\/produit\/the-roots-jeudi-09-juillet-2026-zenith-paris-la-villette\/#breadcrumb"},"inLanguage":"fr-FR","potentialAction":[{"@type":"ReadAction","target":["https:\/\/www.yoolabox.com\/index.php\/produit\/the-roots-jeudi-09-juillet-2026-zenith-paris-la-villette\/"]}]},{"@type":"ImageObject","inLanguage":"fr-FR","@id":"https:\/\/www.yoolabox.com\/index.php\/produit\/the-roots-jeudi-09-juillet-2026-zenith-paris-la-villette\/#primaryimage","url":"https:\/\/www.yoolabox.com\/wp-content\/uploads\/2026\/03\/THE-ROOTS-JEUDI-09-JUILLET-2026-Zenith-Paris-La-Villette.png","contentUrl":"https:\/\/www.yoolabox.com\/wp-content\/uploads\/2026\/03\/THE-ROOTS-JEUDI-09-JUILLET-2026-Zenith-Paris-La-Villette.png","width":600,"height":738},{"@type":"BreadcrumbList","@id":"https:\/\/www.yoolabox.com\/index.php\/produit\/the-roots-jeudi-09-juillet-2026-zenith-paris-la-villette\/#breadcrumb","itemListElement":[{"@type":"ListItem","position":1,"name":"Home","item":"https:\/\/www.yoolabox.com\/"},{"@type":"ListItem","position":2,"name":"Shop","item":"https:\/\/www.yoolabox.com\/index.php\/shop\/"},{"@type":"ListItem","position":3,"name":"THE ROOTS &#8211; JEUDI 09 JUILLET 2026 &#8211; Z\u00e9nith Paris &#8211; La Villette"}]},{"@type":"WebSite","@id":"https:\/\/www.yoolabox.com\/#website","url":"https:\/\/www.yoolabox.com\/","name":"Yoolabox.com","description":"La billetterie accessible \u00e0 tous","publisher":{"@id":"https:\/\/www.yoolabox.com\/#organization"},"potentialAction":[{"@type":"SearchAction","target":{"@type":"EntryPoint","urlTemplate":"https:\/\/www.yoolabox.com\/?s={search_term_string}"},"query-input":{"@type":"PropertyValueSpecification","valueRequired":true,"valueName":"search_term_string"}}],"inLanguage":"fr-FR"},{"@type":"Organization","@id":"https:\/\/www.yoolabox.com\/#organization","name":"Yoolabox.com","url":"https:\/\/www.yoolabox.com\/","logo":{"@type":"ImageObject","inLanguage":"fr-FR","@id":"https:\/\/www.yoolabox.com\/#\/schema\/logo\/image\/","url":"https:\/\/www.yoolabox.com\/wp-content\/uploads\/2019\/11\/cropped-Logo_web.jpg","contentUrl":"https:\/\/www.yoolabox.com\/wp-content\/uploads\/2019\/11\/cropped-Logo_web.jpg","width":300,"height":100,"caption":"Yoolabox.com"},"image":{"@id":"https:\/\/www.yoolabox.com\/#\/schema\/logo\/image\/"}}]}},"publishpress_future_action":{"enabled":false,"date":"2026-04-12 18:51:27","action":"change-status","newStatus":"draft","terms":[],"taxonomy":"product_cat","extraData":[]},"publishpress_future_workflow_manual_trigger":{"enabledWorkflows":[]},"_links":{"self":[{"href":"https:\/\/www.yoolabox.com\/index.php\/wp-json\/wp\/v2\/product\/142324","targetHints":{"allow":["GET"]}}],"collection":[{"href":"https:\/\/www.yoolabox.com\/index.php\/wp-json\/wp\/v2\/product"}],"about":[{"href":"https:\/\/www.yoolabox.com\/index.php\/wp-json\/wp\/v2\/types\/product"}],"author":[{"embeddable":true,"href":"https:\/\/www.yoolabox.com\/index.php\/wp-json\/wp\/v2\/users\/4259"}],"version-history":[{"count":0,"href":"https:\/\/www.yoolabox.com\/index.php\/wp-json\/wp\/v2\/product\/142324\/revisions"}],"wp:featuredmedia":[{"embeddable":true,"href":"https:\/\/www.yoolabox.com\/index.php\/wp-json\/wp\/v2\/media\/147395"}],"wp:attachment":[{"href":"https:\/\/www.yoolabox.com\/index.php\/wp-json\/wp\/v2\/media?parent=142324"}],"wp:term":[{"taxonomy":"product_brand","embeddable":true,"href":"https:\/\/www.yoolabox.com\/index.php\/wp-json\/wp\/v2\/product_brand?post=142324"},{"taxonomy":"product_cat","embeddable":true,"href":"https:\/\/www.yoolabox.com\/index.php\/wp-json\/wp\/v2\/product_cat?post=142324"},{"taxonomy":"product_tag","embeddable":true,"href":"https:\/\/www.yoolabox.com\/index.php\/wp-json\/wp\/v2\/product_tag?post=142324"}],"curies":[{"name":"wp","href":"https:\/\/api.w.org\/{rel}","templated":true}]}}