{"id":139857,"date":"2025-10-22T07:29:00","date_gmt":"2025-10-22T05:29:00","guid":{"rendered":"https:\/\/www.yoolabox.com\/?post_type=product&#038;p=139857"},"modified":"2026-03-21T06:25:15","modified_gmt":"2026-03-21T05:25:15","slug":"mosimann-dimanche-18-octobre-2026-zenith-paris-la-villette","status":"publish","type":"product","link":"https:\/\/www.yoolabox.com\/index.php\/produit\/mosimann-dimanche-18-octobre-2026-zenith-paris-la-villette\/","title":{"rendered":"MOSIMANN &#8211; DIMANCHE 18 OCTOBRE 2026 &#8211; Z\u00e9nith Paris &#8211; La Villette"},"content":{"rendered":"<h1>MOSIMAN<\/h1>\n<h3><strong>Dimanche 18 octobre 2026 &#8211; 20:00<\/strong><\/h3>\n<p><em><strong>Zenith Paris &#8211; La Villette<\/strong><\/em><\/p>\n<div data-block=\"true\" data-editor=\"9hujb\" data-offset-key=\"di739-0-0\">\n<div class=\"public-DraftStyleDefault-block public-DraftStyleDefault-ltr\" data-offset-key=\"di739-0-0\"><span data-offset-key=\"di739-0-0\">Allo Floride pr\u00e9sente Mosimann au Z\u00e9nith Paris &#8211; La Villette, le 18 octobre 2026.<\/span><\/div>\n<\/div>\n<div data-block=\"true\" data-editor=\"9hujb\" data-offset-key=\"705pa-0-0\">\n<div class=\"public-DraftStyleDefault-block public-DraftStyleDefault-ltr\" data-offset-key=\"705pa-0-0\"><span data-offset-key=\"705pa-0-0\">Suite au succ\u00e8s de son premier Z\u00e9nith complet en 24 heures, Mosimann revient pour une seconde date exceptionnelle. Plus qu\u2019un concert, c\u2019est l\u2019aboutissement d\u2019un projet enti\u00e8rement con\u00e7u pour la sc\u00e8ne, une exp\u00e9rience live hors du commun.<\/span><\/div>\n<\/div>\n<p>&nbsp;<\/p>\n","protected":false},"excerpt":{"rendered":"<h1>MOSIMAN<\/h1>\n<h3><strong>Dimanche 18 octobre 2026 &#8211; 20:00<\/strong><\/h3>\n<p><em><strong>Zenith Paris &#8211; La Villette<\/strong><\/em><\/p>\n<div data-block=\"true\" data-editor=\"9hujb\" data-offset-key=\"di739-0-0\">\n<div class=\"public-DraftStyleDefault-block public-DraftStyleDefault-ltr\" data-offset-key=\"di739-0-0\"><span data-offset-key=\"di739-0-0\">Allo Floride pr\u00e9sente Mosimann au Z\u00e9nith Paris &#8211; La Villette, le 18 octobre 2026.<\/span><\/div>\n<\/div>\n<div data-block=\"true\" data-editor=\"9hujb\" data-offset-key=\"705pa-0-0\">\n<div class=\"public-DraftStyleDefault-block public-DraftStyleDefault-ltr\" data-offset-key=\"705pa-0-0\"><span data-offset-key=\"705pa-0-0\">Suite au succ\u00e8s de son premier Z\u00e9nith complet en 24 heures, Mosimann revient pour une seconde date exceptionnelle. Plus qu\u2019un concert, c\u2019est l\u2019aboutissement d\u2019un projet enti\u00e8rement con\u00e7u pour la sc\u00e8ne, une exp\u00e9rience live hors du commun.<\/span><\/div>\n<\/div>\n<p>&nbsp;<\/p>\n","protected":false},"author":4259,"featured_media":139868,"template":"","meta":{"_acf_changed":false},"product_brand":[],"product_cat":[815,817,55,1314,818,160,1316,161,1132,2311,2312],"product_tag":[2313],"class_list":{"0":"post-139857","1":"product","2":"type-product","3":"status-publish","4":"has-post-thumbnail","6":"product_cat-handicap","7":"product_cat-boucle-magnetique","8":"product_cat-concert","9":"product_cat-emplacement-adapte","10":"product_cat-fauteuil-roulant","11":"product_cat-ile-de-france","12":"product_cat-accessible-naturellement-malvoyant","13":"product_cat-region","14":"product_cat-salles","15":"product_cat-zenith-paris","16":"product_cat-zenith-paris-salles","17":"product_tag-zenith-paris","18":"pa_categorie-accompagnateur-pmr-fauteuil-gradin-porte-c","19":"pa_categorie-accompagnateur-pmr-fauteuil-gradin-porte-d","20":"pa_categorie-accompagnateur-pmr-fauteuil-gradin-porte-e","21":"pa_categorie-accompagnateur-pmr-fauteuil-gradin-porte-f","22":"pa_categorie-accompagnateur-psh-marchant-gradin-porte-g","23":"pa_categorie-pmr-fauteuil-gradin-porte-c","24":"pa_categorie-pmr-fauteuil-gradin-porte-d","25":"pa_categorie-pmr-fauteuil-gradin-porte-e","26":"pa_categorie-pmr-fauteuil-gradin-porte-f","27":"pa_categorie-psh-marchant-gradin-porte-g","28":"product-custom-label-billetterie-officielle","29":"product-custom-label-ebillet","30":"product-custom-label-emplacement-fauteuil","31":"product-custom-label-handicap-mental","32":"product-custom-label-mal-voyant","33":"product-custom-label-surdite","34":"badges-style-3","36":"first","37":"instock","38":"shipping-taxable","39":"purchasable","40":"product-type-variable"},"acf":[],"yoast_head":"<!-- This site is optimized with the Yoast SEO plugin v27.2 - https:\/\/yoast.com\/product\/yoast-seo-wordpress\/ -->\n<title>MOSIMANN - DIMANCHE 18 OCTOBRE 2026 - Z\u00e9nith Paris - La Villette - Yoolabox.com<\/title>\n<meta name=\"robots\" content=\"index, follow, max-snippet:-1, max-image-preview:large, max-video-preview:-1\" \/>\n<link rel=\"canonical\" href=\"https:\/\/www.yoolabox.com\/index.php\/produit\/mosimann-dimanche-18-octobre-2026-zenith-paris-la-villette\/\" \/>\n<meta name=\"twitter:card\" content=\"summary_large_image\" \/>\n<meta name=\"twitter:title\" content=\"MOSIMANN - DIMANCHE 18 OCTOBRE 2026 - Z\u00e9nith Paris - La Villette - Yoolabox.com\" \/>\n<meta name=\"twitter:description\" content=\"MOSIMAN Dimanche 18 octobre 2026 - 20:00 Zenith Paris - La Villette  Allo Floride pr\u00e9sente Mosimann au Z\u00e9nith Paris - La Villette, le 18 octobre 2026.   Suite au succ\u00e8s de son premier Z\u00e9nith complet en 24 heures, Mosimann revient pour une seconde date exceptionnelle. Plus qu\u2019un concert, c\u2019est l\u2019aboutissement d\u2019un projet enti\u00e8rement con\u00e7u pour la sc\u00e8ne, une exp\u00e9rience live hors du commun.  &nbsp;\" \/>\n<meta name=\"twitter:image\" content=\"https:\/\/www.yoolabox.com\/wp-content\/uploads\/2025\/10\/mosi.png\" \/>\n<meta name=\"twitter:label1\" content=\"Dur\u00e9e de lecture estim\u00e9e\" \/>\n\t<meta name=\"twitter:data1\" content=\"1 minute\" \/>\n<script type=\"application\/ld+json\" class=\"yoast-schema-graph\">{\"@context\":\"https:\/\/schema.org\",\"@graph\":[{\"@type\":\"WebPage\",\"@id\":\"https:\/\/www.yoolabox.com\/index.php\/produit\/mosimann-dimanche-18-octobre-2026-zenith-paris-la-villette\/\",\"url\":\"https:\/\/www.yoolabox.com\/index.php\/produit\/mosimann-dimanche-18-octobre-2026-zenith-paris-la-villette\/\",\"name\":\"MOSIMANN - DIMANCHE 18 OCTOBRE 2026 - Z\u00e9nith Paris - La Villette - Yoolabox.com\",\"isPartOf\":{\"@id\":\"https:\/\/www.yoolabox.com\/#website\"},\"primaryImageOfPage\":{\"@id\":\"https:\/\/www.yoolabox.com\/index.php\/produit\/mosimann-dimanche-18-octobre-2026-zenith-paris-la-villette\/#primaryimage\"},\"image\":{\"@id\":\"https:\/\/www.yoolabox.com\/index.php\/produit\/mosimann-dimanche-18-octobre-2026-zenith-paris-la-villette\/#primaryimage\"},\"thumbnailUrl\":\"https:\/\/www.yoolabox.com\/wp-content\/uploads\/2025\/10\/mosi.png\",\"datePublished\":\"2025-10-22T05:29:00+00:00\",\"dateModified\":\"2026-03-21T05:25:15+00:00\",\"breadcrumb\":{\"@id\":\"https:\/\/www.yoolabox.com\/index.php\/produit\/mosimann-dimanche-18-octobre-2026-zenith-paris-la-villette\/#breadcrumb\"},\"inLanguage\":\"fr-FR\",\"potentialAction\":[{\"@type\":\"ReadAction\",\"target\":[\"https:\/\/www.yoolabox.com\/index.php\/produit\/mosimann-dimanche-18-octobre-2026-zenith-paris-la-villette\/\"]}]},{\"@type\":\"ImageObject\",\"inLanguage\":\"fr-FR\",\"@id\":\"https:\/\/www.yoolabox.com\/index.php\/produit\/mosimann-dimanche-18-octobre-2026-zenith-paris-la-villette\/#primaryimage\",\"url\":\"https:\/\/www.yoolabox.com\/wp-content\/uploads\/2025\/10\/mosi.png\",\"contentUrl\":\"https:\/\/www.yoolabox.com\/wp-content\/uploads\/2025\/10\/mosi.png\",\"width\":600,\"height\":738},{\"@type\":\"BreadcrumbList\",\"@id\":\"https:\/\/www.yoolabox.com\/index.php\/produit\/mosimann-dimanche-18-octobre-2026-zenith-paris-la-villette\/#breadcrumb\",\"itemListElement\":[{\"@type\":\"ListItem\",\"position\":1,\"name\":\"Home\",\"item\":\"https:\/\/www.yoolabox.com\/\"},{\"@type\":\"ListItem\",\"position\":2,\"name\":\"Shop\",\"item\":\"https:\/\/www.yoolabox.com\/index.php\/shop\/\"},{\"@type\":\"ListItem\",\"position\":3,\"name\":\"MOSIMANN &#8211; DIMANCHE 18 OCTOBRE 2026 &#8211; Z\u00e9nith Paris &#8211; La Villette\"}]},{\"@type\":\"WebSite\",\"@id\":\"https:\/\/www.yoolabox.com\/#website\",\"url\":\"https:\/\/www.yoolabox.com\/\",\"name\":\"Yoolabox.com\",\"description\":\"La billetterie accessible \u00e0 tous\",\"publisher\":{\"@id\":\"https:\/\/www.yoolabox.com\/#organization\"},\"potentialAction\":[{\"@type\":\"SearchAction\",\"target\":{\"@type\":\"EntryPoint\",\"urlTemplate\":\"https:\/\/www.yoolabox.com\/?s={search_term_string}\"},\"query-input\":{\"@type\":\"PropertyValueSpecification\",\"valueRequired\":true,\"valueName\":\"search_term_string\"}}],\"inLanguage\":\"fr-FR\"},{\"@type\":\"Organization\",\"@id\":\"https:\/\/www.yoolabox.com\/#organization\",\"name\":\"Yoolabox.com\",\"url\":\"https:\/\/www.yoolabox.com\/\",\"logo\":{\"@type\":\"ImageObject\",\"inLanguage\":\"fr-FR\",\"@id\":\"https:\/\/www.yoolabox.com\/#\/schema\/logo\/image\/\",\"url\":\"https:\/\/www.yoolabox.com\/wp-content\/uploads\/2019\/11\/cropped-Logo_web.jpg\",\"contentUrl\":\"https:\/\/www.yoolabox.com\/wp-content\/uploads\/2019\/11\/cropped-Logo_web.jpg\",\"width\":300,\"height\":100,\"caption\":\"Yoolabox.com\"},\"image\":{\"@id\":\"https:\/\/www.yoolabox.com\/#\/schema\/logo\/image\/\"}}]}<\/script>\n<!-- \/ Yoast SEO plugin. -->","yoast_head_json":{"title":"MOSIMANN - DIMANCHE 18 OCTOBRE 2026 - Z\u00e9nith Paris - La Villette - Yoolabox.com","robots":{"index":"index","follow":"follow","max-snippet":"max-snippet:-1","max-image-preview":"max-image-preview:large","max-video-preview":"max-video-preview:-1"},"canonical":"https:\/\/www.yoolabox.com\/index.php\/produit\/mosimann-dimanche-18-octobre-2026-zenith-paris-la-villette\/","twitter_card":"summary_large_image","twitter_title":"MOSIMANN - DIMANCHE 18 OCTOBRE 2026 - Z\u00e9nith Paris - La Villette - Yoolabox.com","twitter_description":"MOSIMAN Dimanche 18 octobre 2026 - 20:00 Zenith Paris - La Villette  Allo Floride pr\u00e9sente Mosimann au Z\u00e9nith Paris - La Villette, le 18 octobre 2026.   Suite au succ\u00e8s de son premier Z\u00e9nith complet en 24 heures, Mosimann revient pour une seconde date exceptionnelle. Plus qu\u2019un concert, c\u2019est l\u2019aboutissement d\u2019un projet enti\u00e8rement con\u00e7u pour la sc\u00e8ne, une exp\u00e9rience live hors du commun.  &nbsp;","twitter_image":"https:\/\/www.yoolabox.com\/wp-content\/uploads\/2025\/10\/mosi.png","twitter_misc":{"Dur\u00e9e de lecture estim\u00e9e":"1 minute"},"schema":{"@context":"https:\/\/schema.org","@graph":[{"@type":"WebPage","@id":"https:\/\/www.yoolabox.com\/index.php\/produit\/mosimann-dimanche-18-octobre-2026-zenith-paris-la-villette\/","url":"https:\/\/www.yoolabox.com\/index.php\/produit\/mosimann-dimanche-18-octobre-2026-zenith-paris-la-villette\/","name":"MOSIMANN - DIMANCHE 18 OCTOBRE 2026 - Z\u00e9nith Paris - La Villette - Yoolabox.com","isPartOf":{"@id":"https:\/\/www.yoolabox.com\/#website"},"primaryImageOfPage":{"@id":"https:\/\/www.yoolabox.com\/index.php\/produit\/mosimann-dimanche-18-octobre-2026-zenith-paris-la-villette\/#primaryimage"},"image":{"@id":"https:\/\/www.yoolabox.com\/index.php\/produit\/mosimann-dimanche-18-octobre-2026-zenith-paris-la-villette\/#primaryimage"},"thumbnailUrl":"https:\/\/www.yoolabox.com\/wp-content\/uploads\/2025\/10\/mosi.png","datePublished":"2025-10-22T05:29:00+00:00","dateModified":"2026-03-21T05:25:15+00:00","breadcrumb":{"@id":"https:\/\/www.yoolabox.com\/index.php\/produit\/mosimann-dimanche-18-octobre-2026-zenith-paris-la-villette\/#breadcrumb"},"inLanguage":"fr-FR","potentialAction":[{"@type":"ReadAction","target":["https:\/\/www.yoolabox.com\/index.php\/produit\/mosimann-dimanche-18-octobre-2026-zenith-paris-la-villette\/"]}]},{"@type":"ImageObject","inLanguage":"fr-FR","@id":"https:\/\/www.yoolabox.com\/index.php\/produit\/mosimann-dimanche-18-octobre-2026-zenith-paris-la-villette\/#primaryimage","url":"https:\/\/www.yoolabox.com\/wp-content\/uploads\/2025\/10\/mosi.png","contentUrl":"https:\/\/www.yoolabox.com\/wp-content\/uploads\/2025\/10\/mosi.png","width":600,"height":738},{"@type":"BreadcrumbList","@id":"https:\/\/www.yoolabox.com\/index.php\/produit\/mosimann-dimanche-18-octobre-2026-zenith-paris-la-villette\/#breadcrumb","itemListElement":[{"@type":"ListItem","position":1,"name":"Home","item":"https:\/\/www.yoolabox.com\/"},{"@type":"ListItem","position":2,"name":"Shop","item":"https:\/\/www.yoolabox.com\/index.php\/shop\/"},{"@type":"ListItem","position":3,"name":"MOSIMANN &#8211; DIMANCHE 18 OCTOBRE 2026 &#8211; Z\u00e9nith Paris &#8211; La Villette"}]},{"@type":"WebSite","@id":"https:\/\/www.yoolabox.com\/#website","url":"https:\/\/www.yoolabox.com\/","name":"Yoolabox.com","description":"La billetterie accessible \u00e0 tous","publisher":{"@id":"https:\/\/www.yoolabox.com\/#organization"},"potentialAction":[{"@type":"SearchAction","target":{"@type":"EntryPoint","urlTemplate":"https:\/\/www.yoolabox.com\/?s={search_term_string}"},"query-input":{"@type":"PropertyValueSpecification","valueRequired":true,"valueName":"search_term_string"}}],"inLanguage":"fr-FR"},{"@type":"Organization","@id":"https:\/\/www.yoolabox.com\/#organization","name":"Yoolabox.com","url":"https:\/\/www.yoolabox.com\/","logo":{"@type":"ImageObject","inLanguage":"fr-FR","@id":"https:\/\/www.yoolabox.com\/#\/schema\/logo\/image\/","url":"https:\/\/www.yoolabox.com\/wp-content\/uploads\/2019\/11\/cropped-Logo_web.jpg","contentUrl":"https:\/\/www.yoolabox.com\/wp-content\/uploads\/2019\/11\/cropped-Logo_web.jpg","width":300,"height":100,"caption":"Yoolabox.com"},"image":{"@id":"https:\/\/www.yoolabox.com\/#\/schema\/logo\/image\/"}}]}},"publishpress_future_action":{"enabled":false,"date":"2026-05-04 10:52:28","action":"change-status","newStatus":"draft","terms":[],"taxonomy":"product_cat","extraData":[]},"publishpress_future_workflow_manual_trigger":{"enabledWorkflows":[]},"_links":{"self":[{"href":"https:\/\/www.yoolabox.com\/index.php\/wp-json\/wp\/v2\/product\/139857","targetHints":{"allow":["GET"]}}],"collection":[{"href":"https:\/\/www.yoolabox.com\/index.php\/wp-json\/wp\/v2\/product"}],"about":[{"href":"https:\/\/www.yoolabox.com\/index.php\/wp-json\/wp\/v2\/types\/product"}],"author":[{"embeddable":true,"href":"https:\/\/www.yoolabox.com\/index.php\/wp-json\/wp\/v2\/users\/4259"}],"version-history":[{"count":1,"href":"https:\/\/www.yoolabox.com\/index.php\/wp-json\/wp\/v2\/product\/139857\/revisions"}],"predecessor-version":[{"id":147427,"href":"https:\/\/www.yoolabox.com\/index.php\/wp-json\/wp\/v2\/product\/139857\/revisions\/147427"}],"wp:featuredmedia":[{"embeddable":true,"href":"https:\/\/www.yoolabox.com\/index.php\/wp-json\/wp\/v2\/media\/139868"}],"wp:attachment":[{"href":"https:\/\/www.yoolabox.com\/index.php\/wp-json\/wp\/v2\/media?parent=139857"}],"wp:term":[{"taxonomy":"product_brand","embeddable":true,"href":"https:\/\/www.yoolabox.com\/index.php\/wp-json\/wp\/v2\/product_brand?post=139857"},{"taxonomy":"product_cat","embeddable":true,"href":"https:\/\/www.yoolabox.com\/index.php\/wp-json\/wp\/v2\/product_cat?post=139857"},{"taxonomy":"product_tag","embeddable":true,"href":"https:\/\/www.yoolabox.com\/index.php\/wp-json\/wp\/v2\/product_tag?post=139857"}],"curies":[{"name":"wp","href":"https:\/\/api.w.org\/{rel}","templated":true}]}}