{"id":138369,"date":"2025-10-03T08:38:59","date_gmt":"2025-10-03T06:38:59","guid":{"rendered":"https:\/\/www.yoolabox.com\/?post_type=product&#038;p=138369"},"modified":"2026-04-29T09:55:27","modified_gmt":"2026-04-29T07:55:27","slug":"glorious-dimanche-11-octobre-2026-zenith-paris-la-villette","status":"publish","type":"product","link":"https:\/\/www.yoolabox.com\/index.php\/produit\/glorious-dimanche-11-octobre-2026-zenith-paris-la-villette\/","title":{"rendered":"Glorious  &#8211; Dimanche 11 octobre 2026 &#8211; Z\u00e9nith Paris &#8211; La Villette"},"content":{"rendered":"<h1><strong>Glorious en concert \u00e0 Paris<\/strong><\/h1>\n<h3><strong>Dimanche 11 octobre 2026 &#8211; 18:00<\/strong><\/h3>\n<p><em><strong>Zenith Paris &#8211; La Villette<\/strong><\/em><\/p>\n<div>\n<p>ABT PROD pr\u00e9sente GLORIOUS<br \/>\nPlus qu\u2019un concert, Glorious propose une v\u00e9ritable soir\u00e9e de louange o\u00f9 la musique devient pri\u00e8re<br \/>\net c\u00e9l\u00e9bration.<br \/>\nUne soir\u00e9e exceptionnelle o\u00f9 la pop rencontre la foi, dans une explosion d\u2019\u00e9nergie et d\u2019\u00e9motion.<br \/>\nLe groupe invite \u00e0 vivre un moment fort, port\u00e9 par la conviction que Dieu peut toucher les coeurs.<br \/>\nEntre pop entra\u00eenante et ferveur spirituelle, l\u2019ambiance rassemble un public de 7 \u00e0 77 ans<br \/>\nGlorious propose une vision moderne et actuelle de la foi.<\/p>\n<\/div>\n<p>&nbsp;<\/p>\n","protected":false},"excerpt":{"rendered":"<h1><strong>Glorious en concert \u00e0 Paris<\/strong><\/h1>\n<h3><strong>Dimanche 11 octobre 2026 &#8211; 18:00<\/strong><\/h3>\n<p><em><strong>Zenith Paris &#8211; La Villette<\/strong><\/em><\/p>\n<div>\n<p>ABT PROD pr\u00e9sente GLORIOUS<br \/>\nPlus qu\u2019un concert, Glorious propose une v\u00e9ritable soir\u00e9e de louange o\u00f9 la musique devient pri\u00e8re<br \/>\net c\u00e9l\u00e9bration.<br \/>\nUne soir\u00e9e exceptionnelle o\u00f9 la pop rencontre la foi, dans une explosion d\u2019\u00e9nergie et d\u2019\u00e9motion.<br \/>\nLe groupe invite \u00e0 vivre un moment fort, port\u00e9 par la conviction que Dieu peut toucher les coeurs.<br \/>\nEntre pop entra\u00eenante et ferveur spirituelle, l\u2019ambiance rassemble un public de 7 \u00e0 77 ans<br \/>\nGlorious propose une vision moderne et actuelle de la foi.<\/p>\n<\/div>\n<p>&nbsp;<\/p>\n","protected":false},"author":4259,"featured_media":142322,"template":"","meta":{"_acf_changed":false},"product_brand":[],"product_cat":[815,817,55,1314,818,160,1316,161,1132,2311,2312],"product_tag":[3498,2313],"class_list":{"0":"post-138369","1":"product","2":"type-product","3":"status-publish","4":"has-post-thumbnail","6":"product_cat-handicap","7":"product_cat-boucle-magnetique","8":"product_cat-concert","9":"product_cat-emplacement-adapte","10":"product_cat-fauteuil-roulant","11":"product_cat-ile-de-france","12":"product_cat-accessible-naturellement-malvoyant","13":"product_cat-region","14":"product_cat-salles","15":"product_cat-zenith-paris","16":"product_cat-zenith-paris-salles","17":"product_tag-glorious","18":"product_tag-zenith-paris","19":"pa_categorie-accompagnateur-pmr-fauteuil-gradin-porte-c","20":"pa_categorie-accompagnateur-pmr-fauteuil-gradin-porte-d","21":"pa_categorie-accompagnateur-pmr-fauteuil-gradin-porte-e","22":"pa_categorie-accompagnateur-pmr-fauteuil-gradin-porte-f","23":"pa_categorie-accompagnateur-psh-marchant-gradin-porte-g","24":"pa_categorie-pmr-fauteuil-gradin-porte-c","25":"pa_categorie-pmr-fauteuil-gradin-porte-d","26":"pa_categorie-pmr-fauteuil-gradin-porte-e","27":"pa_categorie-pmr-fauteuil-gradin-porte-f","28":"pa_categorie-psh-marchant-gradin-porte-g","29":"product-custom-label-billetterie-officielle","30":"product-custom-label-ebillet","31":"product-custom-label-emplacement-fauteuil","32":"product-custom-label-mal-voyant","33":"product-custom-label-surdite","34":"badges-style-3","36":"first","37":"instock","38":"shipping-taxable","39":"purchasable","40":"product-type-variable"},"acf":[],"yoast_head":"<!-- This site is optimized with the Yoast SEO plugin v27.2 - https:\/\/yoast.com\/product\/yoast-seo-wordpress\/ -->\n<title>Glorious - Dimanche 11 octobre 2026 - Z\u00e9nith Paris - La Villette - Yoolabox.com<\/title>\n<meta name=\"robots\" content=\"index, follow, max-snippet:-1, max-image-preview:large, max-video-preview:-1\" \/>\n<link rel=\"canonical\" href=\"https:\/\/www.yoolabox.com\/index.php\/produit\/glorious-dimanche-11-octobre-2026-zenith-paris-la-villette\/\" \/>\n<meta name=\"twitter:card\" content=\"summary_large_image\" \/>\n<meta name=\"twitter:title\" content=\"Glorious - Dimanche 11 octobre 2026 - Z\u00e9nith Paris - La Villette - Yoolabox.com\" \/>\n<meta name=\"twitter:description\" content=\"Glorious en concert \u00e0 Paris Dimanche 11 octobre 2026 - 18:00 Zenith Paris - La Villette   ABT PROD pr\u00e9sente GLORIOUS Plus qu\u2019un concert, Glorious propose une v\u00e9ritable soir\u00e9e de louange o\u00f9 la musique devient pri\u00e8re et c\u00e9l\u00e9bration. Une soir\u00e9e exceptionnelle o\u00f9 la pop rencontre la foi, dans une explosion d\u2019\u00e9nergie et d\u2019\u00e9motion. Le groupe invite \u00e0 vivre un moment fort, port\u00e9 par la conviction que Dieu peut toucher les coeurs. Entre pop entra\u00eenante et ferveur spirituelle, l\u2019ambiance rassemble un public de 7 \u00e0 77 ans Glorious propose une vision moderne et actuelle de la foi.   &nbsp;\" \/>\n<meta name=\"twitter:image\" content=\"https:\/\/www.yoolabox.com\/wp-content\/uploads\/2025\/10\/gloriuous-v2.png\" \/>\n<meta name=\"twitter:label1\" content=\"Dur\u00e9e de lecture estim\u00e9e\" \/>\n\t<meta name=\"twitter:data1\" content=\"1 minute\" \/>\n<script type=\"application\/ld+json\" class=\"yoast-schema-graph\">{\"@context\":\"https:\/\/schema.org\",\"@graph\":[{\"@type\":\"WebPage\",\"@id\":\"https:\/\/www.yoolabox.com\/index.php\/produit\/glorious-dimanche-11-octobre-2026-zenith-paris-la-villette\/\",\"url\":\"https:\/\/www.yoolabox.com\/index.php\/produit\/glorious-dimanche-11-octobre-2026-zenith-paris-la-villette\/\",\"name\":\"Glorious - Dimanche 11 octobre 2026 - Z\u00e9nith Paris - La Villette - Yoolabox.com\",\"isPartOf\":{\"@id\":\"https:\/\/www.yoolabox.com\/#website\"},\"primaryImageOfPage\":{\"@id\":\"https:\/\/www.yoolabox.com\/index.php\/produit\/glorious-dimanche-11-octobre-2026-zenith-paris-la-villette\/#primaryimage\"},\"image\":{\"@id\":\"https:\/\/www.yoolabox.com\/index.php\/produit\/glorious-dimanche-11-octobre-2026-zenith-paris-la-villette\/#primaryimage\"},\"thumbnailUrl\":\"https:\/\/www.yoolabox.com\/wp-content\/uploads\/2025\/10\/gloriuous-v2.png\",\"datePublished\":\"2025-10-03T06:38:59+00:00\",\"dateModified\":\"2026-04-29T07:55:27+00:00\",\"breadcrumb\":{\"@id\":\"https:\/\/www.yoolabox.com\/index.php\/produit\/glorious-dimanche-11-octobre-2026-zenith-paris-la-villette\/#breadcrumb\"},\"inLanguage\":\"fr-FR\",\"potentialAction\":[{\"@type\":\"ReadAction\",\"target\":[\"https:\/\/www.yoolabox.com\/index.php\/produit\/glorious-dimanche-11-octobre-2026-zenith-paris-la-villette\/\"]}]},{\"@type\":\"ImageObject\",\"inLanguage\":\"fr-FR\",\"@id\":\"https:\/\/www.yoolabox.com\/index.php\/produit\/glorious-dimanche-11-octobre-2026-zenith-paris-la-villette\/#primaryimage\",\"url\":\"https:\/\/www.yoolabox.com\/wp-content\/uploads\/2025\/10\/gloriuous-v2.png\",\"contentUrl\":\"https:\/\/www.yoolabox.com\/wp-content\/uploads\/2025\/10\/gloriuous-v2.png\",\"width\":600,\"height\":738},{\"@type\":\"BreadcrumbList\",\"@id\":\"https:\/\/www.yoolabox.com\/index.php\/produit\/glorious-dimanche-11-octobre-2026-zenith-paris-la-villette\/#breadcrumb\",\"itemListElement\":[{\"@type\":\"ListItem\",\"position\":1,\"name\":\"Home\",\"item\":\"https:\/\/www.yoolabox.com\/\"},{\"@type\":\"ListItem\",\"position\":2,\"name\":\"Shop\",\"item\":\"https:\/\/www.yoolabox.com\/index.php\/shop\/\"},{\"@type\":\"ListItem\",\"position\":3,\"name\":\"Glorious &#8211; Dimanche 11 octobre 2026 &#8211; Z\u00e9nith Paris &#8211; La Villette\"}]},{\"@type\":\"WebSite\",\"@id\":\"https:\/\/www.yoolabox.com\/#website\",\"url\":\"https:\/\/www.yoolabox.com\/\",\"name\":\"Yoolabox.com\",\"description\":\"La billetterie accessible \u00e0 tous\",\"publisher\":{\"@id\":\"https:\/\/www.yoolabox.com\/#organization\"},\"potentialAction\":[{\"@type\":\"SearchAction\",\"target\":{\"@type\":\"EntryPoint\",\"urlTemplate\":\"https:\/\/www.yoolabox.com\/?s={search_term_string}\"},\"query-input\":{\"@type\":\"PropertyValueSpecification\",\"valueRequired\":true,\"valueName\":\"search_term_string\"}}],\"inLanguage\":\"fr-FR\"},{\"@type\":\"Organization\",\"@id\":\"https:\/\/www.yoolabox.com\/#organization\",\"name\":\"Yoolabox.com\",\"url\":\"https:\/\/www.yoolabox.com\/\",\"logo\":{\"@type\":\"ImageObject\",\"inLanguage\":\"fr-FR\",\"@id\":\"https:\/\/www.yoolabox.com\/#\/schema\/logo\/image\/\",\"url\":\"https:\/\/www.yoolabox.com\/wp-content\/uploads\/2019\/11\/cropped-Logo_web.jpg\",\"contentUrl\":\"https:\/\/www.yoolabox.com\/wp-content\/uploads\/2019\/11\/cropped-Logo_web.jpg\",\"width\":300,\"height\":100,\"caption\":\"Yoolabox.com\"},\"image\":{\"@id\":\"https:\/\/www.yoolabox.com\/#\/schema\/logo\/image\/\"}}]}<\/script>\n<!-- \/ Yoast SEO plugin. -->","yoast_head_json":{"title":"Glorious - Dimanche 11 octobre 2026 - Z\u00e9nith Paris - La Villette - Yoolabox.com","robots":{"index":"index","follow":"follow","max-snippet":"max-snippet:-1","max-image-preview":"max-image-preview:large","max-video-preview":"max-video-preview:-1"},"canonical":"https:\/\/www.yoolabox.com\/index.php\/produit\/glorious-dimanche-11-octobre-2026-zenith-paris-la-villette\/","twitter_card":"summary_large_image","twitter_title":"Glorious - Dimanche 11 octobre 2026 - Z\u00e9nith Paris - La Villette - Yoolabox.com","twitter_description":"Glorious en concert \u00e0 Paris Dimanche 11 octobre 2026 - 18:00 Zenith Paris - La Villette   ABT PROD pr\u00e9sente GLORIOUS Plus qu\u2019un concert, Glorious propose une v\u00e9ritable soir\u00e9e de louange o\u00f9 la musique devient pri\u00e8re et c\u00e9l\u00e9bration. Une soir\u00e9e exceptionnelle o\u00f9 la pop rencontre la foi, dans une explosion d\u2019\u00e9nergie et d\u2019\u00e9motion. Le groupe invite \u00e0 vivre un moment fort, port\u00e9 par la conviction que Dieu peut toucher les coeurs. Entre pop entra\u00eenante et ferveur spirituelle, l\u2019ambiance rassemble un public de 7 \u00e0 77 ans Glorious propose une vision moderne et actuelle de la foi.   &nbsp;","twitter_image":"https:\/\/www.yoolabox.com\/wp-content\/uploads\/2025\/10\/gloriuous-v2.png","twitter_misc":{"Dur\u00e9e de lecture estim\u00e9e":"1 minute"},"schema":{"@context":"https:\/\/schema.org","@graph":[{"@type":"WebPage","@id":"https:\/\/www.yoolabox.com\/index.php\/produit\/glorious-dimanche-11-octobre-2026-zenith-paris-la-villette\/","url":"https:\/\/www.yoolabox.com\/index.php\/produit\/glorious-dimanche-11-octobre-2026-zenith-paris-la-villette\/","name":"Glorious - Dimanche 11 octobre 2026 - Z\u00e9nith Paris - La Villette - Yoolabox.com","isPartOf":{"@id":"https:\/\/www.yoolabox.com\/#website"},"primaryImageOfPage":{"@id":"https:\/\/www.yoolabox.com\/index.php\/produit\/glorious-dimanche-11-octobre-2026-zenith-paris-la-villette\/#primaryimage"},"image":{"@id":"https:\/\/www.yoolabox.com\/index.php\/produit\/glorious-dimanche-11-octobre-2026-zenith-paris-la-villette\/#primaryimage"},"thumbnailUrl":"https:\/\/www.yoolabox.com\/wp-content\/uploads\/2025\/10\/gloriuous-v2.png","datePublished":"2025-10-03T06:38:59+00:00","dateModified":"2026-04-29T07:55:27+00:00","breadcrumb":{"@id":"https:\/\/www.yoolabox.com\/index.php\/produit\/glorious-dimanche-11-octobre-2026-zenith-paris-la-villette\/#breadcrumb"},"inLanguage":"fr-FR","potentialAction":[{"@type":"ReadAction","target":["https:\/\/www.yoolabox.com\/index.php\/produit\/glorious-dimanche-11-octobre-2026-zenith-paris-la-villette\/"]}]},{"@type":"ImageObject","inLanguage":"fr-FR","@id":"https:\/\/www.yoolabox.com\/index.php\/produit\/glorious-dimanche-11-octobre-2026-zenith-paris-la-villette\/#primaryimage","url":"https:\/\/www.yoolabox.com\/wp-content\/uploads\/2025\/10\/gloriuous-v2.png","contentUrl":"https:\/\/www.yoolabox.com\/wp-content\/uploads\/2025\/10\/gloriuous-v2.png","width":600,"height":738},{"@type":"BreadcrumbList","@id":"https:\/\/www.yoolabox.com\/index.php\/produit\/glorious-dimanche-11-octobre-2026-zenith-paris-la-villette\/#breadcrumb","itemListElement":[{"@type":"ListItem","position":1,"name":"Home","item":"https:\/\/www.yoolabox.com\/"},{"@type":"ListItem","position":2,"name":"Shop","item":"https:\/\/www.yoolabox.com\/index.php\/shop\/"},{"@type":"ListItem","position":3,"name":"Glorious &#8211; Dimanche 11 octobre 2026 &#8211; Z\u00e9nith Paris &#8211; La Villette"}]},{"@type":"WebSite","@id":"https:\/\/www.yoolabox.com\/#website","url":"https:\/\/www.yoolabox.com\/","name":"Yoolabox.com","description":"La billetterie accessible \u00e0 tous","publisher":{"@id":"https:\/\/www.yoolabox.com\/#organization"},"potentialAction":[{"@type":"SearchAction","target":{"@type":"EntryPoint","urlTemplate":"https:\/\/www.yoolabox.com\/?s={search_term_string}"},"query-input":{"@type":"PropertyValueSpecification","valueRequired":true,"valueName":"search_term_string"}}],"inLanguage":"fr-FR"},{"@type":"Organization","@id":"https:\/\/www.yoolabox.com\/#organization","name":"Yoolabox.com","url":"https:\/\/www.yoolabox.com\/","logo":{"@type":"ImageObject","inLanguage":"fr-FR","@id":"https:\/\/www.yoolabox.com\/#\/schema\/logo\/image\/","url":"https:\/\/www.yoolabox.com\/wp-content\/uploads\/2019\/11\/cropped-Logo_web.jpg","contentUrl":"https:\/\/www.yoolabox.com\/wp-content\/uploads\/2019\/11\/cropped-Logo_web.jpg","width":300,"height":100,"caption":"Yoolabox.com"},"image":{"@id":"https:\/\/www.yoolabox.com\/#\/schema\/logo\/image\/"}}]}},"publishpress_future_action":{"enabled":true,"date":"2026-09-25 08:39:00","action":"change-status","newStatus":"draft","terms":[0],"taxonomy":"product_cat","extraData":[]},"publishpress_future_workflow_manual_trigger":{"enabledWorkflows":[]},"_links":{"self":[{"href":"https:\/\/www.yoolabox.com\/index.php\/wp-json\/wp\/v2\/product\/138369","targetHints":{"allow":["GET"]}}],"collection":[{"href":"https:\/\/www.yoolabox.com\/index.php\/wp-json\/wp\/v2\/product"}],"about":[{"href":"https:\/\/www.yoolabox.com\/index.php\/wp-json\/wp\/v2\/types\/product"}],"author":[{"embeddable":true,"href":"https:\/\/www.yoolabox.com\/index.php\/wp-json\/wp\/v2\/users\/4259"}],"version-history":[{"count":1,"href":"https:\/\/www.yoolabox.com\/index.php\/wp-json\/wp\/v2\/product\/138369\/revisions"}],"predecessor-version":[{"id":147429,"href":"https:\/\/www.yoolabox.com\/index.php\/wp-json\/wp\/v2\/product\/138369\/revisions\/147429"}],"wp:featuredmedia":[{"embeddable":true,"href":"https:\/\/www.yoolabox.com\/index.php\/wp-json\/wp\/v2\/media\/142322"}],"wp:attachment":[{"href":"https:\/\/www.yoolabox.com\/index.php\/wp-json\/wp\/v2\/media?parent=138369"}],"wp:term":[{"taxonomy":"product_brand","embeddable":true,"href":"https:\/\/www.yoolabox.com\/index.php\/wp-json\/wp\/v2\/product_brand?post=138369"},{"taxonomy":"product_cat","embeddable":true,"href":"https:\/\/www.yoolabox.com\/index.php\/wp-json\/wp\/v2\/product_cat?post=138369"},{"taxonomy":"product_tag","embeddable":true,"href":"https:\/\/www.yoolabox.com\/index.php\/wp-json\/wp\/v2\/product_tag?post=138369"}],"curies":[{"name":"wp","href":"https:\/\/api.w.org\/{rel}","templated":true}]}}