{"id":136721,"date":"2025-09-02T06:22:45","date_gmt":"2025-09-02T04:22:45","guid":{"rendered":"https:\/\/www.yoolabox.com\/?post_type=product&#038;p=136721"},"modified":"2026-04-25T11:40:09","modified_gmt":"2026-04-25T09:40:09","slug":"gaetan-roussel-mercredi-27-mai-2026-zenith-paris-la-villette","status":"publish","type":"product","link":"https:\/\/www.yoolabox.com\/index.php\/produit\/gaetan-roussel-mercredi-27-mai-2026-zenith-paris-la-villette\/","title":{"rendered":"GAETAN ROUSSEL &#8211; MERCREDI 27 MAI 2026 &#8211; Z\u00e9nith Paris &#8211; La Villette"},"content":{"rendered":"<h1>GAETAN ROUSSEL<\/h1>\n<h3><strong>Mercredi 27 mai 2026 &#8211; 20:00<\/strong><\/h3>\n<p><em><strong>Zenith Paris &#8211; La Villette<\/strong><\/em><\/p>\n<p>Corida pr\u00e9sente Ga\u00ebtan Roussel en concert.<\/p>\n<p>Prolifique porteur et passeur de projets, Ga\u00ebtan Roussel ne cesse d\u2019inventer son destin d\u2019artiste en mouvement. Apr\u00e8s des retrouvailles triomphales avec Louise Attaque, il s\u2019\u00e9chappe de nouveau en solo, avec un sixi\u00e8me album studio \u201cMarjolaine\u201c \u00e0 paraitre le 14 novembre 2025. Il sera pour l\u2019occasion en tourn\u00e9e en France \u00e0 partir du printemps 2026.<\/p>\n<p>&nbsp;<\/p>\n","protected":false},"excerpt":{"rendered":"<h1>GAETAN ROUSSEL<\/h1>\n<h3><strong>Mercredi 27 mai 2026 &#8211; 20:00<\/strong><\/h3>\n<p><em><strong>Zenith Paris &#8211; La Villette<\/strong><\/em><\/p>\n<p>Corida pr\u00e9sente Ga\u00ebtan Roussel en concert.<\/p>\n<p>Prolifique porteur et passeur de projets, Ga\u00ebtan Roussel ne cesse d\u2019inventer son destin d\u2019artiste en mouvement. Apr\u00e8s des retrouvailles triomphales avec Louise Attaque, il s\u2019\u00e9chappe de nouveau en solo, avec un sixi\u00e8me album studio \u201cMarjolaine\u201c \u00e0 paraitre le 14 novembre 2025. Il sera pour l\u2019occasion en tourn\u00e9e en France \u00e0 partir du printemps 2026.<\/p>\n<p>&nbsp;<\/p>\n","protected":false},"author":4259,"featured_media":136732,"template":"","meta":{"_acf_changed":false},"product_brand":[],"product_cat":[815,817,55,1314,818,160,1316,161,1132,2311,2312],"product_tag":[3487,2313],"class_list":{"0":"post-136721","1":"product","2":"type-product","3":"status-publish","4":"has-post-thumbnail","6":"product_cat-handicap","7":"product_cat-boucle-magnetique","8":"product_cat-concert","9":"product_cat-emplacement-adapte","10":"product_cat-fauteuil-roulant","11":"product_cat-ile-de-france","12":"product_cat-accessible-naturellement-malvoyant","13":"product_cat-region","14":"product_cat-salles","15":"product_cat-zenith-paris","16":"product_cat-zenith-paris-salles","17":"product_tag-gaetan-roussel","18":"product_tag-zenith-paris","19":"pa_categorie-accompagnateur-pmr-fauteuil-gradin-porte-c","20":"pa_categorie-accompagnateur-pmr-fauteuil-gradin-porte-d","21":"pa_categorie-accompagnateur-pmr-fauteuil-gradin-porte-e","22":"pa_categorie-accompagnateur-pmr-fauteuil-gradin-porte-f","23":"pa_categorie-accompagnateur-psh-marchant-gradin-porte-g","24":"pa_categorie-pmr-fauteuil-gradin-porte-c","25":"pa_categorie-pmr-fauteuil-gradin-porte-d","26":"pa_categorie-pmr-fauteuil-gradin-porte-e","27":"pa_categorie-pmr-fauteuil-gradin-porte-f","28":"pa_categorie-psh-marchant-gradin-porte-g","29":"product-custom-label-billetterie-officielle","30":"product-custom-label-ebillet","31":"product-custom-label-emplacement-fauteuil","32":"product-custom-label-handicap-mental","33":"product-custom-label-mal-voyant","34":"product-custom-label-surdite","35":"badges-style-3","37":"first","38":"instock","39":"shipping-taxable","40":"purchasable","41":"product-type-variable"},"acf":[],"yoast_head":"<!-- This site is optimized with the Yoast SEO plugin v27.2 - https:\/\/yoast.com\/product\/yoast-seo-wordpress\/ -->\n<title>GAETAN ROUSSEL - MERCREDI 27 MAI 2026 - Z\u00e9nith Paris - La Villette - Yoolabox.com<\/title>\n<meta name=\"robots\" content=\"index, follow, max-snippet:-1, max-image-preview:large, max-video-preview:-1\" \/>\n<link rel=\"canonical\" href=\"https:\/\/www.yoolabox.com\/index.php\/produit\/gaetan-roussel-mercredi-27-mai-2026-zenith-paris-la-villette\/\" \/>\n<meta name=\"twitter:card\" content=\"summary_large_image\" \/>\n<meta name=\"twitter:title\" content=\"GAETAN ROUSSEL - MERCREDI 27 MAI 2026 - Z\u00e9nith Paris - La Villette - Yoolabox.com\" \/>\n<meta name=\"twitter:description\" content=\"GAETAN ROUSSEL Mercredi 27 mai 2026 - 20:00 Zenith Paris - La Villette  Corida pr\u00e9sente Ga\u00ebtan Roussel en concert.  Prolifique porteur et passeur de projets, Ga\u00ebtan Roussel ne cesse d\u2019inventer son destin d\u2019artiste en mouvement. Apr\u00e8s des retrouvailles triomphales avec Louise Attaque, il s\u2019\u00e9chappe de nouveau en solo, avec un sixi\u00e8me album studio \u201cMarjolaine\u201c \u00e0 paraitre le 14 novembre 2025. Il sera pour l\u2019occasion en tourn\u00e9e en France \u00e0 partir du printemps 2026.  &nbsp;\" \/>\n<meta name=\"twitter:image\" content=\"https:\/\/www.yoolabox.com\/wp-content\/uploads\/2025\/09\/yoolabox_600-738.jpg\" \/>\n<meta name=\"twitter:label1\" content=\"Dur\u00e9e de lecture estim\u00e9e\" \/>\n\t<meta name=\"twitter:data1\" content=\"1 minute\" \/>\n<script type=\"application\/ld+json\" class=\"yoast-schema-graph\">{\"@context\":\"https:\/\/schema.org\",\"@graph\":[{\"@type\":\"WebPage\",\"@id\":\"https:\/\/www.yoolabox.com\/index.php\/produit\/gaetan-roussel-mercredi-27-mai-2026-zenith-paris-la-villette\/\",\"url\":\"https:\/\/www.yoolabox.com\/index.php\/produit\/gaetan-roussel-mercredi-27-mai-2026-zenith-paris-la-villette\/\",\"name\":\"GAETAN ROUSSEL - MERCREDI 27 MAI 2026 - Z\u00e9nith Paris - La Villette - Yoolabox.com\",\"isPartOf\":{\"@id\":\"https:\/\/www.yoolabox.com\/#website\"},\"primaryImageOfPage\":{\"@id\":\"https:\/\/www.yoolabox.com\/index.php\/produit\/gaetan-roussel-mercredi-27-mai-2026-zenith-paris-la-villette\/#primaryimage\"},\"image\":{\"@id\":\"https:\/\/www.yoolabox.com\/index.php\/produit\/gaetan-roussel-mercredi-27-mai-2026-zenith-paris-la-villette\/#primaryimage\"},\"thumbnailUrl\":\"https:\/\/www.yoolabox.com\/wp-content\/uploads\/2025\/09\/yoolabox_600-738.jpg\",\"datePublished\":\"2025-09-02T04:22:45+00:00\",\"dateModified\":\"2026-04-25T09:40:09+00:00\",\"breadcrumb\":{\"@id\":\"https:\/\/www.yoolabox.com\/index.php\/produit\/gaetan-roussel-mercredi-27-mai-2026-zenith-paris-la-villette\/#breadcrumb\"},\"inLanguage\":\"fr-FR\",\"potentialAction\":[{\"@type\":\"ReadAction\",\"target\":[\"https:\/\/www.yoolabox.com\/index.php\/produit\/gaetan-roussel-mercredi-27-mai-2026-zenith-paris-la-villette\/\"]}]},{\"@type\":\"ImageObject\",\"inLanguage\":\"fr-FR\",\"@id\":\"https:\/\/www.yoolabox.com\/index.php\/produit\/gaetan-roussel-mercredi-27-mai-2026-zenith-paris-la-villette\/#primaryimage\",\"url\":\"https:\/\/www.yoolabox.com\/wp-content\/uploads\/2025\/09\/yoolabox_600-738.jpg\",\"contentUrl\":\"https:\/\/www.yoolabox.com\/wp-content\/uploads\/2025\/09\/yoolabox_600-738.jpg\",\"width\":600,\"height\":738},{\"@type\":\"BreadcrumbList\",\"@id\":\"https:\/\/www.yoolabox.com\/index.php\/produit\/gaetan-roussel-mercredi-27-mai-2026-zenith-paris-la-villette\/#breadcrumb\",\"itemListElement\":[{\"@type\":\"ListItem\",\"position\":1,\"name\":\"Home\",\"item\":\"https:\/\/www.yoolabox.com\/\"},{\"@type\":\"ListItem\",\"position\":2,\"name\":\"Shop\",\"item\":\"https:\/\/www.yoolabox.com\/index.php\/shop\/\"},{\"@type\":\"ListItem\",\"position\":3,\"name\":\"GAETAN ROUSSEL &#8211; MERCREDI 27 MAI 2026 &#8211; Z\u00e9nith Paris &#8211; La Villette\"}]},{\"@type\":\"WebSite\",\"@id\":\"https:\/\/www.yoolabox.com\/#website\",\"url\":\"https:\/\/www.yoolabox.com\/\",\"name\":\"Yoolabox.com\",\"description\":\"La billetterie accessible \u00e0 tous\",\"publisher\":{\"@id\":\"https:\/\/www.yoolabox.com\/#organization\"},\"potentialAction\":[{\"@type\":\"SearchAction\",\"target\":{\"@type\":\"EntryPoint\",\"urlTemplate\":\"https:\/\/www.yoolabox.com\/?s={search_term_string}\"},\"query-input\":{\"@type\":\"PropertyValueSpecification\",\"valueRequired\":true,\"valueName\":\"search_term_string\"}}],\"inLanguage\":\"fr-FR\"},{\"@type\":\"Organization\",\"@id\":\"https:\/\/www.yoolabox.com\/#organization\",\"name\":\"Yoolabox.com\",\"url\":\"https:\/\/www.yoolabox.com\/\",\"logo\":{\"@type\":\"ImageObject\",\"inLanguage\":\"fr-FR\",\"@id\":\"https:\/\/www.yoolabox.com\/#\/schema\/logo\/image\/\",\"url\":\"https:\/\/www.yoolabox.com\/wp-content\/uploads\/2019\/11\/cropped-Logo_web.jpg\",\"contentUrl\":\"https:\/\/www.yoolabox.com\/wp-content\/uploads\/2019\/11\/cropped-Logo_web.jpg\",\"width\":300,\"height\":100,\"caption\":\"Yoolabox.com\"},\"image\":{\"@id\":\"https:\/\/www.yoolabox.com\/#\/schema\/logo\/image\/\"}}]}<\/script>\n<!-- \/ Yoast SEO plugin. -->","yoast_head_json":{"title":"GAETAN ROUSSEL - MERCREDI 27 MAI 2026 - Z\u00e9nith Paris - La Villette - Yoolabox.com","robots":{"index":"index","follow":"follow","max-snippet":"max-snippet:-1","max-image-preview":"max-image-preview:large","max-video-preview":"max-video-preview:-1"},"canonical":"https:\/\/www.yoolabox.com\/index.php\/produit\/gaetan-roussel-mercredi-27-mai-2026-zenith-paris-la-villette\/","twitter_card":"summary_large_image","twitter_title":"GAETAN ROUSSEL - MERCREDI 27 MAI 2026 - Z\u00e9nith Paris - La Villette - Yoolabox.com","twitter_description":"GAETAN ROUSSEL Mercredi 27 mai 2026 - 20:00 Zenith Paris - La Villette  Corida pr\u00e9sente Ga\u00ebtan Roussel en concert.  Prolifique porteur et passeur de projets, Ga\u00ebtan Roussel ne cesse d\u2019inventer son destin d\u2019artiste en mouvement. Apr\u00e8s des retrouvailles triomphales avec Louise Attaque, il s\u2019\u00e9chappe de nouveau en solo, avec un sixi\u00e8me album studio \u201cMarjolaine\u201c \u00e0 paraitre le 14 novembre 2025. Il sera pour l\u2019occasion en tourn\u00e9e en France \u00e0 partir du printemps 2026.  &nbsp;","twitter_image":"https:\/\/www.yoolabox.com\/wp-content\/uploads\/2025\/09\/yoolabox_600-738.jpg","twitter_misc":{"Dur\u00e9e de lecture estim\u00e9e":"1 minute"},"schema":{"@context":"https:\/\/schema.org","@graph":[{"@type":"WebPage","@id":"https:\/\/www.yoolabox.com\/index.php\/produit\/gaetan-roussel-mercredi-27-mai-2026-zenith-paris-la-villette\/","url":"https:\/\/www.yoolabox.com\/index.php\/produit\/gaetan-roussel-mercredi-27-mai-2026-zenith-paris-la-villette\/","name":"GAETAN ROUSSEL - MERCREDI 27 MAI 2026 - Z\u00e9nith Paris - La Villette - Yoolabox.com","isPartOf":{"@id":"https:\/\/www.yoolabox.com\/#website"},"primaryImageOfPage":{"@id":"https:\/\/www.yoolabox.com\/index.php\/produit\/gaetan-roussel-mercredi-27-mai-2026-zenith-paris-la-villette\/#primaryimage"},"image":{"@id":"https:\/\/www.yoolabox.com\/index.php\/produit\/gaetan-roussel-mercredi-27-mai-2026-zenith-paris-la-villette\/#primaryimage"},"thumbnailUrl":"https:\/\/www.yoolabox.com\/wp-content\/uploads\/2025\/09\/yoolabox_600-738.jpg","datePublished":"2025-09-02T04:22:45+00:00","dateModified":"2026-04-25T09:40:09+00:00","breadcrumb":{"@id":"https:\/\/www.yoolabox.com\/index.php\/produit\/gaetan-roussel-mercredi-27-mai-2026-zenith-paris-la-villette\/#breadcrumb"},"inLanguage":"fr-FR","potentialAction":[{"@type":"ReadAction","target":["https:\/\/www.yoolabox.com\/index.php\/produit\/gaetan-roussel-mercredi-27-mai-2026-zenith-paris-la-villette\/"]}]},{"@type":"ImageObject","inLanguage":"fr-FR","@id":"https:\/\/www.yoolabox.com\/index.php\/produit\/gaetan-roussel-mercredi-27-mai-2026-zenith-paris-la-villette\/#primaryimage","url":"https:\/\/www.yoolabox.com\/wp-content\/uploads\/2025\/09\/yoolabox_600-738.jpg","contentUrl":"https:\/\/www.yoolabox.com\/wp-content\/uploads\/2025\/09\/yoolabox_600-738.jpg","width":600,"height":738},{"@type":"BreadcrumbList","@id":"https:\/\/www.yoolabox.com\/index.php\/produit\/gaetan-roussel-mercredi-27-mai-2026-zenith-paris-la-villette\/#breadcrumb","itemListElement":[{"@type":"ListItem","position":1,"name":"Home","item":"https:\/\/www.yoolabox.com\/"},{"@type":"ListItem","position":2,"name":"Shop","item":"https:\/\/www.yoolabox.com\/index.php\/shop\/"},{"@type":"ListItem","position":3,"name":"GAETAN ROUSSEL &#8211; MERCREDI 27 MAI 2026 &#8211; Z\u00e9nith Paris &#8211; La Villette"}]},{"@type":"WebSite","@id":"https:\/\/www.yoolabox.com\/#website","url":"https:\/\/www.yoolabox.com\/","name":"Yoolabox.com","description":"La billetterie accessible \u00e0 tous","publisher":{"@id":"https:\/\/www.yoolabox.com\/#organization"},"potentialAction":[{"@type":"SearchAction","target":{"@type":"EntryPoint","urlTemplate":"https:\/\/www.yoolabox.com\/?s={search_term_string}"},"query-input":{"@type":"PropertyValueSpecification","valueRequired":true,"valueName":"search_term_string"}}],"inLanguage":"fr-FR"},{"@type":"Organization","@id":"https:\/\/www.yoolabox.com\/#organization","name":"Yoolabox.com","url":"https:\/\/www.yoolabox.com\/","logo":{"@type":"ImageObject","inLanguage":"fr-FR","@id":"https:\/\/www.yoolabox.com\/#\/schema\/logo\/image\/","url":"https:\/\/www.yoolabox.com\/wp-content\/uploads\/2019\/11\/cropped-Logo_web.jpg","contentUrl":"https:\/\/www.yoolabox.com\/wp-content\/uploads\/2019\/11\/cropped-Logo_web.jpg","width":300,"height":100,"caption":"Yoolabox.com"},"image":{"@id":"https:\/\/www.yoolabox.com\/#\/schema\/logo\/image\/"}}]}},"publishpress_future_action":{"enabled":true,"date":"2026-05-12 06:22:00","action":"change-status","newStatus":"draft","terms":[0],"taxonomy":"product_cat","extraData":[]},"publishpress_future_workflow_manual_trigger":{"enabledWorkflows":[]},"_links":{"self":[{"href":"https:\/\/www.yoolabox.com\/index.php\/wp-json\/wp\/v2\/product\/136721","targetHints":{"allow":["GET"]}}],"collection":[{"href":"https:\/\/www.yoolabox.com\/index.php\/wp-json\/wp\/v2\/product"}],"about":[{"href":"https:\/\/www.yoolabox.com\/index.php\/wp-json\/wp\/v2\/types\/product"}],"author":[{"embeddable":true,"href":"https:\/\/www.yoolabox.com\/index.php\/wp-json\/wp\/v2\/users\/4259"}],"version-history":[{"count":1,"href":"https:\/\/www.yoolabox.com\/index.php\/wp-json\/wp\/v2\/product\/136721\/revisions"}],"predecessor-version":[{"id":147439,"href":"https:\/\/www.yoolabox.com\/index.php\/wp-json\/wp\/v2\/product\/136721\/revisions\/147439"}],"wp:featuredmedia":[{"embeddable":true,"href":"https:\/\/www.yoolabox.com\/index.php\/wp-json\/wp\/v2\/media\/136732"}],"wp:attachment":[{"href":"https:\/\/www.yoolabox.com\/index.php\/wp-json\/wp\/v2\/media?parent=136721"}],"wp:term":[{"taxonomy":"product_brand","embeddable":true,"href":"https:\/\/www.yoolabox.com\/index.php\/wp-json\/wp\/v2\/product_brand?post=136721"},{"taxonomy":"product_cat","embeddable":true,"href":"https:\/\/www.yoolabox.com\/index.php\/wp-json\/wp\/v2\/product_cat?post=136721"},{"taxonomy":"product_tag","embeddable":true,"href":"https:\/\/www.yoolabox.com\/index.php\/wp-json\/wp\/v2\/product_tag?post=136721"}],"curies":[{"name":"wp","href":"https:\/\/api.w.org\/{rel}","templated":true}]}}