{"id":136407,"date":"2025-10-28T10:00:58","date_gmt":"2025-10-28T09:00:58","guid":{"rendered":"https:\/\/www.yoolabox.com\/?post_type=product&#038;p=136407"},"modified":"2026-03-21T06:22:50","modified_gmt":"2026-03-21T05:22:50","slug":"fat-freddys-drop-samedi-10-octobre-2026-zenith-paris-la-villette","status":"publish","type":"product","link":"https:\/\/www.yoolabox.com\/index.php\/produit\/fat-freddys-drop-samedi-10-octobre-2026-zenith-paris-la-villette\/","title":{"rendered":"FAT FREDDY&#8217;S DROP &#8211; SAMEDI 10 OCTOBRE 2026 &#8211; Z\u00e9nith Paris &#8211; La Villette"},"content":{"rendered":"<h1><b>FAT FREDDY&#8217;S DROP<\/b><\/h1>\n<h3><strong>Samedi 10 octobre 2026 &#8211; 20:00<\/strong><\/h3>\n<p><em><strong>Zenith Paris &#8211; La Villette<\/strong><\/em><\/p>\n<p>Les l\u00e9gendaires <strong>Fat Freddy\u2019s Drop<\/strong>\u00a0reviennent sur sc\u00e8ne en 2026 pour une tourn\u00e9e mondiale exceptionnelle c\u00e9l\u00e9brant leur album culte <em>Based On A True Story<\/em>. Plus de vingt ans apr\u00e8s sa sortie, ce disque fondateur continue d\u2019inspirer des g\u00e9n\u00e9rations de fans gr\u00e2ce \u00e0 son m\u00e9lange unique de reggae, soul, dub, funk et groove \u00e9lectronique. Le groupe donnera 5 dates en France \u00e0 l\u2019automne : le 28 septembre au Bikini \u00e0 Toulouse, le 6 octobre au Radiant \u00e0 Lyon, le 7 octobre au Rocher de Palmer \u00e0 Bordeaux, le 9 octobre au Z\u00e9nith de Nantes et le 10 octobre au Z\u00e9nith Paris &#8211; La Villette.<\/p>\n<p>Cette tourn\u00e9e marquera un moment fort pour le groupe, leurs premiers concerts depuis la disparition de <strong>Chris \u201cMU\u201d Faiumu<\/strong>, membre fondateur et pilier de leur son. Ensemble, les musiciens ont choisi de poursuivre cette aventure en hommage \u00e0 leur fr\u00e8re de sc\u00e8ne et \u00e0 la musique qu\u2019ils ont cr\u00e9\u00e9e avec lui. Comme le dit le chanteur <strong>Dallas Tamaira<\/strong>\u00a0: \u00ab Honorer nos intentions avec MU, c\u2019est aussi jouer cet album en live, avec tout notre c\u0153ur. \u00bb<\/p>\n<p>Sorti en 2005, <em>Based On A True Story<\/em>\u00a0est devenu un v\u00e9ritable ph\u00e9nom\u00e8ne : album ind\u00e9pendant devenu disque le plus longtemps class\u00e9 dans le Top 40 n\u00e9o-z\u00e9landais, r\u00e9compens\u00e9 par huit New Zealand Music Awards et le Worldwide Music Award de Gilles Peterson au Royaume-Uni. Ce chef-d\u2019\u0153uvre a \u00e9t\u00e9 le tremplin d\u2019une carri\u00e8re internationale faite de concerts l\u00e9gendaires et d\u2019un lien ind\u00e9fectible avec le public.<\/p>\n<p>En 2026, <strong>Fat Freddy\u2019s Drop<\/strong>\u00a0reprennent la route pour partager leur son inimitable \u2014 un m\u00e9lange envo\u00fbtant de groove, d\u2019\u00e9nergie et d\u2019\u00e9motion pure. Pr\u00e9parez-vous \u00e0 vivre un moment rare : un voyage musical vibrant, puissant et profond\u00e9ment humain.<\/p>\n<p>&nbsp;<\/p>\n","protected":false},"excerpt":{"rendered":"<h1><b>FAT FREDDY&#8217;S DROP<\/b><\/h1>\n<h3><strong>Samedi 10 octobre 2026 &#8211; 20:00<\/strong><\/h3>\n<p><em><strong>Zenith Paris &#8211; La Villette<\/strong><\/em><\/p>\n<p>Les l\u00e9gendaires <strong>Fat Freddy\u2019s Drop<\/strong>\u00a0reviennent sur sc\u00e8ne en 2026 pour une tourn\u00e9e mondiale exceptionnelle c\u00e9l\u00e9brant leur album culte <em>Based On A True Story<\/em>. Plus de vingt ans apr\u00e8s sa sortie, ce disque fondateur continue d\u2019inspirer des g\u00e9n\u00e9rations de fans gr\u00e2ce \u00e0 son m\u00e9lange unique de reggae, soul, dub, funk et groove \u00e9lectronique. Le groupe donnera 5 dates en France \u00e0 l\u2019automne : le 28 septembre au Bikini \u00e0 Toulouse, le 6 octobre au Radiant \u00e0 Lyon, le 7 octobre au Rocher de Palmer \u00e0 Bordeaux, le 9 octobre au Z\u00e9nith de Nantes et le 10 octobre au Z\u00e9nith Paris &#8211; La Villette.<\/p>\n<p>Cette tourn\u00e9e marquera un moment fort pour le groupe, leurs premiers concerts depuis la disparition de <strong>Chris \u201cMU\u201d Faiumu<\/strong>, membre fondateur et pilier de leur son. Ensemble, les musiciens ont choisi de poursuivre cette aventure en hommage \u00e0 leur fr\u00e8re de sc\u00e8ne et \u00e0 la musique qu\u2019ils ont cr\u00e9\u00e9e avec lui. Comme le dit le chanteur <strong>Dallas Tamaira<\/strong>\u00a0: \u00ab Honorer nos intentions avec MU, c\u2019est aussi jouer cet album en live, avec tout notre c\u0153ur. \u00bb<\/p>\n<p>Sorti en 2005, <em>Based On A True Story<\/em>\u00a0est devenu un v\u00e9ritable ph\u00e9nom\u00e8ne : album ind\u00e9pendant devenu disque le plus longtemps class\u00e9 dans le Top 40 n\u00e9o-z\u00e9landais, r\u00e9compens\u00e9 par huit New Zealand Music Awards et le Worldwide Music Award de Gilles Peterson au Royaume-Uni. Ce chef-d\u2019\u0153uvre a \u00e9t\u00e9 le tremplin d\u2019une carri\u00e8re internationale faite de concerts l\u00e9gendaires et d\u2019un lien ind\u00e9fectible avec le public.<\/p>\n<p>En 2026, <strong>Fat Freddy\u2019s Drop<\/strong>\u00a0reprennent la route pour partager leur son inimitable \u2014 un m\u00e9lange envo\u00fbtant de groove, d\u2019\u00e9nergie et d\u2019\u00e9motion pure. Pr\u00e9parez-vous \u00e0 vivre un moment rare : un voyage musical vibrant, puissant et profond\u00e9ment humain.<\/p>\n<p>&nbsp;<\/p>\n","protected":false},"author":4259,"featured_media":139583,"template":"","meta":{"_acf_changed":false},"product_brand":[],"product_cat":[815,817,55,1314,818,160,1316,161,1132,2312,2311],"product_tag":[2980,2313],"class_list":{"0":"post-136407","1":"product","2":"type-product","3":"status-publish","4":"has-post-thumbnail","6":"product_cat-handicap","7":"product_cat-boucle-magnetique","8":"product_cat-concert","9":"product_cat-emplacement-adapte","10":"product_cat-fauteuil-roulant","11":"product_cat-ile-de-france","12":"product_cat-accessible-naturellement-malvoyant","13":"product_cat-region","14":"product_cat-salles","15":"product_cat-zenith-paris-salles","16":"product_cat-zenith-paris","17":"product_tag-fat-freddys-drop","18":"product_tag-zenith-paris","19":"pa_categorie-accompagnateur-pmr-fauteuil-gradin-porte-c","20":"pa_categorie-accompagnateur-pmr-fauteuil-gradin-porte-d","21":"pa_categorie-accompagnateur-pmr-fauteuil-gradin-porte-e","22":"pa_categorie-accompagnateur-pmr-fauteuil-gradin-porte-f","23":"pa_categorie-accompagnateur-psh-marchant-gradin-porte-g","24":"pa_categorie-pmr-fauteuil-gradin-porte-c","25":"pa_categorie-pmr-fauteuil-gradin-porte-d","26":"pa_categorie-pmr-fauteuil-gradin-porte-e","27":"pa_categorie-pmr-fauteuil-gradin-porte-f","28":"pa_categorie-psh-marchant-gradin-porte-g","29":"product-custom-label-billetterie-officielle","30":"product-custom-label-ebillet","31":"product-custom-label-emplacement-fauteuil","32":"product-custom-label-handicap-mental","33":"product-custom-label-mal-voyant","34":"product-custom-label-surdite","35":"badges-style-3","37":"first","38":"instock","39":"shipping-taxable","40":"purchasable","41":"product-type-variable"},"acf":[],"yoast_head":"<!-- This site is optimized with the Yoast SEO plugin v27.2 - https:\/\/yoast.com\/product\/yoast-seo-wordpress\/ -->\n<title>FAT FREDDY&#039;S DROP - SAMEDI 10 OCTOBRE 2026 - Z\u00e9nith Paris - La Villette - Yoolabox.com<\/title>\n<meta name=\"robots\" content=\"index, follow, max-snippet:-1, max-image-preview:large, max-video-preview:-1\" \/>\n<link rel=\"canonical\" href=\"https:\/\/www.yoolabox.com\/index.php\/produit\/fat-freddys-drop-samedi-10-octobre-2026-zenith-paris-la-villette\/\" \/>\n<meta name=\"twitter:card\" content=\"summary_large_image\" \/>\n<meta name=\"twitter:title\" content=\"FAT FREDDY&#039;S DROP - SAMEDI 10 OCTOBRE 2026 - Z\u00e9nith Paris - La Villette - Yoolabox.com\" \/>\n<meta name=\"twitter:description\" content=\"FAT FREDDY&#039;S DROP Samedi 10 octobre 2026 - 20:00 Zenith Paris - La Villette  Les l\u00e9gendaires Fat Freddy\u2019s Drop\u00a0reviennent sur sc\u00e8ne en 2026 pour une tourn\u00e9e mondiale exceptionnelle c\u00e9l\u00e9brant leur album culte Based On A True Story. Plus de vingt ans apr\u00e8s sa sortie, ce disque fondateur continue d\u2019inspirer des g\u00e9n\u00e9rations de fans gr\u00e2ce \u00e0 son m\u00e9lange unique de reggae, soul, dub, funk et groove \u00e9lectronique. Le groupe donnera 5 dates en France \u00e0 l\u2019automne : le 28 septembre au Bikini \u00e0 Toulouse, le 6 octobre au Radiant \u00e0 Lyon, le 7 octobre au Rocher de Palmer \u00e0 Bordeaux, le 9 octobre au Z\u00e9nith de Nantes et le 10 octobre au Z\u00e9nith Paris - La Villette.  Cette tourn\u00e9e marquera un moment fort pour le groupe, leurs premiers concerts depuis la disparition de Chris \u201cMU\u201d Faiumu, membre fondateur et pilier de leur son. Ensemble, les musiciens ont choisi de poursuivre cette aventure en hommage \u00e0 leur fr\u00e8re de sc\u00e8ne et \u00e0 la musique qu\u2019ils ont cr\u00e9\u00e9e avec lui. Comme le dit le chanteur Dallas Tamaira\u00a0: \u00ab Honorer nos intentions avec MU, c\u2019est aussi jouer cet album en live, avec tout notre c\u0153ur. \u00bb  Sorti en 2005, Based On A True Story\u00a0est devenu un v\u00e9ritable ph\u00e9nom\u00e8ne : album ind\u00e9pendant devenu disque le plus longtemps class\u00e9 dans le Top 40 n\u00e9o-z\u00e9landais, r\u00e9compens\u00e9 par huit New Zealand Music Awards et le Worldwide Music Award de Gilles Peterson au Royaume-Uni. Ce chef-d\u2019\u0153uvre a \u00e9t\u00e9 le tremplin d\u2019une carri\u00e8re internationale faite de concerts l\u00e9gendaires et d\u2019un lien ind\u00e9fectible avec le public.  En 2026, Fat Freddy\u2019s Drop\u00a0reprennent la route pour partager leur son inimitable \u2014 un m\u00e9lange envo\u00fbtant de groove, d\u2019\u00e9nergie et d\u2019\u00e9motion pure. Pr\u00e9parez-vous \u00e0 vivre un moment rare : un voyage musical vibrant, puissant et profond\u00e9ment humain.  &nbsp;\" \/>\n<meta name=\"twitter:image\" content=\"https:\/\/www.yoolabox.com\/wp-content\/uploads\/2025\/10\/FFD.png\" \/>\n<meta name=\"twitter:label1\" content=\"Dur\u00e9e de lecture estim\u00e9e\" \/>\n\t<meta name=\"twitter:data1\" content=\"2 minutes\" \/>\n<script type=\"application\/ld+json\" class=\"yoast-schema-graph\">{\"@context\":\"https:\/\/schema.org\",\"@graph\":[{\"@type\":\"WebPage\",\"@id\":\"https:\/\/www.yoolabox.com\/index.php\/produit\/fat-freddys-drop-samedi-10-octobre-2026-zenith-paris-la-villette\/\",\"url\":\"https:\/\/www.yoolabox.com\/index.php\/produit\/fat-freddys-drop-samedi-10-octobre-2026-zenith-paris-la-villette\/\",\"name\":\"FAT FREDDY'S DROP - SAMEDI 10 OCTOBRE 2026 - Z\u00e9nith Paris - La Villette - Yoolabox.com\",\"isPartOf\":{\"@id\":\"https:\/\/www.yoolabox.com\/#website\"},\"primaryImageOfPage\":{\"@id\":\"https:\/\/www.yoolabox.com\/index.php\/produit\/fat-freddys-drop-samedi-10-octobre-2026-zenith-paris-la-villette\/#primaryimage\"},\"image\":{\"@id\":\"https:\/\/www.yoolabox.com\/index.php\/produit\/fat-freddys-drop-samedi-10-octobre-2026-zenith-paris-la-villette\/#primaryimage\"},\"thumbnailUrl\":\"https:\/\/www.yoolabox.com\/wp-content\/uploads\/2025\/10\/FFD.png\",\"datePublished\":\"2025-10-28T09:00:58+00:00\",\"dateModified\":\"2026-03-21T05:22:50+00:00\",\"breadcrumb\":{\"@id\":\"https:\/\/www.yoolabox.com\/index.php\/produit\/fat-freddys-drop-samedi-10-octobre-2026-zenith-paris-la-villette\/#breadcrumb\"},\"inLanguage\":\"fr-FR\",\"potentialAction\":[{\"@type\":\"ReadAction\",\"target\":[\"https:\/\/www.yoolabox.com\/index.php\/produit\/fat-freddys-drop-samedi-10-octobre-2026-zenith-paris-la-villette\/\"]}]},{\"@type\":\"ImageObject\",\"inLanguage\":\"fr-FR\",\"@id\":\"https:\/\/www.yoolabox.com\/index.php\/produit\/fat-freddys-drop-samedi-10-octobre-2026-zenith-paris-la-villette\/#primaryimage\",\"url\":\"https:\/\/www.yoolabox.com\/wp-content\/uploads\/2025\/10\/FFD.png\",\"contentUrl\":\"https:\/\/www.yoolabox.com\/wp-content\/uploads\/2025\/10\/FFD.png\",\"width\":600,\"height\":738},{\"@type\":\"BreadcrumbList\",\"@id\":\"https:\/\/www.yoolabox.com\/index.php\/produit\/fat-freddys-drop-samedi-10-octobre-2026-zenith-paris-la-villette\/#breadcrumb\",\"itemListElement\":[{\"@type\":\"ListItem\",\"position\":1,\"name\":\"Home\",\"item\":\"https:\/\/www.yoolabox.com\/\"},{\"@type\":\"ListItem\",\"position\":2,\"name\":\"Shop\",\"item\":\"https:\/\/www.yoolabox.com\/index.php\/shop\/\"},{\"@type\":\"ListItem\",\"position\":3,\"name\":\"FAT FREDDY&#8217;S DROP &#8211; SAMEDI 10 OCTOBRE 2026 &#8211; Z\u00e9nith Paris &#8211; La Villette\"}]},{\"@type\":\"WebSite\",\"@id\":\"https:\/\/www.yoolabox.com\/#website\",\"url\":\"https:\/\/www.yoolabox.com\/\",\"name\":\"Yoolabox.com\",\"description\":\"La billetterie accessible \u00e0 tous\",\"publisher\":{\"@id\":\"https:\/\/www.yoolabox.com\/#organization\"},\"potentialAction\":[{\"@type\":\"SearchAction\",\"target\":{\"@type\":\"EntryPoint\",\"urlTemplate\":\"https:\/\/www.yoolabox.com\/?s={search_term_string}\"},\"query-input\":{\"@type\":\"PropertyValueSpecification\",\"valueRequired\":true,\"valueName\":\"search_term_string\"}}],\"inLanguage\":\"fr-FR\"},{\"@type\":\"Organization\",\"@id\":\"https:\/\/www.yoolabox.com\/#organization\",\"name\":\"Yoolabox.com\",\"url\":\"https:\/\/www.yoolabox.com\/\",\"logo\":{\"@type\":\"ImageObject\",\"inLanguage\":\"fr-FR\",\"@id\":\"https:\/\/www.yoolabox.com\/#\/schema\/logo\/image\/\",\"url\":\"https:\/\/www.yoolabox.com\/wp-content\/uploads\/2019\/11\/cropped-Logo_web.jpg\",\"contentUrl\":\"https:\/\/www.yoolabox.com\/wp-content\/uploads\/2019\/11\/cropped-Logo_web.jpg\",\"width\":300,\"height\":100,\"caption\":\"Yoolabox.com\"},\"image\":{\"@id\":\"https:\/\/www.yoolabox.com\/#\/schema\/logo\/image\/\"}}]}<\/script>\n<!-- \/ Yoast SEO plugin. -->","yoast_head_json":{"title":"FAT FREDDY'S DROP - SAMEDI 10 OCTOBRE 2026 - Z\u00e9nith Paris - La Villette - Yoolabox.com","robots":{"index":"index","follow":"follow","max-snippet":"max-snippet:-1","max-image-preview":"max-image-preview:large","max-video-preview":"max-video-preview:-1"},"canonical":"https:\/\/www.yoolabox.com\/index.php\/produit\/fat-freddys-drop-samedi-10-octobre-2026-zenith-paris-la-villette\/","twitter_card":"summary_large_image","twitter_title":"FAT FREDDY'S DROP - SAMEDI 10 OCTOBRE 2026 - Z\u00e9nith Paris - La Villette - Yoolabox.com","twitter_description":"FAT FREDDY'S DROP Samedi 10 octobre 2026 - 20:00 Zenith Paris - La Villette  Les l\u00e9gendaires Fat Freddy\u2019s Drop\u00a0reviennent sur sc\u00e8ne en 2026 pour une tourn\u00e9e mondiale exceptionnelle c\u00e9l\u00e9brant leur album culte Based On A True Story. Plus de vingt ans apr\u00e8s sa sortie, ce disque fondateur continue d\u2019inspirer des g\u00e9n\u00e9rations de fans gr\u00e2ce \u00e0 son m\u00e9lange unique de reggae, soul, dub, funk et groove \u00e9lectronique. Le groupe donnera 5 dates en France \u00e0 l\u2019automne : le 28 septembre au Bikini \u00e0 Toulouse, le 6 octobre au Radiant \u00e0 Lyon, le 7 octobre au Rocher de Palmer \u00e0 Bordeaux, le 9 octobre au Z\u00e9nith de Nantes et le 10 octobre au Z\u00e9nith Paris - La Villette.  Cette tourn\u00e9e marquera un moment fort pour le groupe, leurs premiers concerts depuis la disparition de Chris \u201cMU\u201d Faiumu, membre fondateur et pilier de leur son. Ensemble, les musiciens ont choisi de poursuivre cette aventure en hommage \u00e0 leur fr\u00e8re de sc\u00e8ne et \u00e0 la musique qu\u2019ils ont cr\u00e9\u00e9e avec lui. Comme le dit le chanteur Dallas Tamaira\u00a0: \u00ab Honorer nos intentions avec MU, c\u2019est aussi jouer cet album en live, avec tout notre c\u0153ur. \u00bb  Sorti en 2005, Based On A True Story\u00a0est devenu un v\u00e9ritable ph\u00e9nom\u00e8ne : album ind\u00e9pendant devenu disque le plus longtemps class\u00e9 dans le Top 40 n\u00e9o-z\u00e9landais, r\u00e9compens\u00e9 par huit New Zealand Music Awards et le Worldwide Music Award de Gilles Peterson au Royaume-Uni. Ce chef-d\u2019\u0153uvre a \u00e9t\u00e9 le tremplin d\u2019une carri\u00e8re internationale faite de concerts l\u00e9gendaires et d\u2019un lien ind\u00e9fectible avec le public.  En 2026, Fat Freddy\u2019s Drop\u00a0reprennent la route pour partager leur son inimitable \u2014 un m\u00e9lange envo\u00fbtant de groove, d\u2019\u00e9nergie et d\u2019\u00e9motion pure. Pr\u00e9parez-vous \u00e0 vivre un moment rare : un voyage musical vibrant, puissant et profond\u00e9ment humain.  &nbsp;","twitter_image":"https:\/\/www.yoolabox.com\/wp-content\/uploads\/2025\/10\/FFD.png","twitter_misc":{"Dur\u00e9e de lecture estim\u00e9e":"2 minutes"},"schema":{"@context":"https:\/\/schema.org","@graph":[{"@type":"WebPage","@id":"https:\/\/www.yoolabox.com\/index.php\/produit\/fat-freddys-drop-samedi-10-octobre-2026-zenith-paris-la-villette\/","url":"https:\/\/www.yoolabox.com\/index.php\/produit\/fat-freddys-drop-samedi-10-octobre-2026-zenith-paris-la-villette\/","name":"FAT FREDDY'S DROP - SAMEDI 10 OCTOBRE 2026 - Z\u00e9nith Paris - La Villette - Yoolabox.com","isPartOf":{"@id":"https:\/\/www.yoolabox.com\/#website"},"primaryImageOfPage":{"@id":"https:\/\/www.yoolabox.com\/index.php\/produit\/fat-freddys-drop-samedi-10-octobre-2026-zenith-paris-la-villette\/#primaryimage"},"image":{"@id":"https:\/\/www.yoolabox.com\/index.php\/produit\/fat-freddys-drop-samedi-10-octobre-2026-zenith-paris-la-villette\/#primaryimage"},"thumbnailUrl":"https:\/\/www.yoolabox.com\/wp-content\/uploads\/2025\/10\/FFD.png","datePublished":"2025-10-28T09:00:58+00:00","dateModified":"2026-03-21T05:22:50+00:00","breadcrumb":{"@id":"https:\/\/www.yoolabox.com\/index.php\/produit\/fat-freddys-drop-samedi-10-octobre-2026-zenith-paris-la-villette\/#breadcrumb"},"inLanguage":"fr-FR","potentialAction":[{"@type":"ReadAction","target":["https:\/\/www.yoolabox.com\/index.php\/produit\/fat-freddys-drop-samedi-10-octobre-2026-zenith-paris-la-villette\/"]}]},{"@type":"ImageObject","inLanguage":"fr-FR","@id":"https:\/\/www.yoolabox.com\/index.php\/produit\/fat-freddys-drop-samedi-10-octobre-2026-zenith-paris-la-villette\/#primaryimage","url":"https:\/\/www.yoolabox.com\/wp-content\/uploads\/2025\/10\/FFD.png","contentUrl":"https:\/\/www.yoolabox.com\/wp-content\/uploads\/2025\/10\/FFD.png","width":600,"height":738},{"@type":"BreadcrumbList","@id":"https:\/\/www.yoolabox.com\/index.php\/produit\/fat-freddys-drop-samedi-10-octobre-2026-zenith-paris-la-villette\/#breadcrumb","itemListElement":[{"@type":"ListItem","position":1,"name":"Home","item":"https:\/\/www.yoolabox.com\/"},{"@type":"ListItem","position":2,"name":"Shop","item":"https:\/\/www.yoolabox.com\/index.php\/shop\/"},{"@type":"ListItem","position":3,"name":"FAT FREDDY&#8217;S DROP &#8211; SAMEDI 10 OCTOBRE 2026 &#8211; Z\u00e9nith Paris &#8211; La Villette"}]},{"@type":"WebSite","@id":"https:\/\/www.yoolabox.com\/#website","url":"https:\/\/www.yoolabox.com\/","name":"Yoolabox.com","description":"La billetterie accessible \u00e0 tous","publisher":{"@id":"https:\/\/www.yoolabox.com\/#organization"},"potentialAction":[{"@type":"SearchAction","target":{"@type":"EntryPoint","urlTemplate":"https:\/\/www.yoolabox.com\/?s={search_term_string}"},"query-input":{"@type":"PropertyValueSpecification","valueRequired":true,"valueName":"search_term_string"}}],"inLanguage":"fr-FR"},{"@type":"Organization","@id":"https:\/\/www.yoolabox.com\/#organization","name":"Yoolabox.com","url":"https:\/\/www.yoolabox.com\/","logo":{"@type":"ImageObject","inLanguage":"fr-FR","@id":"https:\/\/www.yoolabox.com\/#\/schema\/logo\/image\/","url":"https:\/\/www.yoolabox.com\/wp-content\/uploads\/2019\/11\/cropped-Logo_web.jpg","contentUrl":"https:\/\/www.yoolabox.com\/wp-content\/uploads\/2019\/11\/cropped-Logo_web.jpg","width":300,"height":100,"caption":"Yoolabox.com"},"image":{"@id":"https:\/\/www.yoolabox.com\/#\/schema\/logo\/image\/"}}]}},"publishpress_future_action":{"enabled":true,"date":"2026-09-25 08:42:00","action":"change-status","newStatus":"draft","terms":[0],"taxonomy":"product_cat","extraData":[]},"publishpress_future_workflow_manual_trigger":{"enabledWorkflows":[]},"_links":{"self":[{"href":"https:\/\/www.yoolabox.com\/index.php\/wp-json\/wp\/v2\/product\/136407","targetHints":{"allow":["GET"]}}],"collection":[{"href":"https:\/\/www.yoolabox.com\/index.php\/wp-json\/wp\/v2\/product"}],"about":[{"href":"https:\/\/www.yoolabox.com\/index.php\/wp-json\/wp\/v2\/types\/product"}],"author":[{"embeddable":true,"href":"https:\/\/www.yoolabox.com\/index.php\/wp-json\/wp\/v2\/users\/4259"}],"version-history":[{"count":1,"href":"https:\/\/www.yoolabox.com\/index.php\/wp-json\/wp\/v2\/product\/136407\/revisions"}],"predecessor-version":[{"id":147424,"href":"https:\/\/www.yoolabox.com\/index.php\/wp-json\/wp\/v2\/product\/136407\/revisions\/147424"}],"wp:featuredmedia":[{"embeddable":true,"href":"https:\/\/www.yoolabox.com\/index.php\/wp-json\/wp\/v2\/media\/139583"}],"wp:attachment":[{"href":"https:\/\/www.yoolabox.com\/index.php\/wp-json\/wp\/v2\/media?parent=136407"}],"wp:term":[{"taxonomy":"product_brand","embeddable":true,"href":"https:\/\/www.yoolabox.com\/index.php\/wp-json\/wp\/v2\/product_brand?post=136407"},{"taxonomy":"product_cat","embeddable":true,"href":"https:\/\/www.yoolabox.com\/index.php\/wp-json\/wp\/v2\/product_cat?post=136407"},{"taxonomy":"product_tag","embeddable":true,"href":"https:\/\/www.yoolabox.com\/index.php\/wp-json\/wp\/v2\/product_tag?post=136407"}],"curies":[{"name":"wp","href":"https:\/\/api.w.org\/{rel}","templated":true}]}}