{"id":135171,"date":"2025-07-10T10:04:00","date_gmt":"2025-07-10T08:04:00","guid":{"rendered":"https:\/\/www.yoolabox.com\/?post_type=product&#038;p=135171"},"modified":"2026-03-21T06:37:33","modified_gmt":"2026-03-21T05:37:33","slug":"djadja-dinaz-vendredi-02-octobre-zenith-sud-montpellier","status":"publish","type":"product","link":"https:\/\/www.yoolabox.com\/index.php\/produit\/djadja-dinaz-vendredi-02-octobre-zenith-sud-montpellier\/","title":{"rendered":"DJADJA &#038; DINAZ &#8211; VENDREDI 02 OCTOBRE &#8211; Z\u00e9nith Sud Montpellier"},"content":{"rendered":"<h1>DJADJA &amp; DINAZ<\/h1>\n<h3>Vendredi 02 octobre 2026 &#8211; 20H00<\/h3>\n<p>Z\u00e9nith Sud Montpelier<\/p>\n<p>Duo embl\u00e9matique,\u00a0<strong>Djadja &amp; Dinaz<\/strong>\u00a0ont su imposer leur place incontournable dans le paysage du rap francophone, depuis leurs d\u00e9buts en 2014, jusqu\u2019aux albums certifi\u00e9s et aux millions de vues sur leurs clips.<\/p>\n<p>En 2025, le duo revient avec un nouveau projet puissant : Terminal 7, port\u00e9 par le single \u201cEn vrai de vrai\u201d.<\/p>\n<p>Et c\u2019est en 2026, qu\u2019ils seront de retour sur sc\u00e8ne pour une tourn\u00e9e explosive, en France, en Suisse et en Belgique !<\/p>\n","protected":false},"excerpt":{"rendered":"<h1>DJADJA &amp; DINAZ<\/h1>\n<h3>Vendredi 02 octobre 2026 &#8211; 20H00<\/h3>\n<p>Z\u00e9nith Sud Montpelier<\/p>\n<p>Duo embl\u00e9matique,\u00a0<strong>Djadja &amp; Dinaz<\/strong>\u00a0ont su imposer leur place incontournable dans le paysage du rap francophone, depuis leurs d\u00e9buts en 2014, jusqu\u2019aux albums certifi\u00e9s et aux millions de vues sur leurs clips.<\/p>\n<p>En 2025, le duo revient avec un nouveau projet puissant : Terminal 7, port\u00e9 par le single \u201cEn vrai de vrai\u201d.<\/p>\n<p>Et c\u2019est en 2026, qu\u2019ils seront de retour sur sc\u00e8ne pour une tourn\u00e9e explosive, en France, en Suisse et en Belgique !<\/p>\n","protected":false},"author":5229,"featured_media":145533,"template":"","meta":{"_acf_changed":false},"product_brand":[],"product_cat":[815,176,817,55,1314,818,1316,167,161],"product_tag":[2375,1996,3089],"class_list":{"0":"post-135171","1":"product","2":"type-product","3":"status-publish","4":"has-post-thumbnail","6":"product_cat-handicap","7":"product_cat-arts-spectacles","8":"product_cat-boucle-magnetique","9":"product_cat-concert","10":"product_cat-emplacement-adapte","11":"product_cat-fauteuil-roulant","12":"product_cat-accessible-naturellement-malvoyant","13":"product_cat-occitanie","14":"product_cat-region","15":"product_tag-djadja-dinaz","16":"product_tag-montpellier","17":"product_tag-zenith-sud","18":"badges-style-3","20":"first","21":"instock","22":"shipping-taxable","23":"purchasable","24":"product-type-variable"},"acf":[],"yoast_head":"<!-- This site is optimized with the Yoast SEO plugin v27.2 - https:\/\/yoast.com\/product\/yoast-seo-wordpress\/ -->\n<title>DJADJA &amp; DINAZ - VENDREDI 02 OCTOBRE - Z\u00e9nith Sud Montpellier - Yoolabox.com<\/title>\n<meta name=\"robots\" content=\"index, follow, max-snippet:-1, max-image-preview:large, max-video-preview:-1\" \/>\n<link rel=\"canonical\" href=\"https:\/\/www.yoolabox.com\/index.php\/produit\/djadja-dinaz-vendredi-02-octobre-zenith-sud-montpellier\/\" \/>\n<meta name=\"twitter:card\" content=\"summary_large_image\" \/>\n<meta name=\"twitter:title\" content=\"DJADJA &amp; DINAZ - VENDREDI 02 OCTOBRE - Z\u00e9nith Sud Montpellier - Yoolabox.com\" \/>\n<meta name=\"twitter:description\" content=\"DJADJA &amp; DINAZ Vendredi 02 octobre 2026 - 20H00 Z\u00e9nith Sud Montpelier  Duo embl\u00e9matique,\u00a0Djadja &amp; Dinaz\u00a0ont su imposer leur place incontournable dans le paysage du rap francophone, depuis leurs d\u00e9buts en 2014, jusqu\u2019aux albums certifi\u00e9s et aux millions de vues sur leurs clips.  En 2025, le duo revient avec un nouveau projet puissant : Terminal 7, port\u00e9 par le single \u201cEn vrai de vrai\u201d.  Et c\u2019est en 2026, qu\u2019ils seront de retour sur sc\u00e8ne pour une tourn\u00e9e explosive, en France, en Suisse et en Belgique !\" \/>\n<meta name=\"twitter:image\" content=\"https:\/\/www.yoolabox.com\/wp-content\/uploads\/2025\/07\/DD_2026_affiche_40x60_web-scaled.jpg\" \/>\n<meta name=\"twitter:label1\" content=\"Dur\u00e9e de lecture estim\u00e9e\" \/>\n\t<meta name=\"twitter:data1\" content=\"1 minute\" \/>\n<script type=\"application\/ld+json\" class=\"yoast-schema-graph\">{\"@context\":\"https:\/\/schema.org\",\"@graph\":[{\"@type\":\"WebPage\",\"@id\":\"https:\/\/www.yoolabox.com\/index.php\/produit\/djadja-dinaz-vendredi-02-octobre-zenith-sud-montpellier\/\",\"url\":\"https:\/\/www.yoolabox.com\/index.php\/produit\/djadja-dinaz-vendredi-02-octobre-zenith-sud-montpellier\/\",\"name\":\"DJADJA & DINAZ - VENDREDI 02 OCTOBRE - Z\u00e9nith Sud Montpellier - Yoolabox.com\",\"isPartOf\":{\"@id\":\"https:\/\/www.yoolabox.com\/#website\"},\"primaryImageOfPage\":{\"@id\":\"https:\/\/www.yoolabox.com\/index.php\/produit\/djadja-dinaz-vendredi-02-octobre-zenith-sud-montpellier\/#primaryimage\"},\"image\":{\"@id\":\"https:\/\/www.yoolabox.com\/index.php\/produit\/djadja-dinaz-vendredi-02-octobre-zenith-sud-montpellier\/#primaryimage\"},\"thumbnailUrl\":\"https:\/\/www.yoolabox.com\/wp-content\/uploads\/2025\/07\/DD_2026_affiche_40x60_web-scaled.jpg\",\"datePublished\":\"2025-07-10T08:04:00+00:00\",\"dateModified\":\"2026-03-21T05:37:33+00:00\",\"breadcrumb\":{\"@id\":\"https:\/\/www.yoolabox.com\/index.php\/produit\/djadja-dinaz-vendredi-02-octobre-zenith-sud-montpellier\/#breadcrumb\"},\"inLanguage\":\"fr-FR\",\"potentialAction\":[{\"@type\":\"ReadAction\",\"target\":[\"https:\/\/www.yoolabox.com\/index.php\/produit\/djadja-dinaz-vendredi-02-octobre-zenith-sud-montpellier\/\"]}]},{\"@type\":\"ImageObject\",\"inLanguage\":\"fr-FR\",\"@id\":\"https:\/\/www.yoolabox.com\/index.php\/produit\/djadja-dinaz-vendredi-02-octobre-zenith-sud-montpellier\/#primaryimage\",\"url\":\"https:\/\/www.yoolabox.com\/wp-content\/uploads\/2025\/07\/DD_2026_affiche_40x60_web-scaled.jpg\",\"contentUrl\":\"https:\/\/www.yoolabox.com\/wp-content\/uploads\/2025\/07\/DD_2026_affiche_40x60_web-scaled.jpg\",\"width\":1707,\"height\":2560},{\"@type\":\"BreadcrumbList\",\"@id\":\"https:\/\/www.yoolabox.com\/index.php\/produit\/djadja-dinaz-vendredi-02-octobre-zenith-sud-montpellier\/#breadcrumb\",\"itemListElement\":[{\"@type\":\"ListItem\",\"position\":1,\"name\":\"Home\",\"item\":\"https:\/\/www.yoolabox.com\/\"},{\"@type\":\"ListItem\",\"position\":2,\"name\":\"Shop\",\"item\":\"https:\/\/www.yoolabox.com\/index.php\/shop\/\"},{\"@type\":\"ListItem\",\"position\":3,\"name\":\"DJADJA &#038; DINAZ &#8211; VENDREDI 02 OCTOBRE &#8211; Z\u00e9nith Sud Montpellier\"}]},{\"@type\":\"WebSite\",\"@id\":\"https:\/\/www.yoolabox.com\/#website\",\"url\":\"https:\/\/www.yoolabox.com\/\",\"name\":\"Yoolabox.com\",\"description\":\"La billetterie accessible \u00e0 tous\",\"publisher\":{\"@id\":\"https:\/\/www.yoolabox.com\/#organization\"},\"potentialAction\":[{\"@type\":\"SearchAction\",\"target\":{\"@type\":\"EntryPoint\",\"urlTemplate\":\"https:\/\/www.yoolabox.com\/?s={search_term_string}\"},\"query-input\":{\"@type\":\"PropertyValueSpecification\",\"valueRequired\":true,\"valueName\":\"search_term_string\"}}],\"inLanguage\":\"fr-FR\"},{\"@type\":\"Organization\",\"@id\":\"https:\/\/www.yoolabox.com\/#organization\",\"name\":\"Yoolabox.com\",\"url\":\"https:\/\/www.yoolabox.com\/\",\"logo\":{\"@type\":\"ImageObject\",\"inLanguage\":\"fr-FR\",\"@id\":\"https:\/\/www.yoolabox.com\/#\/schema\/logo\/image\/\",\"url\":\"https:\/\/www.yoolabox.com\/wp-content\/uploads\/2019\/11\/cropped-Logo_web.jpg\",\"contentUrl\":\"https:\/\/www.yoolabox.com\/wp-content\/uploads\/2019\/11\/cropped-Logo_web.jpg\",\"width\":300,\"height\":100,\"caption\":\"Yoolabox.com\"},\"image\":{\"@id\":\"https:\/\/www.yoolabox.com\/#\/schema\/logo\/image\/\"}}]}<\/script>\n<!-- \/ Yoast SEO plugin. -->","yoast_head_json":{"title":"DJADJA & DINAZ - VENDREDI 02 OCTOBRE - Z\u00e9nith Sud Montpellier - Yoolabox.com","robots":{"index":"index","follow":"follow","max-snippet":"max-snippet:-1","max-image-preview":"max-image-preview:large","max-video-preview":"max-video-preview:-1"},"canonical":"https:\/\/www.yoolabox.com\/index.php\/produit\/djadja-dinaz-vendredi-02-octobre-zenith-sud-montpellier\/","twitter_card":"summary_large_image","twitter_title":"DJADJA & DINAZ - VENDREDI 02 OCTOBRE - Z\u00e9nith Sud Montpellier - Yoolabox.com","twitter_description":"DJADJA &amp; DINAZ Vendredi 02 octobre 2026 - 20H00 Z\u00e9nith Sud Montpelier  Duo embl\u00e9matique,\u00a0Djadja &amp; Dinaz\u00a0ont su imposer leur place incontournable dans le paysage du rap francophone, depuis leurs d\u00e9buts en 2014, jusqu\u2019aux albums certifi\u00e9s et aux millions de vues sur leurs clips.  En 2025, le duo revient avec un nouveau projet puissant : Terminal 7, port\u00e9 par le single \u201cEn vrai de vrai\u201d.  Et c\u2019est en 2026, qu\u2019ils seront de retour sur sc\u00e8ne pour une tourn\u00e9e explosive, en France, en Suisse et en Belgique !","twitter_image":"https:\/\/www.yoolabox.com\/wp-content\/uploads\/2025\/07\/DD_2026_affiche_40x60_web-scaled.jpg","twitter_misc":{"Dur\u00e9e de lecture estim\u00e9e":"1 minute"},"schema":{"@context":"https:\/\/schema.org","@graph":[{"@type":"WebPage","@id":"https:\/\/www.yoolabox.com\/index.php\/produit\/djadja-dinaz-vendredi-02-octobre-zenith-sud-montpellier\/","url":"https:\/\/www.yoolabox.com\/index.php\/produit\/djadja-dinaz-vendredi-02-octobre-zenith-sud-montpellier\/","name":"DJADJA & DINAZ - VENDREDI 02 OCTOBRE - Z\u00e9nith Sud Montpellier - Yoolabox.com","isPartOf":{"@id":"https:\/\/www.yoolabox.com\/#website"},"primaryImageOfPage":{"@id":"https:\/\/www.yoolabox.com\/index.php\/produit\/djadja-dinaz-vendredi-02-octobre-zenith-sud-montpellier\/#primaryimage"},"image":{"@id":"https:\/\/www.yoolabox.com\/index.php\/produit\/djadja-dinaz-vendredi-02-octobre-zenith-sud-montpellier\/#primaryimage"},"thumbnailUrl":"https:\/\/www.yoolabox.com\/wp-content\/uploads\/2025\/07\/DD_2026_affiche_40x60_web-scaled.jpg","datePublished":"2025-07-10T08:04:00+00:00","dateModified":"2026-03-21T05:37:33+00:00","breadcrumb":{"@id":"https:\/\/www.yoolabox.com\/index.php\/produit\/djadja-dinaz-vendredi-02-octobre-zenith-sud-montpellier\/#breadcrumb"},"inLanguage":"fr-FR","potentialAction":[{"@type":"ReadAction","target":["https:\/\/www.yoolabox.com\/index.php\/produit\/djadja-dinaz-vendredi-02-octobre-zenith-sud-montpellier\/"]}]},{"@type":"ImageObject","inLanguage":"fr-FR","@id":"https:\/\/www.yoolabox.com\/index.php\/produit\/djadja-dinaz-vendredi-02-octobre-zenith-sud-montpellier\/#primaryimage","url":"https:\/\/www.yoolabox.com\/wp-content\/uploads\/2025\/07\/DD_2026_affiche_40x60_web-scaled.jpg","contentUrl":"https:\/\/www.yoolabox.com\/wp-content\/uploads\/2025\/07\/DD_2026_affiche_40x60_web-scaled.jpg","width":1707,"height":2560},{"@type":"BreadcrumbList","@id":"https:\/\/www.yoolabox.com\/index.php\/produit\/djadja-dinaz-vendredi-02-octobre-zenith-sud-montpellier\/#breadcrumb","itemListElement":[{"@type":"ListItem","position":1,"name":"Home","item":"https:\/\/www.yoolabox.com\/"},{"@type":"ListItem","position":2,"name":"Shop","item":"https:\/\/www.yoolabox.com\/index.php\/shop\/"},{"@type":"ListItem","position":3,"name":"DJADJA &#038; DINAZ &#8211; VENDREDI 02 OCTOBRE &#8211; Z\u00e9nith Sud Montpellier"}]},{"@type":"WebSite","@id":"https:\/\/www.yoolabox.com\/#website","url":"https:\/\/www.yoolabox.com\/","name":"Yoolabox.com","description":"La billetterie accessible \u00e0 tous","publisher":{"@id":"https:\/\/www.yoolabox.com\/#organization"},"potentialAction":[{"@type":"SearchAction","target":{"@type":"EntryPoint","urlTemplate":"https:\/\/www.yoolabox.com\/?s={search_term_string}"},"query-input":{"@type":"PropertyValueSpecification","valueRequired":true,"valueName":"search_term_string"}}],"inLanguage":"fr-FR"},{"@type":"Organization","@id":"https:\/\/www.yoolabox.com\/#organization","name":"Yoolabox.com","url":"https:\/\/www.yoolabox.com\/","logo":{"@type":"ImageObject","inLanguage":"fr-FR","@id":"https:\/\/www.yoolabox.com\/#\/schema\/logo\/image\/","url":"https:\/\/www.yoolabox.com\/wp-content\/uploads\/2019\/11\/cropped-Logo_web.jpg","contentUrl":"https:\/\/www.yoolabox.com\/wp-content\/uploads\/2019\/11\/cropped-Logo_web.jpg","width":300,"height":100,"caption":"Yoolabox.com"},"image":{"@id":"https:\/\/www.yoolabox.com\/#\/schema\/logo\/image\/"}}]}},"publishpress_future_action":{"enabled":false,"date":"2026-04-18 00:57:29","action":"change-status","newStatus":"draft","terms":[],"taxonomy":"product_cat","extraData":[]},"publishpress_future_workflow_manual_trigger":{"enabledWorkflows":[]},"_links":{"self":[{"href":"https:\/\/www.yoolabox.com\/index.php\/wp-json\/wp\/v2\/product\/135171","targetHints":{"allow":["GET"]}}],"collection":[{"href":"https:\/\/www.yoolabox.com\/index.php\/wp-json\/wp\/v2\/product"}],"about":[{"href":"https:\/\/www.yoolabox.com\/index.php\/wp-json\/wp\/v2\/types\/product"}],"author":[{"embeddable":true,"href":"https:\/\/www.yoolabox.com\/index.php\/wp-json\/wp\/v2\/users\/5229"}],"version-history":[{"count":1,"href":"https:\/\/www.yoolabox.com\/index.php\/wp-json\/wp\/v2\/product\/135171\/revisions"}],"predecessor-version":[{"id":147444,"href":"https:\/\/www.yoolabox.com\/index.php\/wp-json\/wp\/v2\/product\/135171\/revisions\/147444"}],"wp:featuredmedia":[{"embeddable":true,"href":"https:\/\/www.yoolabox.com\/index.php\/wp-json\/wp\/v2\/media\/145533"}],"wp:attachment":[{"href":"https:\/\/www.yoolabox.com\/index.php\/wp-json\/wp\/v2\/media?parent=135171"}],"wp:term":[{"taxonomy":"product_brand","embeddable":true,"href":"https:\/\/www.yoolabox.com\/index.php\/wp-json\/wp\/v2\/product_brand?post=135171"},{"taxonomy":"product_cat","embeddable":true,"href":"https:\/\/www.yoolabox.com\/index.php\/wp-json\/wp\/v2\/product_cat?post=135171"},{"taxonomy":"product_tag","embeddable":true,"href":"https:\/\/www.yoolabox.com\/index.php\/wp-json\/wp\/v2\/product_tag?post=135171"}],"curies":[{"name":"wp","href":"https:\/\/api.w.org\/{rel}","templated":true}]}}