{"id":129593,"date":"2025-03-25T09:01:46","date_gmt":"2025-03-25T08:01:46","guid":{"rendered":"https:\/\/www.yoolabox.com\/?post_type=product&#038;p=129593"},"modified":"2026-03-21T06:44:53","modified_gmt":"2026-03-21T05:44:53","slug":"jazzy-bazz-jeudi-27-novembre-2025-zenith-paris-la-villette","status":"publish","type":"product","link":"https:\/\/www.yoolabox.com\/index.php\/produit\/jazzy-bazz-jeudi-27-novembre-2025-zenith-paris-la-villette\/","title":{"rendered":"JAZZY BAZZ &#8211; MERCREDI 10 JUIN 2026 &#8211; Z\u00e9nith Paris La Villette"},"content":{"rendered":"<h1>JAZZY BAZZ<\/h1>\n<h4><u>Mercredi 10 juin 2026 \u2013 20h00<\/u><\/h4>\n<p><em><strong>PARIS &#8211; Z\u00e9nith la Villette\u00a0<\/strong><\/em><\/p>\n<p>\u00c0 l\u2019aube de l\u2019\u00e9coute d\u2019un nouvel album de Jazzy Bazz, il faut prendre en consid\u00e9ration le poids d\u2019une discographie exemplaire, fruit d\u2019une trajectoire artistique intransigeante et d\u2019une exigence rare. Depuis son 19e arrondissement natal, il a d\u00e9di\u00e9 sa vie aux rimes, forgeant son style au sein de La Cool Connexion et du collectif culte L\u2019Entourage.<\/p>\n<p>Avec une discographie impeccable, Jazzy Bazz s\u2019est impos\u00e9 comme un artiste d\u2019une rigueur absolue, refusant toute concession. Son approche est celle d\u2019un artisan du rap, anim\u00e9 par une qu\u00eate perp\u00e9tuelle d\u2019am\u00e9lioration et une volont\u00e9 de hisser sa musique \u00e0 un niveau toujours plus \u00e9lev\u00e9. Cette mentalit\u00e9 d\u2019athl\u00e8te le pousse \u00e0 remettre en question chacune de ses cr\u00e9ations pour en extraire l\u2019essence la plus pure.<\/p>\n<p>Nirvana marque une \u00e9volution, une r\u00e9flexion sur le temps et l\u2019inspiration. Oppos\u00e9 \u00e0 la production de masse, il choisit une autre voie, celle de la patience et de la sinc\u00e9rit\u00e9 artistique. La musique, pour lui, ne se quantifie pas : elle se ressent, s\u2019immisce dans la vie, au d\u00e9tour d\u2019une nuit, d\u2019une conversation ou d\u2019un instant suspendu.<\/p>\n<p>A retrouver le 27 Novembre prochain au Z\u00e9nith de Paris.<\/p>\n","protected":false},"excerpt":{"rendered":"<h1>JAZZY BAZZ<\/h1>\n<h4><u>Mercredi 10 juin 2026 \u2013 20h00<\/u><\/h4>\n<p><em><strong>PARIS &#8211; Z\u00e9nith la Villette\u00a0<\/strong><\/em><\/p>\n<p>\u00c0 l\u2019aube de l\u2019\u00e9coute d\u2019un nouvel album de Jazzy Bazz, il faut prendre en consid\u00e9ration le poids d\u2019une discographie exemplaire, fruit d\u2019une trajectoire artistique intransigeante et d\u2019une exigence rare. Depuis son 19e arrondissement natal, il a d\u00e9di\u00e9 sa vie aux rimes, forgeant son style au sein de La Cool Connexion et du collectif culte L\u2019Entourage.<\/p>\n<p>Avec une discographie impeccable, Jazzy Bazz s\u2019est impos\u00e9 comme un artiste d\u2019une rigueur absolue, refusant toute concession. Son approche est celle d\u2019un artisan du rap, anim\u00e9 par une qu\u00eate perp\u00e9tuelle d\u2019am\u00e9lioration et une volont\u00e9 de hisser sa musique \u00e0 un niveau toujours plus \u00e9lev\u00e9. Cette mentalit\u00e9 d\u2019athl\u00e8te le pousse \u00e0 remettre en question chacune de ses cr\u00e9ations pour en extraire l\u2019essence la plus pure.<\/p>\n<p>Nirvana marque une \u00e9volution, une r\u00e9flexion sur le temps et l\u2019inspiration. Oppos\u00e9 \u00e0 la production de masse, il choisit une autre voie, celle de la patience et de la sinc\u00e9rit\u00e9 artistique. La musique, pour lui, ne se quantifie pas : elle se ressent, s\u2019immisce dans la vie, au d\u00e9tour d\u2019une nuit, d\u2019une conversation ou d\u2019un instant suspendu.<\/p>\n<p>A retrouver le 27 Novembre prochain au Z\u00e9nith de Paris.<\/p>\n","protected":false},"author":4259,"featured_media":138806,"template":"","meta":{"_acf_changed":false},"product_brand":[],"product_cat":[815,817,55,1314,818,160,1316,161,1132,2312,2311],"product_tag":[2313],"class_list":{"0":"post-129593","1":"product","2":"type-product","3":"status-publish","4":"has-post-thumbnail","6":"product_cat-handicap","7":"product_cat-boucle-magnetique","8":"product_cat-concert","9":"product_cat-emplacement-adapte","10":"product_cat-fauteuil-roulant","11":"product_cat-ile-de-france","12":"product_cat-accessible-naturellement-malvoyant","13":"product_cat-region","14":"product_cat-salles","15":"product_cat-zenith-paris-salles","16":"product_cat-zenith-paris","17":"product_tag-zenith-paris","18":"pa_categorie-accompagnateur-pmr-fauteuil-gradin-porte-c","19":"pa_categorie-accompagnateur-pmr-fauteuil-gradin-porte-d","20":"pa_categorie-accompagnateur-pmr-fauteuil-gradin-porte-e","21":"pa_categorie-accompagnateur-pmr-fauteuil-gradin-porte-f","22":"pa_categorie-accompagnateur-psh-marchant-gradin-porte-g","23":"pa_categorie-pmr-fauteuil-gradin-porte-c","24":"pa_categorie-pmr-fauteuil-gradin-porte-d","25":"pa_categorie-pmr-fauteuil-gradin-porte-e","26":"pa_categorie-pmr-fauteuil-gradin-porte-f","27":"pa_categorie-psh-marchant-gradin-porte-g","28":"badges-style-3","30":"first","31":"instock","32":"shipping-taxable","33":"purchasable","34":"product-type-variable"},"acf":[],"yoast_head":"<!-- This site is optimized with the Yoast SEO plugin v27.2 - https:\/\/yoast.com\/product\/yoast-seo-wordpress\/ -->\n<title>JAZZY BAZZ - MERCREDI 10 JUIN 2026 - Z\u00e9nith Paris La Villette - Yoolabox.com<\/title>\n<meta name=\"robots\" content=\"index, follow, max-snippet:-1, max-image-preview:large, max-video-preview:-1\" \/>\n<link rel=\"canonical\" href=\"https:\/\/www.yoolabox.com\/index.php\/produit\/jazzy-bazz-jeudi-27-novembre-2025-zenith-paris-la-villette\/\" \/>\n<meta name=\"twitter:card\" content=\"summary_large_image\" \/>\n<meta name=\"twitter:title\" content=\"JAZZY BAZZ - MERCREDI 10 JUIN 2026 - Z\u00e9nith Paris La Villette - Yoolabox.com\" \/>\n<meta name=\"twitter:description\" content=\"JAZZY BAZZ Mercredi 10 juin 2026 \u2013 20h00 PARIS - Z\u00e9nith la Villette\u00a0  \u00c0 l\u2019aube de l\u2019\u00e9coute d\u2019un nouvel album de Jazzy Bazz, il faut prendre en consid\u00e9ration le poids d\u2019une discographie exemplaire, fruit d\u2019une trajectoire artistique intransigeante et d\u2019une exigence rare. Depuis son 19e arrondissement natal, il a d\u00e9di\u00e9 sa vie aux rimes, forgeant son style au sein de La Cool Connexion et du collectif culte L\u2019Entourage.  Avec une discographie impeccable, Jazzy Bazz s\u2019est impos\u00e9 comme un artiste d\u2019une rigueur absolue, refusant toute concession. Son approche est celle d\u2019un artisan du rap, anim\u00e9 par une qu\u00eate perp\u00e9tuelle d\u2019am\u00e9lioration et une volont\u00e9 de hisser sa musique \u00e0 un niveau toujours plus \u00e9lev\u00e9. Cette mentalit\u00e9 d\u2019athl\u00e8te le pousse \u00e0 remettre en question chacune de ses cr\u00e9ations pour en extraire l\u2019essence la plus pure.  Nirvana marque une \u00e9volution, une r\u00e9flexion sur le temps et l\u2019inspiration. Oppos\u00e9 \u00e0 la production de masse, il choisit une autre voie, celle de la patience et de la sinc\u00e9rit\u00e9 artistique. La musique, pour lui, ne se quantifie pas : elle se ressent, s\u2019immisce dans la vie, au d\u00e9tour d\u2019une nuit, d\u2019une conversation ou d\u2019un instant suspendu.  A retrouver le 27 Novembre prochain au Z\u00e9nith de Paris.\" \/>\n<meta name=\"twitter:image\" content=\"https:\/\/www.yoolabox.com\/wp-content\/uploads\/2025\/03\/zenith_nirvana_clean-scaled.jpg\" \/>\n<meta name=\"twitter:label1\" content=\"Dur\u00e9e de lecture estim\u00e9e\" \/>\n\t<meta name=\"twitter:data1\" content=\"2 minutes\" \/>\n<script type=\"application\/ld+json\" class=\"yoast-schema-graph\">{\"@context\":\"https:\/\/schema.org\",\"@graph\":[{\"@type\":\"WebPage\",\"@id\":\"https:\/\/www.yoolabox.com\/index.php\/produit\/jazzy-bazz-jeudi-27-novembre-2025-zenith-paris-la-villette\/\",\"url\":\"https:\/\/www.yoolabox.com\/index.php\/produit\/jazzy-bazz-jeudi-27-novembre-2025-zenith-paris-la-villette\/\",\"name\":\"JAZZY BAZZ - MERCREDI 10 JUIN 2026 - Z\u00e9nith Paris La Villette - Yoolabox.com\",\"isPartOf\":{\"@id\":\"https:\/\/www.yoolabox.com\/#website\"},\"primaryImageOfPage\":{\"@id\":\"https:\/\/www.yoolabox.com\/index.php\/produit\/jazzy-bazz-jeudi-27-novembre-2025-zenith-paris-la-villette\/#primaryimage\"},\"image\":{\"@id\":\"https:\/\/www.yoolabox.com\/index.php\/produit\/jazzy-bazz-jeudi-27-novembre-2025-zenith-paris-la-villette\/#primaryimage\"},\"thumbnailUrl\":\"https:\/\/www.yoolabox.com\/wp-content\/uploads\/2025\/03\/zenith_nirvana_clean-scaled.jpg\",\"datePublished\":\"2025-03-25T08:01:46+00:00\",\"dateModified\":\"2026-03-21T05:44:53+00:00\",\"breadcrumb\":{\"@id\":\"https:\/\/www.yoolabox.com\/index.php\/produit\/jazzy-bazz-jeudi-27-novembre-2025-zenith-paris-la-villette\/#breadcrumb\"},\"inLanguage\":\"fr-FR\",\"potentialAction\":[{\"@type\":\"ReadAction\",\"target\":[\"https:\/\/www.yoolabox.com\/index.php\/produit\/jazzy-bazz-jeudi-27-novembre-2025-zenith-paris-la-villette\/\"]}]},{\"@type\":\"ImageObject\",\"inLanguage\":\"fr-FR\",\"@id\":\"https:\/\/www.yoolabox.com\/index.php\/produit\/jazzy-bazz-jeudi-27-novembre-2025-zenith-paris-la-villette\/#primaryimage\",\"url\":\"https:\/\/www.yoolabox.com\/wp-content\/uploads\/2025\/03\/zenith_nirvana_clean-scaled.jpg\",\"contentUrl\":\"https:\/\/www.yoolabox.com\/wp-content\/uploads\/2025\/03\/zenith_nirvana_clean-scaled.jpg\",\"width\":2048,\"height\":2560},{\"@type\":\"BreadcrumbList\",\"@id\":\"https:\/\/www.yoolabox.com\/index.php\/produit\/jazzy-bazz-jeudi-27-novembre-2025-zenith-paris-la-villette\/#breadcrumb\",\"itemListElement\":[{\"@type\":\"ListItem\",\"position\":1,\"name\":\"Home\",\"item\":\"https:\/\/www.yoolabox.com\/\"},{\"@type\":\"ListItem\",\"position\":2,\"name\":\"Shop\",\"item\":\"https:\/\/www.yoolabox.com\/index.php\/shop\/\"},{\"@type\":\"ListItem\",\"position\":3,\"name\":\"JAZZY BAZZ &#8211; MERCREDI 10 JUIN 2026 &#8211; Z\u00e9nith Paris La Villette\"}]},{\"@type\":\"WebSite\",\"@id\":\"https:\/\/www.yoolabox.com\/#website\",\"url\":\"https:\/\/www.yoolabox.com\/\",\"name\":\"Yoolabox.com\",\"description\":\"La billetterie accessible \u00e0 tous\",\"publisher\":{\"@id\":\"https:\/\/www.yoolabox.com\/#organization\"},\"potentialAction\":[{\"@type\":\"SearchAction\",\"target\":{\"@type\":\"EntryPoint\",\"urlTemplate\":\"https:\/\/www.yoolabox.com\/?s={search_term_string}\"},\"query-input\":{\"@type\":\"PropertyValueSpecification\",\"valueRequired\":true,\"valueName\":\"search_term_string\"}}],\"inLanguage\":\"fr-FR\"},{\"@type\":\"Organization\",\"@id\":\"https:\/\/www.yoolabox.com\/#organization\",\"name\":\"Yoolabox.com\",\"url\":\"https:\/\/www.yoolabox.com\/\",\"logo\":{\"@type\":\"ImageObject\",\"inLanguage\":\"fr-FR\",\"@id\":\"https:\/\/www.yoolabox.com\/#\/schema\/logo\/image\/\",\"url\":\"https:\/\/www.yoolabox.com\/wp-content\/uploads\/2019\/11\/cropped-Logo_web.jpg\",\"contentUrl\":\"https:\/\/www.yoolabox.com\/wp-content\/uploads\/2019\/11\/cropped-Logo_web.jpg\",\"width\":300,\"height\":100,\"caption\":\"Yoolabox.com\"},\"image\":{\"@id\":\"https:\/\/www.yoolabox.com\/#\/schema\/logo\/image\/\"}}]}<\/script>\n<!-- \/ Yoast SEO plugin. -->","yoast_head_json":{"title":"JAZZY BAZZ - MERCREDI 10 JUIN 2026 - Z\u00e9nith Paris La Villette - Yoolabox.com","robots":{"index":"index","follow":"follow","max-snippet":"max-snippet:-1","max-image-preview":"max-image-preview:large","max-video-preview":"max-video-preview:-1"},"canonical":"https:\/\/www.yoolabox.com\/index.php\/produit\/jazzy-bazz-jeudi-27-novembre-2025-zenith-paris-la-villette\/","twitter_card":"summary_large_image","twitter_title":"JAZZY BAZZ - MERCREDI 10 JUIN 2026 - Z\u00e9nith Paris La Villette - Yoolabox.com","twitter_description":"JAZZY BAZZ Mercredi 10 juin 2026 \u2013 20h00 PARIS - Z\u00e9nith la Villette\u00a0  \u00c0 l\u2019aube de l\u2019\u00e9coute d\u2019un nouvel album de Jazzy Bazz, il faut prendre en consid\u00e9ration le poids d\u2019une discographie exemplaire, fruit d\u2019une trajectoire artistique intransigeante et d\u2019une exigence rare. Depuis son 19e arrondissement natal, il a d\u00e9di\u00e9 sa vie aux rimes, forgeant son style au sein de La Cool Connexion et du collectif culte L\u2019Entourage.  Avec une discographie impeccable, Jazzy Bazz s\u2019est impos\u00e9 comme un artiste d\u2019une rigueur absolue, refusant toute concession. Son approche est celle d\u2019un artisan du rap, anim\u00e9 par une qu\u00eate perp\u00e9tuelle d\u2019am\u00e9lioration et une volont\u00e9 de hisser sa musique \u00e0 un niveau toujours plus \u00e9lev\u00e9. Cette mentalit\u00e9 d\u2019athl\u00e8te le pousse \u00e0 remettre en question chacune de ses cr\u00e9ations pour en extraire l\u2019essence la plus pure.  Nirvana marque une \u00e9volution, une r\u00e9flexion sur le temps et l\u2019inspiration. Oppos\u00e9 \u00e0 la production de masse, il choisit une autre voie, celle de la patience et de la sinc\u00e9rit\u00e9 artistique. La musique, pour lui, ne se quantifie pas : elle se ressent, s\u2019immisce dans la vie, au d\u00e9tour d\u2019une nuit, d\u2019une conversation ou d\u2019un instant suspendu.  A retrouver le 27 Novembre prochain au Z\u00e9nith de Paris.","twitter_image":"https:\/\/www.yoolabox.com\/wp-content\/uploads\/2025\/03\/zenith_nirvana_clean-scaled.jpg","twitter_misc":{"Dur\u00e9e de lecture estim\u00e9e":"2 minutes"},"schema":{"@context":"https:\/\/schema.org","@graph":[{"@type":"WebPage","@id":"https:\/\/www.yoolabox.com\/index.php\/produit\/jazzy-bazz-jeudi-27-novembre-2025-zenith-paris-la-villette\/","url":"https:\/\/www.yoolabox.com\/index.php\/produit\/jazzy-bazz-jeudi-27-novembre-2025-zenith-paris-la-villette\/","name":"JAZZY BAZZ - MERCREDI 10 JUIN 2026 - Z\u00e9nith Paris La Villette - Yoolabox.com","isPartOf":{"@id":"https:\/\/www.yoolabox.com\/#website"},"primaryImageOfPage":{"@id":"https:\/\/www.yoolabox.com\/index.php\/produit\/jazzy-bazz-jeudi-27-novembre-2025-zenith-paris-la-villette\/#primaryimage"},"image":{"@id":"https:\/\/www.yoolabox.com\/index.php\/produit\/jazzy-bazz-jeudi-27-novembre-2025-zenith-paris-la-villette\/#primaryimage"},"thumbnailUrl":"https:\/\/www.yoolabox.com\/wp-content\/uploads\/2025\/03\/zenith_nirvana_clean-scaled.jpg","datePublished":"2025-03-25T08:01:46+00:00","dateModified":"2026-03-21T05:44:53+00:00","breadcrumb":{"@id":"https:\/\/www.yoolabox.com\/index.php\/produit\/jazzy-bazz-jeudi-27-novembre-2025-zenith-paris-la-villette\/#breadcrumb"},"inLanguage":"fr-FR","potentialAction":[{"@type":"ReadAction","target":["https:\/\/www.yoolabox.com\/index.php\/produit\/jazzy-bazz-jeudi-27-novembre-2025-zenith-paris-la-villette\/"]}]},{"@type":"ImageObject","inLanguage":"fr-FR","@id":"https:\/\/www.yoolabox.com\/index.php\/produit\/jazzy-bazz-jeudi-27-novembre-2025-zenith-paris-la-villette\/#primaryimage","url":"https:\/\/www.yoolabox.com\/wp-content\/uploads\/2025\/03\/zenith_nirvana_clean-scaled.jpg","contentUrl":"https:\/\/www.yoolabox.com\/wp-content\/uploads\/2025\/03\/zenith_nirvana_clean-scaled.jpg","width":2048,"height":2560},{"@type":"BreadcrumbList","@id":"https:\/\/www.yoolabox.com\/index.php\/produit\/jazzy-bazz-jeudi-27-novembre-2025-zenith-paris-la-villette\/#breadcrumb","itemListElement":[{"@type":"ListItem","position":1,"name":"Home","item":"https:\/\/www.yoolabox.com\/"},{"@type":"ListItem","position":2,"name":"Shop","item":"https:\/\/www.yoolabox.com\/index.php\/shop\/"},{"@type":"ListItem","position":3,"name":"JAZZY BAZZ &#8211; MERCREDI 10 JUIN 2026 &#8211; Z\u00e9nith Paris La Villette"}]},{"@type":"WebSite","@id":"https:\/\/www.yoolabox.com\/#website","url":"https:\/\/www.yoolabox.com\/","name":"Yoolabox.com","description":"La billetterie accessible \u00e0 tous","publisher":{"@id":"https:\/\/www.yoolabox.com\/#organization"},"potentialAction":[{"@type":"SearchAction","target":{"@type":"EntryPoint","urlTemplate":"https:\/\/www.yoolabox.com\/?s={search_term_string}"},"query-input":{"@type":"PropertyValueSpecification","valueRequired":true,"valueName":"search_term_string"}}],"inLanguage":"fr-FR"},{"@type":"Organization","@id":"https:\/\/www.yoolabox.com\/#organization","name":"Yoolabox.com","url":"https:\/\/www.yoolabox.com\/","logo":{"@type":"ImageObject","inLanguage":"fr-FR","@id":"https:\/\/www.yoolabox.com\/#\/schema\/logo\/image\/","url":"https:\/\/www.yoolabox.com\/wp-content\/uploads\/2019\/11\/cropped-Logo_web.jpg","contentUrl":"https:\/\/www.yoolabox.com\/wp-content\/uploads\/2019\/11\/cropped-Logo_web.jpg","width":300,"height":100,"caption":"Yoolabox.com"},"image":{"@id":"https:\/\/www.yoolabox.com\/#\/schema\/logo\/image\/"}}]}},"publishpress_future_action":{"enabled":false,"date":"2026-05-01 07:25:04","action":"change-status","newStatus":"draft","terms":[],"taxonomy":"product_cat","extraData":[]},"publishpress_future_workflow_manual_trigger":{"enabledWorkflows":[]},"_links":{"self":[{"href":"https:\/\/www.yoolabox.com\/index.php\/wp-json\/wp\/v2\/product\/129593","targetHints":{"allow":["GET"]}}],"collection":[{"href":"https:\/\/www.yoolabox.com\/index.php\/wp-json\/wp\/v2\/product"}],"about":[{"href":"https:\/\/www.yoolabox.com\/index.php\/wp-json\/wp\/v2\/types\/product"}],"author":[{"embeddable":true,"href":"https:\/\/www.yoolabox.com\/index.php\/wp-json\/wp\/v2\/users\/4259"}],"version-history":[{"count":1,"href":"https:\/\/www.yoolabox.com\/index.php\/wp-json\/wp\/v2\/product\/129593\/revisions"}],"predecessor-version":[{"id":147461,"href":"https:\/\/www.yoolabox.com\/index.php\/wp-json\/wp\/v2\/product\/129593\/revisions\/147461"}],"wp:featuredmedia":[{"embeddable":true,"href":"https:\/\/www.yoolabox.com\/index.php\/wp-json\/wp\/v2\/media\/138806"}],"wp:attachment":[{"href":"https:\/\/www.yoolabox.com\/index.php\/wp-json\/wp\/v2\/media?parent=129593"}],"wp:term":[{"taxonomy":"product_brand","embeddable":true,"href":"https:\/\/www.yoolabox.com\/index.php\/wp-json\/wp\/v2\/product_brand?post=129593"},{"taxonomy":"product_cat","embeddable":true,"href":"https:\/\/www.yoolabox.com\/index.php\/wp-json\/wp\/v2\/product_cat?post=129593"},{"taxonomy":"product_tag","embeddable":true,"href":"https:\/\/www.yoolabox.com\/index.php\/wp-json\/wp\/v2\/product_tag?post=129593"}],"curies":[{"name":"wp","href":"https:\/\/api.w.org\/{rel}","templated":true}]}}