{"id":125593,"date":"2025-01-30T16:43:04","date_gmt":"2025-01-30T15:43:04","guid":{"rendered":"https:\/\/www.yoolabox.com\/?post_type=product&#038;p=125593"},"modified":"2026-04-14T11:35:27","modified_gmt":"2026-04-14T09:35:27","slug":"murmuration-level-2-samedi-25-avril-2026-le-dome-de-marseille","status":"publish","type":"product","link":"https:\/\/www.yoolabox.com\/index.php\/produit\/murmuration-level-2-samedi-25-avril-2026-le-dome-de-marseille\/","title":{"rendered":"MURMURATION LEVEL 2 &#8211; SAMEDI 25 AVRIL 2026 &#8211; Le D\u00f4me de Marseille"},"content":{"rendered":"<div class=\"page\" title=\"Page 1\">\n<div class=\"layoutArea\">\n<div class=\"column\">\n<h1>MURMURATION LEVEL 2<\/h1>\n<p><strong>Samedi 25 Avril 2025 &#8211; 20:30<\/strong><\/p>\n<\/div>\n<\/div>\n<\/div>\n<p>Le D\u00f4me de Marseille<\/p>\n<p>&nbsp;<\/p>\n<p><strong>Murmuration Level 2<\/strong>, c\u2019est la nouvelle version 2.0 du ph\u00e9nom\u00e8ne Murmuration, \u00e0 ne surtout pas manquer !<\/p>\n<p>Vous avez s\u00fbrement vu cet artiste aux millions de vues sur les r\u00e9seaux sociaux et ses chor\u00e9graphies hypnotiques : de Shakira \u00e0 Chris Brown, des Black Eyed Peas aux Grammy Awards, en passant par les Victoires de la Musique et les JO de Paris 2024. Sans oublier sa participation \u00e0 des \u00e9v\u00e9nements mondiaux pour les plus grandes marques.<\/p>\n<p>Pens\u00e9 et cr\u00e9\u00e9 par Sadeck Berrabah, Murmuration est un concept unique, enrichi au fil des ann\u00e9es. Il fusionne hip-hop, arts martiaux, danse contemporaine, ballet et dessin, tout ce que Sadeck aime.<\/p>\n<p>Sur sc\u00e8ne, ce sont 50 danseurs qui performent des tableaux \u00e0 couper le souffle, g\u00e9om\u00e9triques et parfaitement synchronis\u00e9s.<\/p>\n<p>Apr\u00e8s une tourn\u00e9e triomphale en 2024 avec 8 Z\u00e9nith complets, une tourn\u00e9e des th\u00e9\u00e2tres et une s\u00e9rie de cinquante repr\u00e9sentations sold-out actuellement au 13\u00e8me Art (Paris), Murmuration a d\u00e9j\u00e0 conquis plus de 210 000 spectateurs.<\/p>\n<p>Dans <strong>Murmuration Level 2<\/strong> vous retrouverez \u00e0 la fois des moments iconiques et des tableaux totalement in\u00e9dits, le tout sublim\u00e9 par un nouveau concept lumi\u00e8re.<\/p>\n<p>Ne manquez pas cette exp\u00e9rience unique : <strong>Murmuration Level 2<\/strong> part en tourn\u00e9e en 2026.<\/p>\n<p>Ce que vous en retiendrez ? Un spectacle incroyable, une \u00e9motion palpable, une synchronisation parfaite \u2026 R\u00e9servez vite !<\/p>\n<p>&nbsp;<\/p>\n<p>&nbsp;<\/p>\n","protected":false},"excerpt":{"rendered":"<div class=\"page\" title=\"Page 1\">\n<div class=\"layoutArea\">\n<div class=\"column\">\n<h1>MURMURATION LEVEL 2<\/h1>\n<p><strong>Samedi 25 Avril 2025 &#8211; 20:30<\/strong><\/p>\n<\/div>\n<\/div>\n<\/div>\n<p>Le D\u00f4me de Marseille<\/p>\n<p>&nbsp;<\/p>\n<p><strong>Murmuration Level 2<\/strong>, c\u2019est la nouvelle version 2.0 du ph\u00e9nom\u00e8ne Murmuration, \u00e0 ne surtout pas manquer !<\/p>\n<p>Vous avez s\u00fbrement vu cet artiste aux millions de vues sur les r\u00e9seaux sociaux et ses chor\u00e9graphies hypnotiques : de Shakira \u00e0 Chris Brown, des Black Eyed Peas aux Grammy Awards, en passant par les Victoires de la Musique et les JO de Paris 2024. Sans oublier sa participation \u00e0 des \u00e9v\u00e9nements mondiaux pour les plus grandes marques.<\/p>\n<p>Pens\u00e9 et cr\u00e9\u00e9 par Sadeck Berrabah, Murmuration est un concept unique, enrichi au fil des ann\u00e9es. Il fusionne hip-hop, arts martiaux, danse contemporaine, ballet et dessin, tout ce que Sadeck aime.<\/p>\n<p>Sur sc\u00e8ne, ce sont 50 danseurs qui performent des tableaux \u00e0 couper le souffle, g\u00e9om\u00e9triques et parfaitement synchronis\u00e9s.<\/p>\n<p>Apr\u00e8s une tourn\u00e9e triomphale en 2024 avec 8 Z\u00e9nith complets, une tourn\u00e9e des th\u00e9\u00e2tres et une s\u00e9rie de cinquante repr\u00e9sentations sold-out actuellement au 13\u00e8me Art (Paris), Murmuration a d\u00e9j\u00e0 conquis plus de 210 000 spectateurs.<\/p>\n<p>Dans <strong>Murmuration Level 2<\/strong> vous retrouverez \u00e0 la fois des moments iconiques et des tableaux totalement in\u00e9dits, le tout sublim\u00e9 par un nouveau concept lumi\u00e8re.<\/p>\n<p>Ne manquez pas cette exp\u00e9rience unique : <strong>Murmuration Level 2<\/strong> part en tourn\u00e9e en 2026.<\/p>\n<p>Ce que vous en retiendrez ? Un spectacle incroyable, une \u00e9motion palpable, une synchronisation parfaite \u2026 R\u00e9servez vite !<\/p>\n<p>&nbsp;<\/p>\n","protected":false},"author":5229,"featured_media":147380,"template":"","meta":{"_acf_changed":false},"product_brand":[],"product_cat":[815,55,1314,818,2938,1316,162,161,1132],"product_tag":[2937,3374],"class_list":{"0":"post-125593","1":"product","2":"type-product","3":"status-publish","4":"has-post-thumbnail","6":"product_cat-handicap","7":"product_cat-concert","8":"product_cat-emplacement-adapte","9":"product_cat-fauteuil-roulant","10":"product_cat-le-dome-de-marseille","11":"product_cat-accessible-naturellement-malvoyant","12":"product_cat-paca","13":"product_cat-region","14":"product_cat-salles","15":"product_tag-le-dome-de-marseille","16":"product_tag-murmuration-level-2","17":"product-custom-label-billetterie-officielle","18":"product-custom-label-ebillet","19":"product-custom-label-emplacement-fauteuil","20":"product-custom-label-handicap-mental","21":"product-custom-label-mal-voyant","22":"product-custom-label-surdite","23":"badges-style-3","25":"first","26":"instock","27":"shipping-taxable","28":"purchasable","29":"product-type-variable"},"acf":[],"yoast_head":"<!-- This site is optimized with the Yoast SEO plugin v27.2 - https:\/\/yoast.com\/product\/yoast-seo-wordpress\/ -->\n<title>MURMURATION LEVEL 2 - SAMEDI 25 AVRIL 2026 - Le D\u00f4me de Marseille - Yoolabox.com<\/title>\n<meta name=\"robots\" content=\"index, follow, max-snippet:-1, max-image-preview:large, max-video-preview:-1\" \/>\n<link rel=\"canonical\" href=\"https:\/\/www.yoolabox.com\/index.php\/produit\/murmuration-level-2-samedi-25-avril-2026-le-dome-de-marseille\/\" \/>\n<meta name=\"twitter:card\" content=\"summary_large_image\" \/>\n<meta name=\"twitter:title\" content=\"MURMURATION LEVEL 2 - SAMEDI 25 AVRIL 2026 - Le D\u00f4me de Marseille - Yoolabox.com\" \/>\n<meta name=\"twitter:description\" content=\"MURMURATION LEVEL 2 Samedi 25 Avril 2025 - 20:30     Le D\u00f4me de Marseille  &nbsp;  Murmuration Level 2, c\u2019est la nouvelle version 2.0 du ph\u00e9nom\u00e8ne Murmuration, \u00e0 ne surtout pas manquer !  Vous avez s\u00fbrement vu cet artiste aux millions de vues sur les r\u00e9seaux sociaux et ses chor\u00e9graphies hypnotiques : de Shakira \u00e0 Chris Brown, des Black Eyed Peas aux Grammy Awards, en passant par les Victoires de la Musique et les JO de Paris 2024. Sans oublier sa participation \u00e0 des \u00e9v\u00e9nements mondiaux pour les plus grandes marques.  Pens\u00e9 et cr\u00e9\u00e9 par Sadeck Berrabah, Murmuration est un concept unique, enrichi au fil des ann\u00e9es. Il fusionne hip-hop, arts martiaux, danse contemporaine, ballet et dessin, tout ce que Sadeck aime.  Sur sc\u00e8ne, ce sont 50 danseurs qui performent des tableaux \u00e0 couper le souffle, g\u00e9om\u00e9triques et parfaitement synchronis\u00e9s.  Apr\u00e8s une tourn\u00e9e triomphale en 2024 avec 8 Z\u00e9nith complets, une tourn\u00e9e des th\u00e9\u00e2tres et une s\u00e9rie de cinquante repr\u00e9sentations sold-out actuellement au 13\u00e8me Art (Paris), Murmuration a d\u00e9j\u00e0 conquis plus de 210 000 spectateurs.  Dans Murmuration Level 2 vous retrouverez \u00e0 la fois des moments iconiques et des tableaux totalement in\u00e9dits, le tout sublim\u00e9 par un nouveau concept lumi\u00e8re.  Ne manquez pas cette exp\u00e9rience unique : Murmuration Level 2 part en tourn\u00e9e en 2026.  Ce que vous en retiendrez ? Un spectacle incroyable, une \u00e9motion palpable, une synchronisation parfaite \u2026 R\u00e9servez vite !  &nbsp;\" \/>\n<meta name=\"twitter:image\" content=\"https:\/\/www.yoolabox.com\/wp-content\/uploads\/2025\/01\/MURMURATION-LEVEL-2-SAMEDI-25-AVRIL-2026-Le-Dome-de-Marseille.png\" \/>\n<meta name=\"twitter:label1\" content=\"Dur\u00e9e de lecture estim\u00e9e\" \/>\n\t<meta name=\"twitter:data1\" content=\"2 minutes\" \/>\n<script type=\"application\/ld+json\" class=\"yoast-schema-graph\">{\"@context\":\"https:\/\/schema.org\",\"@graph\":[{\"@type\":\"WebPage\",\"@id\":\"https:\/\/www.yoolabox.com\/index.php\/produit\/murmuration-level-2-samedi-25-avril-2026-le-dome-de-marseille\/\",\"url\":\"https:\/\/www.yoolabox.com\/index.php\/produit\/murmuration-level-2-samedi-25-avril-2026-le-dome-de-marseille\/\",\"name\":\"MURMURATION LEVEL 2 - SAMEDI 25 AVRIL 2026 - Le D\u00f4me de Marseille - Yoolabox.com\",\"isPartOf\":{\"@id\":\"https:\/\/www.yoolabox.com\/#website\"},\"primaryImageOfPage\":{\"@id\":\"https:\/\/www.yoolabox.com\/index.php\/produit\/murmuration-level-2-samedi-25-avril-2026-le-dome-de-marseille\/#primaryimage\"},\"image\":{\"@id\":\"https:\/\/www.yoolabox.com\/index.php\/produit\/murmuration-level-2-samedi-25-avril-2026-le-dome-de-marseille\/#primaryimage\"},\"thumbnailUrl\":\"https:\/\/www.yoolabox.com\/wp-content\/uploads\/2025\/01\/MURMURATION-LEVEL-2-SAMEDI-25-AVRIL-2026-Le-Dome-de-Marseille.png\",\"datePublished\":\"2025-01-30T15:43:04+00:00\",\"dateModified\":\"2026-04-14T09:35:27+00:00\",\"breadcrumb\":{\"@id\":\"https:\/\/www.yoolabox.com\/index.php\/produit\/murmuration-level-2-samedi-25-avril-2026-le-dome-de-marseille\/#breadcrumb\"},\"inLanguage\":\"fr-FR\",\"potentialAction\":[{\"@type\":\"ReadAction\",\"target\":[\"https:\/\/www.yoolabox.com\/index.php\/produit\/murmuration-level-2-samedi-25-avril-2026-le-dome-de-marseille\/\"]}]},{\"@type\":\"ImageObject\",\"inLanguage\":\"fr-FR\",\"@id\":\"https:\/\/www.yoolabox.com\/index.php\/produit\/murmuration-level-2-samedi-25-avril-2026-le-dome-de-marseille\/#primaryimage\",\"url\":\"https:\/\/www.yoolabox.com\/wp-content\/uploads\/2025\/01\/MURMURATION-LEVEL-2-SAMEDI-25-AVRIL-2026-Le-Dome-de-Marseille.png\",\"contentUrl\":\"https:\/\/www.yoolabox.com\/wp-content\/uploads\/2025\/01\/MURMURATION-LEVEL-2-SAMEDI-25-AVRIL-2026-Le-Dome-de-Marseille.png\",\"width\":600,\"height\":738},{\"@type\":\"BreadcrumbList\",\"@id\":\"https:\/\/www.yoolabox.com\/index.php\/produit\/murmuration-level-2-samedi-25-avril-2026-le-dome-de-marseille\/#breadcrumb\",\"itemListElement\":[{\"@type\":\"ListItem\",\"position\":1,\"name\":\"Home\",\"item\":\"https:\/\/www.yoolabox.com\/\"},{\"@type\":\"ListItem\",\"position\":2,\"name\":\"Shop\",\"item\":\"https:\/\/www.yoolabox.com\/index.php\/shop\/\"},{\"@type\":\"ListItem\",\"position\":3,\"name\":\"MURMURATION LEVEL 2 &#8211; SAMEDI 25 AVRIL 2026 &#8211; Le D\u00f4me de Marseille\"}]},{\"@type\":\"WebSite\",\"@id\":\"https:\/\/www.yoolabox.com\/#website\",\"url\":\"https:\/\/www.yoolabox.com\/\",\"name\":\"Yoolabox.com\",\"description\":\"La billetterie accessible \u00e0 tous\",\"publisher\":{\"@id\":\"https:\/\/www.yoolabox.com\/#organization\"},\"potentialAction\":[{\"@type\":\"SearchAction\",\"target\":{\"@type\":\"EntryPoint\",\"urlTemplate\":\"https:\/\/www.yoolabox.com\/?s={search_term_string}\"},\"query-input\":{\"@type\":\"PropertyValueSpecification\",\"valueRequired\":true,\"valueName\":\"search_term_string\"}}],\"inLanguage\":\"fr-FR\"},{\"@type\":\"Organization\",\"@id\":\"https:\/\/www.yoolabox.com\/#organization\",\"name\":\"Yoolabox.com\",\"url\":\"https:\/\/www.yoolabox.com\/\",\"logo\":{\"@type\":\"ImageObject\",\"inLanguage\":\"fr-FR\",\"@id\":\"https:\/\/www.yoolabox.com\/#\/schema\/logo\/image\/\",\"url\":\"https:\/\/www.yoolabox.com\/wp-content\/uploads\/2019\/11\/cropped-Logo_web.jpg\",\"contentUrl\":\"https:\/\/www.yoolabox.com\/wp-content\/uploads\/2019\/11\/cropped-Logo_web.jpg\",\"width\":300,\"height\":100,\"caption\":\"Yoolabox.com\"},\"image\":{\"@id\":\"https:\/\/www.yoolabox.com\/#\/schema\/logo\/image\/\"}}]}<\/script>\n<!-- \/ Yoast SEO plugin. -->","yoast_head_json":{"title":"MURMURATION LEVEL 2 - SAMEDI 25 AVRIL 2026 - Le D\u00f4me de Marseille - Yoolabox.com","robots":{"index":"index","follow":"follow","max-snippet":"max-snippet:-1","max-image-preview":"max-image-preview:large","max-video-preview":"max-video-preview:-1"},"canonical":"https:\/\/www.yoolabox.com\/index.php\/produit\/murmuration-level-2-samedi-25-avril-2026-le-dome-de-marseille\/","twitter_card":"summary_large_image","twitter_title":"MURMURATION LEVEL 2 - SAMEDI 25 AVRIL 2026 - Le D\u00f4me de Marseille - Yoolabox.com","twitter_description":"MURMURATION LEVEL 2 Samedi 25 Avril 2025 - 20:30     Le D\u00f4me de Marseille  &nbsp;  Murmuration Level 2, c\u2019est la nouvelle version 2.0 du ph\u00e9nom\u00e8ne Murmuration, \u00e0 ne surtout pas manquer !  Vous avez s\u00fbrement vu cet artiste aux millions de vues sur les r\u00e9seaux sociaux et ses chor\u00e9graphies hypnotiques : de Shakira \u00e0 Chris Brown, des Black Eyed Peas aux Grammy Awards, en passant par les Victoires de la Musique et les JO de Paris 2024. Sans oublier sa participation \u00e0 des \u00e9v\u00e9nements mondiaux pour les plus grandes marques.  Pens\u00e9 et cr\u00e9\u00e9 par Sadeck Berrabah, Murmuration est un concept unique, enrichi au fil des ann\u00e9es. Il fusionne hip-hop, arts martiaux, danse contemporaine, ballet et dessin, tout ce que Sadeck aime.  Sur sc\u00e8ne, ce sont 50 danseurs qui performent des tableaux \u00e0 couper le souffle, g\u00e9om\u00e9triques et parfaitement synchronis\u00e9s.  Apr\u00e8s une tourn\u00e9e triomphale en 2024 avec 8 Z\u00e9nith complets, une tourn\u00e9e des th\u00e9\u00e2tres et une s\u00e9rie de cinquante repr\u00e9sentations sold-out actuellement au 13\u00e8me Art (Paris), Murmuration a d\u00e9j\u00e0 conquis plus de 210 000 spectateurs.  Dans Murmuration Level 2 vous retrouverez \u00e0 la fois des moments iconiques et des tableaux totalement in\u00e9dits, le tout sublim\u00e9 par un nouveau concept lumi\u00e8re.  Ne manquez pas cette exp\u00e9rience unique : Murmuration Level 2 part en tourn\u00e9e en 2026.  Ce que vous en retiendrez ? Un spectacle incroyable, une \u00e9motion palpable, une synchronisation parfaite \u2026 R\u00e9servez vite !  &nbsp;","twitter_image":"https:\/\/www.yoolabox.com\/wp-content\/uploads\/2025\/01\/MURMURATION-LEVEL-2-SAMEDI-25-AVRIL-2026-Le-Dome-de-Marseille.png","twitter_misc":{"Dur\u00e9e de lecture estim\u00e9e":"2 minutes"},"schema":{"@context":"https:\/\/schema.org","@graph":[{"@type":"WebPage","@id":"https:\/\/www.yoolabox.com\/index.php\/produit\/murmuration-level-2-samedi-25-avril-2026-le-dome-de-marseille\/","url":"https:\/\/www.yoolabox.com\/index.php\/produit\/murmuration-level-2-samedi-25-avril-2026-le-dome-de-marseille\/","name":"MURMURATION LEVEL 2 - SAMEDI 25 AVRIL 2026 - Le D\u00f4me de Marseille - Yoolabox.com","isPartOf":{"@id":"https:\/\/www.yoolabox.com\/#website"},"primaryImageOfPage":{"@id":"https:\/\/www.yoolabox.com\/index.php\/produit\/murmuration-level-2-samedi-25-avril-2026-le-dome-de-marseille\/#primaryimage"},"image":{"@id":"https:\/\/www.yoolabox.com\/index.php\/produit\/murmuration-level-2-samedi-25-avril-2026-le-dome-de-marseille\/#primaryimage"},"thumbnailUrl":"https:\/\/www.yoolabox.com\/wp-content\/uploads\/2025\/01\/MURMURATION-LEVEL-2-SAMEDI-25-AVRIL-2026-Le-Dome-de-Marseille.png","datePublished":"2025-01-30T15:43:04+00:00","dateModified":"2026-04-14T09:35:27+00:00","breadcrumb":{"@id":"https:\/\/www.yoolabox.com\/index.php\/produit\/murmuration-level-2-samedi-25-avril-2026-le-dome-de-marseille\/#breadcrumb"},"inLanguage":"fr-FR","potentialAction":[{"@type":"ReadAction","target":["https:\/\/www.yoolabox.com\/index.php\/produit\/murmuration-level-2-samedi-25-avril-2026-le-dome-de-marseille\/"]}]},{"@type":"ImageObject","inLanguage":"fr-FR","@id":"https:\/\/www.yoolabox.com\/index.php\/produit\/murmuration-level-2-samedi-25-avril-2026-le-dome-de-marseille\/#primaryimage","url":"https:\/\/www.yoolabox.com\/wp-content\/uploads\/2025\/01\/MURMURATION-LEVEL-2-SAMEDI-25-AVRIL-2026-Le-Dome-de-Marseille.png","contentUrl":"https:\/\/www.yoolabox.com\/wp-content\/uploads\/2025\/01\/MURMURATION-LEVEL-2-SAMEDI-25-AVRIL-2026-Le-Dome-de-Marseille.png","width":600,"height":738},{"@type":"BreadcrumbList","@id":"https:\/\/www.yoolabox.com\/index.php\/produit\/murmuration-level-2-samedi-25-avril-2026-le-dome-de-marseille\/#breadcrumb","itemListElement":[{"@type":"ListItem","position":1,"name":"Home","item":"https:\/\/www.yoolabox.com\/"},{"@type":"ListItem","position":2,"name":"Shop","item":"https:\/\/www.yoolabox.com\/index.php\/shop\/"},{"@type":"ListItem","position":3,"name":"MURMURATION LEVEL 2 &#8211; SAMEDI 25 AVRIL 2026 &#8211; Le D\u00f4me de Marseille"}]},{"@type":"WebSite","@id":"https:\/\/www.yoolabox.com\/#website","url":"https:\/\/www.yoolabox.com\/","name":"Yoolabox.com","description":"La billetterie accessible \u00e0 tous","publisher":{"@id":"https:\/\/www.yoolabox.com\/#organization"},"potentialAction":[{"@type":"SearchAction","target":{"@type":"EntryPoint","urlTemplate":"https:\/\/www.yoolabox.com\/?s={search_term_string}"},"query-input":{"@type":"PropertyValueSpecification","valueRequired":true,"valueName":"search_term_string"}}],"inLanguage":"fr-FR"},{"@type":"Organization","@id":"https:\/\/www.yoolabox.com\/#organization","name":"Yoolabox.com","url":"https:\/\/www.yoolabox.com\/","logo":{"@type":"ImageObject","inLanguage":"fr-FR","@id":"https:\/\/www.yoolabox.com\/#\/schema\/logo\/image\/","url":"https:\/\/www.yoolabox.com\/wp-content\/uploads\/2019\/11\/cropped-Logo_web.jpg","contentUrl":"https:\/\/www.yoolabox.com\/wp-content\/uploads\/2019\/11\/cropped-Logo_web.jpg","width":300,"height":100,"caption":"Yoolabox.com"},"image":{"@id":"https:\/\/www.yoolabox.com\/#\/schema\/logo\/image\/"}}]}},"publishpress_future_action":{"enabled":false,"date":"2026-04-24 11:58:19","action":"change-status","newStatus":"draft","terms":[],"taxonomy":"product_cat","extraData":[]},"publishpress_future_workflow_manual_trigger":{"enabledWorkflows":[]},"_links":{"self":[{"href":"https:\/\/www.yoolabox.com\/index.php\/wp-json\/wp\/v2\/product\/125593","targetHints":{"allow":["GET"]}}],"collection":[{"href":"https:\/\/www.yoolabox.com\/index.php\/wp-json\/wp\/v2\/product"}],"about":[{"href":"https:\/\/www.yoolabox.com\/index.php\/wp-json\/wp\/v2\/types\/product"}],"author":[{"embeddable":true,"href":"https:\/\/www.yoolabox.com\/index.php\/wp-json\/wp\/v2\/users\/5229"}],"version-history":[{"count":0,"href":"https:\/\/www.yoolabox.com\/index.php\/wp-json\/wp\/v2\/product\/125593\/revisions"}],"wp:featuredmedia":[{"embeddable":true,"href":"https:\/\/www.yoolabox.com\/index.php\/wp-json\/wp\/v2\/media\/147380"}],"wp:attachment":[{"href":"https:\/\/www.yoolabox.com\/index.php\/wp-json\/wp\/v2\/media?parent=125593"}],"wp:term":[{"taxonomy":"product_brand","embeddable":true,"href":"https:\/\/www.yoolabox.com\/index.php\/wp-json\/wp\/v2\/product_brand?post=125593"},{"taxonomy":"product_cat","embeddable":true,"href":"https:\/\/www.yoolabox.com\/index.php\/wp-json\/wp\/v2\/product_cat?post=125593"},{"taxonomy":"product_tag","embeddable":true,"href":"https:\/\/www.yoolabox.com\/index.php\/wp-json\/wp\/v2\/product_tag?post=125593"}],"curies":[{"name":"wp","href":"https:\/\/api.w.org\/{rel}","templated":true}]}}