{"id":97808,"date":"2023-06-14T13:55:36","date_gmt":"2023-06-14T11:55:36","guid":{"rendered":"https:\/\/www.yoolabox.com\/?page_id=97808"},"modified":"2023-06-14T13:55:36","modified_gmt":"2023-06-14T11:55:36","slug":"remboursement-celine-dion","status":"publish","type":"page","link":"https:\/\/www.yoolabox.com\/index.php\/remboursement-celine-dion\/","title":{"rendered":"Remboursement Celine Dion"},"content":{"rendered":"<style id=\"wpforms-css-vars-97119\">\n\t\t\t\t#wpforms-97119 {\n\t\t\t\t\n\t\t\t}\n\t\t\t<\/style><div class=\"wpforms-container wpforms-container-full wpforms-container-save-resume wpforms-render-modern\" id=\"wpforms-97119\"><form id=\"wpforms-form-97119\" class=\"wpforms-validate wpforms-form wpforms-ajax-form\" data-formid=\"97119\" method=\"post\" enctype=\"multipart\/form-data\" action=\"\/index.php\/wp-json\/wp\/v2\/pages\/97808?wpforms_form_id=97119\" data-token=\"31911d2a42bdb8c78eeb83cef45ac9d0\" data-token-time=\"1776413697\"><div class=\"wpforms-head-container\"><div class=\"wpforms-description\">Chers clients,\r\n\r\n\r\n\r\ncomme vous le savez, C\u00e9line Dion a annul\u00e9 sa tourn\u00e9e,\r\n\r\n\r\n\r\nVous aviez eu la chance de pouvoir commander vos billets sur YOOLABOX et nous vous en remercions,\r\n\r\n\r\n\r\nComme ce concert a \u00e9t\u00e9 de nombreuses fois report\u00e9s, la plupart de vos commandes ne sont pas r\u00e9centes et pour \u00e9viter d'avoir \u00e0 traiter encore plus de SAV \u00e0 cause de changement de compte bancaire ou des cartes bancaires qui ne fonctionnent plus, nous avons pr\u00e9f\u00e9r\u00e9 mettre en place un formulaire et un remboursement par virement bancaire.\r\n\r\n\r\n\r\nNous vous demandons donc de compl\u00e9ter le formulaire ci-dessous.\r\n\r\n\r\n\r\n\r\n\r\nCelui-ci sera en ligne jusqu'au 15 juin 2023.\r\n\r\n\r\n\r\nApr\u00e8s le 15 juin, nous v\u00e9rifierons les donn\u00e9es, puis nous lancerons les remboursements. des billets. Vous serez donc rembours\u00e9 au plus tard fin juin.\r\n\r\n\r\n\r\nNous profitons du moment pour vous annoncer l'ouverture prochaine de 20 nouvelles salles dans toute la France sur YOOLABOX.\r\n\r\n\r\n\r\nMerci pour votre confiance et \u00e0 bient\u00f4t sur YOOLABOX.\r\n\r\n<\/div><\/div><noscript class=\"wpforms-error-noscript\">Veuillez activer JavaScript dans votre navigateur pour remplir ce formulaire.<\/noscript><div id=\"wpforms-error-noscript\" style=\"display: none;\">Veuillez activer JavaScript dans votre navigateur pour remplir ce formulaire.<\/div><div class=\"wpforms-field-container\"><div id=\"wpforms-97119-field_1-container\" class=\"wpforms-field wpforms-field-name\" data-field-id=\"1\"><fieldset><legend class=\"wpforms-field-label\">Nom <span class=\"wpforms-required-label\" aria-hidden=\"true\">*<\/span><\/legend><div class=\"wpforms-field-row wpforms-field-medium\"><div class=\"wpforms-field-row-block wpforms-first wpforms-one-half\"><input type=\"text\" id=\"wpforms-97119-field_1\" class=\"wpforms-field-name-first wpforms-field-required\" name=\"wpforms[fields][1][first]\" aria-errormessage=\"wpforms-97119-field_1-error\" required><label for=\"wpforms-97119-field_1\" class=\"wpforms-field-sublabel after\">Pr\u00e9nom<\/label><\/div><div class=\"wpforms-field-row-block wpforms-one-half\"><input type=\"text\" id=\"wpforms-97119-field_1-last\" class=\"wpforms-field-name-last wpforms-field-required\" name=\"wpforms[fields][1][last]\" aria-errormessage=\"wpforms-97119-field_1-last-error\" required><label for=\"wpforms-97119-field_1-last\" class=\"wpforms-field-sublabel after\">Nom<\/label><\/div><\/div><\/fieldset><\/div><div id=\"wpforms-97119-field_2-container\" class=\"wpforms-field wpforms-field-email\" data-field-id=\"2\"><label class=\"wpforms-field-label\" for=\"wpforms-97119-field_2\">E-mail <span class=\"wpforms-required-label\" aria-hidden=\"true\">*<\/span><\/label><input type=\"email\" id=\"wpforms-97119-field_2\" class=\"wpforms-field-medium wpforms-field-required\" name=\"wpforms[fields][2]\" spellcheck=\"false\" aria-errormessage=\"wpforms-97119-field_2-error\" required><\/div><div id=\"wpforms-97119-field_3-container\" class=\"wpforms-field wpforms-field-phone\" data-field-id=\"3\"><label class=\"wpforms-field-label\" for=\"wpforms-97119-field_3\">T\u00e9l\u00e9phone<\/label><input type=\"tel\" id=\"wpforms-97119-field_3\" class=\"wpforms-field-medium wpforms-smart-phone-field\" data-rule-smart-phone-field=\"true\" name=\"wpforms[fields][3]\" aria-label=\"T\u00e9l\u00e9phone\" aria-errormessage=\"wpforms-97119-field_3-error\" ><\/div><div id=\"wpforms-97119-field_4-container\" class=\"wpforms-field wpforms-field-text\" data-field-id=\"4\"><label class=\"wpforms-field-label\" for=\"wpforms-97119-field_4\">Num\u00e9ro de commande <span class=\"wpforms-required-label\" aria-hidden=\"true\">*<\/span><\/label><input type=\"text\" id=\"wpforms-97119-field_4\" class=\"wpforms-field-medium wpforms-field-required\" name=\"wpforms[fields][4]\" aria-errormessage=\"wpforms-97119-field_4-error\" required><\/div><div id=\"wpforms-97119-field_5-container\" class=\"wpforms-field wpforms-field-text\" data-field-id=\"5\"><label class=\"wpforms-field-label\" for=\"wpforms-97119-field_5\">IBAN <span class=\"wpforms-required-label\" aria-hidden=\"true\">*<\/span><\/label><input type=\"text\" id=\"wpforms-97119-field_5\" class=\"wpforms-field-medium wpforms-field-required\" name=\"wpforms[fields][5]\" aria-errormessage=\"wpforms-97119-field_5-error\" required><\/div><div id=\"wpforms-97119-field_6-container\" class=\"wpforms-field wpforms-field-file-upload\" data-field-id=\"6\"><label class=\"wpforms-field-label\" for=\"wpforms-97119-field_6\">Facture <span class=\"wpforms-required-label\" aria-hidden=\"true\">*<\/span><\/label><div\n\t\tclass=\"wpforms-uploader wpforms-field-required\"\n\t\tdata-field-id=\"6\"\n\t\tdata-form-id=\"97119\"\n\t\tdata-input-name=\"wpforms_97119_6\"\n\t\tdata-extensions=\"jpg,jpeg,jpe,gif,png,bmp,tiff,tif,webp,avif,ico,heic,heif,heics,heifs,asf,asx,wmv,wmx,wm,avi,divx,mov,qt,mpeg,mpg,mpe,mp4,m4v,ogv,webm,mkv,3gp,3gpp,3g2,3gp2,txt,asc,c,cc,h,srt,csv,tsv,ics,rtx,css,vtt,mp3,m4a,m4b,aac,ra,ram,wav,x-wav,ogg,oga,flac,mid,midi,wma,wax,mka,rtf,pdf,class,tar,zip,gz,gzip,rar,7z,psd,xcf,doc,pot,pps,ppt,wri,xla,xls,xlt,xlw,mpp,docx,docm,dotx,dotm,xlsx,xlsm,xlsb,xltx,xltm,xlam,pptx,pptm,ppsx,ppsm,potx,potm,ppam,sldx,sldm,onetoc,onetoc2,onepkg,oxps,xps,odt,odp,ods,odg,odc,odb,odf,wp,wpd,key,numbers,pages,xls,xml,rss,json\"\n\t\tdata-max-size=\"134217728\"\n\t\tdata-max-file-number=\"1\"\n\t\tdata-post-max-size=\"134217728\"\n\t\tdata-max-parallel-uploads=\"4\"\n\t\tdata-parallel-uploads=\"true\"\n\t\tdata-file-chunk-size=\"2097152\">\n\t<div class=\"dz-message\">\n\t\t<svg  viewBox=\"0 0 640 640\" focusable=\"false\" data-icon=\"inbox\" width=\"50px\" height=\"50px\" fill=\"currentColor\" aria-hidden=\"true\">\n\t\t\t<path d=\"M352 173.3L352 384C352 401.7 337.7 416 320 416C302.3 416 288 401.7 288 384L288 173.3L246.6 214.7C234.1 227.2 213.8 227.2 201.3 214.7C188.8 202.2 188.8 181.9 201.3 169.4L297.3 73.4C309.8 60.9 330.1 60.9 342.6 73.4L438.6 169.4C451.1 181.9 451.1 202.2 438.6 214.7C426.1 227.2 405.8 227.2 393.3 214.7L352 173.3zM320 464C364.2 464 400 428.2 400 384L480 384C515.3 384 544 412.7 544 448L544 480C544 515.3 515.3 544 480 544L160 544C124.7 544 96 515.3 96 480L96 448C96 412.7 124.7 384 160 384L240 384C240 428.2 275.8 464 320 464zM464 488C477.3 488 488 477.3 488 464C488 450.7 477.3 440 464 440C450.7 440 440 450.7 440 464C440 477.3 450.7 488 464 488z\"\/>\n\t\t<\/svg>\n\n\t\t<span class=\"modern-title\">\n\t\t\t\t\t\t\tDrag &amp; Drop Files, \t\t\t\t<span>Choose Files to Upload<\/span>\n\t\t\t\t\t<\/span>\n\n\t\t\t<\/div>\n<\/div>\n\n<input\n\t\ttype=\"text\"\n\t\tautocomplete=\"off\"\n\t\treadonly\n\t\tclass=\"dropzone-input\"\n\t\tstyle=\"position:absolute!important;clip:rect(0,0,0,0)!important;height:1px!important;width:1px!important;border:0!important;overflow:hidden!important;padding:0!important;margin:0!important;\"\n\t\tid=\"wpforms-97119-field_6\"\n\t\tname=\"wpforms_97119_6\" required\t\tvalue=\"\">\n<\/div><div id=\"wpforms-97119-field_7-container\" class=\"wpforms-field wpforms-field-file-upload\" data-field-id=\"7\"><label class=\"wpforms-field-label\" for=\"wpforms-97119-field_7\">RIB\/IBAN <span class=\"wpforms-required-label\" aria-hidden=\"true\">*<\/span><\/label><div\n\t\tclass=\"wpforms-uploader wpforms-field-required\"\n\t\tdata-field-id=\"7\"\n\t\tdata-form-id=\"97119\"\n\t\tdata-input-name=\"wpforms_97119_7\"\n\t\tdata-extensions=\"jpg,jpeg,jpe,gif,png,bmp,tiff,tif,webp,avif,ico,heic,heif,heics,heifs,asf,asx,wmv,wmx,wm,avi,divx,mov,qt,mpeg,mpg,mpe,mp4,m4v,ogv,webm,mkv,3gp,3gpp,3g2,3gp2,txt,asc,c,cc,h,srt,csv,tsv,ics,rtx,css,vtt,mp3,m4a,m4b,aac,ra,ram,wav,x-wav,ogg,oga,flac,mid,midi,wma,wax,mka,rtf,pdf,class,tar,zip,gz,gzip,rar,7z,psd,xcf,doc,pot,pps,ppt,wri,xla,xls,xlt,xlw,mpp,docx,docm,dotx,dotm,xlsx,xlsm,xlsb,xltx,xltm,xlam,pptx,pptm,ppsx,ppsm,potx,potm,ppam,sldx,sldm,onetoc,onetoc2,onepkg,oxps,xps,odt,odp,ods,odg,odc,odb,odf,wp,wpd,key,numbers,pages,xls,xml,rss,json\"\n\t\tdata-max-size=\"134217728\"\n\t\tdata-max-file-number=\"1\"\n\t\tdata-post-max-size=\"134217728\"\n\t\tdata-max-parallel-uploads=\"4\"\n\t\tdata-parallel-uploads=\"true\"\n\t\tdata-file-chunk-size=\"2097152\">\n\t<div class=\"dz-message\">\n\t\t<svg  viewBox=\"0 0 640 640\" focusable=\"false\" data-icon=\"inbox\" width=\"50px\" height=\"50px\" fill=\"currentColor\" aria-hidden=\"true\">\n\t\t\t<path d=\"M352 173.3L352 384C352 401.7 337.7 416 320 416C302.3 416 288 401.7 288 384L288 173.3L246.6 214.7C234.1 227.2 213.8 227.2 201.3 214.7C188.8 202.2 188.8 181.9 201.3 169.4L297.3 73.4C309.8 60.9 330.1 60.9 342.6 73.4L438.6 169.4C451.1 181.9 451.1 202.2 438.6 214.7C426.1 227.2 405.8 227.2 393.3 214.7L352 173.3zM320 464C364.2 464 400 428.2 400 384L480 384C515.3 384 544 412.7 544 448L544 480C544 515.3 515.3 544 480 544L160 544C124.7 544 96 515.3 96 480L96 448C96 412.7 124.7 384 160 384L240 384C240 428.2 275.8 464 320 464zM464 488C477.3 488 488 477.3 488 464C488 450.7 477.3 440 464 440C450.7 440 440 450.7 440 464C440 477.3 450.7 488 464 488z\"\/>\n\t\t<\/svg>\n\n\t\t<span class=\"modern-title\">\n\t\t\t\t\t\t\tDrag &amp; Drop Files, \t\t\t\t<span>Choose Files to Upload<\/span>\n\t\t\t\t\t<\/span>\n\n\t\t\t<\/div>\n<\/div>\n\n<input\n\t\ttype=\"text\"\n\t\tautocomplete=\"off\"\n\t\treadonly\n\t\tclass=\"dropzone-input\"\n\t\tstyle=\"position:absolute!important;clip:rect(0,0,0,0)!important;height:1px!important;width:1px!important;border:0!important;overflow:hidden!important;padding:0!important;margin:0!important;\"\n\t\tid=\"wpforms-97119-field_7\"\n\t\tname=\"wpforms_97119_7\" required\t\tvalue=\"\">\n<\/div><div id=\"wpforms-97119-field_8-container\" class=\"wpforms-field wpforms-field-checkbox\" data-field-id=\"8\"><fieldset><legend class=\"wpforms-field-label\">Conditions de remboursement<\/legend><ul id=\"wpforms-97119-field_8\"><li class=\"choice-1 depth-1\"><input type=\"checkbox\" id=\"wpforms-97119-field_8_1\" name=\"wpforms[fields][8][]\" value=\"Je certifie par la pr\u00e9sente autoris\u00e9 la soci\u00e9t\u00e9 YOOLA \u00e0 proc\u00e9der au remboursement des billets de concert de C\u00e9line Dion mentionn\u00e9 dans le formulaire ci-dessus selon les informations transmises volontairement. Je reconnais et j&#039;accepte les conditions de remboursement de la soci\u00e9t\u00e9 YOOLA.\" aria-errormessage=\"wpforms-97119-field_8_1-error\"  ><label class=\"wpforms-field-label-inline\" for=\"wpforms-97119-field_8_1\">Je certifie par la pr\u00e9sente autoris\u00e9 la soci\u00e9t\u00e9 YOOLA \u00e0 proc\u00e9der au remboursement des billets de concert de C\u00e9line Dion mentionn\u00e9 dans le formulaire ci-dessus selon les informations transmises volontairement. Je reconnais et j'accepte les conditions de remboursement de la soci\u00e9t\u00e9 YOOLA.<\/label><\/li><\/ul><\/fieldset><\/div><\/div><!-- .wpforms-field-container --><div class=\"wpforms-submit-container\" ><input type=\"hidden\" name=\"wpforms[id]\" value=\"97119\"><input type=\"hidden\" name=\"page_title\" value=\"\"><input type=\"hidden\" name=\"page_url\" value=\"https:\/\/www.yoolabox.com\/index.php\/wp-json\/wp\/v2\/pages\/97808\"><input type=\"hidden\" name=\"url_referer\" value=\"\"><button type=\"submit\" name=\"wpforms[submit]\" id=\"wpforms-submit-97119\" class=\"wpforms-submit\" data-alt-text=\"Envoi...\" data-submit-text=\"Envoyer\" aria-live=\"assertive\" value=\"wpforms-submit\">Envoyer<\/button><img decoding=\"async\" src=\"https:\/\/www.yoolabox.com\/wp-content\/plugins\/wpforms\/assets\/images\/submit-spin.svg\" class=\"wpforms-submit-spinner\" style=\"display: none;\" width=\"26\" height=\"26\" alt=\"Chargement en cours\"><\/div><\/form><\/div>  <!-- .wpforms-container -->\n","protected":false},"excerpt":{"rendered":"","protected":false},"author":1,"featured_media":0,"parent":0,"menu_order":0,"comment_status":"closed","ping_status":"closed","template":"","meta":{"_acf_changed":false,"footnotes":""},"class_list":["post-97808","page","type-page","status-publish","hentry","badges-style-3"],"acf":[],"yoast_head":"<!-- This site is optimized with the Yoast SEO plugin v27.2 - https:\/\/yoast.com\/product\/yoast-seo-wordpress\/ -->\n<title>Remboursement Celine Dion - Yoolabox.com<\/title>\n<meta name=\"description\" content=\"Remboursement Celine Dion - Yoolabox.com\" \/>\n<meta name=\"robots\" content=\"index, follow, max-snippet:-1, max-image-preview:large, max-video-preview:-1\" \/>\n<link rel=\"canonical\" href=\"https:\/\/www.yoolabox.com\/index.php\/remboursement-celine-dion\/\" \/>\n<meta name=\"twitter:card\" content=\"summary_large_image\" \/>\n<meta name=\"twitter:title\" content=\"Remboursement Celine Dion - Yoolabox.com\" \/>\n<meta name=\"twitter:description\" content=\"Remboursement Celine Dion - Yoolabox.com\" \/>\n<meta name=\"twitter:label1\" content=\"Dur\u00e9e de lecture estim\u00e9e\" \/>\n\t<meta name=\"twitter:data1\" content=\"1 minute\" \/>\n<script type=\"application\/ld+json\" class=\"yoast-schema-graph\">{\"@context\":\"https:\/\/schema.org\",\"@graph\":[{\"@type\":\"WebPage\",\"@id\":\"https:\/\/www.yoolabox.com\/index.php\/remboursement-celine-dion\/\",\"url\":\"https:\/\/www.yoolabox.com\/index.php\/remboursement-celine-dion\/\",\"name\":\"Remboursement Celine Dion - Yoolabox.com\",\"isPartOf\":{\"@id\":\"https:\/\/www.yoolabox.com\/#website\"},\"datePublished\":\"2023-06-14T11:55:36+00:00\",\"description\":\"Remboursement Celine Dion - Yoolabox.com\",\"breadcrumb\":{\"@id\":\"https:\/\/www.yoolabox.com\/index.php\/remboursement-celine-dion\/#breadcrumb\"},\"inLanguage\":\"fr-FR\",\"potentialAction\":[{\"@type\":\"ReadAction\",\"target\":[\"https:\/\/www.yoolabox.com\/index.php\/remboursement-celine-dion\/\"]}]},{\"@type\":\"BreadcrumbList\",\"@id\":\"https:\/\/www.yoolabox.com\/index.php\/remboursement-celine-dion\/#breadcrumb\",\"itemListElement\":[{\"@type\":\"ListItem\",\"position\":1,\"name\":\"Home\",\"item\":\"https:\/\/www.yoolabox.com\/\"},{\"@type\":\"ListItem\",\"position\":2,\"name\":\"Remboursement Celine Dion\"}]},{\"@type\":\"WebSite\",\"@id\":\"https:\/\/www.yoolabox.com\/#website\",\"url\":\"https:\/\/www.yoolabox.com\/\",\"name\":\"Yoolabox.com\",\"description\":\"La billetterie accessible \u00e0 tous\",\"publisher\":{\"@id\":\"https:\/\/www.yoolabox.com\/#organization\"},\"potentialAction\":[{\"@type\":\"SearchAction\",\"target\":{\"@type\":\"EntryPoint\",\"urlTemplate\":\"https:\/\/www.yoolabox.com\/?s={search_term_string}\"},\"query-input\":{\"@type\":\"PropertyValueSpecification\",\"valueRequired\":true,\"valueName\":\"search_term_string\"}}],\"inLanguage\":\"fr-FR\"},{\"@type\":\"Organization\",\"@id\":\"https:\/\/www.yoolabox.com\/#organization\",\"name\":\"Yoolabox.com\",\"url\":\"https:\/\/www.yoolabox.com\/\",\"logo\":{\"@type\":\"ImageObject\",\"inLanguage\":\"fr-FR\",\"@id\":\"https:\/\/www.yoolabox.com\/#\/schema\/logo\/image\/\",\"url\":\"https:\/\/www.yoolabox.com\/wp-content\/uploads\/2019\/11\/cropped-Logo_web.jpg\",\"contentUrl\":\"https:\/\/www.yoolabox.com\/wp-content\/uploads\/2019\/11\/cropped-Logo_web.jpg\",\"width\":300,\"height\":100,\"caption\":\"Yoolabox.com\"},\"image\":{\"@id\":\"https:\/\/www.yoolabox.com\/#\/schema\/logo\/image\/\"}}]}<\/script>\n<!-- \/ Yoast SEO plugin. -->","yoast_head_json":{"title":"Remboursement Celine Dion - Yoolabox.com","description":"Remboursement Celine Dion - Yoolabox.com","robots":{"index":"index","follow":"follow","max-snippet":"max-snippet:-1","max-image-preview":"max-image-preview:large","max-video-preview":"max-video-preview:-1"},"canonical":"https:\/\/www.yoolabox.com\/index.php\/remboursement-celine-dion\/","twitter_card":"summary_large_image","twitter_title":"Remboursement Celine Dion - Yoolabox.com","twitter_description":"Remboursement Celine Dion - Yoolabox.com","twitter_misc":{"Dur\u00e9e de lecture estim\u00e9e":"1 minute"},"schema":{"@context":"https:\/\/schema.org","@graph":[{"@type":"WebPage","@id":"https:\/\/www.yoolabox.com\/index.php\/remboursement-celine-dion\/","url":"https:\/\/www.yoolabox.com\/index.php\/remboursement-celine-dion\/","name":"Remboursement Celine Dion - Yoolabox.com","isPartOf":{"@id":"https:\/\/www.yoolabox.com\/#website"},"datePublished":"2023-06-14T11:55:36+00:00","description":"Remboursement Celine Dion - Yoolabox.com","breadcrumb":{"@id":"https:\/\/www.yoolabox.com\/index.php\/remboursement-celine-dion\/#breadcrumb"},"inLanguage":"fr-FR","potentialAction":[{"@type":"ReadAction","target":["https:\/\/www.yoolabox.com\/index.php\/remboursement-celine-dion\/"]}]},{"@type":"BreadcrumbList","@id":"https:\/\/www.yoolabox.com\/index.php\/remboursement-celine-dion\/#breadcrumb","itemListElement":[{"@type":"ListItem","position":1,"name":"Home","item":"https:\/\/www.yoolabox.com\/"},{"@type":"ListItem","position":2,"name":"Remboursement Celine Dion"}]},{"@type":"WebSite","@id":"https:\/\/www.yoolabox.com\/#website","url":"https:\/\/www.yoolabox.com\/","name":"Yoolabox.com","description":"La billetterie accessible \u00e0 tous","publisher":{"@id":"https:\/\/www.yoolabox.com\/#organization"},"potentialAction":[{"@type":"SearchAction","target":{"@type":"EntryPoint","urlTemplate":"https:\/\/www.yoolabox.com\/?s={search_term_string}"},"query-input":{"@type":"PropertyValueSpecification","valueRequired":true,"valueName":"search_term_string"}}],"inLanguage":"fr-FR"},{"@type":"Organization","@id":"https:\/\/www.yoolabox.com\/#organization","name":"Yoolabox.com","url":"https:\/\/www.yoolabox.com\/","logo":{"@type":"ImageObject","inLanguage":"fr-FR","@id":"https:\/\/www.yoolabox.com\/#\/schema\/logo\/image\/","url":"https:\/\/www.yoolabox.com\/wp-content\/uploads\/2019\/11\/cropped-Logo_web.jpg","contentUrl":"https:\/\/www.yoolabox.com\/wp-content\/uploads\/2019\/11\/cropped-Logo_web.jpg","width":300,"height":100,"caption":"Yoolabox.com"},"image":{"@id":"https:\/\/www.yoolabox.com\/#\/schema\/logo\/image\/"}}]}},"publishpress_future_action":{"enabled":false,"date":"2026-04-24 10:14:58","action":"change-status","newStatus":"draft","terms":[],"taxonomy":"","extraData":[]},"publishpress_future_workflow_manual_trigger":{"enabledWorkflows":[]},"_links":{"self":[{"href":"https:\/\/www.yoolabox.com\/index.php\/wp-json\/wp\/v2\/pages\/97808","targetHints":{"allow":["GET"]}}],"collection":[{"href":"https:\/\/www.yoolabox.com\/index.php\/wp-json\/wp\/v2\/pages"}],"about":[{"href":"https:\/\/www.yoolabox.com\/index.php\/wp-json\/wp\/v2\/types\/page"}],"author":[{"embeddable":true,"href":"https:\/\/www.yoolabox.com\/index.php\/wp-json\/wp\/v2\/users\/1"}],"replies":[{"embeddable":true,"href":"https:\/\/www.yoolabox.com\/index.php\/wp-json\/wp\/v2\/comments?post=97808"}],"version-history":[{"count":0,"href":"https:\/\/www.yoolabox.com\/index.php\/wp-json\/wp\/v2\/pages\/97808\/revisions"}],"wp:attachment":[{"href":"https:\/\/www.yoolabox.com\/index.php\/wp-json\/wp\/v2\/media?parent=97808"}],"curies":[{"name":"wp","href":"https:\/\/api.w.org\/{rel}","templated":true}]}}