{"id":4945,"date":"2017-09-21T18:28:58","date_gmt":"2017-09-21T16:28:58","guid":{"rendered":"https:\/\/www.yoolabox.com\/?page_id=4945"},"modified":"2017-12-11T17:23:51","modified_gmt":"2017-12-11T16:23:51","slug":"100-garantie","status":"publish","type":"page","link":"https:\/\/www.yoolabox.com\/index.php\/100-garantie\/","title":{"rendered":"100% GARANTIE"},"content":{"rendered":"<p>[vc_row][vc_column][vc_empty_space height=&#8221;100px&#8221;][mkdf_info_items][mkdf_info_item dest_title=&#8221;100% OFFICIELLE&#8221; description=&#8221;Les prix et les places que nous proposons ont \u00e9t\u00e9 approuv\u00e9s par les organisateurs. Nous disposons d\u2019un contrat avec chaque producteur pour toutes les s\u00e9ances r\u00e9servables. Notre billetterie est 100% officielle.&#8221;][\/mkdf_info_item][mkdf_info_item dest_title=&#8221;100% ACCESSIBLE&#8221; description=&#8221;Les billets que nous proposons sont r\u00e9serv\u00e9s au public handicap\u00e9. Les emplacements sont sp\u00e9cialement \u00e9tudi\u00e9s pour r\u00e9pondre au mieux aux besoins des spectateurs en situation de handicap. Chaque salle de spectacle, stade, salle de sport a \u00e9t\u00e9 inspect\u00e9 pour garantir un accueil de qualit\u00e9.&#8221;][\/mkdf_info_item][mkdf_info_item dest_title=&#8221;100% SIMPLICITE&#8221; description=&#8221;Les commandes effectu\u00e9es sur yoolabox.com sont trait\u00e9es en temps r\u00e9el, c&#8217;est pour cela que nous vous proposons de t\u00e9l\u00e9charger vos justificatifs directement lors de votre commande. De cette mani\u00e8re, nous validons votre commande instantan\u00e9ment et vous n&#8217;avez plus de mauvaises surprises. Les organisateurs sont avertis de votre r\u00e9servation ainsi que de vos besoins sp\u00e9cifiques.&#8221;][\/mkdf_info_item][mkdf_info_item dest_title=&#8221;100% SERVICE&#8221; description=&#8221;Lorsque vous achetez un billet en ligne sur yoolabox.com, l&#8217;organisateur est averti de votre r\u00e9servation ainsi que de vos besoins sp\u00e9cifiques. Notre agence de voyage YOOLA, se tient \u00e9galement \u00e0 votre disposition pour organiser votre d\u00e9placement.&#8221;][\/mkdf_info_item][mkdf_info_item dest_title=&#8221;100% SECURISE&#8221; description=&#8221;Lorsque vous achetez un billet en ligne sur yoolabox.com, l&#8217;organisateur est averti en temps r\u00e9el de votre r\u00e9servation ainsi que de vos besoins sp\u00e9cifiques. Notre agence de voyage YOOLA, se tient \u00e9galement \u00e0 votre disposition pour organiser votre d\u00e9placement.&#8221;][\/mkdf_info_item][\/mkdf_info_items][\/vc_column][\/vc_row]<\/p>\n","protected":false},"excerpt":{"rendered":"<p>[vc_row][vc_column][vc_empty_space height=&#8221;100px&#8221;][mkdf_info_items][mkdf_info_item dest_title=&#8221;100% OFFICIELLE&#8221; description=&#8221;Les prix et les places que nous proposons ont \u00e9t\u00e9 approuv\u00e9s par les organisateurs. Nous disposons d\u2019un contrat avec chaque producteur pour toutes les s\u00e9ances r\u00e9servables. Notre billetterie est 100% officielle.&#8221;][\/mkdf_info_item][mkdf_info_item dest_title=&#8221;100% ACCESSIBLE&#8221; description=&#8221;Les billets que nous proposons sont r\u00e9serv\u00e9s au public handicap\u00e9. Les emplacements sont sp\u00e9cialement \u00e9tudi\u00e9s pour r\u00e9pondre au<br \/><a class=\"more-link\" href=\"https:\/\/www.yoolabox.com\/index.php\/100-garantie\/\"><br \/>\n        Read More<span class=\"screen-reader-text\"> &#8220;100% GARANTIE&#8221;<\/span><\/a><\/p>\n","protected":false},"author":1,"featured_media":0,"parent":0,"menu_order":0,"comment_status":"closed","ping_status":"closed","template":"","meta":{"_acf_changed":false,"footnotes":""},"class_list":["post-4945","page","type-page","status-publish","hentry","badges-style-3"],"acf":[],"yoast_head":"<!-- This site is optimized with the Yoast SEO plugin v27.2 - https:\/\/yoast.com\/product\/yoast-seo-wordpress\/ -->\n<title>100% GARANTIE - Yoolabox.com<\/title>\n<meta name=\"description\" content=\"100% GARANTIE - Yoolabox.com\" \/>\n<meta name=\"robots\" content=\"index, follow, max-snippet:-1, max-image-preview:large, max-video-preview:-1\" \/>\n<link rel=\"canonical\" href=\"https:\/\/www.yoolabox.com\/index.php\/100-garantie\/\" \/>\n<meta name=\"twitter:card\" content=\"summary_large_image\" \/>\n<meta name=\"twitter:title\" content=\"100% GARANTIE - Yoolabox.com\" \/>\n<meta name=\"twitter:description\" content=\"100% GARANTIE - Yoolabox.com\" \/>\n<meta name=\"twitter:label1\" content=\"Dur\u00e9e de lecture estim\u00e9e\" \/>\n\t<meta name=\"twitter:data1\" content=\"1 minute\" \/>\n<script type=\"application\/ld+json\" class=\"yoast-schema-graph\">{\"@context\":\"https:\/\/schema.org\",\"@graph\":[{\"@type\":\"WebPage\",\"@id\":\"https:\/\/www.yoolabox.com\/index.php\/100-garantie\/\",\"url\":\"https:\/\/www.yoolabox.com\/index.php\/100-garantie\/\",\"name\":\"100% GARANTIE - Yoolabox.com\",\"isPartOf\":{\"@id\":\"https:\/\/www.yoolabox.com\/#website\"},\"datePublished\":\"2017-09-21T16:28:58+00:00\",\"dateModified\":\"2017-12-11T16:23:51+00:00\",\"description\":\"100% GARANTIE - Yoolabox.com\",\"breadcrumb\":{\"@id\":\"https:\/\/www.yoolabox.com\/index.php\/100-garantie\/#breadcrumb\"},\"inLanguage\":\"fr-FR\",\"potentialAction\":[{\"@type\":\"ReadAction\",\"target\":[\"https:\/\/www.yoolabox.com\/index.php\/100-garantie\/\"]}]},{\"@type\":\"BreadcrumbList\",\"@id\":\"https:\/\/www.yoolabox.com\/index.php\/100-garantie\/#breadcrumb\",\"itemListElement\":[{\"@type\":\"ListItem\",\"position\":1,\"name\":\"Home\",\"item\":\"https:\/\/www.yoolabox.com\/\"},{\"@type\":\"ListItem\",\"position\":2,\"name\":\"100% GARANTIE\"}]},{\"@type\":\"WebSite\",\"@id\":\"https:\/\/www.yoolabox.com\/#website\",\"url\":\"https:\/\/www.yoolabox.com\/\",\"name\":\"Yoolabox.com\",\"description\":\"La billetterie accessible \u00e0 tous\",\"publisher\":{\"@id\":\"https:\/\/www.yoolabox.com\/#organization\"},\"potentialAction\":[{\"@type\":\"SearchAction\",\"target\":{\"@type\":\"EntryPoint\",\"urlTemplate\":\"https:\/\/www.yoolabox.com\/?s={search_term_string}\"},\"query-input\":{\"@type\":\"PropertyValueSpecification\",\"valueRequired\":true,\"valueName\":\"search_term_string\"}}],\"inLanguage\":\"fr-FR\"},{\"@type\":\"Organization\",\"@id\":\"https:\/\/www.yoolabox.com\/#organization\",\"name\":\"Yoolabox.com\",\"url\":\"https:\/\/www.yoolabox.com\/\",\"logo\":{\"@type\":\"ImageObject\",\"inLanguage\":\"fr-FR\",\"@id\":\"https:\/\/www.yoolabox.com\/#\/schema\/logo\/image\/\",\"url\":\"https:\/\/www.yoolabox.com\/wp-content\/uploads\/2019\/11\/cropped-Logo_web.jpg\",\"contentUrl\":\"https:\/\/www.yoolabox.com\/wp-content\/uploads\/2019\/11\/cropped-Logo_web.jpg\",\"width\":300,\"height\":100,\"caption\":\"Yoolabox.com\"},\"image\":{\"@id\":\"https:\/\/www.yoolabox.com\/#\/schema\/logo\/image\/\"}}]}<\/script>\n<!-- \/ Yoast SEO plugin. -->","yoast_head_json":{"title":"100% GARANTIE - Yoolabox.com","description":"100% GARANTIE - Yoolabox.com","robots":{"index":"index","follow":"follow","max-snippet":"max-snippet:-1","max-image-preview":"max-image-preview:large","max-video-preview":"max-video-preview:-1"},"canonical":"https:\/\/www.yoolabox.com\/index.php\/100-garantie\/","twitter_card":"summary_large_image","twitter_title":"100% GARANTIE - Yoolabox.com","twitter_description":"100% GARANTIE - Yoolabox.com","twitter_misc":{"Dur\u00e9e de lecture estim\u00e9e":"1 minute"},"schema":{"@context":"https:\/\/schema.org","@graph":[{"@type":"WebPage","@id":"https:\/\/www.yoolabox.com\/index.php\/100-garantie\/","url":"https:\/\/www.yoolabox.com\/index.php\/100-garantie\/","name":"100% GARANTIE - Yoolabox.com","isPartOf":{"@id":"https:\/\/www.yoolabox.com\/#website"},"datePublished":"2017-09-21T16:28:58+00:00","dateModified":"2017-12-11T16:23:51+00:00","description":"100% GARANTIE - Yoolabox.com","breadcrumb":{"@id":"https:\/\/www.yoolabox.com\/index.php\/100-garantie\/#breadcrumb"},"inLanguage":"fr-FR","potentialAction":[{"@type":"ReadAction","target":["https:\/\/www.yoolabox.com\/index.php\/100-garantie\/"]}]},{"@type":"BreadcrumbList","@id":"https:\/\/www.yoolabox.com\/index.php\/100-garantie\/#breadcrumb","itemListElement":[{"@type":"ListItem","position":1,"name":"Home","item":"https:\/\/www.yoolabox.com\/"},{"@type":"ListItem","position":2,"name":"100% GARANTIE"}]},{"@type":"WebSite","@id":"https:\/\/www.yoolabox.com\/#website","url":"https:\/\/www.yoolabox.com\/","name":"Yoolabox.com","description":"La billetterie accessible \u00e0 tous","publisher":{"@id":"https:\/\/www.yoolabox.com\/#organization"},"potentialAction":[{"@type":"SearchAction","target":{"@type":"EntryPoint","urlTemplate":"https:\/\/www.yoolabox.com\/?s={search_term_string}"},"query-input":{"@type":"PropertyValueSpecification","valueRequired":true,"valueName":"search_term_string"}}],"inLanguage":"fr-FR"},{"@type":"Organization","@id":"https:\/\/www.yoolabox.com\/#organization","name":"Yoolabox.com","url":"https:\/\/www.yoolabox.com\/","logo":{"@type":"ImageObject","inLanguage":"fr-FR","@id":"https:\/\/www.yoolabox.com\/#\/schema\/logo\/image\/","url":"https:\/\/www.yoolabox.com\/wp-content\/uploads\/2019\/11\/cropped-Logo_web.jpg","contentUrl":"https:\/\/www.yoolabox.com\/wp-content\/uploads\/2019\/11\/cropped-Logo_web.jpg","width":300,"height":100,"caption":"Yoolabox.com"},"image":{"@id":"https:\/\/www.yoolabox.com\/#\/schema\/logo\/image\/"}}]}},"publishpress_future_action":{"enabled":false,"date":"2026-05-07 03:14:09","action":"change-status","newStatus":"draft","terms":[],"taxonomy":"","extraData":[]},"publishpress_future_workflow_manual_trigger":{"enabledWorkflows":[]},"_links":{"self":[{"href":"https:\/\/www.yoolabox.com\/index.php\/wp-json\/wp\/v2\/pages\/4945","targetHints":{"allow":["GET"]}}],"collection":[{"href":"https:\/\/www.yoolabox.com\/index.php\/wp-json\/wp\/v2\/pages"}],"about":[{"href":"https:\/\/www.yoolabox.com\/index.php\/wp-json\/wp\/v2\/types\/page"}],"author":[{"embeddable":true,"href":"https:\/\/www.yoolabox.com\/index.php\/wp-json\/wp\/v2\/users\/1"}],"replies":[{"embeddable":true,"href":"https:\/\/www.yoolabox.com\/index.php\/wp-json\/wp\/v2\/comments?post=4945"}],"version-history":[{"count":0,"href":"https:\/\/www.yoolabox.com\/index.php\/wp-json\/wp\/v2\/pages\/4945\/revisions"}],"wp:attachment":[{"href":"https:\/\/www.yoolabox.com\/index.php\/wp-json\/wp\/v2\/media?parent=4945"}],"curies":[{"name":"wp","href":"https:\/\/api.w.org\/{rel}","templated":true}]}}