{"id":4517,"date":"2017-02-07T14:00:47","date_gmt":"2017-02-07T13:00:47","guid":{"rendered":"https:\/\/www.yoolabox.com\/?page_id=4517"},"modified":"2025-04-29T14:19:45","modified_gmt":"2025-04-29T12:19:45","slug":"comment-ca-marche","status":"publish","type":"page","link":"https:\/\/www.yoolabox.com\/index.php\/comment-ca-marche\/","title":{"rendered":"Comment \u00e7a marche ?"},"content":{"rendered":"\t\t<div data-elementor-type=\"wp-page\" data-elementor-id=\"4517\" class=\"elementor elementor-4517\" data-elementor-post-type=\"page\">\n\t\t\t\t\t\t<section class=\"elementor-section elementor-top-section elementor-element elementor-element-49eab2dc elementor-section-boxed elementor-section-height-default elementor-section-height-default\" data-id=\"49eab2dc\" data-element_type=\"section\" data-e-type=\"section\" data-settings=\"{&quot;background_background&quot;:&quot;classic&quot;}\">\n\t\t\t\t\t\t<div class=\"elementor-container elementor-column-gap-default\">\n\t\t\t\t\t<div class=\"elementor-column elementor-col-100 elementor-top-column elementor-element elementor-element-1ba92621\" data-id=\"1ba92621\" data-element_type=\"column\" data-e-type=\"column\">\n\t\t\t<div class=\"elementor-widget-wrap elementor-element-populated\">\n\t\t\t\t\t\t<div class=\"elementor-element elementor-element-308b3f9d elementor-widget elementor-widget-text-editor\" data-id=\"308b3f9d\" data-element_type=\"widget\" data-e-type=\"widget\" data-widget_type=\"text-editor.default\">\n\t\t\t\t<div class=\"elementor-widget-container\">\n\t\t\t\t\t\t\t\t\t<p>YOOLABOX.com vous propose des dizaines de concerts, de festivals, de spectacles. Nous proposons un processus d&#8217;achat simplifi\u00e9 pour les spectateurs handicap\u00e9s, vous commandez vos billets en ligne et int\u00e9grez vos justificatifs \u00e0 votre commande afin de valider le tarif pr\u00e9f\u00e9rentiel. Plus besoin d&#8217;envoyer des formulaires ou de passer des heures au t\u00e9l\u00e9phone pour commander un billet, c&#8217;est facile et automatique. Selon l&#8217;\u00e9v\u00e9nement, vous recevez une contre-marque pour retirer vos billets sur place ou vous recevez directement vos billets par email quelques jours avant l&#8217;\u00e9v\u00e9nement.<\/p><h4>Pourquoi YOOLABOX ?<\/h4><p>YOOLA est une agence de voyage sp\u00e9cialis\u00e9e qui propose des s\u00e9jours adapt\u00e9s au public handicap\u00e9 en France et dans le monde entier toute l&#8217;ann\u00e9e. Depuis 2010, l&#8217;agence propose les plus grands \u00e9v\u00e9nements sportifs tels que la Coupe du Monde de football, les Jeux Olympiques et Paralympiques. C&#8217;est cette exp\u00e9rience unique de gestion et vente de billets sur les grands \u00e9v\u00e9nements \u00e0 un public en situation de handicap qui a donn\u00e9 naissance \u00e0 YOOLABOX.COM, la seule plateforme de billetterie d\u00e9di\u00e9e au public handicap\u00e9.<\/p>\t\t\t\t\t\t\t\t<\/div>\n\t\t\t\t<\/div>\n\t\t\t\t<div class=\"elementor-element elementor-element-23ebed6 elementor-widget elementor-widget-toggle\" data-id=\"23ebed6\" data-element_type=\"widget\" data-e-type=\"widget\" data-widget_type=\"toggle.default\">\n\t\t\t\t<div class=\"elementor-widget-container\">\n\t\t\t\t\t\t\t<div class=\"elementor-toggle\">\n\t\t\t\t\t\t\t<div class=\"elementor-toggle-item\">\n\t\t\t\t\t<div id=\"elementor-tab-title-3761\" class=\"elementor-tab-title\" data-tab=\"1\" role=\"button\" aria-controls=\"elementor-tab-content-3761\" aria-expanded=\"false\">\n\t\t\t\t\t\t\t\t\t\t\t\t<span class=\"elementor-toggle-icon elementor-toggle-icon-left\" aria-hidden=\"true\">\n\t\t\t\t\t\t\t\t\t\t\t\t\t\t\t<span class=\"elementor-toggle-icon-closed\"><i class=\"fas fa-caret-right\"><\/i><\/span>\n\t\t\t\t\t\t\t\t<span class=\"elementor-toggle-icon-opened\"><i class=\"elementor-toggle-icon-opened fas fa-caret-up\"><\/i><\/span>\n\t\t\t\t\t\t\t\t\t\t\t\t\t<\/span>\n\t\t\t\t\t\t\t\t\t\t\t\t<a class=\"elementor-toggle-title\" tabindex=\"0\">1 - Ajouter vos billets \u00e0 votre panier<\/a>\n\t\t\t\t\t<\/div>\n\n\t\t\t\t\t<div id=\"elementor-tab-content-3761\" class=\"elementor-tab-content elementor-clearfix\" data-tab=\"1\" role=\"region\" aria-labelledby=\"elementor-tab-title-3761\"><p>Une fois sur l&#8217;\u00e9v\u00e9nement de votre choix, vous devez ajouter au Panier vos billets.<\/p><\/div>\n\t\t\t\t<\/div>\n\t\t\t\t\t\t\t<div class=\"elementor-toggle-item\">\n\t\t\t\t\t<div id=\"elementor-tab-title-3762\" class=\"elementor-tab-title\" data-tab=\"2\" role=\"button\" aria-controls=\"elementor-tab-content-3762\" aria-expanded=\"false\">\n\t\t\t\t\t\t\t\t\t\t\t\t<span class=\"elementor-toggle-icon elementor-toggle-icon-left\" aria-hidden=\"true\">\n\t\t\t\t\t\t\t\t\t\t\t\t\t\t\t<span class=\"elementor-toggle-icon-closed\"><i class=\"fas fa-caret-right\"><\/i><\/span>\n\t\t\t\t\t\t\t\t<span class=\"elementor-toggle-icon-opened\"><i class=\"elementor-toggle-icon-opened fas fa-caret-up\"><\/i><\/span>\n\t\t\t\t\t\t\t\t\t\t\t\t\t<\/span>\n\t\t\t\t\t\t\t\t\t\t\t\t<a class=\"elementor-toggle-title\" tabindex=\"0\">2 - Bien choisir la cat\u00e9gorie<\/a>\n\t\t\t\t\t<\/div>\n\n\t\t\t\t\t<div id=\"elementor-tab-content-3762\" class=\"elementor-tab-content elementor-clearfix\" data-tab=\"2\" role=\"region\" aria-labelledby=\"elementor-tab-title-3762\"><p>Sur YOOLABOX, les cat\u00e9gories sont class\u00e9es en fonction de votre mobilit\u00e9 et votre handicap. Si vous \u00eates en fauteuil roulant vous devrez choisir un billet &#8220;Fauteuil roulant&#8221;,\u00a0<\/p><p>Si vous \u00eates mal-marchant et que vous pouvez acc\u00e9der \u00e0 un si\u00e8ge facile d&#8217;acc\u00e8s, vous devrez choisir un billet &#8220;Spectateur mal-marchant&#8221;, ces emplacements sont g\u00e9n\u00e9ralement situ\u00e9 sur les premiers rangs accessible sans marche.\u00a0<\/p><p>Pour votre accompagnateur, c&#8217;est pareil, il faut le choisir dans la m\u00eame cat\u00e9gorie que votre billet.<\/p><p>Certaines productions ou salles, nous permettent de vous proposer un deuxieme accompagnant, C&#8217;est g\u00e9n\u00e9ralement indiqu\u00e9 sur la fiche du spectacle. Nous nous effor\u00e7ons de sensibiliser les productions mais cela n&#8217;est pas toujours possible malheureusement, mais ne vous inqui\u00e9tez pas le combat continue.<\/p><\/div>\n\t\t\t\t<\/div>\n\t\t\t\t\t\t\t<div class=\"elementor-toggle-item\">\n\t\t\t\t\t<div id=\"elementor-tab-title-3763\" class=\"elementor-tab-title\" data-tab=\"3\" role=\"button\" aria-controls=\"elementor-tab-content-3763\" aria-expanded=\"false\">\n\t\t\t\t\t\t\t\t\t\t\t\t<span class=\"elementor-toggle-icon elementor-toggle-icon-left\" aria-hidden=\"true\">\n\t\t\t\t\t\t\t\t\t\t\t\t\t\t\t<span class=\"elementor-toggle-icon-closed\"><i class=\"fas fa-caret-right\"><\/i><\/span>\n\t\t\t\t\t\t\t\t<span class=\"elementor-toggle-icon-opened\"><i class=\"elementor-toggle-icon-opened fas fa-caret-up\"><\/i><\/span>\n\t\t\t\t\t\t\t\t\t\t\t\t\t<\/span>\n\t\t\t\t\t\t\t\t\t\t\t\t<a class=\"elementor-toggle-title\" tabindex=\"0\">3 - Passez votre commande<\/a>\n\t\t\t\t\t<\/div>\n\n\t\t\t\t\t<div id=\"elementor-tab-content-3763\" class=\"elementor-tab-content elementor-clearfix\" data-tab=\"3\" role=\"region\" aria-labelledby=\"elementor-tab-title-3763\"><p>Une fois vos billets ajout\u00e9s au panier, vous devez valider votre commande en proc\u00e9dant au paiement. Nous acceptons uniquement les commandes en ligne et ne prenons aucune commande par t\u00e9l\u00e9phone. Seul les structures et groupe peuvent nous contacter par email pour une commande de groupe.<\/p><p>Pour valider votre commande, vous devrez ajouter votre justificatif de handicap sur votre commande. Attention, la pi\u00e8ce jointe ne peut pas d\u00e9passer les 2Mb, si vous prenez votre justificatif en photo, pensez \u00e0 r\u00e9duire la qualit\u00e9 de l&#8217;image sinon cela ne fonctionnera pas. Les photos de vos Iphone et Samsung en Full HD sont trop volumineuse.\u00a0<\/p><\/div>\n\t\t\t\t<\/div>\n\t\t\t\t\t\t\t<div class=\"elementor-toggle-item\">\n\t\t\t\t\t<div id=\"elementor-tab-title-3764\" class=\"elementor-tab-title\" data-tab=\"4\" role=\"button\" aria-controls=\"elementor-tab-content-3764\" aria-expanded=\"false\">\n\t\t\t\t\t\t\t\t\t\t\t\t<span class=\"elementor-toggle-icon elementor-toggle-icon-left\" aria-hidden=\"true\">\n\t\t\t\t\t\t\t\t\t\t\t\t\t\t\t<span class=\"elementor-toggle-icon-closed\"><i class=\"fas fa-caret-right\"><\/i><\/span>\n\t\t\t\t\t\t\t\t<span class=\"elementor-toggle-icon-opened\"><i class=\"elementor-toggle-icon-opened fas fa-caret-up\"><\/i><\/span>\n\t\t\t\t\t\t\t\t\t\t\t\t\t<\/span>\n\t\t\t\t\t\t\t\t\t\t\t\t<a class=\"elementor-toggle-title\" tabindex=\"0\">4 - Validation de commande<\/a>\n\t\t\t\t\t<\/div>\n\n\t\t\t\t\t<div id=\"elementor-tab-content-3764\" class=\"elementor-tab-content elementor-clearfix\" data-tab=\"4\" role=\"region\" aria-labelledby=\"elementor-tab-title-3764\"><p>Une fois votre commande pay\u00e9e, vous recevrez un email de confirmation de Commande &#8220;En Cours&#8221;, cela signifie que nous avons bien re\u00e7u votre commande.<\/p><p>Si votre commande est correcte, nous proc\u00e9derons \u00e0 la validation apr\u00e8s v\u00e9rification de celle-ci, votre commande passera alors en &#8220;Termin\u00e9e&#8221;, vous recevrez vos billets par email et vous pourrez \u00e9galement les retrouver sur votre compte YOOLABOX dans la rubrique Mes Billets.<\/p><p>Attention, certaines \u00e9v\u00e9nements \u00e0 forte demande nous impose de ne pas envoyer les billets imm\u00e9diatement pour lutter contre la revente ill\u00e9gale et les faux billets. Si c&#8217;est le cas ce sera indiqu\u00e9 sur la fiche du spectacle.<\/p><\/div>\n\t\t\t\t<\/div>\n\t\t\t\t\t\t\t\t<\/div>\n\t\t\t\t\t\t<\/div>\n\t\t\t\t<\/div>\n\t\t\t\t\t<\/div>\n\t\t<\/div>\n\t\t\t\t\t<\/div>\n\t\t<\/section>\n\t\t\t\t<\/div>\n\t\t","protected":false},"excerpt":{"rendered":"<p>YOOLABOX.com vous propose des dizaines de concerts, de festivals, de spectacles. Nous proposons un processus d&#8217;achat simplifi\u00e9 pour les spectateurs handicap\u00e9s, vous commandez vos billets en ligne et int\u00e9grez vos justificatifs \u00e0 votre commande afin de valider le tarif pr\u00e9f\u00e9rentiel. Plus besoin d&#8217;envoyer des formulaires ou de passer des heures au t\u00e9l\u00e9phone pour commander un<br \/><a class=\"more-link\" href=\"https:\/\/www.yoolabox.com\/index.php\/comment-ca-marche\/\"><br \/>\n        Read More<span class=\"screen-reader-text\"> &#8220;Comment \u00e7a marche ?&#8221;<\/span><\/a><\/p>\n","protected":false},"author":1,"featured_media":0,"parent":0,"menu_order":0,"comment_status":"closed","ping_status":"closed","template":"elementor_header_footer","meta":{"_acf_changed":false,"footnotes":""},"class_list":["post-4517","page","type-page","status-publish","hentry","badges-style-3"],"acf":[],"yoast_head":"<!-- This site is optimized with the Yoast SEO plugin v27.2 - https:\/\/yoast.com\/product\/yoast-seo-wordpress\/ -->\n<title>Comment \u00e7a marche ? - Yoolabox.com<\/title>\n<meta name=\"description\" content=\"Comment \u00e7a marche ? - Yoolabox.com\" \/>\n<meta name=\"robots\" content=\"index, follow, max-snippet:-1, max-image-preview:large, max-video-preview:-1\" \/>\n<link rel=\"canonical\" href=\"https:\/\/www.yoolabox.com\/index.php\/comment-ca-marche\/\" \/>\n<meta name=\"twitter:card\" content=\"summary_large_image\" \/>\n<meta name=\"twitter:title\" content=\"Comment \u00e7a marche ? - Yoolabox.com\" \/>\n<meta name=\"twitter:description\" content=\"Comment \u00e7a marche ? - Yoolabox.com\" \/>\n<meta name=\"twitter:label1\" content=\"Dur\u00e9e de lecture estim\u00e9e\" \/>\n\t<meta name=\"twitter:data1\" content=\"3 minutes\" \/>\n<script type=\"application\/ld+json\" class=\"yoast-schema-graph\">{\"@context\":\"https:\/\/schema.org\",\"@graph\":[{\"@type\":\"WebPage\",\"@id\":\"https:\/\/www.yoolabox.com\/index.php\/comment-ca-marche\/\",\"url\":\"https:\/\/www.yoolabox.com\/index.php\/comment-ca-marche\/\",\"name\":\"Comment \u00e7a marche ? - Yoolabox.com\",\"isPartOf\":{\"@id\":\"https:\/\/www.yoolabox.com\/#website\"},\"datePublished\":\"2017-02-07T13:00:47+00:00\",\"dateModified\":\"2025-04-29T12:19:45+00:00\",\"description\":\"Comment \u00e7a marche ? - Yoolabox.com\",\"breadcrumb\":{\"@id\":\"https:\/\/www.yoolabox.com\/index.php\/comment-ca-marche\/#breadcrumb\"},\"inLanguage\":\"fr-FR\",\"potentialAction\":[{\"@type\":\"ReadAction\",\"target\":[\"https:\/\/www.yoolabox.com\/index.php\/comment-ca-marche\/\"]}]},{\"@type\":\"BreadcrumbList\",\"@id\":\"https:\/\/www.yoolabox.com\/index.php\/comment-ca-marche\/#breadcrumb\",\"itemListElement\":[{\"@type\":\"ListItem\",\"position\":1,\"name\":\"Home\",\"item\":\"https:\/\/www.yoolabox.com\/\"},{\"@type\":\"ListItem\",\"position\":2,\"name\":\"Comment \u00e7a marche ?\"}]},{\"@type\":\"WebSite\",\"@id\":\"https:\/\/www.yoolabox.com\/#website\",\"url\":\"https:\/\/www.yoolabox.com\/\",\"name\":\"Yoolabox.com\",\"description\":\"La billetterie accessible \u00e0 tous\",\"publisher\":{\"@id\":\"https:\/\/www.yoolabox.com\/#organization\"},\"potentialAction\":[{\"@type\":\"SearchAction\",\"target\":{\"@type\":\"EntryPoint\",\"urlTemplate\":\"https:\/\/www.yoolabox.com\/?s={search_term_string}\"},\"query-input\":{\"@type\":\"PropertyValueSpecification\",\"valueRequired\":true,\"valueName\":\"search_term_string\"}}],\"inLanguage\":\"fr-FR\"},{\"@type\":\"Organization\",\"@id\":\"https:\/\/www.yoolabox.com\/#organization\",\"name\":\"Yoolabox.com\",\"url\":\"https:\/\/www.yoolabox.com\/\",\"logo\":{\"@type\":\"ImageObject\",\"inLanguage\":\"fr-FR\",\"@id\":\"https:\/\/www.yoolabox.com\/#\/schema\/logo\/image\/\",\"url\":\"https:\/\/www.yoolabox.com\/wp-content\/uploads\/2019\/11\/cropped-Logo_web.jpg\",\"contentUrl\":\"https:\/\/www.yoolabox.com\/wp-content\/uploads\/2019\/11\/cropped-Logo_web.jpg\",\"width\":300,\"height\":100,\"caption\":\"Yoolabox.com\"},\"image\":{\"@id\":\"https:\/\/www.yoolabox.com\/#\/schema\/logo\/image\/\"}}]}<\/script>\n<!-- \/ Yoast SEO plugin. -->","yoast_head_json":{"title":"Comment \u00e7a marche ? - Yoolabox.com","description":"Comment \u00e7a marche ? - Yoolabox.com","robots":{"index":"index","follow":"follow","max-snippet":"max-snippet:-1","max-image-preview":"max-image-preview:large","max-video-preview":"max-video-preview:-1"},"canonical":"https:\/\/www.yoolabox.com\/index.php\/comment-ca-marche\/","twitter_card":"summary_large_image","twitter_title":"Comment \u00e7a marche ? - Yoolabox.com","twitter_description":"Comment \u00e7a marche ? - Yoolabox.com","twitter_misc":{"Dur\u00e9e de lecture estim\u00e9e":"3 minutes"},"schema":{"@context":"https:\/\/schema.org","@graph":[{"@type":"WebPage","@id":"https:\/\/www.yoolabox.com\/index.php\/comment-ca-marche\/","url":"https:\/\/www.yoolabox.com\/index.php\/comment-ca-marche\/","name":"Comment \u00e7a marche ? - Yoolabox.com","isPartOf":{"@id":"https:\/\/www.yoolabox.com\/#website"},"datePublished":"2017-02-07T13:00:47+00:00","dateModified":"2025-04-29T12:19:45+00:00","description":"Comment \u00e7a marche ? - Yoolabox.com","breadcrumb":{"@id":"https:\/\/www.yoolabox.com\/index.php\/comment-ca-marche\/#breadcrumb"},"inLanguage":"fr-FR","potentialAction":[{"@type":"ReadAction","target":["https:\/\/www.yoolabox.com\/index.php\/comment-ca-marche\/"]}]},{"@type":"BreadcrumbList","@id":"https:\/\/www.yoolabox.com\/index.php\/comment-ca-marche\/#breadcrumb","itemListElement":[{"@type":"ListItem","position":1,"name":"Home","item":"https:\/\/www.yoolabox.com\/"},{"@type":"ListItem","position":2,"name":"Comment \u00e7a marche ?"}]},{"@type":"WebSite","@id":"https:\/\/www.yoolabox.com\/#website","url":"https:\/\/www.yoolabox.com\/","name":"Yoolabox.com","description":"La billetterie accessible \u00e0 tous","publisher":{"@id":"https:\/\/www.yoolabox.com\/#organization"},"potentialAction":[{"@type":"SearchAction","target":{"@type":"EntryPoint","urlTemplate":"https:\/\/www.yoolabox.com\/?s={search_term_string}"},"query-input":{"@type":"PropertyValueSpecification","valueRequired":true,"valueName":"search_term_string"}}],"inLanguage":"fr-FR"},{"@type":"Organization","@id":"https:\/\/www.yoolabox.com\/#organization","name":"Yoolabox.com","url":"https:\/\/www.yoolabox.com\/","logo":{"@type":"ImageObject","inLanguage":"fr-FR","@id":"https:\/\/www.yoolabox.com\/#\/schema\/logo\/image\/","url":"https:\/\/www.yoolabox.com\/wp-content\/uploads\/2019\/11\/cropped-Logo_web.jpg","contentUrl":"https:\/\/www.yoolabox.com\/wp-content\/uploads\/2019\/11\/cropped-Logo_web.jpg","width":300,"height":100,"caption":"Yoolabox.com"},"image":{"@id":"https:\/\/www.yoolabox.com\/#\/schema\/logo\/image\/"}}]}},"publishpress_future_action":{"enabled":false,"date":"2026-05-02 18:01:43","action":"change-status","newStatus":"draft","terms":[],"taxonomy":"","extraData":[]},"publishpress_future_workflow_manual_trigger":{"enabledWorkflows":[]},"_links":{"self":[{"href":"https:\/\/www.yoolabox.com\/index.php\/wp-json\/wp\/v2\/pages\/4517","targetHints":{"allow":["GET"]}}],"collection":[{"href":"https:\/\/www.yoolabox.com\/index.php\/wp-json\/wp\/v2\/pages"}],"about":[{"href":"https:\/\/www.yoolabox.com\/index.php\/wp-json\/wp\/v2\/types\/page"}],"author":[{"embeddable":true,"href":"https:\/\/www.yoolabox.com\/index.php\/wp-json\/wp\/v2\/users\/1"}],"replies":[{"embeddable":true,"href":"https:\/\/www.yoolabox.com\/index.php\/wp-json\/wp\/v2\/comments?post=4517"}],"version-history":[{"count":0,"href":"https:\/\/www.yoolabox.com\/index.php\/wp-json\/wp\/v2\/pages\/4517\/revisions"}],"wp:attachment":[{"href":"https:\/\/www.yoolabox.com\/index.php\/wp-json\/wp\/v2\/media?parent=4517"}],"curies":[{"name":"wp","href":"https:\/\/api.w.org\/{rel}","templated":true}]}}