{"id":3129,"date":"2016-10-31T15:40:51","date_gmt":"2016-10-31T15:40:51","guid":{"rendered":"http:\/\/gotravel.mikado-themes.com\/?page_id=3129"},"modified":"2018-08-23T16:10:38","modified_gmt":"2018-08-23T14:10:38","slug":"qui-sommes-nous","status":"publish","type":"page","link":"https:\/\/www.yoolabox.com\/index.php\/qui-sommes-nous\/","title":{"rendered":"Qui sommes-nous ?"},"content":{"rendered":"\t\t<div data-elementor-type=\"wp-post\" data-elementor-id=\"3129\" class=\"elementor elementor-3129 elementor-bc-flex-widget\" data-elementor-post-type=\"page\">\n\t\t\t\t\t\t<section class=\"elementor-section elementor-top-section elementor-element elementor-element-3b04107 elementor-section-boxed elementor-section-height-default elementor-section-height-default\" data-id=\"3b04107\" data-element_type=\"section\" data-e-type=\"section\" data-settings=\"{&quot;background_background&quot;:&quot;classic&quot;}\">\n\t\t\t\t\t\t<div class=\"elementor-container elementor-column-gap-default\">\n\t\t\t\t\t<div class=\"elementor-column elementor-col-100 elementor-top-column elementor-element elementor-element-902838c\" data-id=\"902838c\" data-element_type=\"column\" data-e-type=\"column\">\n\t\t\t<div class=\"elementor-widget-wrap elementor-element-populated\">\n\t\t\t\t\t\t<div class=\"elementor-element elementor-element-10b4c6d0 elementor-widget elementor-widget-text-editor\" data-id=\"10b4c6d0\" data-element_type=\"widget\" data-e-type=\"widget\" data-widget_type=\"text-editor.default\">\n\t\t\t\t<div class=\"elementor-widget-container\">\n\t\t\t\t\t\t\t\t\t<p>Yoola est une agence reconnue d\u00e9sormais comme leader des s\u00e9jours accessibles aux personnes handicap\u00e9es. Depuis 2010, YOOLA c\u2019est plus de 4000 voyages organis\u00e9s et les plus grands \u00e9v\u00e9nements sportifs du monde. D\u00e9sormais, YOOLA vous propose l\u2019acc\u00e8s aux loisirs du quotidien avec Yoolabox.com. Nous vous offrons un acc\u00e8s privil\u00e9gi\u00e9 \u00e0 des dizaines de salles de spectacles et de festivals dans toute la France.<\/p><h5>Une offre innovante et accessible \u00e0 tous.<\/h5><p>Nous avons d\u00e9cid\u00e9 de lancer notre propre plateforme de billetterie pour offrir \u00e0 chacun, un acc\u00e8s facile aux sorties du quotidien. Spectacles, festivals, th\u00e9\u00e2tres, sports, concerts, retrouvez facilement la programmation ! Vous pourrez acheter vos billets en ligne facilement et ainsi \u00e9viter les longues attentes au t\u00e9l\u00e9phone.<\/p><h5>Un acteur engag\u00e9<\/h5><p>Nous nous engageons \u00e0 vous offrir un acc\u00e8s de qualit\u00e9 sur l\u2019ensemble des \u00e9v\u00e9nements que nous proposons. Nous nous engageons \u00e0 sensibiliser chaque partenaire afin d\u2019offrir un accueil et un service de qualit\u00e9 le jour de l\u2019\u00e9v\u00e9nement.<\/p><h3>Des spectacles adapt\u00e9s et des informations pratiques<\/h3><p>YOOLABOX met en lumi\u00e8re les spectacles adapt\u00e9s aux personnes en situation de handicap, vous pourrez retrouver une programmation vari\u00e9e avec certains spectacles en audio-description par exemple. Sur chaque fiche, vous trouverez des informations pratiques pour comprendre les services disponibles et adapt\u00e9s \u00e0 vos besoins. Vous pourrez pr\u00e9parer facilement votre sortie avec les informations disponibles sur le site, nous vous proposerons \u00e9galement de r\u00e9server votre transport adapt\u00e9 sur les plus grandes villes de France.<\/p><h3>Accessibilit\u00e9<\/h3><p><span style=\"color: #999999;\"><strong><span style=\"color: #000000;\">Ne partez plus \u00e0 l&#8217;aventure, en r\u00e9servant sur yoolabox.com, les organisateurs re\u00e7oivent une notification de chaque r\u00e9servation, nous proposons uniquement des billets adapt\u00e9s \u00e0 vos besoins. Lors de votre arriv\u00e9e, vous disposez d&#8217;un accueil personnalis\u00e9.<\/span><\/strong><br \/><\/span><\/p><p style=\"text-align: justify;\">Pourquoi continuer \u00e0 acheter vos billets ailleurs ? Vous disposez enfin d&#8217;un site de billetterie qui vous propose des billets adapt\u00e9s \u00e0 un tarif adapt\u00e9 ! YOOLA n\u00e9gocie pour vous des r\u00e9ductions et gratuit\u00e9s pour vos accompagnateurs. Nous faisons notre maximum pour sensibiliser les organisateurs et am\u00e9liorer la qualit\u00e9 de service.<\/p><p>\u00a0<\/p>\t\t\t\t\t\t\t\t<\/div>\n\t\t\t\t<\/div>\n\t\t\t\t\t<\/div>\n\t\t<\/div>\n\t\t\t\t\t<\/div>\n\t\t<\/section>\n\t\t\t\t<section class=\"elementor-section elementor-top-section elementor-element elementor-element-54fc6a3 elementor-section-boxed elementor-section-height-default elementor-section-height-default\" data-id=\"54fc6a3\" data-element_type=\"section\" data-e-type=\"section\">\n\t\t\t\t\t\t<div class=\"elementor-container elementor-column-gap-default\">\n\t\t\t\t\t<div class=\"elementor-column elementor-col-100 elementor-top-column elementor-element elementor-element-e043099\" data-id=\"e043099\" data-element_type=\"column\" data-e-type=\"column\">\n\t\t\t<div class=\"elementor-widget-wrap elementor-element-populated\">\n\t\t\t\t\t\t<div class=\"elementor-element elementor-element-64a76f2 elementor-widget elementor-widget-video\" data-id=\"64a76f2\" data-element_type=\"widget\" data-e-type=\"widget\" data-settings=\"{&quot;youtube_url&quot;:&quot;https:\\\/\\\/youtu.be\\\/KU8ROWTWTaU&quot;,&quot;video_type&quot;:&quot;youtube&quot;,&quot;controls&quot;:&quot;yes&quot;}\" data-widget_type=\"video.default\">\n\t\t\t\t<div class=\"elementor-widget-container\">\n\t\t\t\t\t\t\t<div class=\"elementor-wrapper elementor-open-inline\">\n\t\t\t<div class=\"elementor-video\"><\/div>\t\t<\/div>\n\t\t\t\t\t\t<\/div>\n\t\t\t\t<\/div>\n\t\t\t\t\t<\/div>\n\t\t<\/div>\n\t\t\t\t\t<\/div>\n\t\t<\/section>\n\t\t\t\t<\/div>\n\t\t","protected":false},"excerpt":{"rendered":"<p>Yoola est une agence reconnue d\u00e9sormais comme leader des s\u00e9jours accessibles aux personnes handicap\u00e9es. Depuis 2010, YOOLA c\u2019est plus de 4000 voyages organis\u00e9s et les plus grands \u00e9v\u00e9nements sportifs du monde. D\u00e9sormais, YOOLA vous propose l\u2019acc\u00e8s aux loisirs du quotidien avec Yoolabox.com. Nous vous offrons un acc\u00e8s privil\u00e9gi\u00e9 \u00e0 des dizaines de salles de spectacles<br \/><a class=\"more-link\" href=\"https:\/\/www.yoolabox.com\/index.php\/qui-sommes-nous\/\"><br \/>\n        Read More<span class=\"screen-reader-text\"> &#8220;Qui sommes-nous ?&#8221;<\/span><\/a><\/p>\n","protected":false},"author":1,"featured_media":0,"parent":0,"menu_order":0,"comment_status":"closed","ping_status":"closed","template":"","meta":{"_acf_changed":false,"footnotes":""},"class_list":["post-3129","page","type-page","status-publish","hentry","badges-style-3"],"acf":[],"yoast_head":"<!-- This site is optimized with the Yoast SEO plugin v27.2 - https:\/\/yoast.com\/product\/yoast-seo-wordpress\/ -->\n<title>Qui sommes-nous ? - Yoolabox.com<\/title>\n<meta name=\"description\" content=\"Qui sommes-nous ? - Yoolabox.com\" \/>\n<meta name=\"robots\" content=\"index, follow, max-snippet:-1, max-image-preview:large, max-video-preview:-1\" \/>\n<link rel=\"canonical\" href=\"https:\/\/www.yoolabox.com\/index.php\/qui-sommes-nous\/\" \/>\n<meta name=\"twitter:card\" content=\"summary_large_image\" \/>\n<meta name=\"twitter:title\" content=\"Qui sommes-nous ? - Yoolabox.com\" \/>\n<meta name=\"twitter:description\" content=\"Qui sommes-nous ? - Yoolabox.com\" \/>\n<meta name=\"twitter:label1\" content=\"Dur\u00e9e de lecture estim\u00e9e\" \/>\n\t<meta name=\"twitter:data1\" content=\"2 minutes\" \/>\n<script type=\"application\/ld+json\" class=\"yoast-schema-graph\">{\"@context\":\"https:\/\/schema.org\",\"@graph\":[{\"@type\":\"WebPage\",\"@id\":\"https:\/\/www.yoolabox.com\/index.php\/qui-sommes-nous\/\",\"url\":\"https:\/\/www.yoolabox.com\/index.php\/qui-sommes-nous\/\",\"name\":\"Qui sommes-nous ? - Yoolabox.com\",\"isPartOf\":{\"@id\":\"https:\/\/www.yoolabox.com\/#website\"},\"datePublished\":\"2016-10-31T15:40:51+00:00\",\"dateModified\":\"2018-08-23T14:10:38+00:00\",\"description\":\"Qui sommes-nous ? - Yoolabox.com\",\"breadcrumb\":{\"@id\":\"https:\/\/www.yoolabox.com\/index.php\/qui-sommes-nous\/#breadcrumb\"},\"inLanguage\":\"fr-FR\",\"potentialAction\":[{\"@type\":\"ReadAction\",\"target\":[\"https:\/\/www.yoolabox.com\/index.php\/qui-sommes-nous\/\"]}]},{\"@type\":\"BreadcrumbList\",\"@id\":\"https:\/\/www.yoolabox.com\/index.php\/qui-sommes-nous\/#breadcrumb\",\"itemListElement\":[{\"@type\":\"ListItem\",\"position\":1,\"name\":\"Home\",\"item\":\"https:\/\/www.yoolabox.com\/\"},{\"@type\":\"ListItem\",\"position\":2,\"name\":\"Qui sommes-nous ?\"}]},{\"@type\":\"WebSite\",\"@id\":\"https:\/\/www.yoolabox.com\/#website\",\"url\":\"https:\/\/www.yoolabox.com\/\",\"name\":\"Yoolabox.com\",\"description\":\"La billetterie accessible \u00e0 tous\",\"publisher\":{\"@id\":\"https:\/\/www.yoolabox.com\/#organization\"},\"potentialAction\":[{\"@type\":\"SearchAction\",\"target\":{\"@type\":\"EntryPoint\",\"urlTemplate\":\"https:\/\/www.yoolabox.com\/?s={search_term_string}\"},\"query-input\":{\"@type\":\"PropertyValueSpecification\",\"valueRequired\":true,\"valueName\":\"search_term_string\"}}],\"inLanguage\":\"fr-FR\"},{\"@type\":\"Organization\",\"@id\":\"https:\/\/www.yoolabox.com\/#organization\",\"name\":\"Yoolabox.com\",\"url\":\"https:\/\/www.yoolabox.com\/\",\"logo\":{\"@type\":\"ImageObject\",\"inLanguage\":\"fr-FR\",\"@id\":\"https:\/\/www.yoolabox.com\/#\/schema\/logo\/image\/\",\"url\":\"https:\/\/www.yoolabox.com\/wp-content\/uploads\/2019\/11\/cropped-Logo_web.jpg\",\"contentUrl\":\"https:\/\/www.yoolabox.com\/wp-content\/uploads\/2019\/11\/cropped-Logo_web.jpg\",\"width\":300,\"height\":100,\"caption\":\"Yoolabox.com\"},\"image\":{\"@id\":\"https:\/\/www.yoolabox.com\/#\/schema\/logo\/image\/\"}}]}<\/script>\n<!-- \/ Yoast SEO plugin. -->","yoast_head_json":{"title":"Qui sommes-nous ? - Yoolabox.com","description":"Qui sommes-nous ? - Yoolabox.com","robots":{"index":"index","follow":"follow","max-snippet":"max-snippet:-1","max-image-preview":"max-image-preview:large","max-video-preview":"max-video-preview:-1"},"canonical":"https:\/\/www.yoolabox.com\/index.php\/qui-sommes-nous\/","twitter_card":"summary_large_image","twitter_title":"Qui sommes-nous ? - Yoolabox.com","twitter_description":"Qui sommes-nous ? - Yoolabox.com","twitter_misc":{"Dur\u00e9e de lecture estim\u00e9e":"2 minutes"},"schema":{"@context":"https:\/\/schema.org","@graph":[{"@type":"WebPage","@id":"https:\/\/www.yoolabox.com\/index.php\/qui-sommes-nous\/","url":"https:\/\/www.yoolabox.com\/index.php\/qui-sommes-nous\/","name":"Qui sommes-nous ? - Yoolabox.com","isPartOf":{"@id":"https:\/\/www.yoolabox.com\/#website"},"datePublished":"2016-10-31T15:40:51+00:00","dateModified":"2018-08-23T14:10:38+00:00","description":"Qui sommes-nous ? - Yoolabox.com","breadcrumb":{"@id":"https:\/\/www.yoolabox.com\/index.php\/qui-sommes-nous\/#breadcrumb"},"inLanguage":"fr-FR","potentialAction":[{"@type":"ReadAction","target":["https:\/\/www.yoolabox.com\/index.php\/qui-sommes-nous\/"]}]},{"@type":"BreadcrumbList","@id":"https:\/\/www.yoolabox.com\/index.php\/qui-sommes-nous\/#breadcrumb","itemListElement":[{"@type":"ListItem","position":1,"name":"Home","item":"https:\/\/www.yoolabox.com\/"},{"@type":"ListItem","position":2,"name":"Qui sommes-nous ?"}]},{"@type":"WebSite","@id":"https:\/\/www.yoolabox.com\/#website","url":"https:\/\/www.yoolabox.com\/","name":"Yoolabox.com","description":"La billetterie accessible \u00e0 tous","publisher":{"@id":"https:\/\/www.yoolabox.com\/#organization"},"potentialAction":[{"@type":"SearchAction","target":{"@type":"EntryPoint","urlTemplate":"https:\/\/www.yoolabox.com\/?s={search_term_string}"},"query-input":{"@type":"PropertyValueSpecification","valueRequired":true,"valueName":"search_term_string"}}],"inLanguage":"fr-FR"},{"@type":"Organization","@id":"https:\/\/www.yoolabox.com\/#organization","name":"Yoolabox.com","url":"https:\/\/www.yoolabox.com\/","logo":{"@type":"ImageObject","inLanguage":"fr-FR","@id":"https:\/\/www.yoolabox.com\/#\/schema\/logo\/image\/","url":"https:\/\/www.yoolabox.com\/wp-content\/uploads\/2019\/11\/cropped-Logo_web.jpg","contentUrl":"https:\/\/www.yoolabox.com\/wp-content\/uploads\/2019\/11\/cropped-Logo_web.jpg","width":300,"height":100,"caption":"Yoolabox.com"},"image":{"@id":"https:\/\/www.yoolabox.com\/#\/schema\/logo\/image\/"}}]}},"publishpress_future_action":{"enabled":false,"date":"2026-04-12 19:20:25","action":"change-status","newStatus":"draft","terms":[],"taxonomy":"","extraData":[]},"publishpress_future_workflow_manual_trigger":{"enabledWorkflows":[]},"_links":{"self":[{"href":"https:\/\/www.yoolabox.com\/index.php\/wp-json\/wp\/v2\/pages\/3129","targetHints":{"allow":["GET"]}}],"collection":[{"href":"https:\/\/www.yoolabox.com\/index.php\/wp-json\/wp\/v2\/pages"}],"about":[{"href":"https:\/\/www.yoolabox.com\/index.php\/wp-json\/wp\/v2\/types\/page"}],"author":[{"embeddable":true,"href":"https:\/\/www.yoolabox.com\/index.php\/wp-json\/wp\/v2\/users\/1"}],"replies":[{"embeddable":true,"href":"https:\/\/www.yoolabox.com\/index.php\/wp-json\/wp\/v2\/comments?post=3129"}],"version-history":[{"count":0,"href":"https:\/\/www.yoolabox.com\/index.php\/wp-json\/wp\/v2\/pages\/3129\/revisions"}],"wp:attachment":[{"href":"https:\/\/www.yoolabox.com\/index.php\/wp-json\/wp\/v2\/media?parent=3129"}],"curies":[{"name":"wp","href":"https:\/\/api.w.org\/{rel}","templated":true}]}}