{"id":22684,"date":"2018-02-15T14:15:25","date_gmt":"2018-02-15T13:15:25","guid":{"rendered":"https:\/\/www.yoolabox.com\/?page_id=22684"},"modified":"2018-02-16T09:56:06","modified_gmt":"2018-02-16T08:56:06","slug":"stade-francais-paris-billetterie-officielle-des-spectateurs-handicapes","status":"publish","type":"page","link":"https:\/\/www.yoolabox.com\/index.php\/stade-francais-paris-billetterie-officielle-des-spectateurs-handicapes\/","title":{"rendered":"Stade Fran\u00e7ais Paris &#8211; Billetterie officielle des spectateurs handicap\u00e9s"},"content":{"rendered":"<p>[vc_row][vc_column]\n\t\t\t<!-- START Stade Fran\u00e7ais Paris REVOLUTION SLIDER 6.7.20 --><p class=\"rs-p-wp-fix\"><\/p>\n\t\t\t<rs-module-wrap id=\"rev_slider_8_1_wrapper\" data-source=\"gallery\" style=\"visibility:hidden;background:rgba(255,255,255,0);padding:0;margin:0px auto;margin-top:0;margin-bottom:0;background-image:url(http:\/\/gotravel.mikado-themes.com\/wp-content\/uploads\/2016\/04\/slider-preoload-fullscreen.png);background-repeat:no-repeat;background-size:cover;background-position:center center;\">\n\t\t\t\t<rs-module id=\"rev_slider_8_1\" style=\"\" data-version=\"6.7.20\">\n\t\t\t\t\t<rs-slides style=\"overflow: hidden; position: absolute;\">\n\t\t\t\t\t\t<rs-slide style=\"position: absolute;\" data-key=\"rs-29\" data-title=\"Slide\" data-thumb=\"\/\/www.yoolabox.com\/wp-content\/uploads\/2018\/02\/SFP-officiel-1-100x50.jpg\" data-link=\"\/\/www.yoolabox.com\/index.php\/produit\/booba-13-octobre-2018-u-arena\/\" data-tag=\"l\" data-target=\"_self\" data-seoz=\"front\" data-in=\"x:(100%);\">\n\t\t\t\t\t\t\t<img decoding=\"async\" src=\"\/\/www.yoolabox.com\/wp-content\/plugins\/revslider\/sr6\/assets\/assets\/dummy.png\" alt=\"\" title=\"Stade Fran\u00e7ais Paris &#8211; Billetterie officielle des spectateurs handicap\u00e9s\" class=\"rev-slidebg tp-rs-img rs-lazyload\" data-lazyload=\"\/\/www.yoolabox.com\/wp-content\/uploads\/2018\/02\/SFP-officiel-1.jpg\" data-bg=\"p:center bottom;\" data-parallax=\"off\" data-no-retina>\n<!---->\t\t\t\t\t<\/rs-slide>\n\t\t\t\t\t\t<rs-slide style=\"position: absolute;\" data-key=\"rs-30\" data-title=\"Slide\" data-thumb=\"\/\/www.yoolabox.com\/wp-content\/uploads\/2018\/02\/Stade-Jean-Bouin-100x50.jpg\" data-link=\"\/\/www.yoolabox.com\/index.php\/produit\/racing-92-stade-toulousain-u-arena\/\" data-tag=\"l\" data-target=\"_self\" data-seoz=\"front\" data-in=\"x:(100%);\">\n\t\t\t\t\t\t\t<img decoding=\"async\" src=\"\/\/www.yoolabox.com\/wp-content\/plugins\/revslider\/sr6\/assets\/assets\/dummy.png\" alt=\"\" title=\"Stade Fran\u00e7ais Paris &#8211; Billetterie officielle des spectateurs handicap\u00e9s\" class=\"rev-slidebg tp-rs-img rs-lazyload\" data-lazyload=\"\/\/www.yoolabox.com\/wp-content\/uploads\/2018\/02\/Stade-Jean-Bouin.jpg\" data-bg=\"p:center bottom;\" data-parallax=\"off\" data-no-retina>\n<!---->\t\t\t\t\t<\/rs-slide>\n\t\t\t\t\t<\/rs-slides>\n\t\t\t\t<\/rs-module>\n\t\t\t\t<script>\n\t\t\t\t\tsetREVStartSize({c: 'rev_slider_8_1',rl:[1240,1024,778,480],el:[],gw:[1400],gh:[400],type:'standard',justify:'',layout:'fullwidth',mh:\"0\"});if (window.RS_MODULES!==undefined && window.RS_MODULES.modules!==undefined && window.RS_MODULES.modules[\"revslider81\"]!==undefined) {window.RS_MODULES.modules[\"revslider81\"].once = false;window.revapi8 = undefined;if (window.RS_MODULES.checkMinimal!==undefined) window.RS_MODULES.checkMinimal()}\n\t\t\t\t<\/script>\n\t\t\t<\/rs-module-wrap>\n\t\t\t<!-- END REVOLUTION SLIDER -->\n[mkdf_section_title title_text_transform=&#8221;&#8221; title_text_align=&#8221;center&#8221; title_size=&#8221;medium&#8221; title=&#8221;STADE FRAN\u00c7AIS PARIS &#8211; BILLETTERIE OFFICIELLE DES SPECTATEURS HANDICAPES &#8220;][vc_column_text]<\/p>\n<p style=\"text-align: justify;\">Les matchs du Stade Fran\u00e7ais Paris au stade Jean Bouin sont tous sur YOOLABOX.COM, la plateforme officielle des supporters en situation de handicap. R\u00e9servez vos billets facilement en ligne pour l&#8217;ensemble des rencontres du TOP14 et de Coupe d&#8217;Europe. S\u00e9lectionnez la cat\u00e9gorie correspondant \u00e0 vos besoins et ajouter vos accompagnateurs pour b\u00e9n\u00e9ficier de si\u00e8ges adapt\u00e9s \u00e0 vos besoins sp\u00e9cifiques.<\/p>\n<p>[\/vc_column_text][vc_empty_space]<div class=\"woocommerce columns-4 \"><\/div>[\/vc_column][\/vc_row][vc_row css=&#8221;.vc_custom_1487163418662{background-image: url(https:\/\/www.yoolabox.com\/wp-content\/uploads\/2017\/02\/main-home-parallax-2.jpg?id=4576) !important;}&#8221;][vc_column][mkdf_call_to_action full_width=&#8221;no&#8221; type=&#8221;normal&#8221; show_button=&#8221;yes&#8221; button_type=&#8221;&#8221; button_hover_type=&#8221;&#8221; button_hover_animation=&#8221;&#8221; button_target=&#8221;_blank&#8221; button_icon_pack=&#8221;&#8221; button_text=&#8221;DECOUVRIR&#8221; button_link=&#8221;http:\/\/www.yoola.fr&#8221; button_color=&#8221;#ffffff&#8221; button_border_color=&#8221;#ffffff&#8221;]<\/p>\n<h4><span style=\"color: #ffffff;\">Besoin de service compl\u00e9mentaire pour organiser votre voyage comme par exemple un transport adapt\u00e9 et un h\u00e9bergement. D\u00e9couvrez notre Agence de Voyage sur www.yoola.fr<\/span><\/h4>\n<p>[\/mkdf_call_to_action][\/vc_column][\/vc_row]<\/p>\n","protected":false},"excerpt":{"rendered":"<p>[vc_row][vc_column][mkdf_section_title title_text_transform=&#8221;&#8221; title_text_align=&#8221;center&#8221; title_size=&#8221;medium&#8221; title=&#8221;STADE FRAN\u00c7AIS PARIS &#8211; BILLETTERIE OFFICIELLE DES SPECTATEURS HANDICAPES &#8220;][vc_column_text] Les matchs du Stade Fran\u00e7ais Paris au stade Jean Bouin sont tous sur YOOLABOX.COM, la plateforme officielle des supporters en situation de handicap. R\u00e9servez vos billets facilement en ligne pour l&#8217;ensemble des rencontres du TOP14 et de Coupe d&#8217;Europe. S\u00e9lectionnez la<br \/><a class=\"more-link\" href=\"https:\/\/www.yoolabox.com\/index.php\/stade-francais-paris-billetterie-officielle-des-spectateurs-handicapes\/\"><br \/>\n        Read More<span class=\"screen-reader-text\"> &#8220;Stade Fran\u00e7ais Paris &#8211; Billetterie officielle des spectateurs handicap\u00e9s&#8221;<\/span><\/a><\/p>\n","protected":false},"author":1,"featured_media":0,"parent":0,"menu_order":0,"comment_status":"closed","ping_status":"closed","template":"","meta":{"_acf_changed":false,"footnotes":""},"class_list":["post-22684","page","type-page","status-publish","hentry","badges-style-3"],"acf":[],"yoast_head":"<!-- This site is optimized with the Yoast SEO plugin v27.2 - https:\/\/yoast.com\/product\/yoast-seo-wordpress\/ -->\n<title>Stade Fran\u00e7ais Paris - Billetterie officielle des spectateurs handicap\u00e9s - Yoolabox.com<\/title>\n<meta name=\"description\" content=\"Stade Fran\u00e7ais Paris - Billetterie officielle des spectateurs handicap\u00e9s - Yoolabox.com\" \/>\n<meta name=\"robots\" content=\"index, follow, max-snippet:-1, max-image-preview:large, max-video-preview:-1\" \/>\n<link rel=\"canonical\" href=\"https:\/\/www.yoolabox.com\/index.php\/stade-francais-paris-billetterie-officielle-des-spectateurs-handicapes\/\" \/>\n<meta name=\"twitter:card\" content=\"summary_large_image\" \/>\n<meta name=\"twitter:title\" content=\"Stade Fran\u00e7ais Paris - Billetterie officielle des spectateurs handicap\u00e9s - Yoolabox.com\" \/>\n<meta name=\"twitter:description\" content=\"Stade Fran\u00e7ais Paris - Billetterie officielle des spectateurs handicap\u00e9s - Yoolabox.com\" \/>\n<meta name=\"twitter:label1\" content=\"Dur\u00e9e de lecture estim\u00e9e\" \/>\n\t<meta name=\"twitter:data1\" content=\"1 minute\" \/>\n<script type=\"application\/ld+json\" class=\"yoast-schema-graph\">{\"@context\":\"https:\/\/schema.org\",\"@graph\":[{\"@type\":\"WebPage\",\"@id\":\"https:\/\/www.yoolabox.com\/index.php\/stade-francais-paris-billetterie-officielle-des-spectateurs-handicapes\/\",\"url\":\"https:\/\/www.yoolabox.com\/index.php\/stade-francais-paris-billetterie-officielle-des-spectateurs-handicapes\/\",\"name\":\"Stade Fran\u00e7ais Paris - Billetterie officielle des spectateurs handicap\u00e9s - Yoolabox.com\",\"isPartOf\":{\"@id\":\"https:\/\/www.yoolabox.com\/#website\"},\"datePublished\":\"2018-02-15T13:15:25+00:00\",\"dateModified\":\"2018-02-16T08:56:06+00:00\",\"description\":\"Stade Fran\u00e7ais Paris - Billetterie officielle des spectateurs handicap\u00e9s - Yoolabox.com\",\"breadcrumb\":{\"@id\":\"https:\/\/www.yoolabox.com\/index.php\/stade-francais-paris-billetterie-officielle-des-spectateurs-handicapes\/#breadcrumb\"},\"inLanguage\":\"fr-FR\",\"potentialAction\":[{\"@type\":\"ReadAction\",\"target\":[\"https:\/\/www.yoolabox.com\/index.php\/stade-francais-paris-billetterie-officielle-des-spectateurs-handicapes\/\"]}]},{\"@type\":\"BreadcrumbList\",\"@id\":\"https:\/\/www.yoolabox.com\/index.php\/stade-francais-paris-billetterie-officielle-des-spectateurs-handicapes\/#breadcrumb\",\"itemListElement\":[{\"@type\":\"ListItem\",\"position\":1,\"name\":\"Home\",\"item\":\"https:\/\/www.yoolabox.com\/\"},{\"@type\":\"ListItem\",\"position\":2,\"name\":\"Stade Fran\u00e7ais Paris &#8211; Billetterie officielle des spectateurs handicap\u00e9s\"}]},{\"@type\":\"WebSite\",\"@id\":\"https:\/\/www.yoolabox.com\/#website\",\"url\":\"https:\/\/www.yoolabox.com\/\",\"name\":\"Yoolabox.com\",\"description\":\"La billetterie accessible \u00e0 tous\",\"publisher\":{\"@id\":\"https:\/\/www.yoolabox.com\/#organization\"},\"potentialAction\":[{\"@type\":\"SearchAction\",\"target\":{\"@type\":\"EntryPoint\",\"urlTemplate\":\"https:\/\/www.yoolabox.com\/?s={search_term_string}\"},\"query-input\":{\"@type\":\"PropertyValueSpecification\",\"valueRequired\":true,\"valueName\":\"search_term_string\"}}],\"inLanguage\":\"fr-FR\"},{\"@type\":\"Organization\",\"@id\":\"https:\/\/www.yoolabox.com\/#organization\",\"name\":\"Yoolabox.com\",\"url\":\"https:\/\/www.yoolabox.com\/\",\"logo\":{\"@type\":\"ImageObject\",\"inLanguage\":\"fr-FR\",\"@id\":\"https:\/\/www.yoolabox.com\/#\/schema\/logo\/image\/\",\"url\":\"https:\/\/www.yoolabox.com\/wp-content\/uploads\/2019\/11\/cropped-Logo_web.jpg\",\"contentUrl\":\"https:\/\/www.yoolabox.com\/wp-content\/uploads\/2019\/11\/cropped-Logo_web.jpg\",\"width\":300,\"height\":100,\"caption\":\"Yoolabox.com\"},\"image\":{\"@id\":\"https:\/\/www.yoolabox.com\/#\/schema\/logo\/image\/\"}}]}<\/script>\n<!-- \/ Yoast SEO plugin. -->","yoast_head_json":{"title":"Stade Fran\u00e7ais Paris - Billetterie officielle des spectateurs handicap\u00e9s - Yoolabox.com","description":"Stade Fran\u00e7ais Paris - Billetterie officielle des spectateurs handicap\u00e9s - Yoolabox.com","robots":{"index":"index","follow":"follow","max-snippet":"max-snippet:-1","max-image-preview":"max-image-preview:large","max-video-preview":"max-video-preview:-1"},"canonical":"https:\/\/www.yoolabox.com\/index.php\/stade-francais-paris-billetterie-officielle-des-spectateurs-handicapes\/","twitter_card":"summary_large_image","twitter_title":"Stade Fran\u00e7ais Paris - Billetterie officielle des spectateurs handicap\u00e9s - Yoolabox.com","twitter_description":"Stade Fran\u00e7ais Paris - Billetterie officielle des spectateurs handicap\u00e9s - Yoolabox.com","twitter_misc":{"Dur\u00e9e de lecture estim\u00e9e":"1 minute"},"schema":{"@context":"https:\/\/schema.org","@graph":[{"@type":"WebPage","@id":"https:\/\/www.yoolabox.com\/index.php\/stade-francais-paris-billetterie-officielle-des-spectateurs-handicapes\/","url":"https:\/\/www.yoolabox.com\/index.php\/stade-francais-paris-billetterie-officielle-des-spectateurs-handicapes\/","name":"Stade Fran\u00e7ais Paris - Billetterie officielle des spectateurs handicap\u00e9s - Yoolabox.com","isPartOf":{"@id":"https:\/\/www.yoolabox.com\/#website"},"datePublished":"2018-02-15T13:15:25+00:00","dateModified":"2018-02-16T08:56:06+00:00","description":"Stade Fran\u00e7ais Paris - Billetterie officielle des spectateurs handicap\u00e9s - Yoolabox.com","breadcrumb":{"@id":"https:\/\/www.yoolabox.com\/index.php\/stade-francais-paris-billetterie-officielle-des-spectateurs-handicapes\/#breadcrumb"},"inLanguage":"fr-FR","potentialAction":[{"@type":"ReadAction","target":["https:\/\/www.yoolabox.com\/index.php\/stade-francais-paris-billetterie-officielle-des-spectateurs-handicapes\/"]}]},{"@type":"BreadcrumbList","@id":"https:\/\/www.yoolabox.com\/index.php\/stade-francais-paris-billetterie-officielle-des-spectateurs-handicapes\/#breadcrumb","itemListElement":[{"@type":"ListItem","position":1,"name":"Home","item":"https:\/\/www.yoolabox.com\/"},{"@type":"ListItem","position":2,"name":"Stade Fran\u00e7ais Paris &#8211; Billetterie officielle des spectateurs handicap\u00e9s"}]},{"@type":"WebSite","@id":"https:\/\/www.yoolabox.com\/#website","url":"https:\/\/www.yoolabox.com\/","name":"Yoolabox.com","description":"La billetterie accessible \u00e0 tous","publisher":{"@id":"https:\/\/www.yoolabox.com\/#organization"},"potentialAction":[{"@type":"SearchAction","target":{"@type":"EntryPoint","urlTemplate":"https:\/\/www.yoolabox.com\/?s={search_term_string}"},"query-input":{"@type":"PropertyValueSpecification","valueRequired":true,"valueName":"search_term_string"}}],"inLanguage":"fr-FR"},{"@type":"Organization","@id":"https:\/\/www.yoolabox.com\/#organization","name":"Yoolabox.com","url":"https:\/\/www.yoolabox.com\/","logo":{"@type":"ImageObject","inLanguage":"fr-FR","@id":"https:\/\/www.yoolabox.com\/#\/schema\/logo\/image\/","url":"https:\/\/www.yoolabox.com\/wp-content\/uploads\/2019\/11\/cropped-Logo_web.jpg","contentUrl":"https:\/\/www.yoolabox.com\/wp-content\/uploads\/2019\/11\/cropped-Logo_web.jpg","width":300,"height":100,"caption":"Yoolabox.com"},"image":{"@id":"https:\/\/www.yoolabox.com\/#\/schema\/logo\/image\/"}}]}},"publishpress_future_action":{"enabled":false,"date":"2026-04-24 10:14:45","action":"change-status","newStatus":"draft","terms":[],"taxonomy":"","extraData":[]},"publishpress_future_workflow_manual_trigger":{"enabledWorkflows":[]},"_links":{"self":[{"href":"https:\/\/www.yoolabox.com\/index.php\/wp-json\/wp\/v2\/pages\/22684","targetHints":{"allow":["GET"]}}],"collection":[{"href":"https:\/\/www.yoolabox.com\/index.php\/wp-json\/wp\/v2\/pages"}],"about":[{"href":"https:\/\/www.yoolabox.com\/index.php\/wp-json\/wp\/v2\/types\/page"}],"author":[{"embeddable":true,"href":"https:\/\/www.yoolabox.com\/index.php\/wp-json\/wp\/v2\/users\/1"}],"replies":[{"embeddable":true,"href":"https:\/\/www.yoolabox.com\/index.php\/wp-json\/wp\/v2\/comments?post=22684"}],"version-history":[{"count":0,"href":"https:\/\/www.yoolabox.com\/index.php\/wp-json\/wp\/v2\/pages\/22684\/revisions"}],"wp:attachment":[{"href":"https:\/\/www.yoolabox.com\/index.php\/wp-json\/wp\/v2\/media?parent=22684"}],"curies":[{"name":"wp","href":"https:\/\/api.w.org\/{rel}","templated":true}]}}