{"id":11061,"date":"2017-12-13T16:54:22","date_gmt":"2017-12-13T15:54:22","guid":{"rendered":"https:\/\/www.yoolabox.com\/?page_id=11061"},"modified":"2017-12-13T17:37:08","modified_gmt":"2017-12-13T16:37:08","slug":"accessibilite-yoolabox-la-billetterie-accessible-a-tous","status":"publish","type":"page","link":"https:\/\/www.yoolabox.com\/index.php\/accessibilite-yoolabox-la-billetterie-accessible-a-tous\/","title":{"rendered":"AUDIODESCRIPTION &#8211; YOOLABOX La billetterie accessible \u00e0 tous"},"content":{"rendered":"<p>[vc_row css=&#8221;.vc_custom_1512023849244{padding-top: 100px !important;padding-bottom: 30px !important;}&#8221;][vc_column][vc_column_text]Vous recherchez un spectacle en audiodescription. Ne cherchez plus, nous listons ici l&#8217;ensemble des spectacles disponibles, vous n&#8217;avez plus qu&#8217;\u00e0 r\u00e9server votre place.[\/vc_column_text][\/vc_column][\/vc_row][vc_row css=&#8221;.vc_custom_1509115951570{padding-right: 50px !important;padding-left: 50px !important;}&#8221;][vc_column][mkdf_section_title title_text_transform=&#8221;&#8221; title_text_align=&#8221;center&#8221; title_size=&#8221;medium&#8221; title=&#8221;NOS SPECTACLES EN AUDIODESCRIPTION&#8221;]<div class=\"woocommerce columns-5 \"><\/div>[vc_empty_space][mkdf_separator position=&#8221;center&#8221; width=&#8221;100%&#8221;][mkdf_icon_with_text icon_pack=&#8221;font_awesome&#8221; fa_icon=&#8221;&#8221; title_tag=&#8221;&#8221; custom_icon=&#8221;11625&#8243; title=&#8221;Qu&#8217;est ce que l&#8217;audiodescription&#8221; text=&#8221;L&#8217;audiodescription est un ensemble de techniques qui permettent de rendre des films, des spectacles ou des expositions, accessibles aux personnes aveugles ou malvoyantes gr\u00e2ce \u00e0 un texte en voix off qui d\u00e9crit les \u00e9l\u00e9ments visuels de l&#8217;\u0153uvre&#8221;][\/vc_column][\/vc_row][vc_row disable_element=&#8221;yes&#8221; row_type=&#8221;parallax&#8221; full_screen_section_height=&#8221;no&#8221; parallax_background_image=&#8221;5182&#8243; css=&#8221;.vc_custom_1513181616900{padding-top: 100px !important;padding-bottom: 100px !important;background-color: #efefef !important;}&#8221;][vc_column][mkdf_call_to_action full_width=&#8221;yes&#8221; content_in_grid=&#8221;yes&#8221; grid_size=&#8221;75&#8243; type=&#8221;normal&#8221; show_button=&#8221;yes&#8221; button_type=&#8221;white&#8221; button_hover_type=&#8221;solid&#8221; button_hover_animation=&#8221;&#8221; button_size=&#8221;medium&#8221; button_target=&#8221;_blank&#8221; button_icon_pack=&#8221;&#8221; button_text=&#8221;www.yoola.fr&#8221; button_link=&#8221;https:\/\/www.yoola.fr&#8221;]<\/p>\n<h2><span style=\"color: #ffffff;\">Envie de voyager, d\u00e9couvrez notre agence de voyage 100% accessible<\/span><\/h2>\n<p>[\/mkdf_call_to_action][vc_empty_space][\/vc_column][\/vc_row][vc_row disable_element=&#8221;yes&#8221; row_type=&#8221;parallax&#8221; content_aligment=&#8221;center&#8221; full_screen_section_height=&#8221;no&#8221; parallax_background_image=&#8221;5179&#8243; css=&#8221;.vc_custom_1509116119091{padding-top: 100px !important;padding-right: 0px !important;padding-bottom: 100px !important;padding-left: 0px !important;background-color: #f8f8f8 !important;}&#8221;][vc_column][vc_row_inner][vc_column_inner width=&#8221;1\/4&#8243;][mkdf_counter title_tag=&#8221;h3&#8243; position=&#8221;center&#8221; digit_style=&#8221;dark&#8221; digit=&#8221;10&#8243; digit_font_size=&#8221;60&#8243; digit_color=&#8221;#ffffff&#8221; title=&#8221;ANS D&#8217;EXPERIENCE&#8221; title_color=&#8221;#ffffff&#8221;][\/vc_column_inner][vc_column_inner width=&#8221;1\/4&#8243;][mkdf_counter title_tag=&#8221;h3&#8243; position=&#8221;center&#8221; digit_style=&#8221;dark&#8221; digit=&#8221;15&#8243; digit_font_size=&#8221;60&#8243; digit_color=&#8221;#ffffff&#8221; title=&#8221;GRANDS \u00c9V\u00c9NEMENTS&#8221; title_color=&#8221;#ffffff&#8221;][\/vc_column_inner][vc_column_inner width=&#8221;1\/4&#8243;][mkdf_counter title_tag=&#8221;h3&#8243; position=&#8221;center&#8221; digit_style=&#8221;dark&#8221; digit=&#8221;4000&#8243; digit_font_size=&#8221;60&#8243; digit_color=&#8221;#ffffff&#8221; title=&#8221;CLIENTS&#8221; title_color=&#8221;#ffffff&#8221;][\/vc_column_inner][vc_column_inner width=&#8221;1\/4&#8243;][mkdf_counter title_tag=&#8221;h3&#8243; position=&#8221;center&#8221; digit_style=&#8221;dark&#8221; digit=&#8221;4000&#8243; digit_font_size=&#8221;60&#8243; digit_color=&#8221;#ffffff&#8221; title=&#8221;BILLETS VENDUS&#8221; title_color=&#8221;#ffffff&#8221;][\/vc_column_inner][\/vc_row_inner][vc_row_inner][vc_column_inner][vc_empty_space][mkdf_call_to_action full_width=&#8221;no&#8221; type=&#8221;normal&#8221; show_button=&#8221;yes&#8221; button_type=&#8221;solid&#8221; button_hover_type=&#8221;white&#8221; button_hover_animation=&#8221;&#8221; button_size=&#8221;medium&#8221; button_icon_pack=&#8221;&#8221; button_text=&#8221;DEVENEZ PARTENAIRE&#8221; button_color=&#8221;#7a7a7a&#8221; button_hover_color=&#8221;#e8e8e8&#8243; box_padding=&#8221;45px 0 45px 0&#8243; button_link=&#8221;https:\/\/www.yoolabox.com\/index.php\/rejoignez-nous\/&#8221; button_background_color=&#8221;#ffffff&#8221; button_hover_background_color=&#8221;#a3a3a3&#8243; button_hover_border_color=&#8221;#ffffff&#8221;]<\/p>\n<h4><span style=\"color: #ffffff;\">CONFIEZ-NOUS LA GESTION DE VOTRE BILLETTERIE !<\/span><\/h4>\n<p>[\/mkdf_call_to_action][\/vc_column_inner][\/vc_row_inner][\/vc_column][\/vc_row]<\/p>\n","protected":false},"excerpt":{"rendered":"<p>[vc_row css=&#8221;.vc_custom_1512023849244{padding-top: 100px !important;padding-bottom: 30px !important;}&#8221;][vc_column][vc_column_text]Vous recherchez un spectacle en audiodescription. Ne cherchez plus, nous listons ici l&#8217;ensemble des spectacles disponibles, vous n&#8217;avez plus qu&#8217;\u00e0 r\u00e9server votre place.[\/vc_column_text][\/vc_column][\/vc_row][vc_row css=&#8221;.vc_custom_1509115951570{padding-right: 50px !important;padding-left: 50px !important;}&#8221;][vc_column][mkdf_section_title title_text_transform=&#8221;&#8221; title_text_align=&#8221;center&#8221; title_size=&#8221;medium&#8221; title=&#8221;NOS SPECTACLES EN AUDIODESCRIPTION&#8221;][vc_empty_space][mkdf_separator position=&#8221;center&#8221; width=&#8221;100%&#8221;][mkdf_icon_with_text icon_pack=&#8221;font_awesome&#8221; fa_icon=&#8221;&#8221; title_tag=&#8221;&#8221; custom_icon=&#8221;11625&#8243; title=&#8221;Qu&#8217;est ce que l&#8217;audiodescription&#8221; text=&#8221;L&#8217;audiodescription est un ensemble de<br \/><a class=\"more-link\" href=\"https:\/\/www.yoolabox.com\/index.php\/accessibilite-yoolabox-la-billetterie-accessible-a-tous\/\"><br \/>\n        Read More<span class=\"screen-reader-text\"> &#8220;AUDIODESCRIPTION &#8211; YOOLABOX La billetterie accessible \u00e0 tous&#8221;<\/span><\/a><\/p>\n","protected":false},"author":1,"featured_media":0,"parent":0,"menu_order":0,"comment_status":"open","ping_status":"closed","template":"full-width.php","meta":{"_acf_changed":false,"footnotes":""},"class_list":["post-11061","page","type-page","status-publish","hentry","badges-style-3"],"acf":[],"yoast_head":"<!-- This site is optimized with the Yoast SEO plugin v27.2 - https:\/\/yoast.com\/product\/yoast-seo-wordpress\/ -->\n<title>AUDIODESCRIPTION - YOOLABOX La billetterie accessible \u00e0 tous - Yoolabox.com<\/title>\n<meta name=\"description\" content=\"AUDIODESCRIPTION - YOOLABOX La billetterie accessible \u00e0 tous - Yoolabox.com\" \/>\n<meta name=\"robots\" content=\"index, follow, max-snippet:-1, max-image-preview:large, max-video-preview:-1\" \/>\n<link rel=\"canonical\" href=\"https:\/\/www.yoolabox.com\/index.php\/accessibilite-yoolabox-la-billetterie-accessible-a-tous\/\" \/>\n<meta name=\"twitter:card\" content=\"summary_large_image\" \/>\n<meta name=\"twitter:title\" content=\"AUDIODESCRIPTION - YOOLABOX La billetterie accessible \u00e0 tous - Yoolabox.com\" \/>\n<meta name=\"twitter:description\" content=\"AUDIODESCRIPTION - YOOLABOX La billetterie accessible \u00e0 tous - Yoolabox.com\" \/>\n<meta name=\"twitter:label1\" content=\"Dur\u00e9e de lecture estim\u00e9e\" \/>\n\t<meta name=\"twitter:data1\" content=\"3 minutes\" \/>\n<script type=\"application\/ld+json\" class=\"yoast-schema-graph\">{\"@context\":\"https:\/\/schema.org\",\"@graph\":[{\"@type\":\"WebPage\",\"@id\":\"https:\/\/www.yoolabox.com\/index.php\/accessibilite-yoolabox-la-billetterie-accessible-a-tous\/\",\"url\":\"https:\/\/www.yoolabox.com\/index.php\/accessibilite-yoolabox-la-billetterie-accessible-a-tous\/\",\"name\":\"AUDIODESCRIPTION - YOOLABOX La billetterie accessible \u00e0 tous - Yoolabox.com\",\"isPartOf\":{\"@id\":\"https:\/\/www.yoolabox.com\/#website\"},\"datePublished\":\"2017-12-13T15:54:22+00:00\",\"dateModified\":\"2017-12-13T16:37:08+00:00\",\"description\":\"AUDIODESCRIPTION - YOOLABOX La billetterie accessible \u00e0 tous - Yoolabox.com\",\"breadcrumb\":{\"@id\":\"https:\/\/www.yoolabox.com\/index.php\/accessibilite-yoolabox-la-billetterie-accessible-a-tous\/#breadcrumb\"},\"inLanguage\":\"fr-FR\",\"potentialAction\":[{\"@type\":\"ReadAction\",\"target\":[\"https:\/\/www.yoolabox.com\/index.php\/accessibilite-yoolabox-la-billetterie-accessible-a-tous\/\"]}]},{\"@type\":\"BreadcrumbList\",\"@id\":\"https:\/\/www.yoolabox.com\/index.php\/accessibilite-yoolabox-la-billetterie-accessible-a-tous\/#breadcrumb\",\"itemListElement\":[{\"@type\":\"ListItem\",\"position\":1,\"name\":\"Home\",\"item\":\"https:\/\/www.yoolabox.com\/\"},{\"@type\":\"ListItem\",\"position\":2,\"name\":\"AUDIODESCRIPTION &#8211; YOOLABOX La billetterie accessible \u00e0 tous\"}]},{\"@type\":\"WebSite\",\"@id\":\"https:\/\/www.yoolabox.com\/#website\",\"url\":\"https:\/\/www.yoolabox.com\/\",\"name\":\"Yoolabox.com\",\"description\":\"La billetterie accessible \u00e0 tous\",\"publisher\":{\"@id\":\"https:\/\/www.yoolabox.com\/#organization\"},\"potentialAction\":[{\"@type\":\"SearchAction\",\"target\":{\"@type\":\"EntryPoint\",\"urlTemplate\":\"https:\/\/www.yoolabox.com\/?s={search_term_string}\"},\"query-input\":{\"@type\":\"PropertyValueSpecification\",\"valueRequired\":true,\"valueName\":\"search_term_string\"}}],\"inLanguage\":\"fr-FR\"},{\"@type\":\"Organization\",\"@id\":\"https:\/\/www.yoolabox.com\/#organization\",\"name\":\"Yoolabox.com\",\"url\":\"https:\/\/www.yoolabox.com\/\",\"logo\":{\"@type\":\"ImageObject\",\"inLanguage\":\"fr-FR\",\"@id\":\"https:\/\/www.yoolabox.com\/#\/schema\/logo\/image\/\",\"url\":\"https:\/\/www.yoolabox.com\/wp-content\/uploads\/2019\/11\/cropped-Logo_web.jpg\",\"contentUrl\":\"https:\/\/www.yoolabox.com\/wp-content\/uploads\/2019\/11\/cropped-Logo_web.jpg\",\"width\":300,\"height\":100,\"caption\":\"Yoolabox.com\"},\"image\":{\"@id\":\"https:\/\/www.yoolabox.com\/#\/schema\/logo\/image\/\"}}]}<\/script>\n<!-- \/ Yoast SEO plugin. -->","yoast_head_json":{"title":"AUDIODESCRIPTION - YOOLABOX La billetterie accessible \u00e0 tous - Yoolabox.com","description":"AUDIODESCRIPTION - YOOLABOX La billetterie accessible \u00e0 tous - Yoolabox.com","robots":{"index":"index","follow":"follow","max-snippet":"max-snippet:-1","max-image-preview":"max-image-preview:large","max-video-preview":"max-video-preview:-1"},"canonical":"https:\/\/www.yoolabox.com\/index.php\/accessibilite-yoolabox-la-billetterie-accessible-a-tous\/","twitter_card":"summary_large_image","twitter_title":"AUDIODESCRIPTION - YOOLABOX La billetterie accessible \u00e0 tous - Yoolabox.com","twitter_description":"AUDIODESCRIPTION - YOOLABOX La billetterie accessible \u00e0 tous - Yoolabox.com","twitter_misc":{"Dur\u00e9e de lecture estim\u00e9e":"3 minutes"},"schema":{"@context":"https:\/\/schema.org","@graph":[{"@type":"WebPage","@id":"https:\/\/www.yoolabox.com\/index.php\/accessibilite-yoolabox-la-billetterie-accessible-a-tous\/","url":"https:\/\/www.yoolabox.com\/index.php\/accessibilite-yoolabox-la-billetterie-accessible-a-tous\/","name":"AUDIODESCRIPTION - YOOLABOX La billetterie accessible \u00e0 tous - Yoolabox.com","isPartOf":{"@id":"https:\/\/www.yoolabox.com\/#website"},"datePublished":"2017-12-13T15:54:22+00:00","dateModified":"2017-12-13T16:37:08+00:00","description":"AUDIODESCRIPTION - YOOLABOX La billetterie accessible \u00e0 tous - Yoolabox.com","breadcrumb":{"@id":"https:\/\/www.yoolabox.com\/index.php\/accessibilite-yoolabox-la-billetterie-accessible-a-tous\/#breadcrumb"},"inLanguage":"fr-FR","potentialAction":[{"@type":"ReadAction","target":["https:\/\/www.yoolabox.com\/index.php\/accessibilite-yoolabox-la-billetterie-accessible-a-tous\/"]}]},{"@type":"BreadcrumbList","@id":"https:\/\/www.yoolabox.com\/index.php\/accessibilite-yoolabox-la-billetterie-accessible-a-tous\/#breadcrumb","itemListElement":[{"@type":"ListItem","position":1,"name":"Home","item":"https:\/\/www.yoolabox.com\/"},{"@type":"ListItem","position":2,"name":"AUDIODESCRIPTION &#8211; YOOLABOX La billetterie accessible \u00e0 tous"}]},{"@type":"WebSite","@id":"https:\/\/www.yoolabox.com\/#website","url":"https:\/\/www.yoolabox.com\/","name":"Yoolabox.com","description":"La billetterie accessible \u00e0 tous","publisher":{"@id":"https:\/\/www.yoolabox.com\/#organization"},"potentialAction":[{"@type":"SearchAction","target":{"@type":"EntryPoint","urlTemplate":"https:\/\/www.yoolabox.com\/?s={search_term_string}"},"query-input":{"@type":"PropertyValueSpecification","valueRequired":true,"valueName":"search_term_string"}}],"inLanguage":"fr-FR"},{"@type":"Organization","@id":"https:\/\/www.yoolabox.com\/#organization","name":"Yoolabox.com","url":"https:\/\/www.yoolabox.com\/","logo":{"@type":"ImageObject","inLanguage":"fr-FR","@id":"https:\/\/www.yoolabox.com\/#\/schema\/logo\/image\/","url":"https:\/\/www.yoolabox.com\/wp-content\/uploads\/2019\/11\/cropped-Logo_web.jpg","contentUrl":"https:\/\/www.yoolabox.com\/wp-content\/uploads\/2019\/11\/cropped-Logo_web.jpg","width":300,"height":100,"caption":"Yoolabox.com"},"image":{"@id":"https:\/\/www.yoolabox.com\/#\/schema\/logo\/image\/"}}]}},"publishpress_future_action":{"enabled":false,"date":"2026-05-07 07:16:51","action":"change-status","newStatus":"draft","terms":[],"taxonomy":"","extraData":[]},"publishpress_future_workflow_manual_trigger":{"enabledWorkflows":[]},"_links":{"self":[{"href":"https:\/\/www.yoolabox.com\/index.php\/wp-json\/wp\/v2\/pages\/11061","targetHints":{"allow":["GET"]}}],"collection":[{"href":"https:\/\/www.yoolabox.com\/index.php\/wp-json\/wp\/v2\/pages"}],"about":[{"href":"https:\/\/www.yoolabox.com\/index.php\/wp-json\/wp\/v2\/types\/page"}],"author":[{"embeddable":true,"href":"https:\/\/www.yoolabox.com\/index.php\/wp-json\/wp\/v2\/users\/1"}],"replies":[{"embeddable":true,"href":"https:\/\/www.yoolabox.com\/index.php\/wp-json\/wp\/v2\/comments?post=11061"}],"version-history":[{"count":0,"href":"https:\/\/www.yoolabox.com\/index.php\/wp-json\/wp\/v2\/pages\/11061\/revisions"}],"wp:attachment":[{"href":"https:\/\/www.yoolabox.com\/index.php\/wp-json\/wp\/v2\/media?parent=11061"}],"curies":[{"name":"wp","href":"https:\/\/api.w.org\/{rel}","templated":true}]}}